{"id":14722,"date":"2025-04-15T19:03:52","date_gmt":"2025-04-15T19:03:52","guid":{"rendered":"https:\/\/itajuba.cam.mg.gov.br\/site\/?page_id=14722"},"modified":"2025-04-15T19:05:50","modified_gmt":"2025-04-15T19:05:50","slug":"comissao-de-constituicao-e-justica-ccj","status":"publish","type":"page","link":"https:\/\/itajuba.cam.mg.gov.br\/site\/comissao-de-constituicao-e-justica-ccj\/","title":{"rendered":"Comiss\u00e3o de Constitui\u00e7\u00e3o e Justi\u00e7a &#8211; CCJ"},"content":{"rendered":"\t\t<div data-elementor-type=\"wp-page\" data-elementor-id=\"14722\" class=\"elementor elementor-14722\" data-elementor-post-type=\"page\">\n\t\t\t\t\t\t\t\t\t<section class=\"elementor-section elementor-top-section elementor-element elementor-element-75ccfcdb elementor-section-boxed elementor-section-height-default elementor-section-height-default\" data-id=\"75ccfcdb\" data-element_type=\"section\">\n\t\t\t\t\t\t<div class=\"elementor-container elementor-column-gap-default\">\n\t\t\t\t\t<div class=\"elementor-column elementor-col-100 elementor-top-column elementor-element elementor-element-5e4e0c91\" data-id=\"5e4e0c91\" data-element_type=\"column\">\n\t\t\t<div class=\"elementor-widget-wrap elementor-element-populated\">\n\t\t\t\t\t\t\t\t<div class=\"elementor-element elementor-element-7be761fa elementor-widget elementor-widget-text-editor\" data-id=\"7be761fa\" data-element_type=\"widget\" data-widget_type=\"text-editor.default\">\n\t\t\t\t<div class=\"elementor-widget-container\">\n\t\t\t<style>\/*! elementor - v3.16.0 - 13-09-2023 *\/\n.elementor-widget-text-editor.elementor-drop-cap-view-stacked .elementor-drop-cap{background-color:#69727d;color:#fff}.elementor-widget-text-editor.elementor-drop-cap-view-framed .elementor-drop-cap{color:#69727d;border:3px solid;background-color:transparent}.elementor-widget-text-editor:not(.elementor-drop-cap-view-default) .elementor-drop-cap{margin-top:8px}.elementor-widget-text-editor:not(.elementor-drop-cap-view-default) .elementor-drop-cap-letter{width:1em;height:1em}.elementor-widget-text-editor .elementor-drop-cap{float:left;text-align:center;line-height:1;font-size:50px}.elementor-widget-text-editor .elementor-drop-cap-letter{display:inline-block}<\/style>\t\t\t\t<p><img loading=\"lazy\" decoding=\"async\" class=\"aligncenter wp-image-14723 size-large\" src=\"https:\/\/itajuba.cam.mg.gov.br\/site\/wp-content\/uploads\/2025\/04\/ccj-1024x616.png\" alt=\"\" width=\"800\" height=\"481\" srcset=\"https:\/\/itajuba.cam.mg.gov.br\/site\/wp-content\/uploads\/2025\/04\/ccj-1024x616.png 1024w, https:\/\/itajuba.cam.mg.gov.br\/site\/wp-content\/uploads\/2025\/04\/ccj-300x180.png 300w, https:\/\/itajuba.cam.mg.gov.br\/site\/wp-content\/uploads\/2025\/04\/ccj-768x462.png 768w, https:\/\/itajuba.cam.mg.gov.br\/site\/wp-content\/uploads\/2025\/04\/ccj.png 1199w\" sizes=\"auto, (max-width: 800px) 100vw, 800px\" \/><\/p><p>\u00a0<\/p><p><strong>Compete \u00e0 Comiss\u00e3o de Constitui\u00e7\u00e3o e Justi\u00e7a &#8211; CCJ:<\/strong><\/p><p>I &#8211; Examinar a admissibilidade das proposi\u00e7\u00f5es em geral, quanto \u00e0 constitucionalidade, juridicidade, legalidade, regimentalidade, t\u00e9cnica legislativa e reda\u00e7\u00e3o, as quais n\u00e3o poder\u00e3o tramitar na C\u00e2mara Municipal sem o seu parecer, salvo nos casos expressamente previstos neste Regimento Interno;<\/p><p>II &#8211; Manifestar-se diante do veto do Chefe do Poder Executivo, conforme o prazo previsto no \u00a7 4\u00b0, do art. 51 da Lei Org\u00e2nica do Munic\u00edpio, com exce\u00e7\u00e3o de veto \u00e0 mat\u00e9ria or\u00e7ament\u00e1ria, cuja manifesta\u00e7\u00e3o ficar\u00e1 a cargo da Comiss\u00e3o de Fiscaliza\u00e7\u00e3o Financeira e Or\u00e7amento &#8211; CFFO;<\/p><p>III &#8211; Redigir projetos, substitutivos ou emendas, podendo promover corre\u00e7\u00f5es ortogr\u00e1ficas, de v\u00edcios de linguagem e de t\u00e9cnica legislativa, sem, contudo, alterar o sentido da proposi\u00e7\u00e3o, bem como oferecer reda\u00e7\u00e3o final aos projetos definitivamente aprovados pelo Plen\u00e1rio, exceto aos da Lei Or\u00e7ament\u00e1ria Anual, da Lei de Diretrizes Or\u00e7ament\u00e1rias e do Plano Plurianual;<\/p><p>IV &#8211; Desincumbir-se de outras atribui\u00e7\u00f5es, nos termos deste Regimento Interno.<\/p>\t\t\t\t\t\t<\/div>\n\t\t\t\t<\/div>\n\t\t\t\t\t<\/div>\n\t\t<\/div>\n\t\t\t\t\t\t\t<\/div>\n\t\t<\/section>\n\t\t\t\t\t\t\t<\/div>\n\t\t","protected":false},"excerpt":{"rendered":"<p>\u00a0 Compete \u00e0 Comiss\u00e3o de Constitui\u00e7\u00e3o e Justi\u00e7a &#8211; CCJ: I &#8211; Examinar a admissibilidade das proposi\u00e7\u00f5es em geral, quanto \u00e0 constitucionalidade, juridicidade, legalidade, regimentalidade, t\u00e9cnica legislativa e reda\u00e7\u00e3o, as quais n\u00e3o poder\u00e3o tramitar na C\u00e2mara Municipal sem o seu parecer, salvo nos casos expressamente previstos neste Regimento Interno; II &#8211; Manifestar-se diante do veto [&hellip;]<\/p>\n","protected":false},"author":2,"featured_media":0,"parent":0,"menu_order":0,"comment_status":"closed","ping_status":"closed","template":"","meta":{"footnotes":""},"class_list":["post-14722","page","type-page","status-publish","hentry"],"yoast_head":"<!-- This site is optimized with the Yoast SEO plugin v21.0 - https:\/\/yoast.com\/wordpress\/plugins\/seo\/ -->\n<title>Comiss\u00e3o de Constitui\u00e7\u00e3o e Justi\u00e7a - CCJ - C\u00e2mara Municipal de Itajub\u00e1<\/title>\n<meta name=\"robots\" content=\"index, follow, max-snippet:-1, max-image-preview:large, max-video-preview:-1\" \/>\n<link rel=\"canonical\" href=\"https:\/\/itajuba.cam.mg.gov.br\/site\/comissao-de-constituicao-e-justica-ccj\/\" \/>\n<meta property=\"og:locale\" content=\"pt_BR\" \/>\n<meta property=\"og:type\" content=\"article\" \/>\n<meta property=\"og:title\" content=\"Comiss\u00e3o de Constitui\u00e7\u00e3o e Justi\u00e7a - CCJ - C\u00e2mara Municipal de Itajub\u00e1\" \/>\n<meta property=\"og:description\" content=\"\u00a0 Compete \u00e0 Comiss\u00e3o de Constitui\u00e7\u00e3o e Justi\u00e7a &#8211; CCJ: I &#8211; Examinar a admissibilidade das proposi\u00e7\u00f5es em geral, quanto \u00e0 constitucionalidade, juridicidade, legalidade, regimentalidade, t\u00e9cnica legislativa e reda\u00e7\u00e3o, as quais n\u00e3o poder\u00e3o tramitar na C\u00e2mara Municipal sem o seu parecer, salvo nos casos expressamente previstos neste Regimento Interno; II &#8211; Manifestar-se diante do veto [&hellip;]\" \/>\n<meta property=\"og:url\" content=\"https:\/\/itajuba.cam.mg.gov.br\/site\/comissao-de-constituicao-e-justica-ccj\/\" \/>\n<meta property=\"og:site_name\" content=\"C\u00e2mara Municipal de Itajub\u00e1\" \/>\n<meta property=\"article:publisher\" content=\"https:\/\/www.facebook.com\/camaradeitajubaoficial\" \/>\n<meta property=\"article:modified_time\" content=\"2025-04-15T19:05:50+00:00\" \/>\n<meta property=\"og:image\" content=\"https:\/\/itajuba.cam.mg.gov.br\/site\/wp-content\/uploads\/2025\/04\/ccj-1024x616.png\" \/>\n<meta name=\"twitter:card\" content=\"summary_large_image\" \/>\n<meta name=\"twitter:label1\" content=\"Est. tempo de leitura\" \/>\n\t<meta name=\"twitter:data1\" content=\"2 minutos\" \/>\n<script type=\"application\/ld+json\" class=\"yoast-schema-graph\">{\"@context\":\"https:\/\/schema.org\",\"@graph\":[{\"@type\":\"WebPage\",\"@id\":\"https:\/\/itajuba.cam.mg.gov.br\/site\/comissao-de-constituicao-e-justica-ccj\/\",\"url\":\"https:\/\/itajuba.cam.mg.gov.br\/site\/comissao-de-constituicao-e-justica-ccj\/\",\"name\":\"Comiss\u00e3o de Constitui\u00e7\u00e3o e Justi\u00e7a - CCJ - C\u00e2mara Municipal de Itajub\u00e1\",\"isPartOf\":{\"@id\":\"https:\/\/itajuba.cam.mg.gov.br\/site\/#website\"},\"datePublished\":\"2025-04-15T19:03:52+00:00\",\"dateModified\":\"2025-04-15T19:05:50+00:00\",\"breadcrumb\":{\"@id\":\"https:\/\/itajuba.cam.mg.gov.br\/site\/comissao-de-constituicao-e-justica-ccj\/#breadcrumb\"},\"inLanguage\":\"pt-BR\",\"potentialAction\":[{\"@type\":\"ReadAction\",\"target\":[\"https:\/\/itajuba.cam.mg.gov.br\/site\/comissao-de-constituicao-e-justica-ccj\/\"]}]},{\"@type\":\"BreadcrumbList\",\"@id\":\"https:\/\/itajuba.cam.mg.gov.br\/site\/comissao-de-constituicao-e-justica-ccj\/#breadcrumb\",\"itemListElement\":[{\"@type\":\"ListItem\",\"position\":1,\"name\":\"In\u00edcio\",\"item\":\"https:\/\/itajuba.cam.mg.gov.br\/site\/\"},{\"@type\":\"ListItem\",\"position\":2,\"name\":\"Comiss\u00e3o de Constitui\u00e7\u00e3o e Justi\u00e7a &#8211; CCJ\"}]},{\"@type\":\"WebSite\",\"@id\":\"https:\/\/itajuba.cam.mg.gov.br\/site\/#website\",\"url\":\"https:\/\/itajuba.cam.mg.gov.br\/site\/\",\"name\":\"C\u00e2mara Municipal de Itajub\u00e1\",\"description\":\"Efici\u00eancia e Transpar\u00eancia\",\"publisher\":{\"@id\":\"https:\/\/itajuba.cam.mg.gov.br\/site\/#organization\"},\"potentialAction\":[{\"@type\":\"SearchAction\",\"target\":{\"@type\":\"EntryPoint\",\"urlTemplate\":\"https:\/\/itajuba.cam.mg.gov.br\/site\/?s={search_term_string}\"},\"query-input\":\"required name=search_term_string\"}],\"inLanguage\":\"pt-BR\"},{\"@type\":\"Organization\",\"@id\":\"https:\/\/itajuba.cam.mg.gov.br\/site\/#organization\",\"name\":\"C\u00e2mara Municipal de Itajub\u00e1\",\"url\":\"https:\/\/itajuba.cam.mg.gov.br\/site\/\",\"logo\":{\"@type\":\"ImageObject\",\"inLanguage\":\"pt-BR\",\"@id\":\"https:\/\/itajuba.cam.mg.gov.br\/site\/#\/schema\/logo\/image\/\",\"url\":\"https:\/\/itajuba.cam.mg.gov.br\/site\/wp-content\/uploads\/2023\/09\/logo_camara_2024.png\",\"contentUrl\":\"https:\/\/itajuba.cam.mg.gov.br\/site\/wp-content\/uploads\/2023\/09\/logo_camara_2024.png\",\"width\":1000,\"height\":385,\"caption\":\"C\u00e2mara Municipal de Itajub\u00e1\"},\"image\":{\"@id\":\"https:\/\/itajuba.cam.mg.gov.br\/site\/#\/schema\/logo\/image\/\"},\"sameAs\":[\"https:\/\/www.facebook.com\/camaradeitajubaoficial\",\"https:\/\/www.instagram.com\/camaradeitajubaoficial\/\",\"https:\/\/www.youtube.com\/user\/TVCAMARAITAJUBA\"]}]}<\/script>\n<!-- \/ Yoast SEO plugin. -->","yoast_head_json":{"title":"Comiss\u00e3o de Constitui\u00e7\u00e3o e Justi\u00e7a - CCJ - C\u00e2mara Municipal de Itajub\u00e1","robots":{"index":"index","follow":"follow","max-snippet":"max-snippet:-1","max-image-preview":"max-image-preview:large","max-video-preview":"max-video-preview:-1"},"canonical":"https:\/\/itajuba.cam.mg.gov.br\/site\/comissao-de-constituicao-e-justica-ccj\/","og_locale":"pt_BR","og_type":"article","og_title":"Comiss\u00e3o de Constitui\u00e7\u00e3o e Justi\u00e7a - CCJ - C\u00e2mara Municipal de Itajub\u00e1","og_description":"\u00a0 Compete \u00e0 Comiss\u00e3o de Constitui\u00e7\u00e3o e Justi\u00e7a &#8211; CCJ: I &#8211; Examinar a admissibilidade das proposi\u00e7\u00f5es em geral, quanto \u00e0 constitucionalidade, juridicidade, legalidade, regimentalidade, t\u00e9cnica legislativa e reda\u00e7\u00e3o, as quais n\u00e3o poder\u00e3o tramitar na C\u00e2mara Municipal sem o seu parecer, salvo nos casos expressamente previstos neste Regimento Interno; II &#8211; Manifestar-se diante do veto [&hellip;]","og_url":"https:\/\/itajuba.cam.mg.gov.br\/site\/comissao-de-constituicao-e-justica-ccj\/","og_site_name":"C\u00e2mara Municipal de Itajub\u00e1","article_publisher":"https:\/\/www.facebook.com\/camaradeitajubaoficial","article_modified_time":"2025-04-15T19:05:50+00:00","og_image":[{"url":"https:\/\/itajuba.cam.mg.gov.br\/site\/wp-content\/uploads\/2025\/04\/ccj-1024x616.png"}],"twitter_card":"summary_large_image","twitter_misc":{"Est. tempo de leitura":"2 minutos"},"schema":{"@context":"https:\/\/schema.org","@graph":[{"@type":"WebPage","@id":"https:\/\/itajuba.cam.mg.gov.br\/site\/comissao-de-constituicao-e-justica-ccj\/","url":"https:\/\/itajuba.cam.mg.gov.br\/site\/comissao-de-constituicao-e-justica-ccj\/","name":"Comiss\u00e3o de Constitui\u00e7\u00e3o e Justi\u00e7a - CCJ - C\u00e2mara Municipal de Itajub\u00e1","isPartOf":{"@id":"https:\/\/itajuba.cam.mg.gov.br\/site\/#website"},"datePublished":"2025-04-15T19:03:52+00:00","dateModified":"2025-04-15T19:05:50+00:00","breadcrumb":{"@id":"https:\/\/itajuba.cam.mg.gov.br\/site\/comissao-de-constituicao-e-justica-ccj\/#breadcrumb"},"inLanguage":"pt-BR","potentialAction":[{"@type":"ReadAction","target":["https:\/\/itajuba.cam.mg.gov.br\/site\/comissao-de-constituicao-e-justica-ccj\/"]}]},{"@type":"BreadcrumbList","@id":"https:\/\/itajuba.cam.mg.gov.br\/site\/comissao-de-constituicao-e-justica-ccj\/#breadcrumb","itemListElement":[{"@type":"ListItem","position":1,"name":"In\u00edcio","item":"https:\/\/itajuba.cam.mg.gov.br\/site\/"},{"@type":"ListItem","position":2,"name":"Comiss\u00e3o de Constitui\u00e7\u00e3o e Justi\u00e7a &#8211; CCJ"}]},{"@type":"WebSite","@id":"https:\/\/itajuba.cam.mg.gov.br\/site\/#website","url":"https:\/\/itajuba.cam.mg.gov.br\/site\/","name":"C\u00e2mara Municipal de Itajub\u00e1","description":"Efici\u00eancia e Transpar\u00eancia","publisher":{"@id":"https:\/\/itajuba.cam.mg.gov.br\/site\/#organization"},"potentialAction":[{"@type":"SearchAction","target":{"@type":"EntryPoint","urlTemplate":"https:\/\/itajuba.cam.mg.gov.br\/site\/?s={search_term_string}"},"query-input":"required name=search_term_string"}],"inLanguage":"pt-BR"},{"@type":"Organization","@id":"https:\/\/itajuba.cam.mg.gov.br\/site\/#organization","name":"C\u00e2mara Municipal de Itajub\u00e1","url":"https:\/\/itajuba.cam.mg.gov.br\/site\/","logo":{"@type":"ImageObject","inLanguage":"pt-BR","@id":"https:\/\/itajuba.cam.mg.gov.br\/site\/#\/schema\/logo\/image\/","url":"https:\/\/itajuba.cam.mg.gov.br\/site\/wp-content\/uploads\/2023\/09\/logo_camara_2024.png","contentUrl":"https:\/\/itajuba.cam.mg.gov.br\/site\/wp-content\/uploads\/2023\/09\/logo_camara_2024.png","width":1000,"height":385,"caption":"C\u00e2mara Municipal de Itajub\u00e1"},"image":{"@id":"https:\/\/itajuba.cam.mg.gov.br\/site\/#\/schema\/logo\/image\/"},"sameAs":["https:\/\/www.facebook.com\/camaradeitajubaoficial","https:\/\/www.instagram.com\/camaradeitajubaoficial\/","https:\/\/www.youtube.com\/user\/TVCAMARAITAJUBA"]}]}},"_links":{"self":[{"href":"https:\/\/itajuba.cam.mg.gov.br\/site\/wp-json\/wp\/v2\/pages\/14722","targetHints":{"allow":["GET"]}}],"collection":[{"href":"https:\/\/itajuba.cam.mg.gov.br\/site\/wp-json\/wp\/v2\/pages"}],"about":[{"href":"https:\/\/itajuba.cam.mg.gov.br\/site\/wp-json\/wp\/v2\/types\/page"}],"author":[{"embeddable":true,"href":"https:\/\/itajuba.cam.mg.gov.br\/site\/wp-json\/wp\/v2\/users\/2"}],"replies":[{"embeddable":true,"href":"https:\/\/itajuba.cam.mg.gov.br\/site\/wp-json\/wp\/v2\/comments?post=14722"}],"version-history":[{"count":3,"href":"https:\/\/itajuba.cam.mg.gov.br\/site\/wp-json\/wp\/v2\/pages\/14722\/revisions"}],"predecessor-version":[{"id":14726,"href":"https:\/\/itajuba.cam.mg.gov.br\/site\/wp-json\/wp\/v2\/pages\/14722\/revisions\/14726"}],"wp:attachment":[{"href":"https:\/\/itajuba.cam.mg.gov.br\/site\/wp-json\/wp\/v2\/media?parent=14722"}],"curies":[{"name":"wp","href":"https:\/\/api.w.org\/{rel}","templated":true}]}}