{"id":14747,"date":"2025-04-15T19:15:39","date_gmt":"2025-04-15T19:15:39","guid":{"rendered":"https:\/\/itajuba.cam.mg.gov.br\/site\/?page_id=14747"},"modified":"2025-04-15T19:16:40","modified_gmt":"2025-04-15T19:16:40","slug":"comissao-de-desenvolvimento-urbano-obras-e-servicos-publicos-cduosp","status":"publish","type":"page","link":"https:\/\/itajuba.cam.mg.gov.br\/site\/comissao-de-desenvolvimento-urbano-obras-e-servicos-publicos-cduosp\/","title":{"rendered":"Comiss\u00e3o de Desenvolvimento Urbano, Obras e Servi\u00e7os P\u00fablicos &#8211; CDUOSP"},"content":{"rendered":"\t\t<div data-elementor-type=\"wp-page\" data-elementor-id=\"14747\" class=\"elementor elementor-14747\" data-elementor-post-type=\"page\">\n\t\t\t\t\t\t\t\t\t<section class=\"elementor-section elementor-top-section elementor-element elementor-element-58352a6 elementor-section-boxed elementor-section-height-default elementor-section-height-default\" data-id=\"58352a6\" data-element_type=\"section\">\n\t\t\t\t\t\t<div class=\"elementor-container elementor-column-gap-default\">\n\t\t\t\t\t<div class=\"elementor-column elementor-col-100 elementor-top-column elementor-element elementor-element-64a3ed9\" data-id=\"64a3ed9\" data-element_type=\"column\">\n\t\t\t<div class=\"elementor-widget-wrap elementor-element-populated\">\n\t\t\t\t\t\t\t\t<div class=\"elementor-element elementor-element-620378b elementor-widget elementor-widget-text-editor\" data-id=\"620378b\" data-element_type=\"widget\" data-widget_type=\"text-editor.default\">\n\t\t\t\t<div class=\"elementor-widget-container\">\n\t\t\t<style>\/*! elementor - v3.16.0 - 13-09-2023 *\/\n.elementor-widget-text-editor.elementor-drop-cap-view-stacked .elementor-drop-cap{background-color:#69727d;color:#fff}.elementor-widget-text-editor.elementor-drop-cap-view-framed .elementor-drop-cap{color:#69727d;border:3px solid;background-color:transparent}.elementor-widget-text-editor:not(.elementor-drop-cap-view-default) .elementor-drop-cap{margin-top:8px}.elementor-widget-text-editor:not(.elementor-drop-cap-view-default) .elementor-drop-cap-letter{width:1em;height:1em}.elementor-widget-text-editor .elementor-drop-cap{float:left;text-align:center;line-height:1;font-size:50px}.elementor-widget-text-editor .elementor-drop-cap-letter{display:inline-block}<\/style>\t\t\t\t<p><img loading=\"lazy\" decoding=\"async\" class=\"wp-image-14748 size-large aligncenter\" src=\"https:\/\/itajuba.cam.mg.gov.br\/site\/wp-content\/uploads\/2025\/04\/cduosp-1024x680.png\" alt=\"\" width=\"800\" height=\"531\" srcset=\"https:\/\/itajuba.cam.mg.gov.br\/site\/wp-content\/uploads\/2025\/04\/cduosp-1024x680.png 1024w, https:\/\/itajuba.cam.mg.gov.br\/site\/wp-content\/uploads\/2025\/04\/cduosp-300x199.png 300w, https:\/\/itajuba.cam.mg.gov.br\/site\/wp-content\/uploads\/2025\/04\/cduosp-768x510.png 768w, https:\/\/itajuba.cam.mg.gov.br\/site\/wp-content\/uploads\/2025\/04\/cduosp.png 1200w\" sizes=\"auto, (max-width: 800px) 100vw, 800px\" \/><\/p><p>\u00a0<\/p><p><strong>Compete \u00e0 Comiss\u00e3o de Desenvolvimento Urbano, Obras e Servi\u00e7os P\u00fablicos &#8211; CDUOSP:<\/strong><\/p><p>I &#8211; Fiscalizar a execu\u00e7\u00e3o dos projetos que se referem \u00e0s obras, ao desenvolvimento urbano, aos servi\u00e7os p\u00fablicos, \u00e0 habita\u00e7\u00e3o e \u00e0 mobilidade urbana, em conformidade com a legisla\u00e7\u00e3o de reg\u00eancia;<\/p><p>II &#8211; Participar e estimular a realiza\u00e7\u00e3o de palestras, confer\u00eancias, congressos e outros eventos que se relacionem com as obras, desenvolvimento urbano, servi\u00e7os p\u00fablicos, habita\u00e7\u00e3o e mobilidade urbana no munic\u00edpio;<\/p><p>III &#8211; Emitir parecer, quanto ao m\u00e9rito, sobre todas as proposi\u00e7\u00f5es de compet\u00eancia do munic\u00edpio relativas a:<\/p><p>a) Realiza\u00e7\u00e3o de obras, desenvolvimento urbano, mobilidade urbana, servi\u00e7os p\u00fablicos, habita\u00e7\u00e3o, venda, hipoteca, permuta, outorga de concess\u00e3o administrativa ou direito real de uso de bens im\u00f3veis de propriedade do munic\u00edpio;<\/p><p>b) Cadastro territorial do munic\u00edpio, planos gerais e parciais de urbaniza\u00e7\u00e3o ou reurbaniza\u00e7\u00e3o, zoneamento, uso e ocupa\u00e7\u00e3o do solo;<\/p><p>c) Transportes coletivos ou individuais, frete e carga, vias urbanas e estradas municipais e a respectiva sinaliza\u00e7\u00e3o, bem como os meios de comunica\u00e7\u00e3o;<\/p><p>d) Servi\u00e7os de utilidade p\u00fablica, sejam ou n\u00e3o de concess\u00e3o municipal, planos habitacionais elaborados ou executados pelo munic\u00edpio, diretamente ou por interm\u00e9dio de autarquias ou entidades paraestatais;<\/p><p>e) Cria\u00e7\u00e3o, organiza\u00e7\u00e3o ou supress\u00e3o de distritos e subdistritos, divis\u00e3o do territ\u00f3rio em \u00e1reas administrativas;<\/p><p>f) Altera\u00e7\u00e3o do Plano Diretor de Desenvolvimento;<\/p><p>g) Cria\u00e7\u00e3o, estrutura\u00e7\u00e3o e atribui\u00e7\u00e3o da administra\u00e7\u00e3o direta e indireta e das empresas onde o munic\u00edpio tenha participa\u00e7\u00e3o;<\/p><p>h) Pessoal efetivo, comissionado e tempor\u00e1rio da Prefeitura e da C\u00e2mara Municipal, bem como \u00e0 pol\u00edtica de recursos humanos.<\/p><p>IV &#8211; Outros assuntos relacionados a sua tem\u00e1tica.<\/p>\t\t\t\t\t\t<\/div>\n\t\t\t\t<\/div>\n\t\t\t\t\t<\/div>\n\t\t<\/div>\n\t\t\t\t\t\t\t<\/div>\n\t\t<\/section>\n\t\t\t\t\t\t\t<\/div>\n\t\t","protected":false},"excerpt":{"rendered":"<p>\u00a0 Compete \u00e0 Comiss\u00e3o de Desenvolvimento Urbano, Obras e Servi\u00e7os P\u00fablicos &#8211; CDUOSP: I &#8211; Fiscalizar a execu\u00e7\u00e3o dos projetos que se referem \u00e0s obras, ao desenvolvimento urbano, aos servi\u00e7os p\u00fablicos, \u00e0 habita\u00e7\u00e3o e \u00e0 mobilidade urbana, em conformidade com a legisla\u00e7\u00e3o de reg\u00eancia; II &#8211; Participar e estimular a realiza\u00e7\u00e3o de palestras, confer\u00eancias, congressos [&hellip;]<\/p>\n","protected":false},"author":2,"featured_media":0,"parent":0,"menu_order":0,"comment_status":"closed","ping_status":"closed","template":"","meta":{"footnotes":""},"class_list":["post-14747","page","type-page","status-publish","hentry"],"yoast_head":"<!-- This site is optimized with the Yoast SEO plugin v21.0 - https:\/\/yoast.com\/wordpress\/plugins\/seo\/ -->\n<title>Comiss\u00e3o de Desenvolvimento Urbano, Obras e Servi\u00e7os P\u00fablicos - CDUOSP - C\u00e2mara Municipal de Itajub\u00e1<\/title>\n<meta name=\"robots\" content=\"index, follow, max-snippet:-1, max-image-preview:large, max-video-preview:-1\" \/>\n<link rel=\"canonical\" href=\"https:\/\/itajuba.cam.mg.gov.br\/site\/comissao-de-desenvolvimento-urbano-obras-e-servicos-publicos-cduosp\/\" \/>\n<meta property=\"og:locale\" content=\"pt_BR\" \/>\n<meta property=\"og:type\" content=\"article\" \/>\n<meta property=\"og:title\" content=\"Comiss\u00e3o de Desenvolvimento Urbano, Obras e Servi\u00e7os P\u00fablicos - CDUOSP - C\u00e2mara Municipal de Itajub\u00e1\" \/>\n<meta property=\"og:description\" content=\"\u00a0 Compete \u00e0 Comiss\u00e3o de Desenvolvimento Urbano, Obras e Servi\u00e7os P\u00fablicos &#8211; CDUOSP: I &#8211; Fiscalizar a execu\u00e7\u00e3o dos projetos que se referem \u00e0s obras, ao desenvolvimento urbano, aos servi\u00e7os p\u00fablicos, \u00e0 habita\u00e7\u00e3o e \u00e0 mobilidade urbana, em conformidade com a legisla\u00e7\u00e3o de reg\u00eancia; II &#8211; Participar e estimular a realiza\u00e7\u00e3o de palestras, confer\u00eancias, congressos [&hellip;]\" \/>\n<meta property=\"og:url\" content=\"https:\/\/itajuba.cam.mg.gov.br\/site\/comissao-de-desenvolvimento-urbano-obras-e-servicos-publicos-cduosp\/\" \/>\n<meta property=\"og:site_name\" content=\"C\u00e2mara Municipal de Itajub\u00e1\" \/>\n<meta property=\"article:publisher\" content=\"https:\/\/www.facebook.com\/camaradeitajubaoficial\" \/>\n<meta property=\"article:modified_time\" content=\"2025-04-15T19:16:40+00:00\" \/>\n<meta property=\"og:image\" content=\"https:\/\/itajuba.cam.mg.gov.br\/site\/wp-content\/uploads\/2025\/04\/cduosp-1024x680.png\" \/>\n<meta name=\"twitter:card\" content=\"summary_large_image\" \/>\n<meta name=\"twitter:label1\" content=\"Est. tempo de leitura\" \/>\n\t<meta name=\"twitter:data1\" content=\"2 minutos\" \/>\n<script type=\"application\/ld+json\" class=\"yoast-schema-graph\">{\"@context\":\"https:\/\/schema.org\",\"@graph\":[{\"@type\":\"WebPage\",\"@id\":\"https:\/\/itajuba.cam.mg.gov.br\/site\/comissao-de-desenvolvimento-urbano-obras-e-servicos-publicos-cduosp\/\",\"url\":\"https:\/\/itajuba.cam.mg.gov.br\/site\/comissao-de-desenvolvimento-urbano-obras-e-servicos-publicos-cduosp\/\",\"name\":\"Comiss\u00e3o de Desenvolvimento Urbano, Obras e Servi\u00e7os P\u00fablicos - CDUOSP - C\u00e2mara Municipal de Itajub\u00e1\",\"isPartOf\":{\"@id\":\"https:\/\/itajuba.cam.mg.gov.br\/site\/#website\"},\"datePublished\":\"2025-04-15T19:15:39+00:00\",\"dateModified\":\"2025-04-15T19:16:40+00:00\",\"breadcrumb\":{\"@id\":\"https:\/\/itajuba.cam.mg.gov.br\/site\/comissao-de-desenvolvimento-urbano-obras-e-servicos-publicos-cduosp\/#breadcrumb\"},\"inLanguage\":\"pt-BR\",\"potentialAction\":[{\"@type\":\"ReadAction\",\"target\":[\"https:\/\/itajuba.cam.mg.gov.br\/site\/comissao-de-desenvolvimento-urbano-obras-e-servicos-publicos-cduosp\/\"]}]},{\"@type\":\"BreadcrumbList\",\"@id\":\"https:\/\/itajuba.cam.mg.gov.br\/site\/comissao-de-desenvolvimento-urbano-obras-e-servicos-publicos-cduosp\/#breadcrumb\",\"itemListElement\":[{\"@type\":\"ListItem\",\"position\":1,\"name\":\"In\u00edcio\",\"item\":\"https:\/\/itajuba.cam.mg.gov.br\/site\/\"},{\"@type\":\"ListItem\",\"position\":2,\"name\":\"Comiss\u00e3o de Desenvolvimento Urbano, Obras e Servi\u00e7os P\u00fablicos &#8211; CDUOSP\"}]},{\"@type\":\"WebSite\",\"@id\":\"https:\/\/itajuba.cam.mg.gov.br\/site\/#website\",\"url\":\"https:\/\/itajuba.cam.mg.gov.br\/site\/\",\"name\":\"C\u00e2mara Municipal de Itajub\u00e1\",\"description\":\"Efici\u00eancia e Transpar\u00eancia\",\"publisher\":{\"@id\":\"https:\/\/itajuba.cam.mg.gov.br\/site\/#organization\"},\"potentialAction\":[{\"@type\":\"SearchAction\",\"target\":{\"@type\":\"EntryPoint\",\"urlTemplate\":\"https:\/\/itajuba.cam.mg.gov.br\/site\/?s={search_term_string}\"},\"query-input\":\"required name=search_term_string\"}],\"inLanguage\":\"pt-BR\"},{\"@type\":\"Organization\",\"@id\":\"https:\/\/itajuba.cam.mg.gov.br\/site\/#organization\",\"name\":\"C\u00e2mara Municipal de Itajub\u00e1\",\"url\":\"https:\/\/itajuba.cam.mg.gov.br\/site\/\",\"logo\":{\"@type\":\"ImageObject\",\"inLanguage\":\"pt-BR\",\"@id\":\"https:\/\/itajuba.cam.mg.gov.br\/site\/#\/schema\/logo\/image\/\",\"url\":\"https:\/\/itajuba.cam.mg.gov.br\/site\/wp-content\/uploads\/2023\/09\/logo_camara_2024.png\",\"contentUrl\":\"https:\/\/itajuba.cam.mg.gov.br\/site\/wp-content\/uploads\/2023\/09\/logo_camara_2024.png\",\"width\":1000,\"height\":385,\"caption\":\"C\u00e2mara Municipal de Itajub\u00e1\"},\"image\":{\"@id\":\"https:\/\/itajuba.cam.mg.gov.br\/site\/#\/schema\/logo\/image\/\"},\"sameAs\":[\"https:\/\/www.facebook.com\/camaradeitajubaoficial\",\"https:\/\/www.instagram.com\/camaradeitajubaoficial\/\",\"https:\/\/www.youtube.com\/user\/TVCAMARAITAJUBA\"]}]}<\/script>\n<!-- \/ Yoast SEO plugin. -->","yoast_head_json":{"title":"Comiss\u00e3o de Desenvolvimento Urbano, Obras e Servi\u00e7os P\u00fablicos - CDUOSP - C\u00e2mara Municipal de Itajub\u00e1","robots":{"index":"index","follow":"follow","max-snippet":"max-snippet:-1","max-image-preview":"max-image-preview:large","max-video-preview":"max-video-preview:-1"},"canonical":"https:\/\/itajuba.cam.mg.gov.br\/site\/comissao-de-desenvolvimento-urbano-obras-e-servicos-publicos-cduosp\/","og_locale":"pt_BR","og_type":"article","og_title":"Comiss\u00e3o de Desenvolvimento Urbano, Obras e Servi\u00e7os P\u00fablicos - CDUOSP - C\u00e2mara Municipal de Itajub\u00e1","og_description":"\u00a0 Compete \u00e0 Comiss\u00e3o de Desenvolvimento Urbano, Obras e Servi\u00e7os P\u00fablicos &#8211; CDUOSP: I &#8211; Fiscalizar a execu\u00e7\u00e3o dos projetos que se referem \u00e0s obras, ao desenvolvimento urbano, aos servi\u00e7os p\u00fablicos, \u00e0 habita\u00e7\u00e3o e \u00e0 mobilidade urbana, em conformidade com a legisla\u00e7\u00e3o de reg\u00eancia; II &#8211; Participar e estimular a realiza\u00e7\u00e3o de palestras, confer\u00eancias, congressos [&hellip;]","og_url":"https:\/\/itajuba.cam.mg.gov.br\/site\/comissao-de-desenvolvimento-urbano-obras-e-servicos-publicos-cduosp\/","og_site_name":"C\u00e2mara Municipal de Itajub\u00e1","article_publisher":"https:\/\/www.facebook.com\/camaradeitajubaoficial","article_modified_time":"2025-04-15T19:16:40+00:00","og_image":[{"url":"https:\/\/itajuba.cam.mg.gov.br\/site\/wp-content\/uploads\/2025\/04\/cduosp-1024x680.png"}],"twitter_card":"summary_large_image","twitter_misc":{"Est. tempo de leitura":"2 minutos"},"schema":{"@context":"https:\/\/schema.org","@graph":[{"@type":"WebPage","@id":"https:\/\/itajuba.cam.mg.gov.br\/site\/comissao-de-desenvolvimento-urbano-obras-e-servicos-publicos-cduosp\/","url":"https:\/\/itajuba.cam.mg.gov.br\/site\/comissao-de-desenvolvimento-urbano-obras-e-servicos-publicos-cduosp\/","name":"Comiss\u00e3o de Desenvolvimento Urbano, Obras e Servi\u00e7os P\u00fablicos - CDUOSP - C\u00e2mara Municipal de Itajub\u00e1","isPartOf":{"@id":"https:\/\/itajuba.cam.mg.gov.br\/site\/#website"},"datePublished":"2025-04-15T19:15:39+00:00","dateModified":"2025-04-15T19:16:40+00:00","breadcrumb":{"@id":"https:\/\/itajuba.cam.mg.gov.br\/site\/comissao-de-desenvolvimento-urbano-obras-e-servicos-publicos-cduosp\/#breadcrumb"},"inLanguage":"pt-BR","potentialAction":[{"@type":"ReadAction","target":["https:\/\/itajuba.cam.mg.gov.br\/site\/comissao-de-desenvolvimento-urbano-obras-e-servicos-publicos-cduosp\/"]}]},{"@type":"BreadcrumbList","@id":"https:\/\/itajuba.cam.mg.gov.br\/site\/comissao-de-desenvolvimento-urbano-obras-e-servicos-publicos-cduosp\/#breadcrumb","itemListElement":[{"@type":"ListItem","position":1,"name":"In\u00edcio","item":"https:\/\/itajuba.cam.mg.gov.br\/site\/"},{"@type":"ListItem","position":2,"name":"Comiss\u00e3o de Desenvolvimento Urbano, Obras e Servi\u00e7os P\u00fablicos &#8211; CDUOSP"}]},{"@type":"WebSite","@id":"https:\/\/itajuba.cam.mg.gov.br\/site\/#website","url":"https:\/\/itajuba.cam.mg.gov.br\/site\/","name":"C\u00e2mara Municipal de Itajub\u00e1","description":"Efici\u00eancia e Transpar\u00eancia","publisher":{"@id":"https:\/\/itajuba.cam.mg.gov.br\/site\/#organization"},"potentialAction":[{"@type":"SearchAction","target":{"@type":"EntryPoint","urlTemplate":"https:\/\/itajuba.cam.mg.gov.br\/site\/?s={search_term_string}"},"query-input":"required name=search_term_string"}],"inLanguage":"pt-BR"},{"@type":"Organization","@id":"https:\/\/itajuba.cam.mg.gov.br\/site\/#organization","name":"C\u00e2mara Municipal de Itajub\u00e1","url":"https:\/\/itajuba.cam.mg.gov.br\/site\/","logo":{"@type":"ImageObject","inLanguage":"pt-BR","@id":"https:\/\/itajuba.cam.mg.gov.br\/site\/#\/schema\/logo\/image\/","url":"https:\/\/itajuba.cam.mg.gov.br\/site\/wp-content\/uploads\/2023\/09\/logo_camara_2024.png","contentUrl":"https:\/\/itajuba.cam.mg.gov.br\/site\/wp-content\/uploads\/2023\/09\/logo_camara_2024.png","width":1000,"height":385,"caption":"C\u00e2mara Municipal de Itajub\u00e1"},"image":{"@id":"https:\/\/itajuba.cam.mg.gov.br\/site\/#\/schema\/logo\/image\/"},"sameAs":["https:\/\/www.facebook.com\/camaradeitajubaoficial","https:\/\/www.instagram.com\/camaradeitajubaoficial\/","https:\/\/www.youtube.com\/user\/TVCAMARAITAJUBA"]}]}},"_links":{"self":[{"href":"https:\/\/itajuba.cam.mg.gov.br\/site\/wp-json\/wp\/v2\/pages\/14747","targetHints":{"allow":["GET"]}}],"collection":[{"href":"https:\/\/itajuba.cam.mg.gov.br\/site\/wp-json\/wp\/v2\/pages"}],"about":[{"href":"https:\/\/itajuba.cam.mg.gov.br\/site\/wp-json\/wp\/v2\/types\/page"}],"author":[{"embeddable":true,"href":"https:\/\/itajuba.cam.mg.gov.br\/site\/wp-json\/wp\/v2\/users\/2"}],"replies":[{"embeddable":true,"href":"https:\/\/itajuba.cam.mg.gov.br\/site\/wp-json\/wp\/v2\/comments?post=14747"}],"version-history":[{"count":3,"href":"https:\/\/itajuba.cam.mg.gov.br\/site\/wp-json\/wp\/v2\/pages\/14747\/revisions"}],"predecessor-version":[{"id":14751,"href":"https:\/\/itajuba.cam.mg.gov.br\/site\/wp-json\/wp\/v2\/pages\/14747\/revisions\/14751"}],"wp:attachment":[{"href":"https:\/\/itajuba.cam.mg.gov.br\/site\/wp-json\/wp\/v2\/media?parent=14747"}],"curies":[{"name":"wp","href":"https:\/\/api.w.org\/{rel}","templated":true}]}}