{"id":14759,"date":"2025-04-15T19:18:38","date_gmt":"2025-04-15T19:18:38","guid":{"rendered":"https:\/\/itajuba.cam.mg.gov.br\/site\/?page_id=14759"},"modified":"2025-04-15T19:19:46","modified_gmt":"2025-04-15T19:19:46","slug":"comissao-de-fiscalizacao-financeira-e-orcamento-cffo","status":"publish","type":"page","link":"https:\/\/itajuba.cam.mg.gov.br\/site\/comissao-de-fiscalizacao-financeira-e-orcamento-cffo\/","title":{"rendered":"Comiss\u00e3o de Fiscaliza\u00e7\u00e3o Financeira e Or\u00e7amento &#8211; CFFO"},"content":{"rendered":"\t\t<div data-elementor-type=\"wp-page\" data-elementor-id=\"14759\" class=\"elementor elementor-14759\" data-elementor-post-type=\"page\">\n\t\t\t\t\t\t\t\t\t<section class=\"elementor-section elementor-top-section elementor-element elementor-element-66f07b0f elementor-section-boxed elementor-section-height-default elementor-section-height-default\" data-id=\"66f07b0f\" data-element_type=\"section\">\n\t\t\t\t\t\t<div class=\"elementor-container elementor-column-gap-default\">\n\t\t\t\t\t<div class=\"elementor-column elementor-col-100 elementor-top-column elementor-element elementor-element-123a9a4e\" data-id=\"123a9a4e\" data-element_type=\"column\">\n\t\t\t<div class=\"elementor-widget-wrap elementor-element-populated\">\n\t\t\t\t\t\t\t\t<div class=\"elementor-element elementor-element-5106de99 elementor-widget elementor-widget-text-editor\" data-id=\"5106de99\" data-element_type=\"widget\" data-widget_type=\"text-editor.default\">\n\t\t\t\t<div class=\"elementor-widget-container\">\n\t\t\t<style>\/*! elementor - v3.16.0 - 13-09-2023 *\/\n.elementor-widget-text-editor.elementor-drop-cap-view-stacked .elementor-drop-cap{background-color:#69727d;color:#fff}.elementor-widget-text-editor.elementor-drop-cap-view-framed .elementor-drop-cap{color:#69727d;border:3px solid;background-color:transparent}.elementor-widget-text-editor:not(.elementor-drop-cap-view-default) .elementor-drop-cap{margin-top:8px}.elementor-widget-text-editor:not(.elementor-drop-cap-view-default) .elementor-drop-cap-letter{width:1em;height:1em}.elementor-widget-text-editor .elementor-drop-cap{float:left;text-align:center;line-height:1;font-size:50px}.elementor-widget-text-editor .elementor-drop-cap-letter{display:inline-block}<\/style>\t\t\t\t<p><img loading=\"lazy\" decoding=\"async\" class=\"aligncenter wp-image-14760 size-large\" src=\"https:\/\/itajuba.cam.mg.gov.br\/site\/wp-content\/uploads\/2025\/04\/cffo-1024x629.png\" alt=\"\" width=\"800\" height=\"491\" srcset=\"https:\/\/itajuba.cam.mg.gov.br\/site\/wp-content\/uploads\/2025\/04\/cffo-1024x629.png 1024w, https:\/\/itajuba.cam.mg.gov.br\/site\/wp-content\/uploads\/2025\/04\/cffo-300x184.png 300w, https:\/\/itajuba.cam.mg.gov.br\/site\/wp-content\/uploads\/2025\/04\/cffo-768x472.png 768w, https:\/\/itajuba.cam.mg.gov.br\/site\/wp-content\/uploads\/2025\/04\/cffo.png 1200w\" sizes=\"auto, (max-width: 800px) 100vw, 800px\" \/><\/p><p>\u00a0<\/p><p><strong>Compete \u00e0 Comiss\u00e3o de Fiscaliza\u00e7\u00e3o Financeira e Or\u00e7amento &#8211; CFFO:<\/strong><\/p><p>I &#8211; Exercer o acompanhamento e a fiscaliza\u00e7\u00e3o or\u00e7ament\u00e1ria, emitindo parecer sobre o projeto de Lei de Diretrizes Or\u00e7ament\u00e1rias, o projeto de Lei do Or\u00e7amento Anual, o projeto de Lei do Plano Plurianual e sobre as suas altera\u00e7\u00f5es, bem como sobre os vetos decorrentes dessas mat\u00e9rias e cr\u00e9ditos adicionais;<\/p><p>II &#8211; Realizar audi\u00eancia p\u00fablica quando da tramita\u00e7\u00e3o do projeto de Lei do Plano Plurianual, do projeto de Lei de Diretrizes Or\u00e7ament\u00e1ria e do projeto de Lei do Or\u00e7amento Anual;<\/p><p>III &#8211; Elaborar a reda\u00e7\u00e3o final dos projetos das Leis Or\u00e7ament\u00e1rias;<\/p><p>IV &#8211; Fiscalizar a execu\u00e7\u00e3o dos projetos que se referem ao or\u00e7amento, administra\u00e7\u00e3o tribut\u00e1ria e financeira do munic\u00edpio, bem como do Plano Diretor de Desenvolvimento Integrado, conforme as normas estabelecidas na Lei Org\u00e2nica do Munic\u00edpio;<\/p><p>V &#8211; Emitir parecer sobre a presta\u00e7\u00e3o de contas do munic\u00edpio;<\/p><p>VI &#8211; Opinar sobre proposi\u00e7\u00f5es relativas a:<\/p><p>a) Mat\u00e9ria tribut\u00e1ria, abertura de cr\u00e9ditos adicionais, empr\u00e9stimo p\u00fablico, d\u00edvida p\u00fablica e outras que, direta ou indiretamente, alterem a despesa ou a receita do munic\u00edpio, acarretem responsabilidade ao er\u00e1rio municipal ou que sejam de interesse do cr\u00e9dito p\u00fablico;<\/p><p>b) Fixa\u00e7\u00e3o e revis\u00e3o dos vencimentos do funcionalismo, do subs\u00eddio do Prefeito, do Vice-Prefeito, dos Secret\u00e1rios e dos Vereadores;<\/p><p>c) Organiza\u00e7\u00e3o administrativa da C\u00e2mara e da Prefeitura Municipal;<\/p><p>d) Mat\u00e9rias que representem muta\u00e7\u00e3o patrimonial do munic\u00edpio.<\/p><p>VII &#8211; Outros assuntos relacionados a sua tem\u00e1tica.<\/p>\t\t\t\t\t\t<\/div>\n\t\t\t\t<\/div>\n\t\t\t\t\t<\/div>\n\t\t<\/div>\n\t\t\t\t\t\t\t<\/div>\n\t\t<\/section>\n\t\t\t\t\t\t\t<\/div>\n\t\t","protected":false},"excerpt":{"rendered":"<p>\u00a0 Compete \u00e0 Comiss\u00e3o de Fiscaliza\u00e7\u00e3o Financeira e Or\u00e7amento &#8211; CFFO: I &#8211; Exercer o acompanhamento e a fiscaliza\u00e7\u00e3o or\u00e7ament\u00e1ria, emitindo parecer sobre o projeto de Lei de Diretrizes Or\u00e7ament\u00e1rias, o projeto de Lei do Or\u00e7amento Anual, o projeto de Lei do Plano Plurianual e sobre as suas altera\u00e7\u00f5es, bem como sobre os vetos decorrentes [&hellip;]<\/p>\n","protected":false},"author":2,"featured_media":0,"parent":0,"menu_order":0,"comment_status":"closed","ping_status":"closed","template":"","meta":{"footnotes":""},"class_list":["post-14759","page","type-page","status-publish","hentry"],"yoast_head":"<!-- This site is optimized with the Yoast SEO plugin v21.0 - https:\/\/yoast.com\/wordpress\/plugins\/seo\/ -->\n<title>Comiss\u00e3o de Fiscaliza\u00e7\u00e3o Financeira e Or\u00e7amento - CFFO - C\u00e2mara Municipal de Itajub\u00e1<\/title>\n<meta name=\"robots\" content=\"index, follow, max-snippet:-1, max-image-preview:large, max-video-preview:-1\" \/>\n<link rel=\"canonical\" href=\"https:\/\/itajuba.cam.mg.gov.br\/site\/comissao-de-fiscalizacao-financeira-e-orcamento-cffo\/\" \/>\n<meta property=\"og:locale\" content=\"pt_BR\" \/>\n<meta property=\"og:type\" content=\"article\" \/>\n<meta property=\"og:title\" content=\"Comiss\u00e3o de Fiscaliza\u00e7\u00e3o Financeira e Or\u00e7amento - CFFO - C\u00e2mara Municipal de Itajub\u00e1\" \/>\n<meta property=\"og:description\" content=\"\u00a0 Compete \u00e0 Comiss\u00e3o de Fiscaliza\u00e7\u00e3o Financeira e Or\u00e7amento &#8211; CFFO: I &#8211; Exercer o acompanhamento e a fiscaliza\u00e7\u00e3o or\u00e7ament\u00e1ria, emitindo parecer sobre o projeto de Lei de Diretrizes Or\u00e7ament\u00e1rias, o projeto de Lei do Or\u00e7amento Anual, o projeto de Lei do Plano Plurianual e sobre as suas altera\u00e7\u00f5es, bem como sobre os vetos decorrentes [&hellip;]\" \/>\n<meta property=\"og:url\" content=\"https:\/\/itajuba.cam.mg.gov.br\/site\/comissao-de-fiscalizacao-financeira-e-orcamento-cffo\/\" \/>\n<meta property=\"og:site_name\" content=\"C\u00e2mara Municipal de Itajub\u00e1\" \/>\n<meta property=\"article:publisher\" content=\"https:\/\/www.facebook.com\/camaradeitajubaoficial\" \/>\n<meta property=\"article:modified_time\" content=\"2025-04-15T19:19:46+00:00\" \/>\n<meta property=\"og:image\" content=\"https:\/\/itajuba.cam.mg.gov.br\/site\/wp-content\/uploads\/2025\/04\/cffo-1024x629.png\" \/>\n<meta name=\"twitter:card\" content=\"summary_large_image\" \/>\n<meta name=\"twitter:label1\" content=\"Est. tempo de leitura\" \/>\n\t<meta name=\"twitter:data1\" content=\"2 minutos\" \/>\n<script type=\"application\/ld+json\" class=\"yoast-schema-graph\">{\"@context\":\"https:\/\/schema.org\",\"@graph\":[{\"@type\":\"WebPage\",\"@id\":\"https:\/\/itajuba.cam.mg.gov.br\/site\/comissao-de-fiscalizacao-financeira-e-orcamento-cffo\/\",\"url\":\"https:\/\/itajuba.cam.mg.gov.br\/site\/comissao-de-fiscalizacao-financeira-e-orcamento-cffo\/\",\"name\":\"Comiss\u00e3o de Fiscaliza\u00e7\u00e3o Financeira e Or\u00e7amento - CFFO - C\u00e2mara Municipal de Itajub\u00e1\",\"isPartOf\":{\"@id\":\"https:\/\/itajuba.cam.mg.gov.br\/site\/#website\"},\"datePublished\":\"2025-04-15T19:18:38+00:00\",\"dateModified\":\"2025-04-15T19:19:46+00:00\",\"breadcrumb\":{\"@id\":\"https:\/\/itajuba.cam.mg.gov.br\/site\/comissao-de-fiscalizacao-financeira-e-orcamento-cffo\/#breadcrumb\"},\"inLanguage\":\"pt-BR\",\"potentialAction\":[{\"@type\":\"ReadAction\",\"target\":[\"https:\/\/itajuba.cam.mg.gov.br\/site\/comissao-de-fiscalizacao-financeira-e-orcamento-cffo\/\"]}]},{\"@type\":\"BreadcrumbList\",\"@id\":\"https:\/\/itajuba.cam.mg.gov.br\/site\/comissao-de-fiscalizacao-financeira-e-orcamento-cffo\/#breadcrumb\",\"itemListElement\":[{\"@type\":\"ListItem\",\"position\":1,\"name\":\"In\u00edcio\",\"item\":\"https:\/\/itajuba.cam.mg.gov.br\/site\/\"},{\"@type\":\"ListItem\",\"position\":2,\"name\":\"Comiss\u00e3o de Fiscaliza\u00e7\u00e3o Financeira e Or\u00e7amento &#8211; CFFO\"}]},{\"@type\":\"WebSite\",\"@id\":\"https:\/\/itajuba.cam.mg.gov.br\/site\/#website\",\"url\":\"https:\/\/itajuba.cam.mg.gov.br\/site\/\",\"name\":\"C\u00e2mara Municipal de Itajub\u00e1\",\"description\":\"Efici\u00eancia e Transpar\u00eancia\",\"publisher\":{\"@id\":\"https:\/\/itajuba.cam.mg.gov.br\/site\/#organization\"},\"potentialAction\":[{\"@type\":\"SearchAction\",\"target\":{\"@type\":\"EntryPoint\",\"urlTemplate\":\"https:\/\/itajuba.cam.mg.gov.br\/site\/?s={search_term_string}\"},\"query-input\":\"required name=search_term_string\"}],\"inLanguage\":\"pt-BR\"},{\"@type\":\"Organization\",\"@id\":\"https:\/\/itajuba.cam.mg.gov.br\/site\/#organization\",\"name\":\"C\u00e2mara Municipal de Itajub\u00e1\",\"url\":\"https:\/\/itajuba.cam.mg.gov.br\/site\/\",\"logo\":{\"@type\":\"ImageObject\",\"inLanguage\":\"pt-BR\",\"@id\":\"https:\/\/itajuba.cam.mg.gov.br\/site\/#\/schema\/logo\/image\/\",\"url\":\"https:\/\/itajuba.cam.mg.gov.br\/site\/wp-content\/uploads\/2023\/09\/logo_camara_2024.png\",\"contentUrl\":\"https:\/\/itajuba.cam.mg.gov.br\/site\/wp-content\/uploads\/2023\/09\/logo_camara_2024.png\",\"width\":1000,\"height\":385,\"caption\":\"C\u00e2mara Municipal de Itajub\u00e1\"},\"image\":{\"@id\":\"https:\/\/itajuba.cam.mg.gov.br\/site\/#\/schema\/logo\/image\/\"},\"sameAs\":[\"https:\/\/www.facebook.com\/camaradeitajubaoficial\",\"https:\/\/www.instagram.com\/camaradeitajubaoficial\/\",\"https:\/\/www.youtube.com\/user\/TVCAMARAITAJUBA\"]}]}<\/script>\n<!-- \/ Yoast SEO plugin. -->","yoast_head_json":{"title":"Comiss\u00e3o de Fiscaliza\u00e7\u00e3o Financeira e Or\u00e7amento - CFFO - C\u00e2mara Municipal de Itajub\u00e1","robots":{"index":"index","follow":"follow","max-snippet":"max-snippet:-1","max-image-preview":"max-image-preview:large","max-video-preview":"max-video-preview:-1"},"canonical":"https:\/\/itajuba.cam.mg.gov.br\/site\/comissao-de-fiscalizacao-financeira-e-orcamento-cffo\/","og_locale":"pt_BR","og_type":"article","og_title":"Comiss\u00e3o de Fiscaliza\u00e7\u00e3o Financeira e Or\u00e7amento - CFFO - C\u00e2mara Municipal de Itajub\u00e1","og_description":"\u00a0 Compete \u00e0 Comiss\u00e3o de Fiscaliza\u00e7\u00e3o Financeira e Or\u00e7amento &#8211; CFFO: I &#8211; Exercer o acompanhamento e a fiscaliza\u00e7\u00e3o or\u00e7ament\u00e1ria, emitindo parecer sobre o projeto de Lei de Diretrizes Or\u00e7ament\u00e1rias, o projeto de Lei do Or\u00e7amento Anual, o projeto de Lei do Plano Plurianual e sobre as suas altera\u00e7\u00f5es, bem como sobre os vetos decorrentes [&hellip;]","og_url":"https:\/\/itajuba.cam.mg.gov.br\/site\/comissao-de-fiscalizacao-financeira-e-orcamento-cffo\/","og_site_name":"C\u00e2mara Municipal de Itajub\u00e1","article_publisher":"https:\/\/www.facebook.com\/camaradeitajubaoficial","article_modified_time":"2025-04-15T19:19:46+00:00","og_image":[{"url":"https:\/\/itajuba.cam.mg.gov.br\/site\/wp-content\/uploads\/2025\/04\/cffo-1024x629.png"}],"twitter_card":"summary_large_image","twitter_misc":{"Est. tempo de leitura":"2 minutos"},"schema":{"@context":"https:\/\/schema.org","@graph":[{"@type":"WebPage","@id":"https:\/\/itajuba.cam.mg.gov.br\/site\/comissao-de-fiscalizacao-financeira-e-orcamento-cffo\/","url":"https:\/\/itajuba.cam.mg.gov.br\/site\/comissao-de-fiscalizacao-financeira-e-orcamento-cffo\/","name":"Comiss\u00e3o de Fiscaliza\u00e7\u00e3o Financeira e Or\u00e7amento - CFFO - C\u00e2mara Municipal de Itajub\u00e1","isPartOf":{"@id":"https:\/\/itajuba.cam.mg.gov.br\/site\/#website"},"datePublished":"2025-04-15T19:18:38+00:00","dateModified":"2025-04-15T19:19:46+00:00","breadcrumb":{"@id":"https:\/\/itajuba.cam.mg.gov.br\/site\/comissao-de-fiscalizacao-financeira-e-orcamento-cffo\/#breadcrumb"},"inLanguage":"pt-BR","potentialAction":[{"@type":"ReadAction","target":["https:\/\/itajuba.cam.mg.gov.br\/site\/comissao-de-fiscalizacao-financeira-e-orcamento-cffo\/"]}]},{"@type":"BreadcrumbList","@id":"https:\/\/itajuba.cam.mg.gov.br\/site\/comissao-de-fiscalizacao-financeira-e-orcamento-cffo\/#breadcrumb","itemListElement":[{"@type":"ListItem","position":1,"name":"In\u00edcio","item":"https:\/\/itajuba.cam.mg.gov.br\/site\/"},{"@type":"ListItem","position":2,"name":"Comiss\u00e3o de Fiscaliza\u00e7\u00e3o Financeira e Or\u00e7amento &#8211; CFFO"}]},{"@type":"WebSite","@id":"https:\/\/itajuba.cam.mg.gov.br\/site\/#website","url":"https:\/\/itajuba.cam.mg.gov.br\/site\/","name":"C\u00e2mara Municipal de Itajub\u00e1","description":"Efici\u00eancia e Transpar\u00eancia","publisher":{"@id":"https:\/\/itajuba.cam.mg.gov.br\/site\/#organization"},"potentialAction":[{"@type":"SearchAction","target":{"@type":"EntryPoint","urlTemplate":"https:\/\/itajuba.cam.mg.gov.br\/site\/?s={search_term_string}"},"query-input":"required name=search_term_string"}],"inLanguage":"pt-BR"},{"@type":"Organization","@id":"https:\/\/itajuba.cam.mg.gov.br\/site\/#organization","name":"C\u00e2mara Municipal de Itajub\u00e1","url":"https:\/\/itajuba.cam.mg.gov.br\/site\/","logo":{"@type":"ImageObject","inLanguage":"pt-BR","@id":"https:\/\/itajuba.cam.mg.gov.br\/site\/#\/schema\/logo\/image\/","url":"https:\/\/itajuba.cam.mg.gov.br\/site\/wp-content\/uploads\/2023\/09\/logo_camara_2024.png","contentUrl":"https:\/\/itajuba.cam.mg.gov.br\/site\/wp-content\/uploads\/2023\/09\/logo_camara_2024.png","width":1000,"height":385,"caption":"C\u00e2mara Municipal de Itajub\u00e1"},"image":{"@id":"https:\/\/itajuba.cam.mg.gov.br\/site\/#\/schema\/logo\/image\/"},"sameAs":["https:\/\/www.facebook.com\/camaradeitajubaoficial","https:\/\/www.instagram.com\/camaradeitajubaoficial\/","https:\/\/www.youtube.com\/user\/TVCAMARAITAJUBA"]}]}},"_links":{"self":[{"href":"https:\/\/itajuba.cam.mg.gov.br\/site\/wp-json\/wp\/v2\/pages\/14759","targetHints":{"allow":["GET"]}}],"collection":[{"href":"https:\/\/itajuba.cam.mg.gov.br\/site\/wp-json\/wp\/v2\/pages"}],"about":[{"href":"https:\/\/itajuba.cam.mg.gov.br\/site\/wp-json\/wp\/v2\/types\/page"}],"author":[{"embeddable":true,"href":"https:\/\/itajuba.cam.mg.gov.br\/site\/wp-json\/wp\/v2\/users\/2"}],"replies":[{"embeddable":true,"href":"https:\/\/itajuba.cam.mg.gov.br\/site\/wp-json\/wp\/v2\/comments?post=14759"}],"version-history":[{"count":3,"href":"https:\/\/itajuba.cam.mg.gov.br\/site\/wp-json\/wp\/v2\/pages\/14759\/revisions"}],"predecessor-version":[{"id":14763,"href":"https:\/\/itajuba.cam.mg.gov.br\/site\/wp-json\/wp\/v2\/pages\/14759\/revisions\/14763"}],"wp:attachment":[{"href":"https:\/\/itajuba.cam.mg.gov.br\/site\/wp-json\/wp\/v2\/media?parent=14759"}],"curies":[{"name":"wp","href":"https:\/\/api.w.org\/{rel}","templated":true}]}}