{"id":14771,"date":"2025-04-15T19:28:01","date_gmt":"2025-04-15T19:28:01","guid":{"rendered":"https:\/\/itajuba.cam.mg.gov.br\/site\/?page_id=14771"},"modified":"2025-04-15T19:28:06","modified_gmt":"2025-04-15T19:28:06","slug":"comissao-de-defesa-do-consumidor-e-do-contribuinte-e-da-seguranca-publica-cdccsp","status":"publish","type":"page","link":"https:\/\/itajuba.cam.mg.gov.br\/site\/comissao-de-defesa-do-consumidor-e-do-contribuinte-e-da-seguranca-publica-cdccsp\/","title":{"rendered":"Comiss\u00e3o de Defesa do Consumidor e do Contribuinte e da Seguran\u00e7a P\u00fablica &#8211; CDCCSP"},"content":{"rendered":"\t\t<div data-elementor-type=\"wp-page\" data-elementor-id=\"14771\" class=\"elementor elementor-14771\" data-elementor-post-type=\"page\">\n\t\t\t\t\t\t\t\t\t<section class=\"elementor-section elementor-top-section elementor-element elementor-element-5ad3e628 elementor-section-boxed elementor-section-height-default elementor-section-height-default\" data-id=\"5ad3e628\" data-element_type=\"section\">\n\t\t\t\t\t\t<div class=\"elementor-container elementor-column-gap-default\">\n\t\t\t\t\t<div class=\"elementor-column elementor-col-100 elementor-top-column elementor-element elementor-element-68b0c0c\" data-id=\"68b0c0c\" data-element_type=\"column\">\n\t\t\t<div class=\"elementor-widget-wrap elementor-element-populated\">\n\t\t\t\t\t\t\t\t<div class=\"elementor-element elementor-element-6ae5ae2f elementor-widget elementor-widget-text-editor\" data-id=\"6ae5ae2f\" data-element_type=\"widget\" data-widget_type=\"text-editor.default\">\n\t\t\t\t<div class=\"elementor-widget-container\">\n\t\t\t<style>\/*! elementor - v3.16.0 - 13-09-2023 *\/\n.elementor-widget-text-editor.elementor-drop-cap-view-stacked .elementor-drop-cap{background-color:#69727d;color:#fff}.elementor-widget-text-editor.elementor-drop-cap-view-framed .elementor-drop-cap{color:#69727d;border:3px solid;background-color:transparent}.elementor-widget-text-editor:not(.elementor-drop-cap-view-default) .elementor-drop-cap{margin-top:8px}.elementor-widget-text-editor:not(.elementor-drop-cap-view-default) .elementor-drop-cap-letter{width:1em;height:1em}.elementor-widget-text-editor .elementor-drop-cap{float:left;text-align:center;line-height:1;font-size:50px}.elementor-widget-text-editor .elementor-drop-cap-letter{display:inline-block}<\/style>\t\t\t\t<p><img loading=\"lazy\" decoding=\"async\" class=\"aligncenter wp-image-14772 size-large\" src=\"https:\/\/itajuba.cam.mg.gov.br\/site\/wp-content\/uploads\/2025\/04\/cdccsp-1024x652.png\" alt=\"\" width=\"800\" height=\"509\" srcset=\"https:\/\/itajuba.cam.mg.gov.br\/site\/wp-content\/uploads\/2025\/04\/cdccsp-1024x652.png 1024w, https:\/\/itajuba.cam.mg.gov.br\/site\/wp-content\/uploads\/2025\/04\/cdccsp-300x191.png 300w, https:\/\/itajuba.cam.mg.gov.br\/site\/wp-content\/uploads\/2025\/04\/cdccsp-768x489.png 768w, https:\/\/itajuba.cam.mg.gov.br\/site\/wp-content\/uploads\/2025\/04\/cdccsp.png 1199w\" sizes=\"auto, (max-width: 800px) 100vw, 800px\" \/><\/p><p>\u00a0<\/p><p><strong>Compete \u00e0 Comiss\u00e3o de Defesa do Consumidor e do Contribuinte e da Seguran\u00e7a P\u00fablica &#8211; CDCCSP:<\/strong><\/p><p>I &#8211; Emitir parecer, quanto ao m\u00e9rito, sobre proposi\u00e7\u00f5es de compet\u00eancia do munic\u00edpio relativas \u00e0 seguran\u00e7a p\u00fablica, defesa do patrim\u00f4nio p\u00fablico, defesa do consumidor e do contribuinte;<\/p><p>II &#8211; Participar e estimular a realiza\u00e7\u00e3o de palestras, confer\u00eancias, congressos e tudo o mais que se relacione com a seguran\u00e7a p\u00fablica, defesa do patrim\u00f4nio p\u00fablico, defesa do consumidor e do contribuinte no munic\u00edpio;<\/p><p>III &#8211; Analisar os programas, planos e estrat\u00e9gias de preven\u00e7\u00e3o \u00e0 viol\u00eancia urbana, rural e ao combate \u00e0 criminalidade, elaborados pelo munic\u00edpio;<\/p><p>IV &#8211; Solicitar informa\u00e7\u00f5es \u00e0s autoridades competentes e ou convoc\u00e1-las para prestar esclarecimentos sobre quest\u00f5es relativas \u00e0 seguran\u00e7a p\u00fablica, defesa do patrim\u00f4nio p\u00fablico, defesa do consumidor e do contribuinte no munic\u00edpio;<\/p><p>V &#8211; Acompanhar e fiscalizar a execu\u00e7\u00e3o de programas e leis relativas \u00e0s mat\u00e9rias de sua compet\u00eancia;<\/p><p>VI &#8211; Outros assuntos relacionados a sua tem\u00e1tica.<\/p>\t\t\t\t\t\t<\/div>\n\t\t\t\t<\/div>\n\t\t\t\t\t<\/div>\n\t\t<\/div>\n\t\t\t\t\t\t\t<\/div>\n\t\t<\/section>\n\t\t\t\t\t\t\t<\/div>\n\t\t","protected":false},"excerpt":{"rendered":"<p>\u00a0 Compete \u00e0 Comiss\u00e3o de Defesa do Consumidor e do Contribuinte e da Seguran\u00e7a P\u00fablica &#8211; CDCCSP: I &#8211; Emitir parecer, quanto ao m\u00e9rito, sobre proposi\u00e7\u00f5es de compet\u00eancia do munic\u00edpio relativas \u00e0 seguran\u00e7a p\u00fablica, defesa do patrim\u00f4nio p\u00fablico, defesa do consumidor e do contribuinte; II &#8211; Participar e estimular a realiza\u00e7\u00e3o de palestras, confer\u00eancias, congressos [&hellip;]<\/p>\n","protected":false},"author":2,"featured_media":0,"parent":0,"menu_order":0,"comment_status":"closed","ping_status":"closed","template":"","meta":{"footnotes":""},"class_list":["post-14771","page","type-page","status-publish","hentry"],"yoast_head":"<!-- This site is optimized with the Yoast SEO plugin v21.0 - https:\/\/yoast.com\/wordpress\/plugins\/seo\/ -->\n<title>Comiss\u00e3o de Defesa do Consumidor e do Contribuinte e da Seguran\u00e7a P\u00fablica - CDCCSP - C\u00e2mara Municipal de Itajub\u00e1<\/title>\n<meta name=\"robots\" content=\"index, follow, max-snippet:-1, max-image-preview:large, max-video-preview:-1\" \/>\n<link rel=\"canonical\" href=\"https:\/\/itajuba.cam.mg.gov.br\/site\/comissao-de-defesa-do-consumidor-e-do-contribuinte-e-da-seguranca-publica-cdccsp\/\" \/>\n<meta property=\"og:locale\" content=\"pt_BR\" \/>\n<meta property=\"og:type\" content=\"article\" \/>\n<meta property=\"og:title\" content=\"Comiss\u00e3o de Defesa do Consumidor e do Contribuinte e da Seguran\u00e7a P\u00fablica - CDCCSP - C\u00e2mara Municipal de Itajub\u00e1\" \/>\n<meta property=\"og:description\" content=\"\u00a0 Compete \u00e0 Comiss\u00e3o de Defesa do Consumidor e do Contribuinte e da Seguran\u00e7a P\u00fablica &#8211; CDCCSP: I &#8211; Emitir parecer, quanto ao m\u00e9rito, sobre proposi\u00e7\u00f5es de compet\u00eancia do munic\u00edpio relativas \u00e0 seguran\u00e7a p\u00fablica, defesa do patrim\u00f4nio p\u00fablico, defesa do consumidor e do contribuinte; II &#8211; Participar e estimular a realiza\u00e7\u00e3o de palestras, confer\u00eancias, congressos [&hellip;]\" \/>\n<meta property=\"og:url\" content=\"https:\/\/itajuba.cam.mg.gov.br\/site\/comissao-de-defesa-do-consumidor-e-do-contribuinte-e-da-seguranca-publica-cdccsp\/\" \/>\n<meta property=\"og:site_name\" content=\"C\u00e2mara Municipal de Itajub\u00e1\" \/>\n<meta property=\"article:publisher\" content=\"https:\/\/www.facebook.com\/camaradeitajubaoficial\" \/>\n<meta property=\"article:modified_time\" content=\"2025-04-15T19:28:06+00:00\" \/>\n<meta property=\"og:image\" content=\"https:\/\/itajuba.cam.mg.gov.br\/site\/wp-content\/uploads\/2025\/04\/cdccsp-1024x652.png\" \/>\n<meta name=\"twitter:card\" content=\"summary_large_image\" \/>\n<meta name=\"twitter:label1\" content=\"Est. tempo de leitura\" \/>\n\t<meta name=\"twitter:data1\" content=\"2 minutos\" \/>\n<script type=\"application\/ld+json\" class=\"yoast-schema-graph\">{\"@context\":\"https:\/\/schema.org\",\"@graph\":[{\"@type\":\"WebPage\",\"@id\":\"https:\/\/itajuba.cam.mg.gov.br\/site\/comissao-de-defesa-do-consumidor-e-do-contribuinte-e-da-seguranca-publica-cdccsp\/\",\"url\":\"https:\/\/itajuba.cam.mg.gov.br\/site\/comissao-de-defesa-do-consumidor-e-do-contribuinte-e-da-seguranca-publica-cdccsp\/\",\"name\":\"Comiss\u00e3o de Defesa do Consumidor e do Contribuinte e da Seguran\u00e7a P\u00fablica - CDCCSP - C\u00e2mara Municipal de Itajub\u00e1\",\"isPartOf\":{\"@id\":\"https:\/\/itajuba.cam.mg.gov.br\/site\/#website\"},\"datePublished\":\"2025-04-15T19:28:01+00:00\",\"dateModified\":\"2025-04-15T19:28:06+00:00\",\"breadcrumb\":{\"@id\":\"https:\/\/itajuba.cam.mg.gov.br\/site\/comissao-de-defesa-do-consumidor-e-do-contribuinte-e-da-seguranca-publica-cdccsp\/#breadcrumb\"},\"inLanguage\":\"pt-BR\",\"potentialAction\":[{\"@type\":\"ReadAction\",\"target\":[\"https:\/\/itajuba.cam.mg.gov.br\/site\/comissao-de-defesa-do-consumidor-e-do-contribuinte-e-da-seguranca-publica-cdccsp\/\"]}]},{\"@type\":\"BreadcrumbList\",\"@id\":\"https:\/\/itajuba.cam.mg.gov.br\/site\/comissao-de-defesa-do-consumidor-e-do-contribuinte-e-da-seguranca-publica-cdccsp\/#breadcrumb\",\"itemListElement\":[{\"@type\":\"ListItem\",\"position\":1,\"name\":\"In\u00edcio\",\"item\":\"https:\/\/itajuba.cam.mg.gov.br\/site\/\"},{\"@type\":\"ListItem\",\"position\":2,\"name\":\"Comiss\u00e3o de Defesa do Consumidor e do Contribuinte e da Seguran\u00e7a P\u00fablica &#8211; CDCCSP\"}]},{\"@type\":\"WebSite\",\"@id\":\"https:\/\/itajuba.cam.mg.gov.br\/site\/#website\",\"url\":\"https:\/\/itajuba.cam.mg.gov.br\/site\/\",\"name\":\"C\u00e2mara Municipal de Itajub\u00e1\",\"description\":\"Efici\u00eancia e Transpar\u00eancia\",\"publisher\":{\"@id\":\"https:\/\/itajuba.cam.mg.gov.br\/site\/#organization\"},\"potentialAction\":[{\"@type\":\"SearchAction\",\"target\":{\"@type\":\"EntryPoint\",\"urlTemplate\":\"https:\/\/itajuba.cam.mg.gov.br\/site\/?s={search_term_string}\"},\"query-input\":\"required name=search_term_string\"}],\"inLanguage\":\"pt-BR\"},{\"@type\":\"Organization\",\"@id\":\"https:\/\/itajuba.cam.mg.gov.br\/site\/#organization\",\"name\":\"C\u00e2mara Municipal de Itajub\u00e1\",\"url\":\"https:\/\/itajuba.cam.mg.gov.br\/site\/\",\"logo\":{\"@type\":\"ImageObject\",\"inLanguage\":\"pt-BR\",\"@id\":\"https:\/\/itajuba.cam.mg.gov.br\/site\/#\/schema\/logo\/image\/\",\"url\":\"https:\/\/itajuba.cam.mg.gov.br\/site\/wp-content\/uploads\/2023\/09\/logo_camara_2024.png\",\"contentUrl\":\"https:\/\/itajuba.cam.mg.gov.br\/site\/wp-content\/uploads\/2023\/09\/logo_camara_2024.png\",\"width\":1000,\"height\":385,\"caption\":\"C\u00e2mara Municipal de Itajub\u00e1\"},\"image\":{\"@id\":\"https:\/\/itajuba.cam.mg.gov.br\/site\/#\/schema\/logo\/image\/\"},\"sameAs\":[\"https:\/\/www.facebook.com\/camaradeitajubaoficial\",\"https:\/\/www.instagram.com\/camaradeitajubaoficial\/\",\"https:\/\/www.youtube.com\/user\/TVCAMARAITAJUBA\"]}]}<\/script>\n<!-- \/ Yoast SEO plugin. -->","yoast_head_json":{"title":"Comiss\u00e3o de Defesa do Consumidor e do Contribuinte e da Seguran\u00e7a P\u00fablica - CDCCSP - C\u00e2mara Municipal de Itajub\u00e1","robots":{"index":"index","follow":"follow","max-snippet":"max-snippet:-1","max-image-preview":"max-image-preview:large","max-video-preview":"max-video-preview:-1"},"canonical":"https:\/\/itajuba.cam.mg.gov.br\/site\/comissao-de-defesa-do-consumidor-e-do-contribuinte-e-da-seguranca-publica-cdccsp\/","og_locale":"pt_BR","og_type":"article","og_title":"Comiss\u00e3o de Defesa do Consumidor e do Contribuinte e da Seguran\u00e7a P\u00fablica - CDCCSP - C\u00e2mara Municipal de Itajub\u00e1","og_description":"\u00a0 Compete \u00e0 Comiss\u00e3o de Defesa do Consumidor e do Contribuinte e da Seguran\u00e7a P\u00fablica &#8211; CDCCSP: I &#8211; Emitir parecer, quanto ao m\u00e9rito, sobre proposi\u00e7\u00f5es de compet\u00eancia do munic\u00edpio relativas \u00e0 seguran\u00e7a p\u00fablica, defesa do patrim\u00f4nio p\u00fablico, defesa do consumidor e do contribuinte; II &#8211; Participar e estimular a realiza\u00e7\u00e3o de palestras, confer\u00eancias, congressos [&hellip;]","og_url":"https:\/\/itajuba.cam.mg.gov.br\/site\/comissao-de-defesa-do-consumidor-e-do-contribuinte-e-da-seguranca-publica-cdccsp\/","og_site_name":"C\u00e2mara Municipal de Itajub\u00e1","article_publisher":"https:\/\/www.facebook.com\/camaradeitajubaoficial","article_modified_time":"2025-04-15T19:28:06+00:00","og_image":[{"url":"https:\/\/itajuba.cam.mg.gov.br\/site\/wp-content\/uploads\/2025\/04\/cdccsp-1024x652.png"}],"twitter_card":"summary_large_image","twitter_misc":{"Est. tempo de leitura":"2 minutos"},"schema":{"@context":"https:\/\/schema.org","@graph":[{"@type":"WebPage","@id":"https:\/\/itajuba.cam.mg.gov.br\/site\/comissao-de-defesa-do-consumidor-e-do-contribuinte-e-da-seguranca-publica-cdccsp\/","url":"https:\/\/itajuba.cam.mg.gov.br\/site\/comissao-de-defesa-do-consumidor-e-do-contribuinte-e-da-seguranca-publica-cdccsp\/","name":"Comiss\u00e3o de Defesa do Consumidor e do Contribuinte e da Seguran\u00e7a P\u00fablica - CDCCSP - C\u00e2mara Municipal de Itajub\u00e1","isPartOf":{"@id":"https:\/\/itajuba.cam.mg.gov.br\/site\/#website"},"datePublished":"2025-04-15T19:28:01+00:00","dateModified":"2025-04-15T19:28:06+00:00","breadcrumb":{"@id":"https:\/\/itajuba.cam.mg.gov.br\/site\/comissao-de-defesa-do-consumidor-e-do-contribuinte-e-da-seguranca-publica-cdccsp\/#breadcrumb"},"inLanguage":"pt-BR","potentialAction":[{"@type":"ReadAction","target":["https:\/\/itajuba.cam.mg.gov.br\/site\/comissao-de-defesa-do-consumidor-e-do-contribuinte-e-da-seguranca-publica-cdccsp\/"]}]},{"@type":"BreadcrumbList","@id":"https:\/\/itajuba.cam.mg.gov.br\/site\/comissao-de-defesa-do-consumidor-e-do-contribuinte-e-da-seguranca-publica-cdccsp\/#breadcrumb","itemListElement":[{"@type":"ListItem","position":1,"name":"In\u00edcio","item":"https:\/\/itajuba.cam.mg.gov.br\/site\/"},{"@type":"ListItem","position":2,"name":"Comiss\u00e3o de Defesa do Consumidor e do Contribuinte e da Seguran\u00e7a P\u00fablica &#8211; CDCCSP"}]},{"@type":"WebSite","@id":"https:\/\/itajuba.cam.mg.gov.br\/site\/#website","url":"https:\/\/itajuba.cam.mg.gov.br\/site\/","name":"C\u00e2mara Municipal de Itajub\u00e1","description":"Efici\u00eancia e Transpar\u00eancia","publisher":{"@id":"https:\/\/itajuba.cam.mg.gov.br\/site\/#organization"},"potentialAction":[{"@type":"SearchAction","target":{"@type":"EntryPoint","urlTemplate":"https:\/\/itajuba.cam.mg.gov.br\/site\/?s={search_term_string}"},"query-input":"required name=search_term_string"}],"inLanguage":"pt-BR"},{"@type":"Organization","@id":"https:\/\/itajuba.cam.mg.gov.br\/site\/#organization","name":"C\u00e2mara Municipal de Itajub\u00e1","url":"https:\/\/itajuba.cam.mg.gov.br\/site\/","logo":{"@type":"ImageObject","inLanguage":"pt-BR","@id":"https:\/\/itajuba.cam.mg.gov.br\/site\/#\/schema\/logo\/image\/","url":"https:\/\/itajuba.cam.mg.gov.br\/site\/wp-content\/uploads\/2023\/09\/logo_camara_2024.png","contentUrl":"https:\/\/itajuba.cam.mg.gov.br\/site\/wp-content\/uploads\/2023\/09\/logo_camara_2024.png","width":1000,"height":385,"caption":"C\u00e2mara Municipal de Itajub\u00e1"},"image":{"@id":"https:\/\/itajuba.cam.mg.gov.br\/site\/#\/schema\/logo\/image\/"},"sameAs":["https:\/\/www.facebook.com\/camaradeitajubaoficial","https:\/\/www.instagram.com\/camaradeitajubaoficial\/","https:\/\/www.youtube.com\/user\/TVCAMARAITAJUBA"]}]}},"_links":{"self":[{"href":"https:\/\/itajuba.cam.mg.gov.br\/site\/wp-json\/wp\/v2\/pages\/14771","targetHints":{"allow":["GET"]}}],"collection":[{"href":"https:\/\/itajuba.cam.mg.gov.br\/site\/wp-json\/wp\/v2\/pages"}],"about":[{"href":"https:\/\/itajuba.cam.mg.gov.br\/site\/wp-json\/wp\/v2\/types\/page"}],"author":[{"embeddable":true,"href":"https:\/\/itajuba.cam.mg.gov.br\/site\/wp-json\/wp\/v2\/users\/2"}],"replies":[{"embeddable":true,"href":"https:\/\/itajuba.cam.mg.gov.br\/site\/wp-json\/wp\/v2\/comments?post=14771"}],"version-history":[{"count":4,"href":"https:\/\/itajuba.cam.mg.gov.br\/site\/wp-json\/wp\/v2\/pages\/14771\/revisions"}],"predecessor-version":[{"id":14776,"href":"https:\/\/itajuba.cam.mg.gov.br\/site\/wp-json\/wp\/v2\/pages\/14771\/revisions\/14776"}],"wp:attachment":[{"href":"https:\/\/itajuba.cam.mg.gov.br\/site\/wp-json\/wp\/v2\/media?parent=14771"}],"curies":[{"name":"wp","href":"https:\/\/api.w.org\/{rel}","templated":true}]}}