{"id":5356,"date":"2023-09-14T19:22:28","date_gmt":"2023-09-14T19:22:28","guid":{"rendered":"https:\/\/itajuba.cam.mg.gov.br\/site\/?page_id=5356"},"modified":"2025-02-27T20:00:11","modified_gmt":"2025-02-27T20:00:11","slug":"comissoes","status":"publish","type":"page","link":"https:\/\/itajuba.cam.mg.gov.br\/site\/comissoes\/","title":{"rendered":"Comiss\u00f5es"},"content":{"rendered":"\t\t<div data-elementor-type=\"wp-page\" data-elementor-id=\"5356\" class=\"elementor elementor-5356\" data-elementor-post-type=\"page\">\n\t\t\t\t\t\t\t\t\t<section class=\"elementor-section elementor-top-section elementor-element elementor-element-83b4c87 elementor-section-boxed elementor-section-height-default elementor-section-height-default\" data-id=\"83b4c87\" data-element_type=\"section\">\n\t\t\t\t\t\t<div class=\"elementor-container elementor-column-gap-default\">\n\t\t\t\t\t<div class=\"elementor-column elementor-col-100 elementor-top-column elementor-element elementor-element-33e7f1d\" data-id=\"33e7f1d\" data-element_type=\"column\">\n\t\t\t<div class=\"elementor-widget-wrap elementor-element-populated\">\n\t\t\t\t\t\t\t\t<div class=\"elementor-element elementor-element-b147e5c elementor-widget elementor-widget-text-editor\" data-id=\"b147e5c\" data-element_type=\"widget\" data-widget_type=\"text-editor.default\">\n\t\t\t\t<div class=\"elementor-widget-container\">\n\t\t\t<style>\/*! elementor - v3.16.0 - 13-09-2023 *\/\n.elementor-widget-text-editor.elementor-drop-cap-view-stacked .elementor-drop-cap{background-color:#69727d;color:#fff}.elementor-widget-text-editor.elementor-drop-cap-view-framed .elementor-drop-cap{color:#69727d;border:3px solid;background-color:transparent}.elementor-widget-text-editor:not(.elementor-drop-cap-view-default) .elementor-drop-cap{margin-top:8px}.elementor-widget-text-editor:not(.elementor-drop-cap-view-default) .elementor-drop-cap-letter{width:1em;height:1em}.elementor-widget-text-editor .elementor-drop-cap{float:left;text-align:center;line-height:1;font-size:50px}.elementor-widget-text-editor .elementor-drop-cap-letter{display:inline-block}<\/style>\t\t\t\t<p>Entenda o trabalho das comiss\u00f5es parlamentares formadas pelos Vereadores da C\u00e2mara!<\/p><p>As comiss\u00f5es parlamentares s\u00e3o \u00f3rg\u00e3os t\u00e9cnicos de apoio ao processo legislativo. S\u00e3o formadas pelos vereadores, que se dividem em grupos de temas espec\u00edficos e destinam-se principalmente a examinar e emitir pareceres (relat\u00f3rios) a respeito dos projetos de lei que est\u00e3o em tramita\u00e7\u00e3o na C\u00e2mara.<\/p><p>As comiss\u00f5es podem ser permanentes, em raz\u00e3o das mat\u00e9rias de sua compet\u00eancia (sa\u00fade, educa\u00e7\u00e3o, turismo, tecnologia) ou tempor\u00e1rias e ainda de inqu\u00e9rito. Para a primeira, a cada dois anos \u00e9 refeita a distribui\u00e7\u00e3o dos membros das Comiss\u00f5es Permanentes, sendo que se todos vereadores (Plen\u00e1rio) estiverem de acordo, um mesmo membro pode ser reconduzido para os pr\u00f3ximos dois anos tanto para a comiss\u00e3o que j\u00e1 atua, quanto para uma nova de outra \u00e1rea.<\/p><p>No caso das Comiss\u00f5es Tempor\u00e1rias, cabe emitir pareceres t\u00e9cnicos sobre Decretos Legislativos, Resolu\u00e7\u00f5es e mat\u00e9rias que possam demandar car\u00e1ter de urg\u00eancia. J\u00e1 as Comiss\u00f5es Parlamentares de Inqu\u00e9rito s\u00e3o constitu\u00eddas na forma e com atribui\u00e7\u00f5es previstas na\u00a0<a role=\"link\" href=\"https:\/\/www.legislacaodigital.com.br\/Itajuba-MG\/LeisOrganicas\/0\"><strong>Lei Org\u00e2nica do Munic\u00edpio<\/strong><\/a>\u00a0(conjunto de normas que disciplina as regras de funcionamento da administra\u00e7\u00e3o p\u00fablica e dos poderes municipais) e no\u00a0<a role=\"link\" href=\"https:\/\/www.legislacaodigital.com.br\/Itajuba-MG\/Resolucoes\/979-2016\"><strong>Regimento Interno<\/strong><\/a>\u00a0(conjunto de normas que regulamenta a organiza\u00e7\u00e3o e o funcionamento da C\u00e2mara).<\/p><p>Fique por dentro dos demais trabalhos legislativo seguindo nossas redes sociais no\u00a0<a role=\"link\" href=\"https:\/\/www.facebook.com\/camaradeitajubaoficial\"><strong>Facebook<\/strong><\/a>\u00a0e\u00a0<a role=\"link\" href=\"https:\/\/www.instagram.com\/camaradeitajubaoficial\/\"><strong>Instagram<\/strong><\/a>.<\/p><p>As Comiss\u00f5es Permanentes da C\u00e2mara Municipal de Itajub\u00e1 s\u00e3o as seguintes:<\/p>\t\t\t\t\t\t<\/div>\n\t\t\t\t<\/div>\n\t\t\t\t<div class=\"elementor-element elementor-element-c08decc elementor-widget elementor-widget-image\" data-id=\"c08decc\" data-element_type=\"widget\" data-widget_type=\"image.default\">\n\t\t\t\t<div class=\"elementor-widget-container\">\n\t\t\t<style>\/*! elementor - v3.16.0 - 13-09-2023 *\/\n.elementor-widget-image{text-align:center}.elementor-widget-image a{display:inline-block}.elementor-widget-image a img[src$=\".svg\"]{width:48px}.elementor-widget-image img{vertical-align:middle;display:inline-block}<\/style>\t\t\t\t\t\t\t\t\t\t\t\t\t<a href=\"https:\/\/itajuba.cam.mg.gov.br\/site\/wp-content\/uploads\/2025\/02\/comissoes_permanentes_ok.png\" data-elementor-open-lightbox=\"yes\" data-e-action-hash=\"#elementor-action%3Aaction%3Dlightbox%26settings%3DeyJpZCI6MTQyMjEsInVybCI6Imh0dHBzOlwvXC9pdGFqdWJhLmNhbS5tZy5nb3YuYnJcL3NpdGVcL3dwLWNvbnRlbnRcL3VwbG9hZHNcLzIwMjVcLzAyXC9jb21pc3NvZXNfcGVybWFuZW50ZXNfb2sucG5nIn0%3D\">\n\t\t\t\t\t\t\t<img loading=\"lazy\" decoding=\"async\" width=\"3000\" height=\"2121\" src=\"https:\/\/itajuba.cam.mg.gov.br\/site\/wp-content\/uploads\/2025\/02\/comissoes_permanentes_ok.png\" class=\"attachment-full size-full wp-image-14221\" alt=\"\" srcset=\"https:\/\/itajuba.cam.mg.gov.br\/site\/wp-content\/uploads\/2025\/02\/comissoes_permanentes_ok.png 3000w, https:\/\/itajuba.cam.mg.gov.br\/site\/wp-content\/uploads\/2025\/02\/comissoes_permanentes_ok-300x212.png 300w, https:\/\/itajuba.cam.mg.gov.br\/site\/wp-content\/uploads\/2025\/02\/comissoes_permanentes_ok-1024x724.png 1024w, https:\/\/itajuba.cam.mg.gov.br\/site\/wp-content\/uploads\/2025\/02\/comissoes_permanentes_ok-768x543.png 768w, https:\/\/itajuba.cam.mg.gov.br\/site\/wp-content\/uploads\/2025\/02\/comissoes_permanentes_ok-1536x1086.png 1536w, https:\/\/itajuba.cam.mg.gov.br\/site\/wp-content\/uploads\/2025\/02\/comissoes_permanentes_ok-2048x1448.png 2048w\" sizes=\"auto, (max-width: 3000px) 100vw, 3000px\" \/>\t\t\t\t\t\t\t\t<\/a>\n\t\t\t\t\t\t\t\t\t\t\t\t\t\t\t<\/div>\n\t\t\t\t<\/div>\n\t\t\t\t\t<\/div>\n\t\t<\/div>\n\t\t\t\t\t\t\t<\/div>\n\t\t<\/section>\n\t\t\t\t\t\t\t<\/div>\n\t\t","protected":false},"excerpt":{"rendered":"<p>Entenda o trabalho das comiss\u00f5es parlamentares formadas pelos Vereadores da C\u00e2mara! As comiss\u00f5es parlamentares s\u00e3o \u00f3rg\u00e3os t\u00e9cnicos de apoio ao processo legislativo. S\u00e3o formadas pelos vereadores, que se dividem em grupos de temas espec\u00edficos e destinam-se principalmente a examinar e emitir pareceres (relat\u00f3rios) a respeito dos projetos de lei que est\u00e3o em tramita\u00e7\u00e3o na C\u00e2mara. [&hellip;]<\/p>\n","protected":false},"author":1,"featured_media":0,"parent":0,"menu_order":0,"comment_status":"closed","ping_status":"closed","template":"","meta":{"footnotes":""},"class_list":["post-5356","page","type-page","status-publish","hentry"],"yoast_head":"<!-- This site is optimized with the Yoast SEO plugin v21.0 - https:\/\/yoast.com\/wordpress\/plugins\/seo\/ -->\n<title>Comiss\u00f5es - C\u00e2mara Municipal de Itajub\u00e1<\/title>\n<meta name=\"robots\" content=\"index, follow, max-snippet:-1, max-image-preview:large, max-video-preview:-1\" \/>\n<link rel=\"canonical\" href=\"https:\/\/itajuba.cam.mg.gov.br\/site\/comissoes\/\" \/>\n<meta property=\"og:locale\" content=\"pt_BR\" \/>\n<meta property=\"og:type\" content=\"article\" \/>\n<meta property=\"og:title\" content=\"Comiss\u00f5es - C\u00e2mara Municipal de Itajub\u00e1\" \/>\n<meta property=\"og:description\" content=\"Entenda o trabalho das comiss\u00f5es parlamentares formadas pelos Vereadores da C\u00e2mara! As comiss\u00f5es parlamentares s\u00e3o \u00f3rg\u00e3os t\u00e9cnicos de apoio ao processo legislativo. S\u00e3o formadas pelos vereadores, que se dividem em grupos de temas espec\u00edficos e destinam-se principalmente a examinar e emitir pareceres (relat\u00f3rios) a respeito dos projetos de lei que est\u00e3o em tramita\u00e7\u00e3o na C\u00e2mara. [&hellip;]\" \/>\n<meta property=\"og:url\" content=\"https:\/\/itajuba.cam.mg.gov.br\/site\/comissoes\/\" \/>\n<meta property=\"og:site_name\" content=\"C\u00e2mara Municipal de Itajub\u00e1\" \/>\n<meta property=\"article:publisher\" content=\"https:\/\/www.facebook.com\/camaradeitajubaoficial\" \/>\n<meta property=\"article:modified_time\" content=\"2025-02-27T20:00:11+00:00\" \/>\n<meta property=\"og:image\" content=\"https:\/\/itajuba.cam.mg.gov.br\/site\/wp-content\/uploads\/2025\/02\/comissoes_permanentes_ok.png\" \/>\n<meta name=\"twitter:card\" content=\"summary_large_image\" \/>\n<meta name=\"twitter:label1\" content=\"Est. tempo de leitura\" \/>\n\t<meta name=\"twitter:data1\" content=\"2 minutos\" \/>\n<script type=\"application\/ld+json\" class=\"yoast-schema-graph\">{\"@context\":\"https:\/\/schema.org\",\"@graph\":[{\"@type\":\"WebPage\",\"@id\":\"https:\/\/itajuba.cam.mg.gov.br\/site\/comissoes\/\",\"url\":\"https:\/\/itajuba.cam.mg.gov.br\/site\/comissoes\/\",\"name\":\"Comiss\u00f5es - C\u00e2mara Municipal de Itajub\u00e1\",\"isPartOf\":{\"@id\":\"https:\/\/itajuba.cam.mg.gov.br\/site\/#website\"},\"datePublished\":\"2023-09-14T19:22:28+00:00\",\"dateModified\":\"2025-02-27T20:00:11+00:00\",\"breadcrumb\":{\"@id\":\"https:\/\/itajuba.cam.mg.gov.br\/site\/comissoes\/#breadcrumb\"},\"inLanguage\":\"pt-BR\",\"potentialAction\":[{\"@type\":\"ReadAction\",\"target\":[\"https:\/\/itajuba.cam.mg.gov.br\/site\/comissoes\/\"]}]},{\"@type\":\"BreadcrumbList\",\"@id\":\"https:\/\/itajuba.cam.mg.gov.br\/site\/comissoes\/#breadcrumb\",\"itemListElement\":[{\"@type\":\"ListItem\",\"position\":1,\"name\":\"In\u00edcio\",\"item\":\"https:\/\/itajuba.cam.mg.gov.br\/site\/\"},{\"@type\":\"ListItem\",\"position\":2,\"name\":\"Comiss\u00f5es\"}]},{\"@type\":\"WebSite\",\"@id\":\"https:\/\/itajuba.cam.mg.gov.br\/site\/#website\",\"url\":\"https:\/\/itajuba.cam.mg.gov.br\/site\/\",\"name\":\"C\u00e2mara Municipal de Itajub\u00e1\",\"description\":\"Efici\u00eancia e Transpar\u00eancia\",\"publisher\":{\"@id\":\"https:\/\/itajuba.cam.mg.gov.br\/site\/#organization\"},\"potentialAction\":[{\"@type\":\"SearchAction\",\"target\":{\"@type\":\"EntryPoint\",\"urlTemplate\":\"https:\/\/itajuba.cam.mg.gov.br\/site\/?s={search_term_string}\"},\"query-input\":\"required name=search_term_string\"}],\"inLanguage\":\"pt-BR\"},{\"@type\":\"Organization\",\"@id\":\"https:\/\/itajuba.cam.mg.gov.br\/site\/#organization\",\"name\":\"C\u00e2mara Municipal de Itajub\u00e1\",\"url\":\"https:\/\/itajuba.cam.mg.gov.br\/site\/\",\"logo\":{\"@type\":\"ImageObject\",\"inLanguage\":\"pt-BR\",\"@id\":\"https:\/\/itajuba.cam.mg.gov.br\/site\/#\/schema\/logo\/image\/\",\"url\":\"https:\/\/itajuba.cam.mg.gov.br\/site\/wp-content\/uploads\/2023\/09\/logo_camara_2024.png\",\"contentUrl\":\"https:\/\/itajuba.cam.mg.gov.br\/site\/wp-content\/uploads\/2023\/09\/logo_camara_2024.png\",\"width\":1000,\"height\":385,\"caption\":\"C\u00e2mara Municipal de Itajub\u00e1\"},\"image\":{\"@id\":\"https:\/\/itajuba.cam.mg.gov.br\/site\/#\/schema\/logo\/image\/\"},\"sameAs\":[\"https:\/\/www.facebook.com\/camaradeitajubaoficial\",\"https:\/\/www.instagram.com\/camaradeitajubaoficial\/\",\"https:\/\/www.youtube.com\/user\/TVCAMARAITAJUBA\"]}]}<\/script>\n<!-- \/ Yoast SEO plugin. -->","yoast_head_json":{"title":"Comiss\u00f5es - C\u00e2mara Municipal de Itajub\u00e1","robots":{"index":"index","follow":"follow","max-snippet":"max-snippet:-1","max-image-preview":"max-image-preview:large","max-video-preview":"max-video-preview:-1"},"canonical":"https:\/\/itajuba.cam.mg.gov.br\/site\/comissoes\/","og_locale":"pt_BR","og_type":"article","og_title":"Comiss\u00f5es - C\u00e2mara Municipal de Itajub\u00e1","og_description":"Entenda o trabalho das comiss\u00f5es parlamentares formadas pelos Vereadores da C\u00e2mara! As comiss\u00f5es parlamentares s\u00e3o \u00f3rg\u00e3os t\u00e9cnicos de apoio ao processo legislativo. S\u00e3o formadas pelos vereadores, que se dividem em grupos de temas espec\u00edficos e destinam-se principalmente a examinar e emitir pareceres (relat\u00f3rios) a respeito dos projetos de lei que est\u00e3o em tramita\u00e7\u00e3o na C\u00e2mara. [&hellip;]","og_url":"https:\/\/itajuba.cam.mg.gov.br\/site\/comissoes\/","og_site_name":"C\u00e2mara Municipal de Itajub\u00e1","article_publisher":"https:\/\/www.facebook.com\/camaradeitajubaoficial","article_modified_time":"2025-02-27T20:00:11+00:00","og_image":[{"url":"https:\/\/itajuba.cam.mg.gov.br\/site\/wp-content\/uploads\/2025\/02\/comissoes_permanentes_ok.png"}],"twitter_card":"summary_large_image","twitter_misc":{"Est. tempo de leitura":"2 minutos"},"schema":{"@context":"https:\/\/schema.org","@graph":[{"@type":"WebPage","@id":"https:\/\/itajuba.cam.mg.gov.br\/site\/comissoes\/","url":"https:\/\/itajuba.cam.mg.gov.br\/site\/comissoes\/","name":"Comiss\u00f5es - C\u00e2mara Municipal de Itajub\u00e1","isPartOf":{"@id":"https:\/\/itajuba.cam.mg.gov.br\/site\/#website"},"datePublished":"2023-09-14T19:22:28+00:00","dateModified":"2025-02-27T20:00:11+00:00","breadcrumb":{"@id":"https:\/\/itajuba.cam.mg.gov.br\/site\/comissoes\/#breadcrumb"},"inLanguage":"pt-BR","potentialAction":[{"@type":"ReadAction","target":["https:\/\/itajuba.cam.mg.gov.br\/site\/comissoes\/"]}]},{"@type":"BreadcrumbList","@id":"https:\/\/itajuba.cam.mg.gov.br\/site\/comissoes\/#breadcrumb","itemListElement":[{"@type":"ListItem","position":1,"name":"In\u00edcio","item":"https:\/\/itajuba.cam.mg.gov.br\/site\/"},{"@type":"ListItem","position":2,"name":"Comiss\u00f5es"}]},{"@type":"WebSite","@id":"https:\/\/itajuba.cam.mg.gov.br\/site\/#website","url":"https:\/\/itajuba.cam.mg.gov.br\/site\/","name":"C\u00e2mara Municipal de Itajub\u00e1","description":"Efici\u00eancia e Transpar\u00eancia","publisher":{"@id":"https:\/\/itajuba.cam.mg.gov.br\/site\/#organization"},"potentialAction":[{"@type":"SearchAction","target":{"@type":"EntryPoint","urlTemplate":"https:\/\/itajuba.cam.mg.gov.br\/site\/?s={search_term_string}"},"query-input":"required name=search_term_string"}],"inLanguage":"pt-BR"},{"@type":"Organization","@id":"https:\/\/itajuba.cam.mg.gov.br\/site\/#organization","name":"C\u00e2mara Municipal de Itajub\u00e1","url":"https:\/\/itajuba.cam.mg.gov.br\/site\/","logo":{"@type":"ImageObject","inLanguage":"pt-BR","@id":"https:\/\/itajuba.cam.mg.gov.br\/site\/#\/schema\/logo\/image\/","url":"https:\/\/itajuba.cam.mg.gov.br\/site\/wp-content\/uploads\/2023\/09\/logo_camara_2024.png","contentUrl":"https:\/\/itajuba.cam.mg.gov.br\/site\/wp-content\/uploads\/2023\/09\/logo_camara_2024.png","width":1000,"height":385,"caption":"C\u00e2mara Municipal de Itajub\u00e1"},"image":{"@id":"https:\/\/itajuba.cam.mg.gov.br\/site\/#\/schema\/logo\/image\/"},"sameAs":["https:\/\/www.facebook.com\/camaradeitajubaoficial","https:\/\/www.instagram.com\/camaradeitajubaoficial\/","https:\/\/www.youtube.com\/user\/TVCAMARAITAJUBA"]}]}},"_links":{"self":[{"href":"https:\/\/itajuba.cam.mg.gov.br\/site\/wp-json\/wp\/v2\/pages\/5356","targetHints":{"allow":["GET"]}}],"collection":[{"href":"https:\/\/itajuba.cam.mg.gov.br\/site\/wp-json\/wp\/v2\/pages"}],"about":[{"href":"https:\/\/itajuba.cam.mg.gov.br\/site\/wp-json\/wp\/v2\/types\/page"}],"author":[{"embeddable":true,"href":"https:\/\/itajuba.cam.mg.gov.br\/site\/wp-json\/wp\/v2\/users\/1"}],"replies":[{"embeddable":true,"href":"https:\/\/itajuba.cam.mg.gov.br\/site\/wp-json\/wp\/v2\/comments?post=5356"}],"version-history":[{"count":25,"href":"https:\/\/itajuba.cam.mg.gov.br\/site\/wp-json\/wp\/v2\/pages\/5356\/revisions"}],"predecessor-version":[{"id":14224,"href":"https:\/\/itajuba.cam.mg.gov.br\/site\/wp-json\/wp\/v2\/pages\/5356\/revisions\/14224"}],"wp:attachment":[{"href":"https:\/\/itajuba.cam.mg.gov.br\/site\/wp-json\/wp\/v2\/media?parent=5356"}],"curies":[{"name":"wp","href":"https:\/\/api.w.org\/{rel}","templated":true}]}}