{"id":5376,"date":"2023-09-14T19:46:30","date_gmt":"2023-09-14T19:46:30","guid":{"rendered":"https:\/\/itajuba.cam.mg.gov.br\/site\/?page_id=5376"},"modified":"2024-03-12T16:41:43","modified_gmt":"2024-03-12T16:41:43","slug":"enfermeira-rita","status":"publish","type":"page","link":"https:\/\/itajuba.cam.mg.gov.br\/site\/enfermeira-rita\/","title":{"rendered":"Enfermeira Rita"},"content":{"rendered":"\t\t<div data-elementor-type=\"wp-page\" data-elementor-id=\"5376\" class=\"elementor elementor-5376\" data-elementor-post-type=\"page\">\n\t\t\t\t\t\t\t\t\t<section class=\"elementor-section elementor-top-section elementor-element elementor-element-4f0d5acf elementor-section-boxed elementor-section-height-default elementor-section-height-default\" data-id=\"4f0d5acf\" data-element_type=\"section\">\n\t\t\t\t\t\t<div class=\"elementor-container elementor-column-gap-default\">\n\t\t\t\t\t<div class=\"elementor-column elementor-col-33 elementor-top-column elementor-element elementor-element-3fa59f5b\" data-id=\"3fa59f5b\" data-element_type=\"column\">\n\t\t\t<div class=\"elementor-widget-wrap elementor-element-populated\">\n\t\t\t\t\t\t\t\t<div class=\"elementor-element elementor-element-94fbbc8 elementor-widget elementor-widget-image\" data-id=\"94fbbc8\" data-element_type=\"widget\" data-widget_type=\"image.default\">\n\t\t\t\t<div class=\"elementor-widget-container\">\n\t\t\t<style>\/*! elementor - v3.16.0 - 13-09-2023 *\/\n.elementor-widget-image{text-align:center}.elementor-widget-image a{display:inline-block}.elementor-widget-image a img[src$=\".svg\"]{width:48px}.elementor-widget-image img{vertical-align:middle;display:inline-block}<\/style>\t\t\t\t\t\t\t\t\t\t\t\t<img loading=\"lazy\" decoding=\"async\" width=\"250\" height=\"313\" src=\"https:\/\/itajuba.cam.mg.gov.br\/site\/wp-content\/uploads\/2023\/10\/Rita_img_site-Custom.png\" class=\"attachment-medium_large size-medium_large wp-image-7154\" alt=\"\" srcset=\"https:\/\/itajuba.cam.mg.gov.br\/site\/wp-content\/uploads\/2023\/10\/Rita_img_site-Custom.png 250w, https:\/\/itajuba.cam.mg.gov.br\/site\/wp-content\/uploads\/2023\/10\/Rita_img_site-Custom-240x300.png 240w\" sizes=\"auto, (max-width: 250px) 100vw, 250px\" \/>\t\t\t\t\t\t\t\t\t\t\t\t\t\t\t<\/div>\n\t\t\t\t<\/div>\n\t\t\t\t\t<\/div>\n\t\t<\/div>\n\t\t\t\t<div class=\"elementor-column elementor-col-66 elementor-top-column elementor-element elementor-element-76b01f59\" data-id=\"76b01f59\" data-element_type=\"column\">\n\t\t\t<div class=\"elementor-widget-wrap elementor-element-populated\">\n\t\t\t\t\t\t\t\t<div class=\"elementor-element elementor-element-7e8366b3 elementor-widget elementor-widget-text-editor\" data-id=\"7e8366b3\" data-element_type=\"widget\" data-widget_type=\"text-editor.default\">\n\t\t\t\t<div class=\"elementor-widget-container\">\n\t\t\t<style>\/*! elementor - v3.16.0 - 13-09-2023 *\/\n.elementor-widget-text-editor.elementor-drop-cap-view-stacked .elementor-drop-cap{background-color:#69727d;color:#fff}.elementor-widget-text-editor.elementor-drop-cap-view-framed .elementor-drop-cap{color:#69727d;border:3px solid;background-color:transparent}.elementor-widget-text-editor:not(.elementor-drop-cap-view-default) .elementor-drop-cap{margin-top:8px}.elementor-widget-text-editor:not(.elementor-drop-cap-view-default) .elementor-drop-cap-letter{width:1em;height:1em}.elementor-widget-text-editor .elementor-drop-cap{float:left;text-align:center;line-height:1;font-size:50px}.elementor-widget-text-editor .elementor-drop-cap-letter{display:inline-block}<\/style>\t\t\t\t<p><strong>Nome Completo: <\/strong>Rita de C\u00e1ssia Carneiro Maciel<br><strong>Partido Pol\u00edtico: PDT<\/strong><br><strong>Telefone: <\/strong>(35) 3629-6404<br><strong>Facebook: <\/strong><a href=\"https:\/\/www.facebook.com\/enfermeiraritacm\/\">https:\/\/www.facebook.com\/enfermeiraritacm\/<\/a><br><strong>Instagram: <\/strong><a href=\"https:\/\/www.instagram.com\/enfermeiraritacm\/\">https:\/\/www.instagram.com\/enfermeiraritacm\/<\/a><br><strong>E-mail: <\/strong>enfermeirarita@itajuba.cam.mg.gov.br<\/p>\t\t\t\t\t\t<\/div>\n\t\t\t\t<\/div>\n\t\t\t\t<div class=\"elementor-element elementor-element-74dff503 elementor-align-left elementor-widget elementor-widget-button\" data-id=\"74dff503\" data-element_type=\"widget\" data-widget_type=\"button.default\">\n\t\t\t\t<div class=\"elementor-widget-container\">\n\t\t\t\t\t<div class=\"elementor-button-wrapper\">\n\t\t\t<a class=\"elementor-button elementor-button-link elementor-size-xs elementor-animation-shrink\" href=\"https:\/\/itajuba.siscam.com.br\/Vereadores\/Contagem\/986\" target=\"_blank\">\n\t\t\t\t\t\t<span class=\"elementor-button-content-wrapper\">\n\t\t\t\t\t\t<span class=\"elementor-button-icon elementor-align-icon-left\">\n\t\t\t\t<i aria-hidden=\"true\" class=\"fas fa-archive\"><\/i>\t\t\t<\/span>\n\t\t\t\t\t\t<span class=\"elementor-button-text\">Produ\u00e7\u00e3o Legislativa do Vereador<\/span>\n\t\t<\/span>\n\t\t\t\t\t<\/a>\n\t\t<\/div>\n\t\t\t\t<\/div>\n\t\t\t\t<\/div>\n\t\t\t\t\t<\/div>\n\t\t<\/div>\n\t\t\t\t\t\t\t<\/div>\n\t\t<\/section>\n\t\t\t\t<section class=\"elementor-section elementor-top-section elementor-element elementor-element-4148d926 elementor-section-boxed elementor-section-height-default elementor-section-height-default\" data-id=\"4148d926\" data-element_type=\"section\">\n\t\t\t\t\t\t<div class=\"elementor-container elementor-column-gap-default\">\n\t\t\t\t\t<div class=\"elementor-column elementor-col-100 elementor-top-column elementor-element elementor-element-14c3eef1\" data-id=\"14c3eef1\" data-element_type=\"column\">\n\t\t\t<div class=\"elementor-widget-wrap elementor-element-populated\">\n\t\t\t\t\t\t\t\t<div class=\"elementor-element elementor-element-56702f75 elementor-widget elementor-widget-heading\" data-id=\"56702f75\" data-element_type=\"widget\" data-widget_type=\"heading.default\">\n\t\t\t\t<div class=\"elementor-widget-container\">\n\t\t\t<style>\/*! elementor - v3.16.0 - 13-09-2023 *\/\n.elementor-heading-title{padding:0;margin:0;line-height:1}.elementor-widget-heading .elementor-heading-title[class*=elementor-size-]>a{color:inherit;font-size:inherit;line-height:inherit}.elementor-widget-heading .elementor-heading-title.elementor-size-small{font-size:15px}.elementor-widget-heading .elementor-heading-title.elementor-size-medium{font-size:19px}.elementor-widget-heading .elementor-heading-title.elementor-size-large{font-size:29px}.elementor-widget-heading .elementor-heading-title.elementor-size-xl{font-size:39px}.elementor-widget-heading .elementor-heading-title.elementor-size-xxl{font-size:59px}<\/style><h4 class=\"elementor-heading-title elementor-size-default\">BIOGRAFIA<\/h4>\t\t<\/div>\n\t\t\t\t<\/div>\n\t\t\t\t<div class=\"elementor-element elementor-element-2dba372c elementor-widget elementor-widget-text-editor\" data-id=\"2dba372c\" data-element_type=\"widget\" data-widget_type=\"text-editor.default\">\n\t\t\t\t<div class=\"elementor-widget-container\">\n\t\t\t\t\t\t\t<p>Rita de C\u00e1ssia Carneiro Maciel, filha de D\u00e9cio Carneiro Ribeiro e Benedita de Oliveira Ribeiro, nasceu em 05 de mar\u00e7o de 1966, em Itajub\u00e1. Casada com Marcelino Ant\u00f4nio Maciel, \u00e9 m\u00e3e de Carla Estef\u00e2nia Maciel, Andr\u00e9 Filipe Maciel, Ana Isabela Maciel, Maria Carolina Carneiro Maciel, e av\u00f3 de Gabriel, Rafael e Ana.<\/p><p>Rita formou-se em Enfermagem pela Escola de Enfermagem Wenceslau Braz, em 1987. Em setembro de 1988, foi admitida no Hospital de Cl\u00ednicas de Itajub\u00e1 (antigo Hospital Escola), onde iniciou sua jornada profissional.<\/p><p>Entre os anos de 2002 e 2009, tamb\u00e9m atuou como Enfermeira do Trabalho na AFL do Brasil, onde realizou diversos trabalhos e projetos volunt\u00e1rios.<\/p><p>Rita dedicou-se a diversos setores, dos quais destaca-se o plant\u00e3o na UTI, onde atuou por muitos anos. Em 2013, foi convidada a assumir o cargo de Ger\u00eancia de Enfermagem, cargo que ocupou por quase 10 anos. Al\u00e9m disso, tamb\u00e9m fazia parte da Comiss\u00e3o de \u00d3bitos Materno-Infantil do munic\u00edpio.<\/p><p>Durante o per\u00edodo em que atuou como Gerente de Enfermagem, Rita participou da implanta\u00e7\u00e3o de melhorias no Hospital de Cl\u00ednicas, bem como o credenciamento para realiza\u00e7\u00e3o de transplantes de rim, f\u00edgado e cora\u00e7\u00e3o.<\/p><p>Em 2020 concorreu as elei\u00e7\u00f5es pleiteando ao cargo de vereadora, ficou na supl\u00eancia, o que, com o licenciamento do Vereador Tenente Melo, permitiu que ela estivesse hoje na C\u00e2mara Municipal.<\/p><p>Atualmente \u00e9 a 2\u00aa Vice-Presidente da C\u00e2mara Municipal de Itajub\u00e1 \u2013 Gest\u00e3o 2023\/2024.<\/p><p>Hoje vem atuando na pol\u00edtica de uma maneira diferente, mas com um olhar de quem conhece as necessidades em busca de melhorias. Continuando na luta da sa\u00fade pela implanta\u00e7\u00e3o das equipes multidisciplinares de cuidados paliativos, pelo ambulat\u00f3rio municipal de curativos parar les\u00f5es e estomas, e pela luta contra drogas e tabagismo.<\/p>\t\t\t\t\t\t<\/div>\n\t\t\t\t<\/div>\n\t\t\t\t\t<\/div>\n\t\t<\/div>\n\t\t\t\t\t\t\t<\/div>\n\t\t<\/section>\n\t\t\t\t<section class=\"elementor-section elementor-top-section elementor-element elementor-element-55af4250 elementor-section-boxed elementor-section-height-default elementor-section-height-default\" data-id=\"55af4250\" data-element_type=\"section\">\n\t\t\t\t\t\t<div class=\"elementor-container elementor-column-gap-default\">\n\t\t\t\t\t<div class=\"elementor-column elementor-col-100 elementor-top-column elementor-element elementor-element-60f1fd\" data-id=\"60f1fd\" data-element_type=\"column\">\n\t\t\t<div class=\"elementor-widget-wrap elementor-element-populated\">\n\t\t\t\t\t\t\t\t<div class=\"elementor-element elementor-element-41f04adb elementor-widget elementor-widget-spacer\" data-id=\"41f04adb\" data-element_type=\"widget\" data-widget_type=\"spacer.default\">\n\t\t\t\t<div class=\"elementor-widget-container\">\n\t\t\t<style>\/*! elementor - v3.16.0 - 13-09-2023 *\/\n.elementor-column .elementor-spacer-inner{height:var(--spacer-size)}.e-con{--container-widget-width:100%}.e-con-inner>.elementor-widget-spacer,.e-con>.elementor-widget-spacer{width:var(--container-widget-width,var(--spacer-size));--align-self:var(--container-widget-align-self,initial);--flex-shrink:0}.e-con-inner>.elementor-widget-spacer>.elementor-widget-container,.e-con>.elementor-widget-spacer>.elementor-widget-container{height:100%;width:100%}.e-con-inner>.elementor-widget-spacer>.elementor-widget-container>.elementor-spacer,.e-con>.elementor-widget-spacer>.elementor-widget-container>.elementor-spacer{height:100%}.e-con-inner>.elementor-widget-spacer>.elementor-widget-container>.elementor-spacer>.elementor-spacer-inner,.e-con>.elementor-widget-spacer>.elementor-widget-container>.elementor-spacer>.elementor-spacer-inner{height:var(--container-widget-height,var(--spacer-size))}.e-con-inner>.elementor-widget-spacer.elementor-widget-empty,.e-con>.elementor-widget-spacer.elementor-widget-empty{position:relative;min-height:22px;min-width:22px}.e-con-inner>.elementor-widget-spacer.elementor-widget-empty .elementor-widget-empty-icon,.e-con>.elementor-widget-spacer.elementor-widget-empty .elementor-widget-empty-icon{position:absolute;top:0;bottom:0;left:0;right:0;margin:auto;padding:0;width:22px;height:22px}<\/style>\t\t<div class=\"elementor-spacer\">\n\t\t\t<div class=\"elementor-spacer-inner\"><\/div>\n\t\t<\/div>\n\t\t\t\t<\/div>\n\t\t\t\t<\/div>\n\t\t\t\t\t<\/div>\n\t\t<\/div>\n\t\t\t\t\t\t\t<\/div>\n\t\t<\/section>\n\t\t\t\t\t\t\t<\/div>\n\t\t","protected":false},"excerpt":{"rendered":"<p>Nome Completo: Rita de C\u00e1ssia Carneiro MacielPartido Pol\u00edtico: PDTTelefone: (35) 3629-6404Facebook: https:\/\/www.facebook.com\/enfermeiraritacm\/Instagram: https:\/\/www.instagram.com\/enfermeiraritacm\/E-mail: enfermeirarita@itajuba.cam.mg.gov.br Produ\u00e7\u00e3o Legislativa do Vereador BIOGRAFIA Rita de C\u00e1ssia Carneiro Maciel, filha de D\u00e9cio Carneiro Ribeiro e Benedita de Oliveira Ribeiro, nasceu em 05 de mar\u00e7o de 1966, em Itajub\u00e1. Casada com Marcelino Ant\u00f4nio Maciel, \u00e9 m\u00e3e de Carla Estef\u00e2nia Maciel, Andr\u00e9 [&hellip;]<\/p>\n","protected":false},"author":1,"featured_media":0,"parent":0,"menu_order":0,"comment_status":"closed","ping_status":"closed","template":"","meta":{"footnotes":""},"class_list":["post-5376","page","type-page","status-publish","hentry"],"yoast_head":"<!-- This site is optimized with the Yoast SEO plugin v21.0 - https:\/\/yoast.com\/wordpress\/plugins\/seo\/ -->\n<title>Enfermeira Rita - C\u00e2mara Municipal de Itajub\u00e1<\/title>\n<meta name=\"robots\" content=\"index, follow, max-snippet:-1, max-image-preview:large, max-video-preview:-1\" \/>\n<link rel=\"canonical\" href=\"https:\/\/itajuba.cam.mg.gov.br\/site\/enfermeira-rita\/\" \/>\n<meta property=\"og:locale\" content=\"pt_BR\" \/>\n<meta property=\"og:type\" content=\"article\" \/>\n<meta property=\"og:title\" content=\"Enfermeira Rita - C\u00e2mara Municipal de Itajub\u00e1\" \/>\n<meta property=\"og:description\" content=\"Nome Completo: Rita de C\u00e1ssia Carneiro MacielPartido Pol\u00edtico: PDTTelefone: (35) 3629-6404Facebook: https:\/\/www.facebook.com\/enfermeiraritacm\/Instagram: https:\/\/www.instagram.com\/enfermeiraritacm\/E-mail: enfermeirarita@itajuba.cam.mg.gov.br Produ\u00e7\u00e3o Legislativa do Vereador BIOGRAFIA Rita de C\u00e1ssia Carneiro Maciel, filha de D\u00e9cio Carneiro Ribeiro e Benedita de Oliveira Ribeiro, nasceu em 05 de mar\u00e7o de 1966, em Itajub\u00e1. Casada com Marcelino Ant\u00f4nio Maciel, \u00e9 m\u00e3e de Carla Estef\u00e2nia Maciel, Andr\u00e9 [&hellip;]\" \/>\n<meta property=\"og:url\" content=\"https:\/\/itajuba.cam.mg.gov.br\/site\/enfermeira-rita\/\" \/>\n<meta property=\"og:site_name\" content=\"C\u00e2mara Municipal de Itajub\u00e1\" \/>\n<meta property=\"article:publisher\" content=\"https:\/\/www.facebook.com\/camaradeitajubaoficial\" \/>\n<meta property=\"article:modified_time\" content=\"2024-03-12T16:41:43+00:00\" \/>\n<meta property=\"og:image\" content=\"https:\/\/itajuba.cam.mg.gov.br\/site\/wp-content\/uploads\/2023\/10\/Rita_img_site-Custom.png\" \/>\n<meta name=\"twitter:card\" content=\"summary_large_image\" \/>\n<meta name=\"twitter:label1\" content=\"Est. tempo de leitura\" \/>\n\t<meta name=\"twitter:data1\" content=\"2 minutos\" \/>\n<script type=\"application\/ld+json\" class=\"yoast-schema-graph\">{\"@context\":\"https:\/\/schema.org\",\"@graph\":[{\"@type\":\"WebPage\",\"@id\":\"https:\/\/itajuba.cam.mg.gov.br\/site\/enfermeira-rita\/\",\"url\":\"https:\/\/itajuba.cam.mg.gov.br\/site\/enfermeira-rita\/\",\"name\":\"Enfermeira Rita - C\u00e2mara Municipal de Itajub\u00e1\",\"isPartOf\":{\"@id\":\"https:\/\/itajuba.cam.mg.gov.br\/site\/#website\"},\"datePublished\":\"2023-09-14T19:46:30+00:00\",\"dateModified\":\"2024-03-12T16:41:43+00:00\",\"breadcrumb\":{\"@id\":\"https:\/\/itajuba.cam.mg.gov.br\/site\/enfermeira-rita\/#breadcrumb\"},\"inLanguage\":\"pt-BR\",\"potentialAction\":[{\"@type\":\"ReadAction\",\"target\":[\"https:\/\/itajuba.cam.mg.gov.br\/site\/enfermeira-rita\/\"]}]},{\"@type\":\"BreadcrumbList\",\"@id\":\"https:\/\/itajuba.cam.mg.gov.br\/site\/enfermeira-rita\/#breadcrumb\",\"itemListElement\":[{\"@type\":\"ListItem\",\"position\":1,\"name\":\"In\u00edcio\",\"item\":\"https:\/\/itajuba.cam.mg.gov.br\/site\/\"},{\"@type\":\"ListItem\",\"position\":2,\"name\":\"Enfermeira Rita\"}]},{\"@type\":\"WebSite\",\"@id\":\"https:\/\/itajuba.cam.mg.gov.br\/site\/#website\",\"url\":\"https:\/\/itajuba.cam.mg.gov.br\/site\/\",\"name\":\"C\u00e2mara Municipal de Itajub\u00e1\",\"description\":\"Efici\u00eancia e Transpar\u00eancia\",\"publisher\":{\"@id\":\"https:\/\/itajuba.cam.mg.gov.br\/site\/#organization\"},\"potentialAction\":[{\"@type\":\"SearchAction\",\"target\":{\"@type\":\"EntryPoint\",\"urlTemplate\":\"https:\/\/itajuba.cam.mg.gov.br\/site\/?s={search_term_string}\"},\"query-input\":\"required name=search_term_string\"}],\"inLanguage\":\"pt-BR\"},{\"@type\":\"Organization\",\"@id\":\"https:\/\/itajuba.cam.mg.gov.br\/site\/#organization\",\"name\":\"C\u00e2mara Municipal de Itajub\u00e1\",\"url\":\"https:\/\/itajuba.cam.mg.gov.br\/site\/\",\"logo\":{\"@type\":\"ImageObject\",\"inLanguage\":\"pt-BR\",\"@id\":\"https:\/\/itajuba.cam.mg.gov.br\/site\/#\/schema\/logo\/image\/\",\"url\":\"https:\/\/itajuba.cam.mg.gov.br\/site\/wp-content\/uploads\/2023\/09\/logo_camara_2024.png\",\"contentUrl\":\"https:\/\/itajuba.cam.mg.gov.br\/site\/wp-content\/uploads\/2023\/09\/logo_camara_2024.png\",\"width\":1000,\"height\":385,\"caption\":\"C\u00e2mara Municipal de Itajub\u00e1\"},\"image\":{\"@id\":\"https:\/\/itajuba.cam.mg.gov.br\/site\/#\/schema\/logo\/image\/\"},\"sameAs\":[\"https:\/\/www.facebook.com\/camaradeitajubaoficial\",\"https:\/\/www.instagram.com\/camaradeitajubaoficial\/\",\"https:\/\/www.youtube.com\/user\/TVCAMARAITAJUBA\"]}]}<\/script>\n<!-- \/ Yoast SEO plugin. -->","yoast_head_json":{"title":"Enfermeira Rita - C\u00e2mara Municipal de Itajub\u00e1","robots":{"index":"index","follow":"follow","max-snippet":"max-snippet:-1","max-image-preview":"max-image-preview:large","max-video-preview":"max-video-preview:-1"},"canonical":"https:\/\/itajuba.cam.mg.gov.br\/site\/enfermeira-rita\/","og_locale":"pt_BR","og_type":"article","og_title":"Enfermeira Rita - C\u00e2mara Municipal de Itajub\u00e1","og_description":"Nome Completo: Rita de C\u00e1ssia Carneiro MacielPartido Pol\u00edtico: PDTTelefone: (35) 3629-6404Facebook: https:\/\/www.facebook.com\/enfermeiraritacm\/Instagram: https:\/\/www.instagram.com\/enfermeiraritacm\/E-mail: enfermeirarita@itajuba.cam.mg.gov.br Produ\u00e7\u00e3o Legislativa do Vereador BIOGRAFIA Rita de C\u00e1ssia Carneiro Maciel, filha de D\u00e9cio Carneiro Ribeiro e Benedita de Oliveira Ribeiro, nasceu em 05 de mar\u00e7o de 1966, em Itajub\u00e1. Casada com Marcelino Ant\u00f4nio Maciel, \u00e9 m\u00e3e de Carla Estef\u00e2nia Maciel, Andr\u00e9 [&hellip;]","og_url":"https:\/\/itajuba.cam.mg.gov.br\/site\/enfermeira-rita\/","og_site_name":"C\u00e2mara Municipal de Itajub\u00e1","article_publisher":"https:\/\/www.facebook.com\/camaradeitajubaoficial","article_modified_time":"2024-03-12T16:41:43+00:00","og_image":[{"url":"https:\/\/itajuba.cam.mg.gov.br\/site\/wp-content\/uploads\/2023\/10\/Rita_img_site-Custom.png"}],"twitter_card":"summary_large_image","twitter_misc":{"Est. tempo de leitura":"2 minutos"},"schema":{"@context":"https:\/\/schema.org","@graph":[{"@type":"WebPage","@id":"https:\/\/itajuba.cam.mg.gov.br\/site\/enfermeira-rita\/","url":"https:\/\/itajuba.cam.mg.gov.br\/site\/enfermeira-rita\/","name":"Enfermeira Rita - C\u00e2mara Municipal de Itajub\u00e1","isPartOf":{"@id":"https:\/\/itajuba.cam.mg.gov.br\/site\/#website"},"datePublished":"2023-09-14T19:46:30+00:00","dateModified":"2024-03-12T16:41:43+00:00","breadcrumb":{"@id":"https:\/\/itajuba.cam.mg.gov.br\/site\/enfermeira-rita\/#breadcrumb"},"inLanguage":"pt-BR","potentialAction":[{"@type":"ReadAction","target":["https:\/\/itajuba.cam.mg.gov.br\/site\/enfermeira-rita\/"]}]},{"@type":"BreadcrumbList","@id":"https:\/\/itajuba.cam.mg.gov.br\/site\/enfermeira-rita\/#breadcrumb","itemListElement":[{"@type":"ListItem","position":1,"name":"In\u00edcio","item":"https:\/\/itajuba.cam.mg.gov.br\/site\/"},{"@type":"ListItem","position":2,"name":"Enfermeira Rita"}]},{"@type":"WebSite","@id":"https:\/\/itajuba.cam.mg.gov.br\/site\/#website","url":"https:\/\/itajuba.cam.mg.gov.br\/site\/","name":"C\u00e2mara Municipal de Itajub\u00e1","description":"Efici\u00eancia e Transpar\u00eancia","publisher":{"@id":"https:\/\/itajuba.cam.mg.gov.br\/site\/#organization"},"potentialAction":[{"@type":"SearchAction","target":{"@type":"EntryPoint","urlTemplate":"https:\/\/itajuba.cam.mg.gov.br\/site\/?s={search_term_string}"},"query-input":"required name=search_term_string"}],"inLanguage":"pt-BR"},{"@type":"Organization","@id":"https:\/\/itajuba.cam.mg.gov.br\/site\/#organization","name":"C\u00e2mara Municipal de Itajub\u00e1","url":"https:\/\/itajuba.cam.mg.gov.br\/site\/","logo":{"@type":"ImageObject","inLanguage":"pt-BR","@id":"https:\/\/itajuba.cam.mg.gov.br\/site\/#\/schema\/logo\/image\/","url":"https:\/\/itajuba.cam.mg.gov.br\/site\/wp-content\/uploads\/2023\/09\/logo_camara_2024.png","contentUrl":"https:\/\/itajuba.cam.mg.gov.br\/site\/wp-content\/uploads\/2023\/09\/logo_camara_2024.png","width":1000,"height":385,"caption":"C\u00e2mara Municipal de Itajub\u00e1"},"image":{"@id":"https:\/\/itajuba.cam.mg.gov.br\/site\/#\/schema\/logo\/image\/"},"sameAs":["https:\/\/www.facebook.com\/camaradeitajubaoficial","https:\/\/www.instagram.com\/camaradeitajubaoficial\/","https:\/\/www.youtube.com\/user\/TVCAMARAITAJUBA"]}]}},"_links":{"self":[{"href":"https:\/\/itajuba.cam.mg.gov.br\/site\/wp-json\/wp\/v2\/pages\/5376","targetHints":{"allow":["GET"]}}],"collection":[{"href":"https:\/\/itajuba.cam.mg.gov.br\/site\/wp-json\/wp\/v2\/pages"}],"about":[{"href":"https:\/\/itajuba.cam.mg.gov.br\/site\/wp-json\/wp\/v2\/types\/page"}],"author":[{"embeddable":true,"href":"https:\/\/itajuba.cam.mg.gov.br\/site\/wp-json\/wp\/v2\/users\/1"}],"replies":[{"embeddable":true,"href":"https:\/\/itajuba.cam.mg.gov.br\/site\/wp-json\/wp\/v2\/comments?post=5376"}],"version-history":[{"count":22,"href":"https:\/\/itajuba.cam.mg.gov.br\/site\/wp-json\/wp\/v2\/pages\/5376\/revisions"}],"predecessor-version":[{"id":10541,"href":"https:\/\/itajuba.cam.mg.gov.br\/site\/wp-json\/wp\/v2\/pages\/5376\/revisions\/10541"}],"wp:attachment":[{"href":"https:\/\/itajuba.cam.mg.gov.br\/site\/wp-json\/wp\/v2\/media?parent=5376"}],"curies":[{"name":"wp","href":"https:\/\/api.w.org\/{rel}","templated":true}]}}