{"id":5378,"date":"2023-09-14T19:47:03","date_gmt":"2023-09-14T19:47:03","guid":{"rendered":"https:\/\/itajuba.cam.mg.gov.br\/site\/?page_id=5378"},"modified":"2023-10-23T21:20:08","modified_gmt":"2023-10-23T21:20:08","slug":"marcelo-krauss","status":"publish","type":"page","link":"https:\/\/itajuba.cam.mg.gov.br\/site\/marcelo-krauss\/","title":{"rendered":"Marcelo Krauss"},"content":{"rendered":"\t\t<div data-elementor-type=\"wp-page\" data-elementor-id=\"5378\" class=\"elementor elementor-5378\" data-elementor-post-type=\"page\">\n\t\t\t\t\t\t\t\t\t<section class=\"elementor-section elementor-top-section elementor-element elementor-element-33db2bf elementor-section-boxed elementor-section-height-default elementor-section-height-default\" data-id=\"33db2bf\" data-element_type=\"section\">\n\t\t\t\t\t\t<div class=\"elementor-container elementor-column-gap-default\">\n\t\t\t\t\t<div class=\"elementor-column elementor-col-33 elementor-top-column elementor-element elementor-element-e3ffcc1\" data-id=\"e3ffcc1\" data-element_type=\"column\">\n\t\t\t<div class=\"elementor-widget-wrap elementor-element-populated\">\n\t\t\t\t\t\t\t\t<div class=\"elementor-element elementor-element-c943234 elementor-widget elementor-widget-image\" data-id=\"c943234\" data-element_type=\"widget\" data-widget_type=\"image.default\">\n\t\t\t\t<div class=\"elementor-widget-container\">\n\t\t\t<style>\/*! elementor - v3.16.0 - 13-09-2023 *\/\n.elementor-widget-image{text-align:center}.elementor-widget-image a{display:inline-block}.elementor-widget-image a img[src$=\".svg\"]{width:48px}.elementor-widget-image img{vertical-align:middle;display:inline-block}<\/style>\t\t\t\t\t\t\t\t\t\t\t\t<img loading=\"lazy\" decoding=\"async\" width=\"250\" height=\"313\" src=\"https:\/\/itajuba.cam.mg.gov.br\/site\/wp-content\/uploads\/2023\/10\/Foto_Marcelo_Krauss-Custom.png\" class=\"attachment-medium_large size-medium_large wp-image-7150\" alt=\"\" srcset=\"https:\/\/itajuba.cam.mg.gov.br\/site\/wp-content\/uploads\/2023\/10\/Foto_Marcelo_Krauss-Custom.png 250w, https:\/\/itajuba.cam.mg.gov.br\/site\/wp-content\/uploads\/2023\/10\/Foto_Marcelo_Krauss-Custom-240x300.png 240w\" sizes=\"auto, (max-width: 250px) 100vw, 250px\" \/>\t\t\t\t\t\t\t\t\t\t\t\t\t\t\t<\/div>\n\t\t\t\t<\/div>\n\t\t\t\t\t<\/div>\n\t\t<\/div>\n\t\t\t\t<div class=\"elementor-column elementor-col-66 elementor-top-column elementor-element elementor-element-23f4b5f\" data-id=\"23f4b5f\" data-element_type=\"column\">\n\t\t\t<div class=\"elementor-widget-wrap elementor-element-populated\">\n\t\t\t\t\t\t\t\t<div class=\"elementor-element elementor-element-af7df80 elementor-widget elementor-widget-text-editor\" data-id=\"af7df80\" data-element_type=\"widget\" data-widget_type=\"text-editor.default\">\n\t\t\t\t<div class=\"elementor-widget-container\">\n\t\t\t<style>\/*! elementor - v3.16.0 - 13-09-2023 *\/\n.elementor-widget-text-editor.elementor-drop-cap-view-stacked .elementor-drop-cap{background-color:#69727d;color:#fff}.elementor-widget-text-editor.elementor-drop-cap-view-framed .elementor-drop-cap{color:#69727d;border:3px solid;background-color:transparent}.elementor-widget-text-editor:not(.elementor-drop-cap-view-default) .elementor-drop-cap{margin-top:8px}.elementor-widget-text-editor:not(.elementor-drop-cap-view-default) .elementor-drop-cap-letter{width:1em;height:1em}.elementor-widget-text-editor .elementor-drop-cap{float:left;text-align:center;line-height:1;font-size:50px}.elementor-widget-text-editor .elementor-drop-cap-letter{display:inline-block}<\/style>\t\t\t\t<strong>Nome Completo: <\/strong>Marcelo Krauss Rezende<br>\n<strong>Partido Pol\u00edtico: <\/strong>PROGRESSISTAS<br>\n<strong>Telefone: <\/strong>(35) 3629-6424<br>\n<strong>Facebook: <\/strong><a href=\"https:\/\/www.facebook.com\/VereadorMarceloKrauss\">https:\/\/www.facebook.com\/VereadorMarceloKrauss<\/a><br>\n<strong>Instagram: <\/strong><a href=\"https:\/\/www.instagram.com\/marcelokrauss\/\">https:\/\/www.instagram.com\/marcelokrauss\/<\/a><br>\n<strong>E-mail: <\/strong>marcelokrauss@itajuba.cam.mg.gov.br\t\t\t\t\t\t<\/div>\n\t\t\t\t<\/div>\n\t\t\t\t<div class=\"elementor-element elementor-element-d5ee98c elementor-align-left elementor-widget elementor-widget-button\" data-id=\"d5ee98c\" data-element_type=\"widget\" data-widget_type=\"button.default\">\n\t\t\t\t<div class=\"elementor-widget-container\">\n\t\t\t\t\t<div class=\"elementor-button-wrapper\">\n\t\t\t<a class=\"elementor-button elementor-button-link elementor-size-xs elementor-animation-shrink\" href=\"https:\/\/consulta.siscam.com.br\/camaraitajuba\/Vereadores\/Contagem\/523\" target=\"_blank\">\n\t\t\t\t\t\t<span class=\"elementor-button-content-wrapper\">\n\t\t\t\t\t\t<span class=\"elementor-button-icon elementor-align-icon-left\">\n\t\t\t\t<i aria-hidden=\"true\" class=\"fas fa-archive\"><\/i>\t\t\t<\/span>\n\t\t\t\t\t\t<span class=\"elementor-button-text\">Produ\u00e7\u00e3o Legislativa do Vereador<\/span>\n\t\t<\/span>\n\t\t\t\t\t<\/a>\n\t\t<\/div>\n\t\t\t\t<\/div>\n\t\t\t\t<\/div>\n\t\t\t\t\t<\/div>\n\t\t<\/div>\n\t\t\t\t\t\t\t<\/div>\n\t\t<\/section>\n\t\t\t\t<section class=\"elementor-section elementor-top-section elementor-element elementor-element-03a550a elementor-section-boxed elementor-section-height-default elementor-section-height-default\" data-id=\"03a550a\" data-element_type=\"section\">\n\t\t\t\t\t\t<div class=\"elementor-container elementor-column-gap-default\">\n\t\t\t\t\t<div class=\"elementor-column elementor-col-100 elementor-top-column elementor-element elementor-element-a1773c8\" data-id=\"a1773c8\" data-element_type=\"column\">\n\t\t\t<div class=\"elementor-widget-wrap elementor-element-populated\">\n\t\t\t\t\t\t\t\t<div class=\"elementor-element elementor-element-c5c2d66 elementor-widget elementor-widget-heading\" data-id=\"c5c2d66\" data-element_type=\"widget\" data-widget_type=\"heading.default\">\n\t\t\t\t<div class=\"elementor-widget-container\">\n\t\t\t<style>\/*! elementor - v3.16.0 - 13-09-2023 *\/\n.elementor-heading-title{padding:0;margin:0;line-height:1}.elementor-widget-heading .elementor-heading-title[class*=elementor-size-]>a{color:inherit;font-size:inherit;line-height:inherit}.elementor-widget-heading .elementor-heading-title.elementor-size-small{font-size:15px}.elementor-widget-heading .elementor-heading-title.elementor-size-medium{font-size:19px}.elementor-widget-heading .elementor-heading-title.elementor-size-large{font-size:29px}.elementor-widget-heading .elementor-heading-title.elementor-size-xl{font-size:39px}.elementor-widget-heading .elementor-heading-title.elementor-size-xxl{font-size:59px}<\/style><h4 class=\"elementor-heading-title elementor-size-default\">BIOGRAFIA<\/h4>\t\t<\/div>\n\t\t\t\t<\/div>\n\t\t\t\t<div class=\"elementor-element elementor-element-9d87d1e elementor-widget elementor-widget-text-editor\" data-id=\"9d87d1e\" data-element_type=\"widget\" data-widget_type=\"text-editor.default\">\n\t\t\t\t<div class=\"elementor-widget-container\">\n\t\t\t\t\t\t\t<p>Marcelo Krauss Rezende nasceu no dia 07 de setembro de 1971, na cidade de Po\u00e7os de Caldas-MG. Filho de Jos\u00e9 Renato Moura Rezende e Marcela Krauss Rezende. Possui duas irm\u00e3s, Renata e Luciana. E dois sobrinhos, Gustavo e Larissa.<\/p><p>Por conta da profiss\u00e3o de seu pai, Promotor de Justi\u00e7a, morou em algumas cidades, antes de chegar em Itajub\u00e1, em 1979. Aqui estudou no Col\u00e9gio Sagrado Cora\u00e7\u00e3o de Jesus, Col\u00e9gio Estadual Major Jo\u00e3o Pereira, Col\u00e9gio XIX de Mar\u00e7o e Caro Objetivo. Prestou vestibular em 1990 e foi aprovado em Direito, na PUC-Campinas, curso que concluiu em 1994.<\/p><p>Depois de formado em Direito e com a OAB na m\u00e3o, come\u00e7ou sua vida profissional na cidade de Campinas-SP. L\u00e1 trabalhou em um importante escrit\u00f3rio de Advocacia, o Crivelli Advogados Associados. Ap\u00f3s, mudou-se para a cidade de S\u00e3o Paulo-SP, onde continuou seu trabalho na sede de outras grandes empresas, sempre no Departamento Comercial, como Tok&amp;Stok, Magazine Luiza e Mobly.<\/p><p>Ao voltar para Itajub\u00e1, em 2013, abriu sua microempresa, a Haus M\u00f3veis, onde representa algumas f\u00e1bricas de m\u00f3veis, desenvolvendo novos produtos e vendendo os mesmos para grandes varejistas do Brasil. Desde 2013 tem participado ativamente da vida de nossa cidade. Foi Presidente da Associa\u00e7\u00e3o dos Moradores do BPS e membro do Lions Clube.<\/p><p>Na elei\u00e7\u00e3o de 2016 se candidatou ao cargo de vereador e foi eleito com 677 votos, sendo o oitavo vereador mais votado entre os 17 vereadores eleitos.<\/p><p>Na elei\u00e7\u00e3o de 2020 foi reeleito vereador com 894 votos, sendo o quinto vereador mais votado entre os 11 vereadores eleitos.<\/p><p>Atualmente \u00e9 o Presidente da C\u00e2mara Municipal de Itajub\u00e1 \u2013 gest\u00e3o 2023\/2024.<\/p><p>Sua bandeira \u00e9 a FISCALIZA\u00c7\u00c3O. Como vereador fiscaliza o uso do dinheiro p\u00fablico e apresenta projetos de leis relevantes.<\/p><p>Busca exercer o cargo de vereador com total transpar\u00eancia, independ\u00eancia e honestidade.<\/p>\t\t\t\t\t\t<\/div>\n\t\t\t\t<\/div>\n\t\t\t\t\t<\/div>\n\t\t<\/div>\n\t\t\t\t\t\t\t<\/div>\n\t\t<\/section>\n\t\t\t\t<section class=\"elementor-section elementor-top-section elementor-element elementor-element-6004f42 elementor-section-boxed elementor-section-height-default elementor-section-height-default\" data-id=\"6004f42\" data-element_type=\"section\">\n\t\t\t\t\t\t<div class=\"elementor-container elementor-column-gap-default\">\n\t\t\t\t\t<div class=\"elementor-column elementor-col-100 elementor-top-column elementor-element elementor-element-6afb002\" data-id=\"6afb002\" data-element_type=\"column\">\n\t\t\t<div class=\"elementor-widget-wrap elementor-element-populated\">\n\t\t\t\t\t\t\t\t<div class=\"elementor-element elementor-element-17dfb47 elementor-widget elementor-widget-spacer\" data-id=\"17dfb47\" data-element_type=\"widget\" data-widget_type=\"spacer.default\">\n\t\t\t\t<div class=\"elementor-widget-container\">\n\t\t\t<style>\/*! elementor - v3.16.0 - 13-09-2023 *\/\n.elementor-column .elementor-spacer-inner{height:var(--spacer-size)}.e-con{--container-widget-width:100%}.e-con-inner>.elementor-widget-spacer,.e-con>.elementor-widget-spacer{width:var(--container-widget-width,var(--spacer-size));--align-self:var(--container-widget-align-self,initial);--flex-shrink:0}.e-con-inner>.elementor-widget-spacer>.elementor-widget-container,.e-con>.elementor-widget-spacer>.elementor-widget-container{height:100%;width:100%}.e-con-inner>.elementor-widget-spacer>.elementor-widget-container>.elementor-spacer,.e-con>.elementor-widget-spacer>.elementor-widget-container>.elementor-spacer{height:100%}.e-con-inner>.elementor-widget-spacer>.elementor-widget-container>.elementor-spacer>.elementor-spacer-inner,.e-con>.elementor-widget-spacer>.elementor-widget-container>.elementor-spacer>.elementor-spacer-inner{height:var(--container-widget-height,var(--spacer-size))}.e-con-inner>.elementor-widget-spacer.elementor-widget-empty,.e-con>.elementor-widget-spacer.elementor-widget-empty{position:relative;min-height:22px;min-width:22px}.e-con-inner>.elementor-widget-spacer.elementor-widget-empty .elementor-widget-empty-icon,.e-con>.elementor-widget-spacer.elementor-widget-empty .elementor-widget-empty-icon{position:absolute;top:0;bottom:0;left:0;right:0;margin:auto;padding:0;width:22px;height:22px}<\/style>\t\t<div class=\"elementor-spacer\">\n\t\t\t<div class=\"elementor-spacer-inner\"><\/div>\n\t\t<\/div>\n\t\t\t\t<\/div>\n\t\t\t\t<\/div>\n\t\t\t\t\t<\/div>\n\t\t<\/div>\n\t\t\t\t\t\t\t<\/div>\n\t\t<\/section>\n\t\t\t\t\t\t\t<\/div>\n\t\t","protected":false},"excerpt":{"rendered":"<p>Nome Completo: Marcelo Krauss Rezende Partido Pol\u00edtico: PROGRESSISTAS Telefone: (35) 3629-6424 Facebook: https:\/\/www.facebook.com\/VereadorMarceloKrauss Instagram: https:\/\/www.instagram.com\/marcelokrauss\/ E-mail: marcelokrauss@itajuba.cam.mg.gov.br Produ\u00e7\u00e3o Legislativa do Vereador BIOGRAFIA Marcelo Krauss Rezende nasceu no dia 07 de setembro de 1971, na cidade de Po\u00e7os de Caldas-MG. Filho de Jos\u00e9 Renato Moura Rezende e Marcela Krauss Rezende. Possui duas irm\u00e3s, Renata e Luciana. [&hellip;]<\/p>\n","protected":false},"author":1,"featured_media":0,"parent":0,"menu_order":0,"comment_status":"closed","ping_status":"closed","template":"","meta":{"footnotes":""},"class_list":["post-5378","page","type-page","status-publish","hentry"],"yoast_head":"<!-- This site is optimized with the Yoast SEO plugin v21.0 - https:\/\/yoast.com\/wordpress\/plugins\/seo\/ -->\n<title>Marcelo Krauss - C\u00e2mara Municipal de Itajub\u00e1<\/title>\n<meta name=\"robots\" content=\"index, follow, max-snippet:-1, max-image-preview:large, max-video-preview:-1\" \/>\n<link rel=\"canonical\" href=\"https:\/\/itajuba.cam.mg.gov.br\/site\/marcelo-krauss\/\" \/>\n<meta property=\"og:locale\" content=\"pt_BR\" \/>\n<meta property=\"og:type\" content=\"article\" \/>\n<meta property=\"og:title\" content=\"Marcelo Krauss - C\u00e2mara Municipal de Itajub\u00e1\" \/>\n<meta property=\"og:description\" content=\"Nome Completo: Marcelo Krauss Rezende Partido Pol\u00edtico: PROGRESSISTAS Telefone: (35) 3629-6424 Facebook: https:\/\/www.facebook.com\/VereadorMarceloKrauss Instagram: https:\/\/www.instagram.com\/marcelokrauss\/ E-mail: marcelokrauss@itajuba.cam.mg.gov.br Produ\u00e7\u00e3o Legislativa do Vereador BIOGRAFIA Marcelo Krauss Rezende nasceu no dia 07 de setembro de 1971, na cidade de Po\u00e7os de Caldas-MG. Filho de Jos\u00e9 Renato Moura Rezende e Marcela Krauss Rezende. Possui duas irm\u00e3s, Renata e Luciana. [&hellip;]\" \/>\n<meta property=\"og:url\" content=\"https:\/\/itajuba.cam.mg.gov.br\/site\/marcelo-krauss\/\" \/>\n<meta property=\"og:site_name\" content=\"C\u00e2mara Municipal de Itajub\u00e1\" \/>\n<meta property=\"article:publisher\" content=\"https:\/\/www.facebook.com\/camaradeitajubaoficial\" \/>\n<meta property=\"article:modified_time\" content=\"2023-10-23T21:20:08+00:00\" \/>\n<meta property=\"og:image\" content=\"https:\/\/itajuba.cam.mg.gov.br\/site\/wp-content\/uploads\/2023\/10\/Foto_Marcelo_Krauss-Custom.png\" \/>\n<meta name=\"twitter:card\" content=\"summary_large_image\" \/>\n<meta name=\"twitter:label1\" content=\"Est. tempo de leitura\" \/>\n\t<meta name=\"twitter:data1\" content=\"2 minutos\" \/>\n<script type=\"application\/ld+json\" class=\"yoast-schema-graph\">{\"@context\":\"https:\/\/schema.org\",\"@graph\":[{\"@type\":\"WebPage\",\"@id\":\"https:\/\/itajuba.cam.mg.gov.br\/site\/marcelo-krauss\/\",\"url\":\"https:\/\/itajuba.cam.mg.gov.br\/site\/marcelo-krauss\/\",\"name\":\"Marcelo Krauss - C\u00e2mara Municipal de Itajub\u00e1\",\"isPartOf\":{\"@id\":\"https:\/\/itajuba.cam.mg.gov.br\/site\/#website\"},\"datePublished\":\"2023-09-14T19:47:03+00:00\",\"dateModified\":\"2023-10-23T21:20:08+00:00\",\"breadcrumb\":{\"@id\":\"https:\/\/itajuba.cam.mg.gov.br\/site\/marcelo-krauss\/#breadcrumb\"},\"inLanguage\":\"pt-BR\",\"potentialAction\":[{\"@type\":\"ReadAction\",\"target\":[\"https:\/\/itajuba.cam.mg.gov.br\/site\/marcelo-krauss\/\"]}]},{\"@type\":\"BreadcrumbList\",\"@id\":\"https:\/\/itajuba.cam.mg.gov.br\/site\/marcelo-krauss\/#breadcrumb\",\"itemListElement\":[{\"@type\":\"ListItem\",\"position\":1,\"name\":\"In\u00edcio\",\"item\":\"https:\/\/itajuba.cam.mg.gov.br\/site\/\"},{\"@type\":\"ListItem\",\"position\":2,\"name\":\"Marcelo Krauss\"}]},{\"@type\":\"WebSite\",\"@id\":\"https:\/\/itajuba.cam.mg.gov.br\/site\/#website\",\"url\":\"https:\/\/itajuba.cam.mg.gov.br\/site\/\",\"name\":\"C\u00e2mara Municipal de Itajub\u00e1\",\"description\":\"Efici\u00eancia e Transpar\u00eancia\",\"publisher\":{\"@id\":\"https:\/\/itajuba.cam.mg.gov.br\/site\/#organization\"},\"potentialAction\":[{\"@type\":\"SearchAction\",\"target\":{\"@type\":\"EntryPoint\",\"urlTemplate\":\"https:\/\/itajuba.cam.mg.gov.br\/site\/?s={search_term_string}\"},\"query-input\":\"required name=search_term_string\"}],\"inLanguage\":\"pt-BR\"},{\"@type\":\"Organization\",\"@id\":\"https:\/\/itajuba.cam.mg.gov.br\/site\/#organization\",\"name\":\"C\u00e2mara Municipal de Itajub\u00e1\",\"url\":\"https:\/\/itajuba.cam.mg.gov.br\/site\/\",\"logo\":{\"@type\":\"ImageObject\",\"inLanguage\":\"pt-BR\",\"@id\":\"https:\/\/itajuba.cam.mg.gov.br\/site\/#\/schema\/logo\/image\/\",\"url\":\"https:\/\/itajuba.cam.mg.gov.br\/site\/wp-content\/uploads\/2023\/09\/logo_camara_2024.png\",\"contentUrl\":\"https:\/\/itajuba.cam.mg.gov.br\/site\/wp-content\/uploads\/2023\/09\/logo_camara_2024.png\",\"width\":1000,\"height\":385,\"caption\":\"C\u00e2mara Municipal de Itajub\u00e1\"},\"image\":{\"@id\":\"https:\/\/itajuba.cam.mg.gov.br\/site\/#\/schema\/logo\/image\/\"},\"sameAs\":[\"https:\/\/www.facebook.com\/camaradeitajubaoficial\",\"https:\/\/www.instagram.com\/camaradeitajubaoficial\/\",\"https:\/\/www.youtube.com\/user\/TVCAMARAITAJUBA\"]}]}<\/script>\n<!-- \/ Yoast SEO plugin. -->","yoast_head_json":{"title":"Marcelo Krauss - C\u00e2mara Municipal de Itajub\u00e1","robots":{"index":"index","follow":"follow","max-snippet":"max-snippet:-1","max-image-preview":"max-image-preview:large","max-video-preview":"max-video-preview:-1"},"canonical":"https:\/\/itajuba.cam.mg.gov.br\/site\/marcelo-krauss\/","og_locale":"pt_BR","og_type":"article","og_title":"Marcelo Krauss - C\u00e2mara Municipal de Itajub\u00e1","og_description":"Nome Completo: Marcelo Krauss Rezende Partido Pol\u00edtico: PROGRESSISTAS Telefone: (35) 3629-6424 Facebook: https:\/\/www.facebook.com\/VereadorMarceloKrauss Instagram: https:\/\/www.instagram.com\/marcelokrauss\/ E-mail: marcelokrauss@itajuba.cam.mg.gov.br Produ\u00e7\u00e3o Legislativa do Vereador BIOGRAFIA Marcelo Krauss Rezende nasceu no dia 07 de setembro de 1971, na cidade de Po\u00e7os de Caldas-MG. Filho de Jos\u00e9 Renato Moura Rezende e Marcela Krauss Rezende. Possui duas irm\u00e3s, Renata e Luciana. [&hellip;]","og_url":"https:\/\/itajuba.cam.mg.gov.br\/site\/marcelo-krauss\/","og_site_name":"C\u00e2mara Municipal de Itajub\u00e1","article_publisher":"https:\/\/www.facebook.com\/camaradeitajubaoficial","article_modified_time":"2023-10-23T21:20:08+00:00","og_image":[{"url":"https:\/\/itajuba.cam.mg.gov.br\/site\/wp-content\/uploads\/2023\/10\/Foto_Marcelo_Krauss-Custom.png"}],"twitter_card":"summary_large_image","twitter_misc":{"Est. tempo de leitura":"2 minutos"},"schema":{"@context":"https:\/\/schema.org","@graph":[{"@type":"WebPage","@id":"https:\/\/itajuba.cam.mg.gov.br\/site\/marcelo-krauss\/","url":"https:\/\/itajuba.cam.mg.gov.br\/site\/marcelo-krauss\/","name":"Marcelo Krauss - C\u00e2mara Municipal de Itajub\u00e1","isPartOf":{"@id":"https:\/\/itajuba.cam.mg.gov.br\/site\/#website"},"datePublished":"2023-09-14T19:47:03+00:00","dateModified":"2023-10-23T21:20:08+00:00","breadcrumb":{"@id":"https:\/\/itajuba.cam.mg.gov.br\/site\/marcelo-krauss\/#breadcrumb"},"inLanguage":"pt-BR","potentialAction":[{"@type":"ReadAction","target":["https:\/\/itajuba.cam.mg.gov.br\/site\/marcelo-krauss\/"]}]},{"@type":"BreadcrumbList","@id":"https:\/\/itajuba.cam.mg.gov.br\/site\/marcelo-krauss\/#breadcrumb","itemListElement":[{"@type":"ListItem","position":1,"name":"In\u00edcio","item":"https:\/\/itajuba.cam.mg.gov.br\/site\/"},{"@type":"ListItem","position":2,"name":"Marcelo Krauss"}]},{"@type":"WebSite","@id":"https:\/\/itajuba.cam.mg.gov.br\/site\/#website","url":"https:\/\/itajuba.cam.mg.gov.br\/site\/","name":"C\u00e2mara Municipal de Itajub\u00e1","description":"Efici\u00eancia e Transpar\u00eancia","publisher":{"@id":"https:\/\/itajuba.cam.mg.gov.br\/site\/#organization"},"potentialAction":[{"@type":"SearchAction","target":{"@type":"EntryPoint","urlTemplate":"https:\/\/itajuba.cam.mg.gov.br\/site\/?s={search_term_string}"},"query-input":"required name=search_term_string"}],"inLanguage":"pt-BR"},{"@type":"Organization","@id":"https:\/\/itajuba.cam.mg.gov.br\/site\/#organization","name":"C\u00e2mara Municipal de Itajub\u00e1","url":"https:\/\/itajuba.cam.mg.gov.br\/site\/","logo":{"@type":"ImageObject","inLanguage":"pt-BR","@id":"https:\/\/itajuba.cam.mg.gov.br\/site\/#\/schema\/logo\/image\/","url":"https:\/\/itajuba.cam.mg.gov.br\/site\/wp-content\/uploads\/2023\/09\/logo_camara_2024.png","contentUrl":"https:\/\/itajuba.cam.mg.gov.br\/site\/wp-content\/uploads\/2023\/09\/logo_camara_2024.png","width":1000,"height":385,"caption":"C\u00e2mara Municipal de Itajub\u00e1"},"image":{"@id":"https:\/\/itajuba.cam.mg.gov.br\/site\/#\/schema\/logo\/image\/"},"sameAs":["https:\/\/www.facebook.com\/camaradeitajubaoficial","https:\/\/www.instagram.com\/camaradeitajubaoficial\/","https:\/\/www.youtube.com\/user\/TVCAMARAITAJUBA"]}]}},"_links":{"self":[{"href":"https:\/\/itajuba.cam.mg.gov.br\/site\/wp-json\/wp\/v2\/pages\/5378","targetHints":{"allow":["GET"]}}],"collection":[{"href":"https:\/\/itajuba.cam.mg.gov.br\/site\/wp-json\/wp\/v2\/pages"}],"about":[{"href":"https:\/\/itajuba.cam.mg.gov.br\/site\/wp-json\/wp\/v2\/types\/page"}],"author":[{"embeddable":true,"href":"https:\/\/itajuba.cam.mg.gov.br\/site\/wp-json\/wp\/v2\/users\/1"}],"replies":[{"embeddable":true,"href":"https:\/\/itajuba.cam.mg.gov.br\/site\/wp-json\/wp\/v2\/comments?post=5378"}],"version-history":[{"count":43,"href":"https:\/\/itajuba.cam.mg.gov.br\/site\/wp-json\/wp\/v2\/pages\/5378\/revisions"}],"predecessor-version":[{"id":7643,"href":"https:\/\/itajuba.cam.mg.gov.br\/site\/wp-json\/wp\/v2\/pages\/5378\/revisions\/7643"}],"wp:attachment":[{"href":"https:\/\/itajuba.cam.mg.gov.br\/site\/wp-json\/wp\/v2\/media?parent=5378"}],"curies":[{"name":"wp","href":"https:\/\/api.w.org\/{rel}","templated":true}]}}