{"id":5384,"date":"2023-09-14T19:49:23","date_gmt":"2023-09-14T19:49:23","guid":{"rendered":"https:\/\/itajuba.cam.mg.gov.br\/site\/?page_id=5384"},"modified":"2025-12-08T19:17:30","modified_gmt":"2025-12-08T19:17:30","slug":"rafael-rodrigues","status":"publish","type":"page","link":"https:\/\/itajuba.cam.mg.gov.br\/site\/rafael-rodrigues\/","title":{"rendered":"Rafael Rodrigues"},"content":{"rendered":"\t\t<div data-elementor-type=\"wp-page\" data-elementor-id=\"5384\" class=\"elementor elementor-5384\" data-elementor-post-type=\"page\">\n\t\t\t\t\t\t\t\t\t<section class=\"elementor-section elementor-top-section elementor-element elementor-element-7db49412 elementor-section-boxed elementor-section-height-default elementor-section-height-default\" data-id=\"7db49412\" data-element_type=\"section\">\n\t\t\t\t\t\t<div class=\"elementor-container elementor-column-gap-default\">\n\t\t\t\t\t<div class=\"elementor-column elementor-col-33 elementor-top-column elementor-element elementor-element-138354b4\" data-id=\"138354b4\" data-element_type=\"column\">\n\t\t\t<div class=\"elementor-widget-wrap elementor-element-populated\">\n\t\t\t\t\t\t\t\t<div class=\"elementor-element elementor-element-59a818e3 elementor-widget elementor-widget-image\" data-id=\"59a818e3\" data-element_type=\"widget\" data-widget_type=\"image.default\">\n\t\t\t\t<div class=\"elementor-widget-container\">\n\t\t\t<style>\/*! elementor - v3.16.0 - 13-09-2023 *\/\n.elementor-widget-image{text-align:center}.elementor-widget-image a{display:inline-block}.elementor-widget-image a img[src$=\".svg\"]{width:48px}.elementor-widget-image img{vertical-align:middle;display:inline-block}<\/style>\t\t\t\t\t\t\t\t\t\t\t\t<img loading=\"lazy\" decoding=\"async\" width=\"250\" height=\"313\" src=\"https:\/\/itajuba.cam.mg.gov.br\/site\/wp-content\/uploads\/2023\/10\/Rafael-Custom.png\" class=\"attachment-medium_large size-medium_large wp-image-7733\" alt=\"\" srcset=\"https:\/\/itajuba.cam.mg.gov.br\/site\/wp-content\/uploads\/2023\/10\/Rafael-Custom.png 250w, https:\/\/itajuba.cam.mg.gov.br\/site\/wp-content\/uploads\/2023\/10\/Rafael-Custom-240x300.png 240w\" sizes=\"auto, (max-width: 250px) 100vw, 250px\" \/>\t\t\t\t\t\t\t\t\t\t\t\t\t\t\t<\/div>\n\t\t\t\t<\/div>\n\t\t\t\t\t<\/div>\n\t\t<\/div>\n\t\t\t\t<div class=\"elementor-column elementor-col-66 elementor-top-column elementor-element elementor-element-61f1f95b\" data-id=\"61f1f95b\" data-element_type=\"column\">\n\t\t\t<div class=\"elementor-widget-wrap elementor-element-populated\">\n\t\t\t\t\t\t\t\t<div class=\"elementor-element elementor-element-594b4cbb elementor-widget elementor-widget-text-editor\" data-id=\"594b4cbb\" data-element_type=\"widget\" data-widget_type=\"text-editor.default\">\n\t\t\t\t<div class=\"elementor-widget-container\">\n\t\t\t<style>\/*! elementor - v3.16.0 - 13-09-2023 *\/\n.elementor-widget-text-editor.elementor-drop-cap-view-stacked .elementor-drop-cap{background-color:#69727d;color:#fff}.elementor-widget-text-editor.elementor-drop-cap-view-framed .elementor-drop-cap{color:#69727d;border:3px solid;background-color:transparent}.elementor-widget-text-editor:not(.elementor-drop-cap-view-default) .elementor-drop-cap{margin-top:8px}.elementor-widget-text-editor:not(.elementor-drop-cap-view-default) .elementor-drop-cap-letter{width:1em;height:1em}.elementor-widget-text-editor .elementor-drop-cap{float:left;text-align:center;line-height:1;font-size:50px}.elementor-widget-text-editor .elementor-drop-cap-letter{display:inline-block}<\/style>\t\t\t\t<p><strong>Nome Completo: <\/strong>Rafael Henrique Rodrigues<br \/><strong>Partido Pol\u00edtico: <\/strong>PL<br \/><strong>Telefone: <\/strong>(35) 3629-6417<br \/><strong>Facebook: <\/strong><a href=\"https:\/\/www.facebook.com\/rafael.rodrigues.71404\">https:\/\/www.facebook.com\/rafael.rodrigues.71404<\/a><br \/><strong>Instagram: <\/strong><a href=\"https:\/\/www.instagram.com\/rafaelrodrigues.dm\/\">https:\/\/www.instagram.com\/rafaelrodrigues.dm\/<\/a><br \/><strong>E-mail: <\/strong>rafaelrodrigues@itajuba.cam.mg.gov.br<\/p>\t\t\t\t\t\t<\/div>\n\t\t\t\t<\/div>\n\t\t\t\t<div class=\"elementor-element elementor-element-73bbb1b0 elementor-align-left elementor-widget elementor-widget-button\" data-id=\"73bbb1b0\" data-element_type=\"widget\" data-widget_type=\"button.default\">\n\t\t\t\t<div class=\"elementor-widget-container\">\n\t\t\t\t\t<div class=\"elementor-button-wrapper\">\n\t\t\t<a class=\"elementor-button elementor-button-link elementor-size-xs elementor-animation-shrink\" href=\"https:\/\/consulta.siscam.com.br\/camaraitajuba\/Vereadores\/Contagem\/884\" target=\"_blank\">\n\t\t\t\t\t\t<span class=\"elementor-button-content-wrapper\">\n\t\t\t\t\t\t<span class=\"elementor-button-icon elementor-align-icon-left\">\n\t\t\t\t<i aria-hidden=\"true\" class=\"fas fa-archive\"><\/i>\t\t\t<\/span>\n\t\t\t\t\t\t<span class=\"elementor-button-text\">Produ\u00e7\u00e3o Legislativa do Vereador<\/span>\n\t\t<\/span>\n\t\t\t\t\t<\/a>\n\t\t<\/div>\n\t\t\t\t<\/div>\n\t\t\t\t<\/div>\n\t\t\t\t\t<\/div>\n\t\t<\/div>\n\t\t\t\t\t\t\t<\/div>\n\t\t<\/section>\n\t\t\t\t<section class=\"elementor-section elementor-top-section elementor-element elementor-element-1ca8d9bd elementor-section-boxed elementor-section-height-default elementor-section-height-default\" data-id=\"1ca8d9bd\" data-element_type=\"section\">\n\t\t\t\t\t\t<div class=\"elementor-container elementor-column-gap-default\">\n\t\t\t\t\t<div class=\"elementor-column elementor-col-100 elementor-top-column elementor-element elementor-element-29f4e9e0\" data-id=\"29f4e9e0\" data-element_type=\"column\">\n\t\t\t<div class=\"elementor-widget-wrap elementor-element-populated\">\n\t\t\t\t\t\t\t\t<div class=\"elementor-element elementor-element-d00634e elementor-widget elementor-widget-heading\" data-id=\"d00634e\" data-element_type=\"widget\" data-widget_type=\"heading.default\">\n\t\t\t\t<div class=\"elementor-widget-container\">\n\t\t\t<style>\/*! elementor - v3.16.0 - 13-09-2023 *\/\n.elementor-heading-title{padding:0;margin:0;line-height:1}.elementor-widget-heading .elementor-heading-title[class*=elementor-size-]>a{color:inherit;font-size:inherit;line-height:inherit}.elementor-widget-heading .elementor-heading-title.elementor-size-small{font-size:15px}.elementor-widget-heading .elementor-heading-title.elementor-size-medium{font-size:19px}.elementor-widget-heading .elementor-heading-title.elementor-size-large{font-size:29px}.elementor-widget-heading .elementor-heading-title.elementor-size-xl{font-size:39px}.elementor-widget-heading .elementor-heading-title.elementor-size-xxl{font-size:59px}<\/style><h4 class=\"elementor-heading-title elementor-size-default\">BIOGRAFIA<\/h4>\t\t<\/div>\n\t\t\t\t<\/div>\n\t\t\t\t<div class=\"elementor-element elementor-element-2a21bd1 elementor-widget elementor-widget-text-editor\" data-id=\"2a21bd1\" data-element_type=\"widget\" data-widget_type=\"text-editor.default\">\n\t\t\t\t<div class=\"elementor-widget-container\">\n\t\t\t\t\t\t\t<p><span style=\"color: rgb(34, 34, 34); font-family: Arial, Helvetica, sans-serif; font-size: small; text-align: start;\">Rafael Henrique Rodrigues, 31 anos, nasceu em Itajub\u00e1 (MG). \u00c9 professor e pesquisador, formado em Filosofia pela Faculdade Cat\u00f3lica de Pouso Alegre e Mestre em Educa\u00e7\u00e3o pela Universidade do Vale do Sapuca\u00ed (UNIV\u00c1S).<\/span><br style=\"color: rgb(34, 34, 34); font-family: Arial, Helvetica, sans-serif; font-size: small; text-align: start;\"><br style=\"color: rgb(34, 34, 34); font-family: Arial, Helvetica, sans-serif; font-size: small; text-align: start;\"><span style=\"color: rgb(34, 34, 34); font-family: Arial, Helvetica, sans-serif; font-size: small; text-align: start;\">Conservador e crist\u00e3o, Rafael atua na vida p\u00fablica com firme defesa dos valores fundamentais que sempre nortearam sua trajet\u00f3ria: a prote\u00e7\u00e3o da vida, o fortalecimento da fam\u00edlia e o respeito \u00e0 liberdade econ\u00f4mica. \u00c9 coordenador municipal do movimento Direita Minas e mant\u00e9m forte articula\u00e7\u00e3o com lideran\u00e7as estaduais e nacionais, como o Deputado Estadual Bruno Engler e o Deputado Federal Nikolas Ferreira, que reconhecem sua representatividade em Itajub\u00e1 e no Sul de Minas.<\/span><br style=\"color: rgb(34, 34, 34); font-family: Arial, Helvetica, sans-serif; font-size: small; text-align: start;\"><br style=\"color: rgb(34, 34, 34); font-family: Arial, Helvetica, sans-serif; font-size: small; text-align: start;\"><span style=\"color: rgb(34, 34, 34); font-family: Arial, Helvetica, sans-serif; font-size: small; text-align: start;\">Comprometido com a forma\u00e7\u00e3o cultural e intelectual da sociedade, criou em 2022, ao lado de outros professores, o CAF \u2013 Curso de Atualidade e Filosofia, oferecendo aulas gratuitas de Ci\u00eancias Humanas e Sociais. Tamb\u00e9m participa da organiza\u00e7\u00e3o de importantes eventos, como o Semin\u00e1rio Educa\u00e7\u00e3o &amp; Fam\u00edlia (2022) e o CCSM \u2013 Congresso Conservador de Minas Gerais (2024).<\/span><br style=\"color: rgb(34, 34, 34); font-family: Arial, Helvetica, sans-serif; font-size: small; text-align: start;\"><br style=\"color: rgb(34, 34, 34); font-family: Arial, Helvetica, sans-serif; font-size: small; text-align: start;\"><span style=\"color: rgb(34, 34, 34); font-family: Arial, Helvetica, sans-serif; font-size: small; text-align: start;\">Rafael iniciou sua vida p\u00fablica nas Elei\u00e7\u00f5es Municipais de 2020, sendo eleito vereador com 838 votos. Em 2024, foi reeleito com expressivos 1.980 votos, consolidando seu trabalho e ampliando sua base de apoio. Sua atua\u00e7\u00e3o \u00e9 guiada pelo compromisso com Itajub\u00e1, pela proximidade com a popula\u00e7\u00e3o, pelo respeito ao imposto pago pelo trabalhador e pela defesa intransigente da transpar\u00eancia.<\/span><br style=\"color: rgb(34, 34, 34); font-family: Arial, Helvetica, sans-serif; font-size: small; text-align: start;\"><br style=\"color: rgb(34, 34, 34); font-family: Arial, Helvetica, sans-serif; font-size: small; text-align: start;\"><span style=\"color: rgb(34, 34, 34); font-family: Arial, Helvetica, sans-serif; font-size: small; text-align: start;\">Na C\u00e2mara Municipal de Itajub\u00e1, \u00e9 L\u00edder do Partido Liberal (PL) e, para o bi\u00eanio 2025\u20132026, exerce as seguintes fun\u00e7\u00f5es:<\/span><br style=\"color: rgb(34, 34, 34); font-family: Arial, Helvetica, sans-serif; font-size: small; text-align: start;\"><span style=\"color: rgb(34, 34, 34); font-family: Arial, Helvetica, sans-serif; font-size: small; text-align: start;\">&#8211; Presidente da Comiss\u00e3o Permanente de Desenvolvimento Econ\u00f4mico;<\/span><br style=\"color: rgb(34, 34, 34); font-family: Arial, Helvetica, sans-serif; font-size: small; text-align: start;\"><span style=\"color: rgb(34, 34, 34); font-family: Arial, Helvetica, sans-serif; font-size: small; text-align: start;\">&#8211; Relator da Comiss\u00e3o Permanente de Cultura, Lazer e Turismo;<\/span><br style=\"color: rgb(34, 34, 34); font-family: Arial, Helvetica, sans-serif; font-size: small; text-align: start;\"><span style=\"color: rgb(34, 34, 34); font-family: Arial, Helvetica, sans-serif; font-size: small; text-align: start;\">&#8211; Vogal da Comiss\u00e3o Permanente de Educa\u00e7\u00e3o e Esportes;<\/span><br style=\"color: rgb(34, 34, 34); font-family: Arial, Helvetica, sans-serif; font-size: small; text-align: start;\"><span style=\"color: rgb(34, 34, 34); font-family: Arial, Helvetica, sans-serif; font-size: small; text-align: start;\">&#8211; Suplente da Comiss\u00e3o Permanente de Desenvolvimento Social e Sa\u00fade.<\/span><br style=\"color: rgb(34, 34, 34); font-family: Arial, Helvetica, sans-serif; font-size: small; text-align: start;\"><br style=\"color: rgb(34, 34, 34); font-family: Arial, Helvetica, sans-serif; font-size: small; text-align: start;\"><span style=\"color: rgb(34, 34, 34); font-family: Arial, Helvetica, sans-serif; font-size: small; text-align: start;\">Sob a prote\u00e7\u00e3o de Deus e com profundo amor por sua cidade, Rafael acredita que transformar Itajub\u00e1 \u00e9 poss\u00edvel \u2014 e \u00e9 responsabilidade de todos n\u00f3s.<\/span><br style=\"color: rgb(34, 34, 34); font-family: Arial, Helvetica, sans-serif; font-size: small; text-align: start;\"><br style=\"color: rgb(34, 34, 34); font-family: Arial, Helvetica, sans-serif; font-size: small; text-align: start;\"><span style=\"color: rgb(34, 34, 34); font-family: Arial, Helvetica, sans-serif; font-size: small; text-align: start;\">Acompanhe seu trabalho pelas redes sociais: @<\/span><a href=\"http:\/\/rafaelrodrigues.dm\/\" target=\"_blank\" data-saferedirecturl=\"https:\/\/www.google.com\/url?q=http:\/\/rafaelrodrigues.dm&amp;source=gmail&amp;ust=1765307398252000&amp;usg=AOvVaw3espbaluntB0ntKcCd76CR\" style=\"color: rgb(17, 85, 204); font-family: Arial, Helvetica, sans-serif; font-size: small; text-align: start; background-color: rgb(255, 255, 255);\">rafaelrodrigues.dm<\/a><\/p>\t\t\t\t\t\t<\/div>\n\t\t\t\t<\/div>\n\t\t\t\t\t<\/div>\n\t\t<\/div>\n\t\t\t\t\t\t\t<\/div>\n\t\t<\/section>\n\t\t\t\t<section class=\"elementor-section elementor-top-section elementor-element elementor-element-690a8c30 elementor-section-boxed elementor-section-height-default elementor-section-height-default\" data-id=\"690a8c30\" data-element_type=\"section\">\n\t\t\t\t\t\t<div class=\"elementor-container elementor-column-gap-default\">\n\t\t\t\t\t<div class=\"elementor-column elementor-col-100 elementor-top-column elementor-element elementor-element-790c90f9\" data-id=\"790c90f9\" data-element_type=\"column\">\n\t\t\t<div class=\"elementor-widget-wrap elementor-element-populated\">\n\t\t\t\t\t\t\t\t<div class=\"elementor-element elementor-element-3eb77824 elementor-widget elementor-widget-spacer\" data-id=\"3eb77824\" data-element_type=\"widget\" data-widget_type=\"spacer.default\">\n\t\t\t\t<div class=\"elementor-widget-container\">\n\t\t\t<style>\/*! elementor - v3.16.0 - 13-09-2023 *\/\n.elementor-column .elementor-spacer-inner{height:var(--spacer-size)}.e-con{--container-widget-width:100%}.e-con-inner>.elementor-widget-spacer,.e-con>.elementor-widget-spacer{width:var(--container-widget-width,var(--spacer-size));--align-self:var(--container-widget-align-self,initial);--flex-shrink:0}.e-con-inner>.elementor-widget-spacer>.elementor-widget-container,.e-con>.elementor-widget-spacer>.elementor-widget-container{height:100%;width:100%}.e-con-inner>.elementor-widget-spacer>.elementor-widget-container>.elementor-spacer,.e-con>.elementor-widget-spacer>.elementor-widget-container>.elementor-spacer{height:100%}.e-con-inner>.elementor-widget-spacer>.elementor-widget-container>.elementor-spacer>.elementor-spacer-inner,.e-con>.elementor-widget-spacer>.elementor-widget-container>.elementor-spacer>.elementor-spacer-inner{height:var(--container-widget-height,var(--spacer-size))}.e-con-inner>.elementor-widget-spacer.elementor-widget-empty,.e-con>.elementor-widget-spacer.elementor-widget-empty{position:relative;min-height:22px;min-width:22px}.e-con-inner>.elementor-widget-spacer.elementor-widget-empty .elementor-widget-empty-icon,.e-con>.elementor-widget-spacer.elementor-widget-empty .elementor-widget-empty-icon{position:absolute;top:0;bottom:0;left:0;right:0;margin:auto;padding:0;width:22px;height:22px}<\/style>\t\t<div class=\"elementor-spacer\">\n\t\t\t<div class=\"elementor-spacer-inner\"><\/div>\n\t\t<\/div>\n\t\t\t\t<\/div>\n\t\t\t\t<\/div>\n\t\t\t\t\t<\/div>\n\t\t<\/div>\n\t\t\t\t\t\t\t<\/div>\n\t\t<\/section>\n\t\t\t\t\t\t\t<\/div>\n\t\t","protected":false},"excerpt":{"rendered":"<p>Nome Completo: Rafael Henrique RodriguesPartido Pol\u00edtico: PLTelefone: (35) 3629-6417Facebook: https:\/\/www.facebook.com\/rafael.rodrigues.71404Instagram: https:\/\/www.instagram.com\/rafaelrodrigues.dm\/E-mail: rafaelrodrigues@itajuba.cam.mg.gov.br Produ\u00e7\u00e3o Legislativa do Vereador BIOGRAFIA Rafael Henrique Rodrigues, 31 anos, nasceu em Itajub\u00e1 (MG). \u00c9 professor e pesquisador, formado em Filosofia pela Faculdade Cat\u00f3lica de Pouso Alegre e Mestre em Educa\u00e7\u00e3o pela Universidade do Vale do Sapuca\u00ed (UNIV\u00c1S).Conservador e crist\u00e3o, Rafael atua na [&hellip;]<\/p>\n","protected":false},"author":1,"featured_media":0,"parent":0,"menu_order":0,"comment_status":"closed","ping_status":"closed","template":"","meta":{"footnotes":""},"class_list":["post-5384","page","type-page","status-publish","hentry"],"yoast_head":"<!-- This site is optimized with the Yoast SEO plugin v21.0 - https:\/\/yoast.com\/wordpress\/plugins\/seo\/ -->\n<title>Rafael Rodrigues - C\u00e2mara Municipal de Itajub\u00e1<\/title>\n<meta name=\"robots\" content=\"index, follow, max-snippet:-1, max-image-preview:large, max-video-preview:-1\" \/>\n<link rel=\"canonical\" href=\"https:\/\/itajuba.cam.mg.gov.br\/site\/rafael-rodrigues\/\" \/>\n<meta property=\"og:locale\" content=\"pt_BR\" \/>\n<meta property=\"og:type\" content=\"article\" \/>\n<meta property=\"og:title\" content=\"Rafael Rodrigues - C\u00e2mara Municipal de Itajub\u00e1\" \/>\n<meta property=\"og:description\" content=\"Nome Completo: Rafael Henrique RodriguesPartido Pol\u00edtico: PLTelefone: (35) 3629-6417Facebook: https:\/\/www.facebook.com\/rafael.rodrigues.71404Instagram: https:\/\/www.instagram.com\/rafaelrodrigues.dm\/E-mail: rafaelrodrigues@itajuba.cam.mg.gov.br Produ\u00e7\u00e3o Legislativa do Vereador BIOGRAFIA Rafael Henrique Rodrigues, 31 anos, nasceu em Itajub\u00e1 (MG). \u00c9 professor e pesquisador, formado em Filosofia pela Faculdade Cat\u00f3lica de Pouso Alegre e Mestre em Educa\u00e7\u00e3o pela Universidade do Vale do Sapuca\u00ed (UNIV\u00c1S).Conservador e crist\u00e3o, Rafael atua na [&hellip;]\" \/>\n<meta property=\"og:url\" content=\"https:\/\/itajuba.cam.mg.gov.br\/site\/rafael-rodrigues\/\" \/>\n<meta property=\"og:site_name\" content=\"C\u00e2mara Municipal de Itajub\u00e1\" \/>\n<meta property=\"article:publisher\" content=\"https:\/\/www.facebook.com\/camaradeitajubaoficial\" \/>\n<meta property=\"article:modified_time\" content=\"2025-12-08T19:17:30+00:00\" \/>\n<meta property=\"og:image\" content=\"https:\/\/itajuba.cam.mg.gov.br\/site\/wp-content\/uploads\/2023\/10\/Rafael-Custom.png\" \/>\n<meta name=\"twitter:card\" content=\"summary_large_image\" \/>\n<meta name=\"twitter:label1\" content=\"Est. tempo de leitura\" \/>\n\t<meta name=\"twitter:data1\" content=\"3 minutos\" \/>\n<script type=\"application\/ld+json\" class=\"yoast-schema-graph\">{\"@context\":\"https:\/\/schema.org\",\"@graph\":[{\"@type\":\"WebPage\",\"@id\":\"https:\/\/itajuba.cam.mg.gov.br\/site\/rafael-rodrigues\/\",\"url\":\"https:\/\/itajuba.cam.mg.gov.br\/site\/rafael-rodrigues\/\",\"name\":\"Rafael Rodrigues - C\u00e2mara Municipal de Itajub\u00e1\",\"isPartOf\":{\"@id\":\"https:\/\/itajuba.cam.mg.gov.br\/site\/#website\"},\"datePublished\":\"2023-09-14T19:49:23+00:00\",\"dateModified\":\"2025-12-08T19:17:30+00:00\",\"breadcrumb\":{\"@id\":\"https:\/\/itajuba.cam.mg.gov.br\/site\/rafael-rodrigues\/#breadcrumb\"},\"inLanguage\":\"pt-BR\",\"potentialAction\":[{\"@type\":\"ReadAction\",\"target\":[\"https:\/\/itajuba.cam.mg.gov.br\/site\/rafael-rodrigues\/\"]}]},{\"@type\":\"BreadcrumbList\",\"@id\":\"https:\/\/itajuba.cam.mg.gov.br\/site\/rafael-rodrigues\/#breadcrumb\",\"itemListElement\":[{\"@type\":\"ListItem\",\"position\":1,\"name\":\"In\u00edcio\",\"item\":\"https:\/\/itajuba.cam.mg.gov.br\/site\/\"},{\"@type\":\"ListItem\",\"position\":2,\"name\":\"Rafael Rodrigues\"}]},{\"@type\":\"WebSite\",\"@id\":\"https:\/\/itajuba.cam.mg.gov.br\/site\/#website\",\"url\":\"https:\/\/itajuba.cam.mg.gov.br\/site\/\",\"name\":\"C\u00e2mara Municipal de Itajub\u00e1\",\"description\":\"Efici\u00eancia e Transpar\u00eancia\",\"publisher\":{\"@id\":\"https:\/\/itajuba.cam.mg.gov.br\/site\/#organization\"},\"potentialAction\":[{\"@type\":\"SearchAction\",\"target\":{\"@type\":\"EntryPoint\",\"urlTemplate\":\"https:\/\/itajuba.cam.mg.gov.br\/site\/?s={search_term_string}\"},\"query-input\":\"required name=search_term_string\"}],\"inLanguage\":\"pt-BR\"},{\"@type\":\"Organization\",\"@id\":\"https:\/\/itajuba.cam.mg.gov.br\/site\/#organization\",\"name\":\"C\u00e2mara Municipal de Itajub\u00e1\",\"url\":\"https:\/\/itajuba.cam.mg.gov.br\/site\/\",\"logo\":{\"@type\":\"ImageObject\",\"inLanguage\":\"pt-BR\",\"@id\":\"https:\/\/itajuba.cam.mg.gov.br\/site\/#\/schema\/logo\/image\/\",\"url\":\"https:\/\/itajuba.cam.mg.gov.br\/site\/wp-content\/uploads\/2023\/09\/logo_camara_2024.png\",\"contentUrl\":\"https:\/\/itajuba.cam.mg.gov.br\/site\/wp-content\/uploads\/2023\/09\/logo_camara_2024.png\",\"width\":1000,\"height\":385,\"caption\":\"C\u00e2mara Municipal de Itajub\u00e1\"},\"image\":{\"@id\":\"https:\/\/itajuba.cam.mg.gov.br\/site\/#\/schema\/logo\/image\/\"},\"sameAs\":[\"https:\/\/www.facebook.com\/camaradeitajubaoficial\",\"https:\/\/www.instagram.com\/camaradeitajubaoficial\/\",\"https:\/\/www.youtube.com\/user\/TVCAMARAITAJUBA\"]}]}<\/script>\n<!-- \/ Yoast SEO plugin. -->","yoast_head_json":{"title":"Rafael Rodrigues - C\u00e2mara Municipal de Itajub\u00e1","robots":{"index":"index","follow":"follow","max-snippet":"max-snippet:-1","max-image-preview":"max-image-preview:large","max-video-preview":"max-video-preview:-1"},"canonical":"https:\/\/itajuba.cam.mg.gov.br\/site\/rafael-rodrigues\/","og_locale":"pt_BR","og_type":"article","og_title":"Rafael Rodrigues - C\u00e2mara Municipal de Itajub\u00e1","og_description":"Nome Completo: Rafael Henrique RodriguesPartido Pol\u00edtico: PLTelefone: (35) 3629-6417Facebook: https:\/\/www.facebook.com\/rafael.rodrigues.71404Instagram: https:\/\/www.instagram.com\/rafaelrodrigues.dm\/E-mail: rafaelrodrigues@itajuba.cam.mg.gov.br Produ\u00e7\u00e3o Legislativa do Vereador BIOGRAFIA Rafael Henrique Rodrigues, 31 anos, nasceu em Itajub\u00e1 (MG). \u00c9 professor e pesquisador, formado em Filosofia pela Faculdade Cat\u00f3lica de Pouso Alegre e Mestre em Educa\u00e7\u00e3o pela Universidade do Vale do Sapuca\u00ed (UNIV\u00c1S).Conservador e crist\u00e3o, Rafael atua na [&hellip;]","og_url":"https:\/\/itajuba.cam.mg.gov.br\/site\/rafael-rodrigues\/","og_site_name":"C\u00e2mara Municipal de Itajub\u00e1","article_publisher":"https:\/\/www.facebook.com\/camaradeitajubaoficial","article_modified_time":"2025-12-08T19:17:30+00:00","og_image":[{"url":"https:\/\/itajuba.cam.mg.gov.br\/site\/wp-content\/uploads\/2023\/10\/Rafael-Custom.png"}],"twitter_card":"summary_large_image","twitter_misc":{"Est. tempo de leitura":"3 minutos"},"schema":{"@context":"https:\/\/schema.org","@graph":[{"@type":"WebPage","@id":"https:\/\/itajuba.cam.mg.gov.br\/site\/rafael-rodrigues\/","url":"https:\/\/itajuba.cam.mg.gov.br\/site\/rafael-rodrigues\/","name":"Rafael Rodrigues - C\u00e2mara Municipal de Itajub\u00e1","isPartOf":{"@id":"https:\/\/itajuba.cam.mg.gov.br\/site\/#website"},"datePublished":"2023-09-14T19:49:23+00:00","dateModified":"2025-12-08T19:17:30+00:00","breadcrumb":{"@id":"https:\/\/itajuba.cam.mg.gov.br\/site\/rafael-rodrigues\/#breadcrumb"},"inLanguage":"pt-BR","potentialAction":[{"@type":"ReadAction","target":["https:\/\/itajuba.cam.mg.gov.br\/site\/rafael-rodrigues\/"]}]},{"@type":"BreadcrumbList","@id":"https:\/\/itajuba.cam.mg.gov.br\/site\/rafael-rodrigues\/#breadcrumb","itemListElement":[{"@type":"ListItem","position":1,"name":"In\u00edcio","item":"https:\/\/itajuba.cam.mg.gov.br\/site\/"},{"@type":"ListItem","position":2,"name":"Rafael Rodrigues"}]},{"@type":"WebSite","@id":"https:\/\/itajuba.cam.mg.gov.br\/site\/#website","url":"https:\/\/itajuba.cam.mg.gov.br\/site\/","name":"C\u00e2mara Municipal de Itajub\u00e1","description":"Efici\u00eancia e Transpar\u00eancia","publisher":{"@id":"https:\/\/itajuba.cam.mg.gov.br\/site\/#organization"},"potentialAction":[{"@type":"SearchAction","target":{"@type":"EntryPoint","urlTemplate":"https:\/\/itajuba.cam.mg.gov.br\/site\/?s={search_term_string}"},"query-input":"required name=search_term_string"}],"inLanguage":"pt-BR"},{"@type":"Organization","@id":"https:\/\/itajuba.cam.mg.gov.br\/site\/#organization","name":"C\u00e2mara Municipal de Itajub\u00e1","url":"https:\/\/itajuba.cam.mg.gov.br\/site\/","logo":{"@type":"ImageObject","inLanguage":"pt-BR","@id":"https:\/\/itajuba.cam.mg.gov.br\/site\/#\/schema\/logo\/image\/","url":"https:\/\/itajuba.cam.mg.gov.br\/site\/wp-content\/uploads\/2023\/09\/logo_camara_2024.png","contentUrl":"https:\/\/itajuba.cam.mg.gov.br\/site\/wp-content\/uploads\/2023\/09\/logo_camara_2024.png","width":1000,"height":385,"caption":"C\u00e2mara Municipal de Itajub\u00e1"},"image":{"@id":"https:\/\/itajuba.cam.mg.gov.br\/site\/#\/schema\/logo\/image\/"},"sameAs":["https:\/\/www.facebook.com\/camaradeitajubaoficial","https:\/\/www.instagram.com\/camaradeitajubaoficial\/","https:\/\/www.youtube.com\/user\/TVCAMARAITAJUBA"]}]}},"_links":{"self":[{"href":"https:\/\/itajuba.cam.mg.gov.br\/site\/wp-json\/wp\/v2\/pages\/5384","targetHints":{"allow":["GET"]}}],"collection":[{"href":"https:\/\/itajuba.cam.mg.gov.br\/site\/wp-json\/wp\/v2\/pages"}],"about":[{"href":"https:\/\/itajuba.cam.mg.gov.br\/site\/wp-json\/wp\/v2\/types\/page"}],"author":[{"embeddable":true,"href":"https:\/\/itajuba.cam.mg.gov.br\/site\/wp-json\/wp\/v2\/users\/1"}],"replies":[{"embeddable":true,"href":"https:\/\/itajuba.cam.mg.gov.br\/site\/wp-json\/wp\/v2\/comments?post=5384"}],"version-history":[{"count":40,"href":"https:\/\/itajuba.cam.mg.gov.br\/site\/wp-json\/wp\/v2\/pages\/5384\/revisions"}],"predecessor-version":[{"id":17112,"href":"https:\/\/itajuba.cam.mg.gov.br\/site\/wp-json\/wp\/v2\/pages\/5384\/revisions\/17112"}],"wp:attachment":[{"href":"https:\/\/itajuba.cam.mg.gov.br\/site\/wp-json\/wp\/v2\/media?parent=5384"}],"curies":[{"name":"wp","href":"https:\/\/api.w.org\/{rel}","templated":true}]}}