{"id":6514,"date":"2023-10-08T21:38:38","date_gmt":"2023-10-08T21:38:38","guid":{"rendered":"https:\/\/itajuba.cam.mg.gov.br\/site\/?page_id=6514"},"modified":"2023-10-08T21:40:17","modified_gmt":"2023-10-08T21:40:17","slug":"antonio-renno-pereira","status":"publish","type":"page","link":"https:\/\/itajuba.cam.mg.gov.br\/site\/antonio-renno-pereira\/","title":{"rendered":"Antonio Renn\u00f3 Pereira"},"content":{"rendered":"\t\t<div data-elementor-type=\"wp-page\" data-elementor-id=\"6514\" class=\"elementor elementor-6514\" data-elementor-post-type=\"page\">\n\t\t\t\t\t\t\t\t\t<section class=\"elementor-section elementor-top-section elementor-element elementor-element-4a6b4a8 elementor-section-boxed elementor-section-height-default elementor-section-height-default\" data-id=\"4a6b4a8\" data-element_type=\"section\">\n\t\t\t\t\t\t<div class=\"elementor-container elementor-column-gap-default\">\n\t\t\t\t\t<div class=\"elementor-column elementor-col-100 elementor-top-column elementor-element elementor-element-f705df7\" data-id=\"f705df7\" data-element_type=\"column\">\n\t\t\t<div class=\"elementor-widget-wrap elementor-element-populated\">\n\t\t\t\t\t\t\t\t<div class=\"elementor-element elementor-element-e65f4ee elementor-widget elementor-widget-image\" data-id=\"e65f4ee\" data-element_type=\"widget\" data-widget_type=\"image.default\">\n\t\t\t\t<div class=\"elementor-widget-container\">\n\t\t\t<style>\/*! elementor - v3.16.0 - 13-09-2023 *\/\n.elementor-widget-image{text-align:center}.elementor-widget-image a{display:inline-block}.elementor-widget-image a img[src$=\".svg\"]{width:48px}.elementor-widget-image img{vertical-align:middle;display:inline-block}<\/style>\t\t\t\t\t\t\t\t\t\t\t\t<img loading=\"lazy\" decoding=\"async\" width=\"226\" height=\"300\" src=\"https:\/\/itajuba.cam.mg.gov.br\/site\/wp-content\/uploads\/2023\/10\/5-ANTONIO-RENO-PEREIRA-1955-1956-226x300.jpg\" class=\"attachment-medium size-medium wp-image-6489\" alt=\"\" srcset=\"https:\/\/itajuba.cam.mg.gov.br\/site\/wp-content\/uploads\/2023\/10\/5-ANTONIO-RENO-PEREIRA-1955-1956-226x300.jpg 226w, https:\/\/itajuba.cam.mg.gov.br\/site\/wp-content\/uploads\/2023\/10\/5-ANTONIO-RENO-PEREIRA-1955-1956.jpg 549w\" sizes=\"auto, (max-width: 226px) 100vw, 226px\" \/>\t\t\t\t\t\t\t\t\t\t\t\t\t\t\t<\/div>\n\t\t\t\t<\/div>\n\t\t\t\t<div class=\"elementor-element elementor-element-1fa119b elementor-widget elementor-widget-text-editor\" data-id=\"1fa119b\" data-element_type=\"widget\" data-widget_type=\"text-editor.default\">\n\t\t\t\t<div class=\"elementor-widget-container\">\n\t\t\t<style>\/*! elementor - v3.16.0 - 13-09-2023 *\/\n.elementor-widget-text-editor.elementor-drop-cap-view-stacked .elementor-drop-cap{background-color:#69727d;color:#fff}.elementor-widget-text-editor.elementor-drop-cap-view-framed .elementor-drop-cap{color:#69727d;border:3px solid;background-color:transparent}.elementor-widget-text-editor:not(.elementor-drop-cap-view-default) .elementor-drop-cap{margin-top:8px}.elementor-widget-text-editor:not(.elementor-drop-cap-view-default) .elementor-drop-cap-letter{width:1em;height:1em}.elementor-widget-text-editor .elementor-drop-cap{float:left;text-align:center;line-height:1;font-size:50px}.elementor-widget-text-editor .elementor-drop-cap-letter{display:inline-block}<\/style>\t\t\t\t<p>Aclamado cidad\u00e3o itajubense, conhecido tamb\u00e9m como \u201cTota\u201d, Ant\u00f4nio Renn\u00f3 Pereira nasceu na casa em que residiu o Padre Louren\u00e7o, o fundador de Itajub\u00e1, localizada no in\u00edcio da Rua Miguel Braga. O lugar havia sido a casa-grande da fazenda da \u00c1gua Preta, que se estendia at\u00e9 ali, onde \u00e9 hoje a Pra\u00e7a Pereira dos Santos. No campo profissional, foi inicialmente ferrovi\u00e1rio, atuando como telegrafista e agente da esta\u00e7\u00e3o de Itajub\u00e1. Exerceu, em seguida, o cargo de Coletor Estadual, at\u00e9 aposentar-se.<\/p><p>Foi casado com D. Amab\u00edlia Carlini Renn\u00f3 Pereira, filha de C\u00e9sar Carlini. D. Amab\u00edlia era prima de 1\u00ba grau de Santa Maria Goretti, a m\u00e1rtir de Corinaldo, It\u00e1lia, j\u00e1 canonizada pela Igreja Cat\u00f3lica.<\/p><p>Ant\u00f4nio Renn\u00f3 Pereira adentrou na vida pol\u00edtica com diversos desafios. Vereador eleito para o quadri\u00eanio 1955-1958, durante o qual se tomou o Presidente da C\u00e2mara Municipal logo no in\u00edcio do mandato.<\/p><p>Com o afastamento do Prefeito Dr. Luiz Goulart de Azevedo, e a ren\u00fancia do Vice-Prefeito, Dr. Gaspar Lisboa, o honrado Tota assumiu a Prefeitura em 25-04-1956, atuando como Prefeito at\u00e9 1957.<\/p><p>&lt;https:\/\/www.oguiadeitajuba.com.br\/Personalidades\/Pers_A\/Antonio-Jose-Renno.php&gt;, acessado em 29\/05\/2023, \u00e0s 12:53.GUIMAR\u00c3ES, Armelim.\u00a0<em>Hist\u00f3ria de Itajub\u00e1<\/em>. Belo Horizonte: Imprensa Oficial, 1987.<\/p>\t\t\t\t\t\t<\/div>\n\t\t\t\t<\/div>\n\t\t\t\t<div class=\"elementor-element elementor-element-d07b36e elementor-widget elementor-widget-global elementor-global-6501 elementor-widget-button\" data-id=\"d07b36e\" data-element_type=\"widget\" data-widget_type=\"button.default\">\n\t\t\t\t<div class=\"elementor-widget-container\">\n\t\t\t\t\t<div class=\"elementor-button-wrapper\">\n\t\t\t<a class=\"elementor-button elementor-button-link elementor-size-sm elementor-animation-shrink\" href=\"https:\/\/itajuba.cam.mg.gov.br\/site\/presidentes\/\">\n\t\t\t\t\t\t<span class=\"elementor-button-content-wrapper\">\n\t\t\t\t\t\t<span class=\"elementor-button-text\">Retornar<\/span>\n\t\t<\/span>\n\t\t\t\t\t<\/a>\n\t\t<\/div>\n\t\t\t\t<\/div>\n\t\t\t\t<\/div>\n\t\t\t\t\t<\/div>\n\t\t<\/div>\n\t\t\t\t\t\t\t<\/div>\n\t\t<\/section>\n\t\t\t\t\t\t\t<\/div>\n\t\t","protected":false},"excerpt":{"rendered":"<p>Aclamado cidad\u00e3o itajubense, conhecido tamb\u00e9m como \u201cTota\u201d, Ant\u00f4nio Renn\u00f3 Pereira nasceu na casa em que residiu o Padre Louren\u00e7o, o fundador de Itajub\u00e1, localizada no in\u00edcio da Rua Miguel Braga. O lugar havia sido a casa-grande da fazenda da \u00c1gua Preta, que se estendia at\u00e9 ali, onde \u00e9 hoje a Pra\u00e7a Pereira dos Santos. No [&hellip;]<\/p>\n","protected":false},"author":1,"featured_media":0,"parent":0,"menu_order":0,"comment_status":"closed","ping_status":"closed","template":"","meta":{"footnotes":""},"class_list":["post-6514","page","type-page","status-publish","hentry"],"yoast_head":"<!-- This site is optimized with the Yoast SEO plugin v21.0 - https:\/\/yoast.com\/wordpress\/plugins\/seo\/ -->\n<title>Antonio Renn\u00f3 Pereira - C\u00e2mara Municipal de Itajub\u00e1<\/title>\n<meta name=\"robots\" content=\"index, follow, max-snippet:-1, max-image-preview:large, max-video-preview:-1\" \/>\n<link rel=\"canonical\" href=\"https:\/\/itajuba.cam.mg.gov.br\/site\/antonio-renno-pereira\/\" \/>\n<meta property=\"og:locale\" content=\"pt_BR\" \/>\n<meta property=\"og:type\" content=\"article\" \/>\n<meta property=\"og:title\" content=\"Antonio Renn\u00f3 Pereira - C\u00e2mara Municipal de Itajub\u00e1\" \/>\n<meta property=\"og:description\" content=\"Aclamado cidad\u00e3o itajubense, conhecido tamb\u00e9m como \u201cTota\u201d, Ant\u00f4nio Renn\u00f3 Pereira nasceu na casa em que residiu o Padre Louren\u00e7o, o fundador de Itajub\u00e1, localizada no in\u00edcio da Rua Miguel Braga. O lugar havia sido a casa-grande da fazenda da \u00c1gua Preta, que se estendia at\u00e9 ali, onde \u00e9 hoje a Pra\u00e7a Pereira dos Santos. No [&hellip;]\" \/>\n<meta property=\"og:url\" content=\"https:\/\/itajuba.cam.mg.gov.br\/site\/antonio-renno-pereira\/\" \/>\n<meta property=\"og:site_name\" content=\"C\u00e2mara Municipal de Itajub\u00e1\" \/>\n<meta property=\"article:publisher\" content=\"https:\/\/www.facebook.com\/camaradeitajubaoficial\" \/>\n<meta property=\"article:modified_time\" content=\"2023-10-08T21:40:17+00:00\" \/>\n<meta property=\"og:image\" content=\"https:\/\/itajuba.cam.mg.gov.br\/site\/wp-content\/uploads\/2023\/10\/5-ANTONIO-RENO-PEREIRA-1955-1956-226x300.jpg\" \/>\n<meta name=\"twitter:card\" content=\"summary_large_image\" \/>\n<meta name=\"twitter:label1\" content=\"Est. tempo de leitura\" \/>\n\t<meta name=\"twitter:data1\" content=\"2 minutos\" \/>\n<script type=\"application\/ld+json\" class=\"yoast-schema-graph\">{\"@context\":\"https:\/\/schema.org\",\"@graph\":[{\"@type\":\"WebPage\",\"@id\":\"https:\/\/itajuba.cam.mg.gov.br\/site\/antonio-renno-pereira\/\",\"url\":\"https:\/\/itajuba.cam.mg.gov.br\/site\/antonio-renno-pereira\/\",\"name\":\"Antonio Renn\u00f3 Pereira - C\u00e2mara Municipal de Itajub\u00e1\",\"isPartOf\":{\"@id\":\"https:\/\/itajuba.cam.mg.gov.br\/site\/#website\"},\"datePublished\":\"2023-10-08T21:38:38+00:00\",\"dateModified\":\"2023-10-08T21:40:17+00:00\",\"breadcrumb\":{\"@id\":\"https:\/\/itajuba.cam.mg.gov.br\/site\/antonio-renno-pereira\/#breadcrumb\"},\"inLanguage\":\"pt-BR\",\"potentialAction\":[{\"@type\":\"ReadAction\",\"target\":[\"https:\/\/itajuba.cam.mg.gov.br\/site\/antonio-renno-pereira\/\"]}]},{\"@type\":\"BreadcrumbList\",\"@id\":\"https:\/\/itajuba.cam.mg.gov.br\/site\/antonio-renno-pereira\/#breadcrumb\",\"itemListElement\":[{\"@type\":\"ListItem\",\"position\":1,\"name\":\"In\u00edcio\",\"item\":\"https:\/\/itajuba.cam.mg.gov.br\/site\/\"},{\"@type\":\"ListItem\",\"position\":2,\"name\":\"Antonio Renn\u00f3 Pereira\"}]},{\"@type\":\"WebSite\",\"@id\":\"https:\/\/itajuba.cam.mg.gov.br\/site\/#website\",\"url\":\"https:\/\/itajuba.cam.mg.gov.br\/site\/\",\"name\":\"C\u00e2mara Municipal de Itajub\u00e1\",\"description\":\"Efici\u00eancia e Transpar\u00eancia\",\"publisher\":{\"@id\":\"https:\/\/itajuba.cam.mg.gov.br\/site\/#organization\"},\"potentialAction\":[{\"@type\":\"SearchAction\",\"target\":{\"@type\":\"EntryPoint\",\"urlTemplate\":\"https:\/\/itajuba.cam.mg.gov.br\/site\/?s={search_term_string}\"},\"query-input\":\"required name=search_term_string\"}],\"inLanguage\":\"pt-BR\"},{\"@type\":\"Organization\",\"@id\":\"https:\/\/itajuba.cam.mg.gov.br\/site\/#organization\",\"name\":\"C\u00e2mara Municipal de Itajub\u00e1\",\"url\":\"https:\/\/itajuba.cam.mg.gov.br\/site\/\",\"logo\":{\"@type\":\"ImageObject\",\"inLanguage\":\"pt-BR\",\"@id\":\"https:\/\/itajuba.cam.mg.gov.br\/site\/#\/schema\/logo\/image\/\",\"url\":\"https:\/\/itajuba.cam.mg.gov.br\/site\/wp-content\/uploads\/2023\/09\/logo_camara_2024.png\",\"contentUrl\":\"https:\/\/itajuba.cam.mg.gov.br\/site\/wp-content\/uploads\/2023\/09\/logo_camara_2024.png\",\"width\":1000,\"height\":385,\"caption\":\"C\u00e2mara Municipal de Itajub\u00e1\"},\"image\":{\"@id\":\"https:\/\/itajuba.cam.mg.gov.br\/site\/#\/schema\/logo\/image\/\"},\"sameAs\":[\"https:\/\/www.facebook.com\/camaradeitajubaoficial\",\"https:\/\/www.instagram.com\/camaradeitajubaoficial\/\",\"https:\/\/www.youtube.com\/user\/TVCAMARAITAJUBA\"]}]}<\/script>\n<!-- \/ Yoast SEO plugin. -->","yoast_head_json":{"title":"Antonio Renn\u00f3 Pereira - C\u00e2mara Municipal de Itajub\u00e1","robots":{"index":"index","follow":"follow","max-snippet":"max-snippet:-1","max-image-preview":"max-image-preview:large","max-video-preview":"max-video-preview:-1"},"canonical":"https:\/\/itajuba.cam.mg.gov.br\/site\/antonio-renno-pereira\/","og_locale":"pt_BR","og_type":"article","og_title":"Antonio Renn\u00f3 Pereira - C\u00e2mara Municipal de Itajub\u00e1","og_description":"Aclamado cidad\u00e3o itajubense, conhecido tamb\u00e9m como \u201cTota\u201d, Ant\u00f4nio Renn\u00f3 Pereira nasceu na casa em que residiu o Padre Louren\u00e7o, o fundador de Itajub\u00e1, localizada no in\u00edcio da Rua Miguel Braga. O lugar havia sido a casa-grande da fazenda da \u00c1gua Preta, que se estendia at\u00e9 ali, onde \u00e9 hoje a Pra\u00e7a Pereira dos Santos. No [&hellip;]","og_url":"https:\/\/itajuba.cam.mg.gov.br\/site\/antonio-renno-pereira\/","og_site_name":"C\u00e2mara Municipal de Itajub\u00e1","article_publisher":"https:\/\/www.facebook.com\/camaradeitajubaoficial","article_modified_time":"2023-10-08T21:40:17+00:00","og_image":[{"url":"https:\/\/itajuba.cam.mg.gov.br\/site\/wp-content\/uploads\/2023\/10\/5-ANTONIO-RENO-PEREIRA-1955-1956-226x300.jpg"}],"twitter_card":"summary_large_image","twitter_misc":{"Est. tempo de leitura":"2 minutos"},"schema":{"@context":"https:\/\/schema.org","@graph":[{"@type":"WebPage","@id":"https:\/\/itajuba.cam.mg.gov.br\/site\/antonio-renno-pereira\/","url":"https:\/\/itajuba.cam.mg.gov.br\/site\/antonio-renno-pereira\/","name":"Antonio Renn\u00f3 Pereira - C\u00e2mara Municipal de Itajub\u00e1","isPartOf":{"@id":"https:\/\/itajuba.cam.mg.gov.br\/site\/#website"},"datePublished":"2023-10-08T21:38:38+00:00","dateModified":"2023-10-08T21:40:17+00:00","breadcrumb":{"@id":"https:\/\/itajuba.cam.mg.gov.br\/site\/antonio-renno-pereira\/#breadcrumb"},"inLanguage":"pt-BR","potentialAction":[{"@type":"ReadAction","target":["https:\/\/itajuba.cam.mg.gov.br\/site\/antonio-renno-pereira\/"]}]},{"@type":"BreadcrumbList","@id":"https:\/\/itajuba.cam.mg.gov.br\/site\/antonio-renno-pereira\/#breadcrumb","itemListElement":[{"@type":"ListItem","position":1,"name":"In\u00edcio","item":"https:\/\/itajuba.cam.mg.gov.br\/site\/"},{"@type":"ListItem","position":2,"name":"Antonio Renn\u00f3 Pereira"}]},{"@type":"WebSite","@id":"https:\/\/itajuba.cam.mg.gov.br\/site\/#website","url":"https:\/\/itajuba.cam.mg.gov.br\/site\/","name":"C\u00e2mara Municipal de Itajub\u00e1","description":"Efici\u00eancia e Transpar\u00eancia","publisher":{"@id":"https:\/\/itajuba.cam.mg.gov.br\/site\/#organization"},"potentialAction":[{"@type":"SearchAction","target":{"@type":"EntryPoint","urlTemplate":"https:\/\/itajuba.cam.mg.gov.br\/site\/?s={search_term_string}"},"query-input":"required name=search_term_string"}],"inLanguage":"pt-BR"},{"@type":"Organization","@id":"https:\/\/itajuba.cam.mg.gov.br\/site\/#organization","name":"C\u00e2mara Municipal de Itajub\u00e1","url":"https:\/\/itajuba.cam.mg.gov.br\/site\/","logo":{"@type":"ImageObject","inLanguage":"pt-BR","@id":"https:\/\/itajuba.cam.mg.gov.br\/site\/#\/schema\/logo\/image\/","url":"https:\/\/itajuba.cam.mg.gov.br\/site\/wp-content\/uploads\/2023\/09\/logo_camara_2024.png","contentUrl":"https:\/\/itajuba.cam.mg.gov.br\/site\/wp-content\/uploads\/2023\/09\/logo_camara_2024.png","width":1000,"height":385,"caption":"C\u00e2mara Municipal de Itajub\u00e1"},"image":{"@id":"https:\/\/itajuba.cam.mg.gov.br\/site\/#\/schema\/logo\/image\/"},"sameAs":["https:\/\/www.facebook.com\/camaradeitajubaoficial","https:\/\/www.instagram.com\/camaradeitajubaoficial\/","https:\/\/www.youtube.com\/user\/TVCAMARAITAJUBA"]}]}},"_links":{"self":[{"href":"https:\/\/itajuba.cam.mg.gov.br\/site\/wp-json\/wp\/v2\/pages\/6514","targetHints":{"allow":["GET"]}}],"collection":[{"href":"https:\/\/itajuba.cam.mg.gov.br\/site\/wp-json\/wp\/v2\/pages"}],"about":[{"href":"https:\/\/itajuba.cam.mg.gov.br\/site\/wp-json\/wp\/v2\/types\/page"}],"author":[{"embeddable":true,"href":"https:\/\/itajuba.cam.mg.gov.br\/site\/wp-json\/wp\/v2\/users\/1"}],"replies":[{"embeddable":true,"href":"https:\/\/itajuba.cam.mg.gov.br\/site\/wp-json\/wp\/v2\/comments?post=6514"}],"version-history":[{"count":4,"href":"https:\/\/itajuba.cam.mg.gov.br\/site\/wp-json\/wp\/v2\/pages\/6514\/revisions"}],"predecessor-version":[{"id":6518,"href":"https:\/\/itajuba.cam.mg.gov.br\/site\/wp-json\/wp\/v2\/pages\/6514\/revisions\/6518"}],"wp:attachment":[{"href":"https:\/\/itajuba.cam.mg.gov.br\/site\/wp-json\/wp\/v2\/media?parent=6514"}],"curies":[{"name":"wp","href":"https:\/\/api.w.org\/{rel}","templated":true}]}}