{"id":6519,"date":"2023-10-08T21:42:38","date_gmt":"2023-10-08T21:42:38","guid":{"rendered":"https:\/\/itajuba.cam.mg.gov.br\/site\/?page_id=6519"},"modified":"2023-10-08T21:43:57","modified_gmt":"2023-10-08T21:43:57","slug":"dr-vicente-sanches","status":"publish","type":"page","link":"https:\/\/itajuba.cam.mg.gov.br\/site\/dr-vicente-sanches\/","title":{"rendered":"Dr. Vicente Sanches"},"content":{"rendered":"\t\t<div data-elementor-type=\"wp-page\" data-elementor-id=\"6519\" class=\"elementor elementor-6519\" data-elementor-post-type=\"page\">\n\t\t\t\t\t\t\t\t\t<section class=\"elementor-section elementor-top-section elementor-element elementor-element-66458dd elementor-section-boxed elementor-section-height-default elementor-section-height-default\" data-id=\"66458dd\" data-element_type=\"section\">\n\t\t\t\t\t\t<div class=\"elementor-container elementor-column-gap-default\">\n\t\t\t\t\t<div class=\"elementor-column elementor-col-100 elementor-top-column elementor-element elementor-element-43afe72\" data-id=\"43afe72\" data-element_type=\"column\">\n\t\t\t<div class=\"elementor-widget-wrap elementor-element-populated\">\n\t\t\t\t\t\t\t\t<div class=\"elementor-element elementor-element-e7b4511 elementor-widget elementor-widget-image\" data-id=\"e7b4511\" data-element_type=\"widget\" data-widget_type=\"image.default\">\n\t\t\t\t<div class=\"elementor-widget-container\">\n\t\t\t<style>\/*! elementor - v3.16.0 - 13-09-2023 *\/\n.elementor-widget-image{text-align:center}.elementor-widget-image a{display:inline-block}.elementor-widget-image a img[src$=\".svg\"]{width:48px}.elementor-widget-image img{vertical-align:middle;display:inline-block}<\/style>\t\t\t\t\t\t\t\t\t\t\t\t<img loading=\"lazy\" decoding=\"async\" width=\"226\" height=\"300\" src=\"https:\/\/itajuba.cam.mg.gov.br\/site\/wp-content\/uploads\/2023\/10\/6-DR.-VICENTE-SANCHES-1956-1957-226x300.jpg\" class=\"attachment-medium size-medium wp-image-6488\" alt=\"\" srcset=\"https:\/\/itajuba.cam.mg.gov.br\/site\/wp-content\/uploads\/2023\/10\/6-DR.-VICENTE-SANCHES-1956-1957-226x300.jpg 226w, https:\/\/itajuba.cam.mg.gov.br\/site\/wp-content\/uploads\/2023\/10\/6-DR.-VICENTE-SANCHES-1956-1957.jpg 549w\" sizes=\"auto, (max-width: 226px) 100vw, 226px\" \/>\t\t\t\t\t\t\t\t\t\t\t\t\t\t\t<\/div>\n\t\t\t\t<\/div>\n\t\t\t\t<div class=\"elementor-element elementor-element-1c9b0a7 elementor-widget elementor-widget-text-editor\" data-id=\"1c9b0a7\" data-element_type=\"widget\" data-widget_type=\"text-editor.default\">\n\t\t\t\t<div class=\"elementor-widget-container\">\n\t\t\t<style>\/*! elementor - v3.16.0 - 13-09-2023 *\/\n.elementor-widget-text-editor.elementor-drop-cap-view-stacked .elementor-drop-cap{background-color:#69727d;color:#fff}.elementor-widget-text-editor.elementor-drop-cap-view-framed .elementor-drop-cap{color:#69727d;border:3px solid;background-color:transparent}.elementor-widget-text-editor:not(.elementor-drop-cap-view-default) .elementor-drop-cap{margin-top:8px}.elementor-widget-text-editor:not(.elementor-drop-cap-view-default) .elementor-drop-cap-letter{width:1em;height:1em}.elementor-widget-text-editor .elementor-drop-cap{float:left;text-align:center;line-height:1;font-size:50px}.elementor-widget-text-editor .elementor-drop-cap-letter{display:inline-block}<\/style>\t\t\t\t<p>Filho do comerciante italiano Silv\u00e9rio Sanches e de D. Maria Ros\u00e1ria Sanches. Casou-se em 19-03-1922 com D. Ana (Anilha) Lisboa Sanches (falecida em 29-04-1986), filha do saudoso e benem\u00e9rito cl\u00ednico Dr. Ant\u00f4nio Maximiano Xavier Lisboa e de D. Maria C\u00e2ndida de Paiva Lisboa (dona Sinhazinha).<\/p><p>O Dr.Vicente Sanches era diplomado engenheiro pelo ent\u00e3o Instituto Eletrot\u00e9cnico e Mec\u00e2nico de Itajub\u00e1 (atual Unifei) com a turma de 1918. Depois de trabalhar no Rio de Janeiro em duas firmas especializadas em projetos de instala\u00e7\u00f5es el\u00e9tricas, regressou a Itajub\u00e1, sua terra natal.<\/p><p>A convite do Dr. Theodomiro Santiago, ingressou no quadro de professores do Instituto Eletrot\u00e9cnico em 1925, e permaneceu como catedr\u00e1tico at\u00e9 1958. Foi, de 1937 a 1941, engenheiro da F\u00e1brica de Armas (Imbel), ent\u00e3o dirigida pelo cunhado Cel. Ant\u00f4nio Carlos Bello Lisboa. Na F\u00e1brica, chefiou o Servi\u00e7o de Estudos (Se\u00e7\u00e3o de Desenhos).<\/p><p>Foi vereador nos quadri\u00eanios 1927-1930 e 1955-1958. Neste per\u00edodo, foi o vice-presidente da C\u00e2mara Municipal (1955) e tamb\u00e9m o presidente (1956).<\/p><p>Dado \u00e0 literatura, colaborou em jornais e na revista \u201cF.I\u201d (1939-1941). Poeta, sonetista e trovador, era membro da Academia Itajubense de Letras e da Academia de Letras da fronteira Sudeste do Rio Grande do Sul, de Uruguaiana. Foi agraciado com a Medalha de Ouro e Diploma no 2\u00ba Concurso Nacional de Trovadores e Violeiros de S\u00e3o Paulo, e com o Diploma de Delegado do Gr\u00eamio Brasileiro de Trovadores de Salvador (Bahia).<\/p><p>Fontes:<\/p><p>&lt;https:\/\/www.oguiadeitajuba.com.br\/Personalidades\/Pers_V\/Vicente-Sanches.php&gt;, acessado em 29\/05\/2023, \u00e0s 13:07.<br \/>\u2013 GUIMAR\u00c3ES, Armelim.\u00a0<em>Hist\u00f3ria de Itajub\u00e1<\/em>. Belo Horizonte: Imprensa Oficial, 1987.<\/p>\t\t\t\t\t\t<\/div>\n\t\t\t\t<\/div>\n\t\t\t\t<div class=\"elementor-element elementor-element-23b9d24 elementor-widget elementor-widget-global elementor-global-6501 elementor-widget-button\" data-id=\"23b9d24\" data-element_type=\"widget\" data-widget_type=\"button.default\">\n\t\t\t\t<div class=\"elementor-widget-container\">\n\t\t\t\t\t<div class=\"elementor-button-wrapper\">\n\t\t\t<a class=\"elementor-button elementor-button-link elementor-size-sm elementor-animation-shrink\" href=\"https:\/\/itajuba.cam.mg.gov.br\/site\/presidentes\/\">\n\t\t\t\t\t\t<span class=\"elementor-button-content-wrapper\">\n\t\t\t\t\t\t<span class=\"elementor-button-text\">Retornar<\/span>\n\t\t<\/span>\n\t\t\t\t\t<\/a>\n\t\t<\/div>\n\t\t\t\t<\/div>\n\t\t\t\t<\/div>\n\t\t\t\t\t<\/div>\n\t\t<\/div>\n\t\t\t\t\t\t\t<\/div>\n\t\t<\/section>\n\t\t\t\t\t\t\t<\/div>\n\t\t","protected":false},"excerpt":{"rendered":"<p>Filho do comerciante italiano Silv\u00e9rio Sanches e de D. Maria Ros\u00e1ria Sanches. Casou-se em 19-03-1922 com D. Ana (Anilha) Lisboa Sanches (falecida em 29-04-1986), filha do saudoso e benem\u00e9rito cl\u00ednico Dr. Ant\u00f4nio Maximiano Xavier Lisboa e de D. Maria C\u00e2ndida de Paiva Lisboa (dona Sinhazinha). O Dr.Vicente Sanches era diplomado engenheiro pelo ent\u00e3o Instituto Eletrot\u00e9cnico [&hellip;]<\/p>\n","protected":false},"author":1,"featured_media":0,"parent":0,"menu_order":0,"comment_status":"closed","ping_status":"closed","template":"","meta":{"footnotes":""},"class_list":["post-6519","page","type-page","status-publish","hentry"],"yoast_head":"<!-- This site is optimized with the Yoast SEO plugin v21.0 - https:\/\/yoast.com\/wordpress\/plugins\/seo\/ -->\n<title>Dr. Vicente Sanches - C\u00e2mara Municipal de Itajub\u00e1<\/title>\n<meta name=\"robots\" content=\"index, follow, max-snippet:-1, max-image-preview:large, max-video-preview:-1\" \/>\n<link rel=\"canonical\" href=\"https:\/\/itajuba.cam.mg.gov.br\/site\/dr-vicente-sanches\/\" \/>\n<meta property=\"og:locale\" content=\"pt_BR\" \/>\n<meta property=\"og:type\" content=\"article\" \/>\n<meta property=\"og:title\" content=\"Dr. Vicente Sanches - C\u00e2mara Municipal de Itajub\u00e1\" \/>\n<meta property=\"og:description\" content=\"Filho do comerciante italiano Silv\u00e9rio Sanches e de D. Maria Ros\u00e1ria Sanches. Casou-se em 19-03-1922 com D. Ana (Anilha) Lisboa Sanches (falecida em 29-04-1986), filha do saudoso e benem\u00e9rito cl\u00ednico Dr. Ant\u00f4nio Maximiano Xavier Lisboa e de D. Maria C\u00e2ndida de Paiva Lisboa (dona Sinhazinha). O Dr.Vicente Sanches era diplomado engenheiro pelo ent\u00e3o Instituto Eletrot\u00e9cnico [&hellip;]\" \/>\n<meta property=\"og:url\" content=\"https:\/\/itajuba.cam.mg.gov.br\/site\/dr-vicente-sanches\/\" \/>\n<meta property=\"og:site_name\" content=\"C\u00e2mara Municipal de Itajub\u00e1\" \/>\n<meta property=\"article:publisher\" content=\"https:\/\/www.facebook.com\/camaradeitajubaoficial\" \/>\n<meta property=\"article:modified_time\" content=\"2023-10-08T21:43:57+00:00\" \/>\n<meta property=\"og:image\" content=\"https:\/\/itajuba.cam.mg.gov.br\/site\/wp-content\/uploads\/2023\/10\/6-DR.-VICENTE-SANCHES-1956-1957-226x300.jpg\" \/>\n<meta name=\"twitter:card\" content=\"summary_large_image\" \/>\n<meta name=\"twitter:label1\" content=\"Est. tempo de leitura\" \/>\n\t<meta name=\"twitter:data1\" content=\"2 minutos\" \/>\n<script type=\"application\/ld+json\" class=\"yoast-schema-graph\">{\"@context\":\"https:\/\/schema.org\",\"@graph\":[{\"@type\":\"WebPage\",\"@id\":\"https:\/\/itajuba.cam.mg.gov.br\/site\/dr-vicente-sanches\/\",\"url\":\"https:\/\/itajuba.cam.mg.gov.br\/site\/dr-vicente-sanches\/\",\"name\":\"Dr. Vicente Sanches - C\u00e2mara Municipal de Itajub\u00e1\",\"isPartOf\":{\"@id\":\"https:\/\/itajuba.cam.mg.gov.br\/site\/#website\"},\"datePublished\":\"2023-10-08T21:42:38+00:00\",\"dateModified\":\"2023-10-08T21:43:57+00:00\",\"breadcrumb\":{\"@id\":\"https:\/\/itajuba.cam.mg.gov.br\/site\/dr-vicente-sanches\/#breadcrumb\"},\"inLanguage\":\"pt-BR\",\"potentialAction\":[{\"@type\":\"ReadAction\",\"target\":[\"https:\/\/itajuba.cam.mg.gov.br\/site\/dr-vicente-sanches\/\"]}]},{\"@type\":\"BreadcrumbList\",\"@id\":\"https:\/\/itajuba.cam.mg.gov.br\/site\/dr-vicente-sanches\/#breadcrumb\",\"itemListElement\":[{\"@type\":\"ListItem\",\"position\":1,\"name\":\"In\u00edcio\",\"item\":\"https:\/\/itajuba.cam.mg.gov.br\/site\/\"},{\"@type\":\"ListItem\",\"position\":2,\"name\":\"Dr. Vicente Sanches\"}]},{\"@type\":\"WebSite\",\"@id\":\"https:\/\/itajuba.cam.mg.gov.br\/site\/#website\",\"url\":\"https:\/\/itajuba.cam.mg.gov.br\/site\/\",\"name\":\"C\u00e2mara Municipal de Itajub\u00e1\",\"description\":\"Efici\u00eancia e Transpar\u00eancia\",\"publisher\":{\"@id\":\"https:\/\/itajuba.cam.mg.gov.br\/site\/#organization\"},\"potentialAction\":[{\"@type\":\"SearchAction\",\"target\":{\"@type\":\"EntryPoint\",\"urlTemplate\":\"https:\/\/itajuba.cam.mg.gov.br\/site\/?s={search_term_string}\"},\"query-input\":\"required name=search_term_string\"}],\"inLanguage\":\"pt-BR\"},{\"@type\":\"Organization\",\"@id\":\"https:\/\/itajuba.cam.mg.gov.br\/site\/#organization\",\"name\":\"C\u00e2mara Municipal de Itajub\u00e1\",\"url\":\"https:\/\/itajuba.cam.mg.gov.br\/site\/\",\"logo\":{\"@type\":\"ImageObject\",\"inLanguage\":\"pt-BR\",\"@id\":\"https:\/\/itajuba.cam.mg.gov.br\/site\/#\/schema\/logo\/image\/\",\"url\":\"https:\/\/itajuba.cam.mg.gov.br\/site\/wp-content\/uploads\/2023\/09\/logo_camara_2024.png\",\"contentUrl\":\"https:\/\/itajuba.cam.mg.gov.br\/site\/wp-content\/uploads\/2023\/09\/logo_camara_2024.png\",\"width\":1000,\"height\":385,\"caption\":\"C\u00e2mara Municipal de Itajub\u00e1\"},\"image\":{\"@id\":\"https:\/\/itajuba.cam.mg.gov.br\/site\/#\/schema\/logo\/image\/\"},\"sameAs\":[\"https:\/\/www.facebook.com\/camaradeitajubaoficial\",\"https:\/\/www.instagram.com\/camaradeitajubaoficial\/\",\"https:\/\/www.youtube.com\/user\/TVCAMARAITAJUBA\"]}]}<\/script>\n<!-- \/ Yoast SEO plugin. -->","yoast_head_json":{"title":"Dr. Vicente Sanches - C\u00e2mara Municipal de Itajub\u00e1","robots":{"index":"index","follow":"follow","max-snippet":"max-snippet:-1","max-image-preview":"max-image-preview:large","max-video-preview":"max-video-preview:-1"},"canonical":"https:\/\/itajuba.cam.mg.gov.br\/site\/dr-vicente-sanches\/","og_locale":"pt_BR","og_type":"article","og_title":"Dr. Vicente Sanches - C\u00e2mara Municipal de Itajub\u00e1","og_description":"Filho do comerciante italiano Silv\u00e9rio Sanches e de D. Maria Ros\u00e1ria Sanches. Casou-se em 19-03-1922 com D. Ana (Anilha) Lisboa Sanches (falecida em 29-04-1986), filha do saudoso e benem\u00e9rito cl\u00ednico Dr. Ant\u00f4nio Maximiano Xavier Lisboa e de D. Maria C\u00e2ndida de Paiva Lisboa (dona Sinhazinha). O Dr.Vicente Sanches era diplomado engenheiro pelo ent\u00e3o Instituto Eletrot\u00e9cnico [&hellip;]","og_url":"https:\/\/itajuba.cam.mg.gov.br\/site\/dr-vicente-sanches\/","og_site_name":"C\u00e2mara Municipal de Itajub\u00e1","article_publisher":"https:\/\/www.facebook.com\/camaradeitajubaoficial","article_modified_time":"2023-10-08T21:43:57+00:00","og_image":[{"url":"https:\/\/itajuba.cam.mg.gov.br\/site\/wp-content\/uploads\/2023\/10\/6-DR.-VICENTE-SANCHES-1956-1957-226x300.jpg"}],"twitter_card":"summary_large_image","twitter_misc":{"Est. tempo de leitura":"2 minutos"},"schema":{"@context":"https:\/\/schema.org","@graph":[{"@type":"WebPage","@id":"https:\/\/itajuba.cam.mg.gov.br\/site\/dr-vicente-sanches\/","url":"https:\/\/itajuba.cam.mg.gov.br\/site\/dr-vicente-sanches\/","name":"Dr. Vicente Sanches - C\u00e2mara Municipal de Itajub\u00e1","isPartOf":{"@id":"https:\/\/itajuba.cam.mg.gov.br\/site\/#website"},"datePublished":"2023-10-08T21:42:38+00:00","dateModified":"2023-10-08T21:43:57+00:00","breadcrumb":{"@id":"https:\/\/itajuba.cam.mg.gov.br\/site\/dr-vicente-sanches\/#breadcrumb"},"inLanguage":"pt-BR","potentialAction":[{"@type":"ReadAction","target":["https:\/\/itajuba.cam.mg.gov.br\/site\/dr-vicente-sanches\/"]}]},{"@type":"BreadcrumbList","@id":"https:\/\/itajuba.cam.mg.gov.br\/site\/dr-vicente-sanches\/#breadcrumb","itemListElement":[{"@type":"ListItem","position":1,"name":"In\u00edcio","item":"https:\/\/itajuba.cam.mg.gov.br\/site\/"},{"@type":"ListItem","position":2,"name":"Dr. Vicente Sanches"}]},{"@type":"WebSite","@id":"https:\/\/itajuba.cam.mg.gov.br\/site\/#website","url":"https:\/\/itajuba.cam.mg.gov.br\/site\/","name":"C\u00e2mara Municipal de Itajub\u00e1","description":"Efici\u00eancia e Transpar\u00eancia","publisher":{"@id":"https:\/\/itajuba.cam.mg.gov.br\/site\/#organization"},"potentialAction":[{"@type":"SearchAction","target":{"@type":"EntryPoint","urlTemplate":"https:\/\/itajuba.cam.mg.gov.br\/site\/?s={search_term_string}"},"query-input":"required name=search_term_string"}],"inLanguage":"pt-BR"},{"@type":"Organization","@id":"https:\/\/itajuba.cam.mg.gov.br\/site\/#organization","name":"C\u00e2mara Municipal de Itajub\u00e1","url":"https:\/\/itajuba.cam.mg.gov.br\/site\/","logo":{"@type":"ImageObject","inLanguage":"pt-BR","@id":"https:\/\/itajuba.cam.mg.gov.br\/site\/#\/schema\/logo\/image\/","url":"https:\/\/itajuba.cam.mg.gov.br\/site\/wp-content\/uploads\/2023\/09\/logo_camara_2024.png","contentUrl":"https:\/\/itajuba.cam.mg.gov.br\/site\/wp-content\/uploads\/2023\/09\/logo_camara_2024.png","width":1000,"height":385,"caption":"C\u00e2mara Municipal de Itajub\u00e1"},"image":{"@id":"https:\/\/itajuba.cam.mg.gov.br\/site\/#\/schema\/logo\/image\/"},"sameAs":["https:\/\/www.facebook.com\/camaradeitajubaoficial","https:\/\/www.instagram.com\/camaradeitajubaoficial\/","https:\/\/www.youtube.com\/user\/TVCAMARAITAJUBA"]}]}},"_links":{"self":[{"href":"https:\/\/itajuba.cam.mg.gov.br\/site\/wp-json\/wp\/v2\/pages\/6519","targetHints":{"allow":["GET"]}}],"collection":[{"href":"https:\/\/itajuba.cam.mg.gov.br\/site\/wp-json\/wp\/v2\/pages"}],"about":[{"href":"https:\/\/itajuba.cam.mg.gov.br\/site\/wp-json\/wp\/v2\/types\/page"}],"author":[{"embeddable":true,"href":"https:\/\/itajuba.cam.mg.gov.br\/site\/wp-json\/wp\/v2\/users\/1"}],"replies":[{"embeddable":true,"href":"https:\/\/itajuba.cam.mg.gov.br\/site\/wp-json\/wp\/v2\/comments?post=6519"}],"version-history":[{"count":4,"href":"https:\/\/itajuba.cam.mg.gov.br\/site\/wp-json\/wp\/v2\/pages\/6519\/revisions"}],"predecessor-version":[{"id":6523,"href":"https:\/\/itajuba.cam.mg.gov.br\/site\/wp-json\/wp\/v2\/pages\/6519\/revisions\/6523"}],"wp:attachment":[{"href":"https:\/\/itajuba.cam.mg.gov.br\/site\/wp-json\/wp\/v2\/media?parent=6519"}],"curies":[{"name":"wp","href":"https:\/\/api.w.org\/{rel}","templated":true}]}}