{"id":6529,"date":"2023-10-08T22:03:13","date_gmt":"2023-10-08T22:03:13","guid":{"rendered":"https:\/\/itajuba.cam.mg.gov.br\/site\/?page_id=6529"},"modified":"2023-10-08T22:05:13","modified_gmt":"2023-10-08T22:05:13","slug":"cyrillo-rodrigues-de-souza","status":"publish","type":"page","link":"https:\/\/itajuba.cam.mg.gov.br\/site\/cyrillo-rodrigues-de-souza\/","title":{"rendered":"Cyrillo Rodrigues de Souza"},"content":{"rendered":"\t\t<div data-elementor-type=\"wp-page\" data-elementor-id=\"6529\" class=\"elementor elementor-6529\" data-elementor-post-type=\"page\">\n\t\t\t\t\t\t\t\t\t<section class=\"elementor-section elementor-top-section elementor-element elementor-element-df19df3 elementor-section-boxed elementor-section-height-default elementor-section-height-default\" data-id=\"df19df3\" data-element_type=\"section\">\n\t\t\t\t\t\t<div class=\"elementor-container elementor-column-gap-default\">\n\t\t\t\t\t<div class=\"elementor-column elementor-col-100 elementor-top-column elementor-element elementor-element-7ca8eac\" data-id=\"7ca8eac\" data-element_type=\"column\">\n\t\t\t<div class=\"elementor-widget-wrap elementor-element-populated\">\n\t\t\t\t\t\t\t\t<div class=\"elementor-element elementor-element-fe9f3b3 elementor-widget elementor-widget-image\" data-id=\"fe9f3b3\" data-element_type=\"widget\" data-widget_type=\"image.default\">\n\t\t\t\t<div class=\"elementor-widget-container\">\n\t\t\t<style>\/*! elementor - v3.16.0 - 13-09-2023 *\/\n.elementor-widget-image{text-align:center}.elementor-widget-image a{display:inline-block}.elementor-widget-image a img[src$=\".svg\"]{width:48px}.elementor-widget-image img{vertical-align:middle;display:inline-block}<\/style>\t\t\t\t\t\t\t\t\t\t\t\t<img loading=\"lazy\" decoding=\"async\" width=\"226\" height=\"300\" src=\"https:\/\/itajuba.cam.mg.gov.br\/site\/wp-content\/uploads\/2023\/10\/8-CYRILO-RODRIGUES-DE-SOUZA-1958-1960-226x300.jpg\" class=\"attachment-medium size-medium wp-image-6486\" alt=\"\" srcset=\"https:\/\/itajuba.cam.mg.gov.br\/site\/wp-content\/uploads\/2023\/10\/8-CYRILO-RODRIGUES-DE-SOUZA-1958-1960-226x300.jpg 226w, https:\/\/itajuba.cam.mg.gov.br\/site\/wp-content\/uploads\/2023\/10\/8-CYRILO-RODRIGUES-DE-SOUZA-1958-1960.jpg 549w\" sizes=\"auto, (max-width: 226px) 100vw, 226px\" \/>\t\t\t\t\t\t\t\t\t\t\t\t\t\t\t<\/div>\n\t\t\t\t<\/div>\n\t\t\t\t\t<\/div>\n\t\t<\/div>\n\t\t\t\t\t\t\t<\/div>\n\t\t<\/section>\n\t\t\t\t<section class=\"elementor-section elementor-top-section elementor-element elementor-element-45eea69 elementor-section-boxed elementor-section-height-default elementor-section-height-default\" data-id=\"45eea69\" data-element_type=\"section\">\n\t\t\t\t\t\t<div class=\"elementor-container elementor-column-gap-default\">\n\t\t\t\t\t<div class=\"elementor-column elementor-col-100 elementor-top-column elementor-element elementor-element-2308ede\" data-id=\"2308ede\" data-element_type=\"column\">\n\t\t\t<div class=\"elementor-widget-wrap elementor-element-populated\">\n\t\t\t\t\t\t\t\t<div class=\"elementor-element elementor-element-6153512 elementor-widget elementor-widget-text-editor\" data-id=\"6153512\" data-element_type=\"widget\" data-widget_type=\"text-editor.default\">\n\t\t\t\t<div class=\"elementor-widget-container\">\n\t\t\t<style>\/*! elementor - v3.16.0 - 13-09-2023 *\/\n.elementor-widget-text-editor.elementor-drop-cap-view-stacked .elementor-drop-cap{background-color:#69727d;color:#fff}.elementor-widget-text-editor.elementor-drop-cap-view-framed .elementor-drop-cap{color:#69727d;border:3px solid;background-color:transparent}.elementor-widget-text-editor:not(.elementor-drop-cap-view-default) .elementor-drop-cap{margin-top:8px}.elementor-widget-text-editor:not(.elementor-drop-cap-view-default) .elementor-drop-cap-letter{width:1em;height:1em}.elementor-widget-text-editor .elementor-drop-cap{float:left;text-align:center;line-height:1;font-size:50px}.elementor-widget-text-editor .elementor-drop-cap-letter{display:inline-block}<\/style>\t\t\t\t<p>Cyrillo Rodrigues de Souza nasceu em Cristina-MG, ber\u00e7o de homens ilustres da pol\u00edtica nacional, nas artes, e na intelectualidade. Era filho de Joaquim Rodrigues de Souza e de D. Ana C\u00e2ndida do Esp\u00edrito Santo. Aos 5 anos de idade mudou-se com a fam\u00edlia para o munic\u00edpio de Itajub\u00e1, vindo morar no Rio Manso, no distrito do Louren\u00e7o Velho, onde j\u00e1 existia uma Escola, que ele frequentou, concluindo o curso prim\u00e1rio aos 11 anos. Aos 16 anos mudou-se para Maria da F\u00e9-MG, onde teve oportunidade de estudar Contabilidade. Adquiriu grande pr\u00e1tica em Escritura\u00e7\u00e3o Mercantil. Religioso, estudou Teologia Dogm\u00e1tica no C\u00edrculo S\u00e3o Francisco de Assis, do qual foi secret\u00e1rio. Foi Presidente da Irmandade do Sant\u00edssimo Sacramento durante 12 anos.<\/p><p>Trabalhou inicialmente como balconista da loja de seu pai, da qual assumiu a dire\u00e7\u00e3o aos 18 anos de idade. Trabalhou no escrit\u00f3rio da f\u00e1brica de charutos de Arlindo Zaroni, em Maria da F\u00e9. Vindo para Itajub\u00e1, retomou as atividades comerciais. Foi contabilista da Casa Vera Cruz, e era propriet\u00e1rio de uma ch\u00e1cara, desenvolvendo nela alguns trabalhos como industrial.<\/p><p>Cyrillo prestou sua valiosa coopera\u00e7\u00e3o \u00e0 vida pol\u00edtica de Itajub\u00e1. Foi vereador durante o quadri\u00eanio 1955-1958, per\u00edodo perturbado com licen\u00e7as especiais e ren\u00fancias, e que teve como prefeitos Luiz Goulart de Azevedo (1955-1956), Ant\u00f4nio Renn\u00f3 Pereira (1956-1957) e Vicente de Sales Dias Filho (1958). Cyrillo foi presidente da C\u00e2mara nesse per\u00edodo (1958), secret\u00e1rio do Legislativo, e ainda vice-presidente da C\u00e2mara nesse quadri\u00eanio.\u00a0<\/p><p>No quadri\u00eanio seguinte (1959-1962), na gest\u00e3o do Dr. Vicente Vilela Vianna, foi novamente eleito vereador, e reeleito presidente da C\u00e2mara (1953). Na vida p\u00fablica, exerceu tamb\u00e9m a fun\u00e7\u00e3o de Comiss\u00e1rio de Menores e de Juiz de Paz, por nomea\u00e7\u00e3o do Governador Rondon Pacheco. Fez parte da COMASP (Comiss\u00e3o Municipal de Assist\u00eancia aos Pobres), fundada em 1959.<\/p><p>Cyrillo foi um poeta ing\u00eanito. Seus versos s\u00e3o considerados por muitos naturais, fluentes, espont\u00e2neos, e corretamente metrificados e rimados. Era um primoroso sonetista. Em 1991 publicou o livro \u201cCaminhos Estreitos\u201d, no qual enfeixou algumas de suas composi\u00e7\u00f5es po\u00e9ticas. Pertenceu a AIL, ocupando a Cadeira n\u00ba 18, cujo Patrono \u00e9 o educador e jurista Geraldino Furtado de Medeiros, fundador, em 1925, do Col\u00e9gio S\u00e3o Vicente de Paulo (pr\u00e9dio ora transformado em Convento das Irm\u00e3s da Provid\u00eancia de Gap).<\/p><p>Abaixo, um de seus poemas escritos j\u00e1 na aposentadoria.<\/p><p>\u00a0O MELHOR REM\u00c9DIO<\/p><p>As dores s\u00e3o sinais que, comumente,<br \/>nos levam a pensar no fim da vida.<br \/>Algu\u00e9m que j\u00e1 viveu o suficiente,<br \/>que importa agora a sua despedida?<br \/><br \/>Certo \u00e9 que muita gente se intimida,<br \/>ao perceber a morte pela frente\u2026<br \/>Mais vale um bom momento de partida<br \/>que uma ancianidade dependente\u2026<br \/><br \/>O que mais nos aflige \u00e9 a dor da alma!<br \/>A mais pungente dor que n\u00e3o se acalma,<br \/>\u00e9 aquela que nos vem da ingratid\u00e3o!<br \/><br \/>Mas quando a dor da alma nos tortura,<br \/>\u00e9 f\u00e1cil encontrarmos sua cura<br \/>no b\u00e1lsamo divino do PERD\u00c3O!!!<\/p><p>Fontes:<br \/>&lt;https:\/\/www.oguiadeitajuba.com.br\/Personalidades\/Pers_C\/Cyrillo-Rodrigues-Souza.php&gt;, acessado em 29\/05\/2023, \u00e0s 13:45.- GUIMAR\u00c3ES, Armelim.\u00a0<em>Hist\u00f3ria de Itajub\u00e1<\/em>. Belo Horizonte: Imprensa Oficial, 1987.<\/p>\t\t\t\t\t\t<\/div>\n\t\t\t\t<\/div>\n\t\t\t\t<div class=\"elementor-element elementor-element-65a22d3 elementor-widget elementor-widget-global elementor-global-6501 elementor-widget-button\" data-id=\"65a22d3\" data-element_type=\"widget\" data-widget_type=\"button.default\">\n\t\t\t\t<div class=\"elementor-widget-container\">\n\t\t\t\t\t<div class=\"elementor-button-wrapper\">\n\t\t\t<a class=\"elementor-button elementor-button-link elementor-size-sm elementor-animation-shrink\" href=\"https:\/\/itajuba.cam.mg.gov.br\/site\/presidentes\/\">\n\t\t\t\t\t\t<span class=\"elementor-button-content-wrapper\">\n\t\t\t\t\t\t<span class=\"elementor-button-text\">Retornar<\/span>\n\t\t<\/span>\n\t\t\t\t\t<\/a>\n\t\t<\/div>\n\t\t\t\t<\/div>\n\t\t\t\t<\/div>\n\t\t\t\t\t<\/div>\n\t\t<\/div>\n\t\t\t\t\t\t\t<\/div>\n\t\t<\/section>\n\t\t\t\t\t\t\t<\/div>\n\t\t","protected":false},"excerpt":{"rendered":"<p>Cyrillo Rodrigues de Souza nasceu em Cristina-MG, ber\u00e7o de homens ilustres da pol\u00edtica nacional, nas artes, e na intelectualidade. Era filho de Joaquim Rodrigues de Souza e de D. Ana C\u00e2ndida do Esp\u00edrito Santo. Aos 5 anos de idade mudou-se com a fam\u00edlia para o munic\u00edpio de Itajub\u00e1, vindo morar no Rio Manso, no distrito [&hellip;]<\/p>\n","protected":false},"author":1,"featured_media":0,"parent":0,"menu_order":0,"comment_status":"closed","ping_status":"closed","template":"","meta":{"footnotes":""},"class_list":["post-6529","page","type-page","status-publish","hentry"],"yoast_head":"<!-- This site is optimized with the Yoast SEO plugin v21.0 - https:\/\/yoast.com\/wordpress\/plugins\/seo\/ -->\n<title>Cyrillo Rodrigues de Souza - C\u00e2mara Municipal de Itajub\u00e1<\/title>\n<meta name=\"robots\" content=\"index, follow, max-snippet:-1, max-image-preview:large, max-video-preview:-1\" \/>\n<link rel=\"canonical\" href=\"https:\/\/itajuba.cam.mg.gov.br\/site\/cyrillo-rodrigues-de-souza\/\" \/>\n<meta property=\"og:locale\" content=\"pt_BR\" \/>\n<meta property=\"og:type\" content=\"article\" \/>\n<meta property=\"og:title\" content=\"Cyrillo Rodrigues de Souza - C\u00e2mara Municipal de Itajub\u00e1\" \/>\n<meta property=\"og:description\" content=\"Cyrillo Rodrigues de Souza nasceu em Cristina-MG, ber\u00e7o de homens ilustres da pol\u00edtica nacional, nas artes, e na intelectualidade. Era filho de Joaquim Rodrigues de Souza e de D. Ana C\u00e2ndida do Esp\u00edrito Santo. Aos 5 anos de idade mudou-se com a fam\u00edlia para o munic\u00edpio de Itajub\u00e1, vindo morar no Rio Manso, no distrito [&hellip;]\" \/>\n<meta property=\"og:url\" content=\"https:\/\/itajuba.cam.mg.gov.br\/site\/cyrillo-rodrigues-de-souza\/\" \/>\n<meta property=\"og:site_name\" content=\"C\u00e2mara Municipal de Itajub\u00e1\" \/>\n<meta property=\"article:publisher\" content=\"https:\/\/www.facebook.com\/camaradeitajubaoficial\" \/>\n<meta property=\"article:modified_time\" content=\"2023-10-08T22:05:13+00:00\" \/>\n<meta property=\"og:image\" content=\"https:\/\/itajuba.cam.mg.gov.br\/site\/wp-content\/uploads\/2023\/10\/8-CYRILO-RODRIGUES-DE-SOUZA-1958-1960-226x300.jpg\" \/>\n<meta name=\"twitter:card\" content=\"summary_large_image\" \/>\n<meta name=\"twitter:label1\" content=\"Est. tempo de leitura\" \/>\n\t<meta name=\"twitter:data1\" content=\"3 minutos\" \/>\n<script type=\"application\/ld+json\" class=\"yoast-schema-graph\">{\"@context\":\"https:\/\/schema.org\",\"@graph\":[{\"@type\":\"WebPage\",\"@id\":\"https:\/\/itajuba.cam.mg.gov.br\/site\/cyrillo-rodrigues-de-souza\/\",\"url\":\"https:\/\/itajuba.cam.mg.gov.br\/site\/cyrillo-rodrigues-de-souza\/\",\"name\":\"Cyrillo Rodrigues de Souza - C\u00e2mara Municipal de Itajub\u00e1\",\"isPartOf\":{\"@id\":\"https:\/\/itajuba.cam.mg.gov.br\/site\/#website\"},\"datePublished\":\"2023-10-08T22:03:13+00:00\",\"dateModified\":\"2023-10-08T22:05:13+00:00\",\"breadcrumb\":{\"@id\":\"https:\/\/itajuba.cam.mg.gov.br\/site\/cyrillo-rodrigues-de-souza\/#breadcrumb\"},\"inLanguage\":\"pt-BR\",\"potentialAction\":[{\"@type\":\"ReadAction\",\"target\":[\"https:\/\/itajuba.cam.mg.gov.br\/site\/cyrillo-rodrigues-de-souza\/\"]}]},{\"@type\":\"BreadcrumbList\",\"@id\":\"https:\/\/itajuba.cam.mg.gov.br\/site\/cyrillo-rodrigues-de-souza\/#breadcrumb\",\"itemListElement\":[{\"@type\":\"ListItem\",\"position\":1,\"name\":\"In\u00edcio\",\"item\":\"https:\/\/itajuba.cam.mg.gov.br\/site\/\"},{\"@type\":\"ListItem\",\"position\":2,\"name\":\"Cyrillo Rodrigues de Souza\"}]},{\"@type\":\"WebSite\",\"@id\":\"https:\/\/itajuba.cam.mg.gov.br\/site\/#website\",\"url\":\"https:\/\/itajuba.cam.mg.gov.br\/site\/\",\"name\":\"C\u00e2mara Municipal de Itajub\u00e1\",\"description\":\"Efici\u00eancia e Transpar\u00eancia\",\"publisher\":{\"@id\":\"https:\/\/itajuba.cam.mg.gov.br\/site\/#organization\"},\"potentialAction\":[{\"@type\":\"SearchAction\",\"target\":{\"@type\":\"EntryPoint\",\"urlTemplate\":\"https:\/\/itajuba.cam.mg.gov.br\/site\/?s={search_term_string}\"},\"query-input\":\"required name=search_term_string\"}],\"inLanguage\":\"pt-BR\"},{\"@type\":\"Organization\",\"@id\":\"https:\/\/itajuba.cam.mg.gov.br\/site\/#organization\",\"name\":\"C\u00e2mara Municipal de Itajub\u00e1\",\"url\":\"https:\/\/itajuba.cam.mg.gov.br\/site\/\",\"logo\":{\"@type\":\"ImageObject\",\"inLanguage\":\"pt-BR\",\"@id\":\"https:\/\/itajuba.cam.mg.gov.br\/site\/#\/schema\/logo\/image\/\",\"url\":\"https:\/\/itajuba.cam.mg.gov.br\/site\/wp-content\/uploads\/2023\/09\/logo_camara_2024.png\",\"contentUrl\":\"https:\/\/itajuba.cam.mg.gov.br\/site\/wp-content\/uploads\/2023\/09\/logo_camara_2024.png\",\"width\":1000,\"height\":385,\"caption\":\"C\u00e2mara Municipal de Itajub\u00e1\"},\"image\":{\"@id\":\"https:\/\/itajuba.cam.mg.gov.br\/site\/#\/schema\/logo\/image\/\"},\"sameAs\":[\"https:\/\/www.facebook.com\/camaradeitajubaoficial\",\"https:\/\/www.instagram.com\/camaradeitajubaoficial\/\",\"https:\/\/www.youtube.com\/user\/TVCAMARAITAJUBA\"]}]}<\/script>\n<!-- \/ Yoast SEO plugin. -->","yoast_head_json":{"title":"Cyrillo Rodrigues de Souza - C\u00e2mara Municipal de Itajub\u00e1","robots":{"index":"index","follow":"follow","max-snippet":"max-snippet:-1","max-image-preview":"max-image-preview:large","max-video-preview":"max-video-preview:-1"},"canonical":"https:\/\/itajuba.cam.mg.gov.br\/site\/cyrillo-rodrigues-de-souza\/","og_locale":"pt_BR","og_type":"article","og_title":"Cyrillo Rodrigues de Souza - C\u00e2mara Municipal de Itajub\u00e1","og_description":"Cyrillo Rodrigues de Souza nasceu em Cristina-MG, ber\u00e7o de homens ilustres da pol\u00edtica nacional, nas artes, e na intelectualidade. Era filho de Joaquim Rodrigues de Souza e de D. Ana C\u00e2ndida do Esp\u00edrito Santo. Aos 5 anos de idade mudou-se com a fam\u00edlia para o munic\u00edpio de Itajub\u00e1, vindo morar no Rio Manso, no distrito [&hellip;]","og_url":"https:\/\/itajuba.cam.mg.gov.br\/site\/cyrillo-rodrigues-de-souza\/","og_site_name":"C\u00e2mara Municipal de Itajub\u00e1","article_publisher":"https:\/\/www.facebook.com\/camaradeitajubaoficial","article_modified_time":"2023-10-08T22:05:13+00:00","og_image":[{"url":"https:\/\/itajuba.cam.mg.gov.br\/site\/wp-content\/uploads\/2023\/10\/8-CYRILO-RODRIGUES-DE-SOUZA-1958-1960-226x300.jpg"}],"twitter_card":"summary_large_image","twitter_misc":{"Est. tempo de leitura":"3 minutos"},"schema":{"@context":"https:\/\/schema.org","@graph":[{"@type":"WebPage","@id":"https:\/\/itajuba.cam.mg.gov.br\/site\/cyrillo-rodrigues-de-souza\/","url":"https:\/\/itajuba.cam.mg.gov.br\/site\/cyrillo-rodrigues-de-souza\/","name":"Cyrillo Rodrigues de Souza - C\u00e2mara Municipal de Itajub\u00e1","isPartOf":{"@id":"https:\/\/itajuba.cam.mg.gov.br\/site\/#website"},"datePublished":"2023-10-08T22:03:13+00:00","dateModified":"2023-10-08T22:05:13+00:00","breadcrumb":{"@id":"https:\/\/itajuba.cam.mg.gov.br\/site\/cyrillo-rodrigues-de-souza\/#breadcrumb"},"inLanguage":"pt-BR","potentialAction":[{"@type":"ReadAction","target":["https:\/\/itajuba.cam.mg.gov.br\/site\/cyrillo-rodrigues-de-souza\/"]}]},{"@type":"BreadcrumbList","@id":"https:\/\/itajuba.cam.mg.gov.br\/site\/cyrillo-rodrigues-de-souza\/#breadcrumb","itemListElement":[{"@type":"ListItem","position":1,"name":"In\u00edcio","item":"https:\/\/itajuba.cam.mg.gov.br\/site\/"},{"@type":"ListItem","position":2,"name":"Cyrillo Rodrigues de Souza"}]},{"@type":"WebSite","@id":"https:\/\/itajuba.cam.mg.gov.br\/site\/#website","url":"https:\/\/itajuba.cam.mg.gov.br\/site\/","name":"C\u00e2mara Municipal de Itajub\u00e1","description":"Efici\u00eancia e Transpar\u00eancia","publisher":{"@id":"https:\/\/itajuba.cam.mg.gov.br\/site\/#organization"},"potentialAction":[{"@type":"SearchAction","target":{"@type":"EntryPoint","urlTemplate":"https:\/\/itajuba.cam.mg.gov.br\/site\/?s={search_term_string}"},"query-input":"required name=search_term_string"}],"inLanguage":"pt-BR"},{"@type":"Organization","@id":"https:\/\/itajuba.cam.mg.gov.br\/site\/#organization","name":"C\u00e2mara Municipal de Itajub\u00e1","url":"https:\/\/itajuba.cam.mg.gov.br\/site\/","logo":{"@type":"ImageObject","inLanguage":"pt-BR","@id":"https:\/\/itajuba.cam.mg.gov.br\/site\/#\/schema\/logo\/image\/","url":"https:\/\/itajuba.cam.mg.gov.br\/site\/wp-content\/uploads\/2023\/09\/logo_camara_2024.png","contentUrl":"https:\/\/itajuba.cam.mg.gov.br\/site\/wp-content\/uploads\/2023\/09\/logo_camara_2024.png","width":1000,"height":385,"caption":"C\u00e2mara Municipal de Itajub\u00e1"},"image":{"@id":"https:\/\/itajuba.cam.mg.gov.br\/site\/#\/schema\/logo\/image\/"},"sameAs":["https:\/\/www.facebook.com\/camaradeitajubaoficial","https:\/\/www.instagram.com\/camaradeitajubaoficial\/","https:\/\/www.youtube.com\/user\/TVCAMARAITAJUBA"]}]}},"_links":{"self":[{"href":"https:\/\/itajuba.cam.mg.gov.br\/site\/wp-json\/wp\/v2\/pages\/6529","targetHints":{"allow":["GET"]}}],"collection":[{"href":"https:\/\/itajuba.cam.mg.gov.br\/site\/wp-json\/wp\/v2\/pages"}],"about":[{"href":"https:\/\/itajuba.cam.mg.gov.br\/site\/wp-json\/wp\/v2\/types\/page"}],"author":[{"embeddable":true,"href":"https:\/\/itajuba.cam.mg.gov.br\/site\/wp-json\/wp\/v2\/users\/1"}],"replies":[{"embeddable":true,"href":"https:\/\/itajuba.cam.mg.gov.br\/site\/wp-json\/wp\/v2\/comments?post=6529"}],"version-history":[{"count":4,"href":"https:\/\/itajuba.cam.mg.gov.br\/site\/wp-json\/wp\/v2\/pages\/6529\/revisions"}],"predecessor-version":[{"id":6533,"href":"https:\/\/itajuba.cam.mg.gov.br\/site\/wp-json\/wp\/v2\/pages\/6529\/revisions\/6533"}],"wp:attachment":[{"href":"https:\/\/itajuba.cam.mg.gov.br\/site\/wp-json\/wp\/v2\/media?parent=6529"}],"curies":[{"name":"wp","href":"https:\/\/api.w.org\/{rel}","templated":true}]}}