{"id":6554,"date":"2023-10-08T22:28:21","date_gmt":"2023-10-08T22:28:21","guid":{"rendered":"https:\/\/itajuba.cam.mg.gov.br\/site\/?page_id=6554"},"modified":"2023-10-08T22:30:42","modified_gmt":"2023-10-08T22:30:42","slug":"jose-goncalves","status":"publish","type":"page","link":"https:\/\/itajuba.cam.mg.gov.br\/site\/jose-goncalves\/","title":{"rendered":"Jos\u00e9 Gon\u00e7alves"},"content":{"rendered":"\t\t<div data-elementor-type=\"wp-page\" data-elementor-id=\"6554\" class=\"elementor elementor-6554\" data-elementor-post-type=\"page\">\n\t\t\t\t\t\t\t\t\t<section class=\"elementor-section elementor-top-section elementor-element elementor-element-176889d elementor-section-boxed elementor-section-height-default elementor-section-height-default\" data-id=\"176889d\" data-element_type=\"section\">\n\t\t\t\t\t\t<div class=\"elementor-container elementor-column-gap-default\">\n\t\t\t\t\t<div class=\"elementor-column elementor-col-100 elementor-top-column elementor-element elementor-element-28f392d\" data-id=\"28f392d\" data-element_type=\"column\">\n\t\t\t<div class=\"elementor-widget-wrap elementor-element-populated\">\n\t\t\t\t\t\t\t\t<div class=\"elementor-element elementor-element-6c41c85 elementor-widget elementor-widget-image\" data-id=\"6c41c85\" data-element_type=\"widget\" data-widget_type=\"image.default\">\n\t\t\t\t<div class=\"elementor-widget-container\">\n\t\t\t<style>\/*! elementor - v3.16.0 - 13-09-2023 *\/\n.elementor-widget-image{text-align:center}.elementor-widget-image a{display:inline-block}.elementor-widget-image a img[src$=\".svg\"]{width:48px}.elementor-widget-image img{vertical-align:middle;display:inline-block}<\/style>\t\t\t\t\t\t\t\t\t\t\t\t<img loading=\"lazy\" decoding=\"async\" width=\"226\" height=\"300\" src=\"https:\/\/itajuba.cam.mg.gov.br\/site\/wp-content\/uploads\/2023\/10\/22-JOSE-GONCALVES-1977-1979-226x300.jpg\" class=\"attachment-medium size-medium wp-image-6461\" alt=\"\" srcset=\"https:\/\/itajuba.cam.mg.gov.br\/site\/wp-content\/uploads\/2023\/10\/22-JOSE-GONCALVES-1977-1979-226x300.jpg 226w, https:\/\/itajuba.cam.mg.gov.br\/site\/wp-content\/uploads\/2023\/10\/22-JOSE-GONCALVES-1977-1979.jpg 549w\" sizes=\"auto, (max-width: 226px) 100vw, 226px\" \/>\t\t\t\t\t\t\t\t\t\t\t\t\t\t\t<\/div>\n\t\t\t\t<\/div>\n\t\t\t\t\t<\/div>\n\t\t<\/div>\n\t\t\t\t\t\t\t<\/div>\n\t\t<\/section>\n\t\t\t\t<section class=\"elementor-section elementor-top-section elementor-element elementor-element-e6d90a1 elementor-section-boxed elementor-section-height-default elementor-section-height-default\" data-id=\"e6d90a1\" data-element_type=\"section\">\n\t\t\t\t\t\t<div class=\"elementor-container elementor-column-gap-default\">\n\t\t\t\t\t<div class=\"elementor-column elementor-col-100 elementor-top-column elementor-element elementor-element-415c2e2\" data-id=\"415c2e2\" data-element_type=\"column\">\n\t\t\t<div class=\"elementor-widget-wrap elementor-element-populated\">\n\t\t\t\t\t\t\t\t<div class=\"elementor-element elementor-element-8e59f37 elementor-widget elementor-widget-text-editor\" data-id=\"8e59f37\" data-element_type=\"widget\" data-widget_type=\"text-editor.default\">\n\t\t\t\t<div class=\"elementor-widget-container\">\n\t\t\t<style>\/*! elementor - v3.16.0 - 13-09-2023 *\/\n.elementor-widget-text-editor.elementor-drop-cap-view-stacked .elementor-drop-cap{background-color:#69727d;color:#fff}.elementor-widget-text-editor.elementor-drop-cap-view-framed .elementor-drop-cap{color:#69727d;border:3px solid;background-color:transparent}.elementor-widget-text-editor:not(.elementor-drop-cap-view-default) .elementor-drop-cap{margin-top:8px}.elementor-widget-text-editor:not(.elementor-drop-cap-view-default) .elementor-drop-cap-letter{width:1em;height:1em}.elementor-widget-text-editor .elementor-drop-cap{float:left;text-align:center;line-height:1;font-size:50px}.elementor-widget-text-editor .elementor-drop-cap-letter{display:inline-block}<\/style>\t\t\t\t<p>Not\u00e1vel progressista, nasceu em Lambari-MG, vindo para Itajub\u00e1 em 1930 com menos de 5 anos de idade. Aqui viveu a maior parte da inf\u00e2ncia e todo o resto de sua vida, raz\u00e3o de considerar Itajub\u00e1 seu ber\u00e7o natal.<\/p><p>Filho do construtor Joaquim Jos\u00e9 Gon\u00e7alves e de D. Maria Joana Gon\u00e7alves. Fez todos os preparat\u00f3rios prim\u00e1rios no ent\u00e3o Grupo Escolar (hoje Escola Estadual) Cel. Carneiro J\u00fanior. De 14 a 23 anos trabalhou com seu pai em constru\u00e7\u00e3o civil, adquirindo grande experi\u00eancia nesse trabalho.<\/p><p>Foi funcion\u00e1rio da Escola Estadual de Agricultura entre 1949 e 1952. Entre 1952 e 1953, trabalhou com o Dr. Pedro Mendes dos Santos, seu cunhado, em obras de Engenharia, em constru\u00e7\u00f5es em Santa Rita do Sapuca\u00ed, onde o Cel. Francisco Moreira pretendia implantar uma escola elementar de Agricultura.<\/p><p>A partir de 1954 passou a trabalhar na OSME (Organiza\u00e7\u00e3o Sul-Mineira de Engenharia Ltda), onde ficou at\u00e9 1961, admitindo-se \u00e0 Unifei (ent\u00e3o EFEI), insititui\u00e7\u00e3o que pertenceu at\u00e9 1985, ano de sua aposentadoria.\u00a0 Jos\u00e9 Gon\u00e7alves foi Vereador no sex\u00eanio 1977-1982 e, por ter sido eleito com maior n\u00famero de votos, foi o presidente da C\u00e2mara em 1977.<\/p><p>Sob sua responsabilidade e administra\u00e7\u00e3o muitas obras foram constru\u00eddas em Itajub\u00e1, entre as quais a Escola de Enfermagem Wenceslau Braz, a Escola Estadual Major Jo\u00e3o Pereira, a Capela da Santa Casa de Miseric\u00f3rdia, alguns pr\u00e9dios na EFEI e v\u00e1rias resid\u00eancias e outros edif\u00edcios.<\/p><p>Crist\u00e3o convicto e caridoso, foi presidente do Conselho Particular Vicentino no per\u00edodo de 1972 a 1975. Muito colaborou com o ent\u00e3o Prefeito Ambr\u00f3sio Pinto em algumas obras assistenciais, como na Funda\u00e7\u00e3o do Albergue do bairro de Anhumas, abrigo este pertencente \u00e0 SSVP (Sociedade de S\u00e3o Vicente de Paulo). Por conta de sua personalidade, Jos\u00e9 Gon\u00e7alves foi tamb\u00e9m fundador de grandes institui\u00e7\u00f5es sociais e de caridade tamb\u00e9m no bairro urbano do Cruzeiro, entre as quais a Creche Irm\u00e3 Maria Auxiliadora, o Clube das M\u00e3es (que, com a presen\u00e7a do fundador, das Irm\u00e3s da Provid\u00eancia e do Prefeito, teve, em mar\u00e7o de 1987, mais um sal\u00e3o inaugurado, que recebeu o nome de \u201cS\u00e3o Jos\u00e9\u201d), e o Postinho de atendimento m\u00e9dico, a que Jos\u00e9 Gon\u00e7alves deu o nome de Dr. Manuel Cintra Barbosa Lima.<\/p><p>Al\u00e9m de sua dedica\u00e7\u00e3o social, Jos\u00e9 Gon\u00e7alves ingressou na vida pol\u00edtica, integrando o Poder Legislativo a partir de 1977, sendo eleito vereador para o sex\u00eanio 1977-1982. Foi, nesse sex\u00eanio, presidente da C\u00e2mara Municipal de Itajub\u00e1 durante o ano de 1977.<\/p><p>Fontes:<\/p><p>&lt;https:\/\/www.oguiadeitajuba.com.br\/Personalidades\/Pers_J\/Jose-Goncalves.php&gt;, acessado em 29\/05\/2023, \u00e0s 14:15.<\/p><p>\u2013 GUIMAR\u00c3ES, Armelim.\u00a0<em>Hist\u00f3ria de Itajub\u00e1<\/em>. Belo Horizonte: Imprensa Oficial, 1987.<\/p>\t\t\t\t\t\t<\/div>\n\t\t\t\t<\/div>\n\t\t\t\t<div class=\"elementor-element elementor-element-4744457 elementor-widget elementor-widget-global elementor-global-6501 elementor-widget-button\" data-id=\"4744457\" data-element_type=\"widget\" data-widget_type=\"button.default\">\n\t\t\t\t<div class=\"elementor-widget-container\">\n\t\t\t\t\t<div class=\"elementor-button-wrapper\">\n\t\t\t<a class=\"elementor-button elementor-button-link elementor-size-sm elementor-animation-shrink\" href=\"https:\/\/itajuba.cam.mg.gov.br\/site\/presidentes\/\">\n\t\t\t\t\t\t<span class=\"elementor-button-content-wrapper\">\n\t\t\t\t\t\t<span class=\"elementor-button-text\">Retornar<\/span>\n\t\t<\/span>\n\t\t\t\t\t<\/a>\n\t\t<\/div>\n\t\t\t\t<\/div>\n\t\t\t\t<\/div>\n\t\t\t\t\t<\/div>\n\t\t<\/div>\n\t\t\t\t\t\t\t<\/div>\n\t\t<\/section>\n\t\t\t\t\t\t\t<\/div>\n\t\t","protected":false},"excerpt":{"rendered":"<p>Not\u00e1vel progressista, nasceu em Lambari-MG, vindo para Itajub\u00e1 em 1930 com menos de 5 anos de idade. Aqui viveu a maior parte da inf\u00e2ncia e todo o resto de sua vida, raz\u00e3o de considerar Itajub\u00e1 seu ber\u00e7o natal. Filho do construtor Joaquim Jos\u00e9 Gon\u00e7alves e de D. Maria Joana Gon\u00e7alves. Fez todos os preparat\u00f3rios prim\u00e1rios [&hellip;]<\/p>\n","protected":false},"author":1,"featured_media":0,"parent":0,"menu_order":0,"comment_status":"closed","ping_status":"closed","template":"","meta":{"footnotes":""},"class_list":["post-6554","page","type-page","status-publish","hentry"],"yoast_head":"<!-- This site is optimized with the Yoast SEO plugin v21.0 - https:\/\/yoast.com\/wordpress\/plugins\/seo\/ -->\n<title>Jos\u00e9 Gon\u00e7alves - C\u00e2mara Municipal de Itajub\u00e1<\/title>\n<meta name=\"robots\" content=\"index, follow, max-snippet:-1, max-image-preview:large, max-video-preview:-1\" \/>\n<link rel=\"canonical\" href=\"https:\/\/itajuba.cam.mg.gov.br\/site\/jose-goncalves\/\" \/>\n<meta property=\"og:locale\" content=\"pt_BR\" \/>\n<meta property=\"og:type\" content=\"article\" \/>\n<meta property=\"og:title\" content=\"Jos\u00e9 Gon\u00e7alves - C\u00e2mara Municipal de Itajub\u00e1\" \/>\n<meta property=\"og:description\" content=\"Not\u00e1vel progressista, nasceu em Lambari-MG, vindo para Itajub\u00e1 em 1930 com menos de 5 anos de idade. Aqui viveu a maior parte da inf\u00e2ncia e todo o resto de sua vida, raz\u00e3o de considerar Itajub\u00e1 seu ber\u00e7o natal. Filho do construtor Joaquim Jos\u00e9 Gon\u00e7alves e de D. Maria Joana Gon\u00e7alves. Fez todos os preparat\u00f3rios prim\u00e1rios [&hellip;]\" \/>\n<meta property=\"og:url\" content=\"https:\/\/itajuba.cam.mg.gov.br\/site\/jose-goncalves\/\" \/>\n<meta property=\"og:site_name\" content=\"C\u00e2mara Municipal de Itajub\u00e1\" \/>\n<meta property=\"article:publisher\" content=\"https:\/\/www.facebook.com\/camaradeitajubaoficial\" \/>\n<meta property=\"article:modified_time\" content=\"2023-10-08T22:30:42+00:00\" \/>\n<meta property=\"og:image\" content=\"https:\/\/itajuba.cam.mg.gov.br\/site\/wp-content\/uploads\/2023\/10\/22-JOSE-GONCALVES-1977-1979-226x300.jpg\" \/>\n<meta name=\"twitter:card\" content=\"summary_large_image\" \/>\n<meta name=\"twitter:label1\" content=\"Est. tempo de leitura\" \/>\n\t<meta name=\"twitter:data1\" content=\"3 minutos\" \/>\n<script type=\"application\/ld+json\" class=\"yoast-schema-graph\">{\"@context\":\"https:\/\/schema.org\",\"@graph\":[{\"@type\":\"WebPage\",\"@id\":\"https:\/\/itajuba.cam.mg.gov.br\/site\/jose-goncalves\/\",\"url\":\"https:\/\/itajuba.cam.mg.gov.br\/site\/jose-goncalves\/\",\"name\":\"Jos\u00e9 Gon\u00e7alves - C\u00e2mara Municipal de Itajub\u00e1\",\"isPartOf\":{\"@id\":\"https:\/\/itajuba.cam.mg.gov.br\/site\/#website\"},\"datePublished\":\"2023-10-08T22:28:21+00:00\",\"dateModified\":\"2023-10-08T22:30:42+00:00\",\"breadcrumb\":{\"@id\":\"https:\/\/itajuba.cam.mg.gov.br\/site\/jose-goncalves\/#breadcrumb\"},\"inLanguage\":\"pt-BR\",\"potentialAction\":[{\"@type\":\"ReadAction\",\"target\":[\"https:\/\/itajuba.cam.mg.gov.br\/site\/jose-goncalves\/\"]}]},{\"@type\":\"BreadcrumbList\",\"@id\":\"https:\/\/itajuba.cam.mg.gov.br\/site\/jose-goncalves\/#breadcrumb\",\"itemListElement\":[{\"@type\":\"ListItem\",\"position\":1,\"name\":\"In\u00edcio\",\"item\":\"https:\/\/itajuba.cam.mg.gov.br\/site\/\"},{\"@type\":\"ListItem\",\"position\":2,\"name\":\"Jos\u00e9 Gon\u00e7alves\"}]},{\"@type\":\"WebSite\",\"@id\":\"https:\/\/itajuba.cam.mg.gov.br\/site\/#website\",\"url\":\"https:\/\/itajuba.cam.mg.gov.br\/site\/\",\"name\":\"C\u00e2mara Municipal de Itajub\u00e1\",\"description\":\"Efici\u00eancia e Transpar\u00eancia\",\"publisher\":{\"@id\":\"https:\/\/itajuba.cam.mg.gov.br\/site\/#organization\"},\"potentialAction\":[{\"@type\":\"SearchAction\",\"target\":{\"@type\":\"EntryPoint\",\"urlTemplate\":\"https:\/\/itajuba.cam.mg.gov.br\/site\/?s={search_term_string}\"},\"query-input\":\"required name=search_term_string\"}],\"inLanguage\":\"pt-BR\"},{\"@type\":\"Organization\",\"@id\":\"https:\/\/itajuba.cam.mg.gov.br\/site\/#organization\",\"name\":\"C\u00e2mara Municipal de Itajub\u00e1\",\"url\":\"https:\/\/itajuba.cam.mg.gov.br\/site\/\",\"logo\":{\"@type\":\"ImageObject\",\"inLanguage\":\"pt-BR\",\"@id\":\"https:\/\/itajuba.cam.mg.gov.br\/site\/#\/schema\/logo\/image\/\",\"url\":\"https:\/\/itajuba.cam.mg.gov.br\/site\/wp-content\/uploads\/2023\/09\/logo_camara_2024.png\",\"contentUrl\":\"https:\/\/itajuba.cam.mg.gov.br\/site\/wp-content\/uploads\/2023\/09\/logo_camara_2024.png\",\"width\":1000,\"height\":385,\"caption\":\"C\u00e2mara Municipal de Itajub\u00e1\"},\"image\":{\"@id\":\"https:\/\/itajuba.cam.mg.gov.br\/site\/#\/schema\/logo\/image\/\"},\"sameAs\":[\"https:\/\/www.facebook.com\/camaradeitajubaoficial\",\"https:\/\/www.instagram.com\/camaradeitajubaoficial\/\",\"https:\/\/www.youtube.com\/user\/TVCAMARAITAJUBA\"]}]}<\/script>\n<!-- \/ Yoast SEO plugin. -->","yoast_head_json":{"title":"Jos\u00e9 Gon\u00e7alves - C\u00e2mara Municipal de Itajub\u00e1","robots":{"index":"index","follow":"follow","max-snippet":"max-snippet:-1","max-image-preview":"max-image-preview:large","max-video-preview":"max-video-preview:-1"},"canonical":"https:\/\/itajuba.cam.mg.gov.br\/site\/jose-goncalves\/","og_locale":"pt_BR","og_type":"article","og_title":"Jos\u00e9 Gon\u00e7alves - C\u00e2mara Municipal de Itajub\u00e1","og_description":"Not\u00e1vel progressista, nasceu em Lambari-MG, vindo para Itajub\u00e1 em 1930 com menos de 5 anos de idade. Aqui viveu a maior parte da inf\u00e2ncia e todo o resto de sua vida, raz\u00e3o de considerar Itajub\u00e1 seu ber\u00e7o natal. Filho do construtor Joaquim Jos\u00e9 Gon\u00e7alves e de D. Maria Joana Gon\u00e7alves. Fez todos os preparat\u00f3rios prim\u00e1rios [&hellip;]","og_url":"https:\/\/itajuba.cam.mg.gov.br\/site\/jose-goncalves\/","og_site_name":"C\u00e2mara Municipal de Itajub\u00e1","article_publisher":"https:\/\/www.facebook.com\/camaradeitajubaoficial","article_modified_time":"2023-10-08T22:30:42+00:00","og_image":[{"url":"https:\/\/itajuba.cam.mg.gov.br\/site\/wp-content\/uploads\/2023\/10\/22-JOSE-GONCALVES-1977-1979-226x300.jpg"}],"twitter_card":"summary_large_image","twitter_misc":{"Est. tempo de leitura":"3 minutos"},"schema":{"@context":"https:\/\/schema.org","@graph":[{"@type":"WebPage","@id":"https:\/\/itajuba.cam.mg.gov.br\/site\/jose-goncalves\/","url":"https:\/\/itajuba.cam.mg.gov.br\/site\/jose-goncalves\/","name":"Jos\u00e9 Gon\u00e7alves - C\u00e2mara Municipal de Itajub\u00e1","isPartOf":{"@id":"https:\/\/itajuba.cam.mg.gov.br\/site\/#website"},"datePublished":"2023-10-08T22:28:21+00:00","dateModified":"2023-10-08T22:30:42+00:00","breadcrumb":{"@id":"https:\/\/itajuba.cam.mg.gov.br\/site\/jose-goncalves\/#breadcrumb"},"inLanguage":"pt-BR","potentialAction":[{"@type":"ReadAction","target":["https:\/\/itajuba.cam.mg.gov.br\/site\/jose-goncalves\/"]}]},{"@type":"BreadcrumbList","@id":"https:\/\/itajuba.cam.mg.gov.br\/site\/jose-goncalves\/#breadcrumb","itemListElement":[{"@type":"ListItem","position":1,"name":"In\u00edcio","item":"https:\/\/itajuba.cam.mg.gov.br\/site\/"},{"@type":"ListItem","position":2,"name":"Jos\u00e9 Gon\u00e7alves"}]},{"@type":"WebSite","@id":"https:\/\/itajuba.cam.mg.gov.br\/site\/#website","url":"https:\/\/itajuba.cam.mg.gov.br\/site\/","name":"C\u00e2mara Municipal de Itajub\u00e1","description":"Efici\u00eancia e Transpar\u00eancia","publisher":{"@id":"https:\/\/itajuba.cam.mg.gov.br\/site\/#organization"},"potentialAction":[{"@type":"SearchAction","target":{"@type":"EntryPoint","urlTemplate":"https:\/\/itajuba.cam.mg.gov.br\/site\/?s={search_term_string}"},"query-input":"required name=search_term_string"}],"inLanguage":"pt-BR"},{"@type":"Organization","@id":"https:\/\/itajuba.cam.mg.gov.br\/site\/#organization","name":"C\u00e2mara Municipal de Itajub\u00e1","url":"https:\/\/itajuba.cam.mg.gov.br\/site\/","logo":{"@type":"ImageObject","inLanguage":"pt-BR","@id":"https:\/\/itajuba.cam.mg.gov.br\/site\/#\/schema\/logo\/image\/","url":"https:\/\/itajuba.cam.mg.gov.br\/site\/wp-content\/uploads\/2023\/09\/logo_camara_2024.png","contentUrl":"https:\/\/itajuba.cam.mg.gov.br\/site\/wp-content\/uploads\/2023\/09\/logo_camara_2024.png","width":1000,"height":385,"caption":"C\u00e2mara Municipal de Itajub\u00e1"},"image":{"@id":"https:\/\/itajuba.cam.mg.gov.br\/site\/#\/schema\/logo\/image\/"},"sameAs":["https:\/\/www.facebook.com\/camaradeitajubaoficial","https:\/\/www.instagram.com\/camaradeitajubaoficial\/","https:\/\/www.youtube.com\/user\/TVCAMARAITAJUBA"]}]}},"_links":{"self":[{"href":"https:\/\/itajuba.cam.mg.gov.br\/site\/wp-json\/wp\/v2\/pages\/6554","targetHints":{"allow":["GET"]}}],"collection":[{"href":"https:\/\/itajuba.cam.mg.gov.br\/site\/wp-json\/wp\/v2\/pages"}],"about":[{"href":"https:\/\/itajuba.cam.mg.gov.br\/site\/wp-json\/wp\/v2\/types\/page"}],"author":[{"embeddable":true,"href":"https:\/\/itajuba.cam.mg.gov.br\/site\/wp-json\/wp\/v2\/users\/1"}],"replies":[{"embeddable":true,"href":"https:\/\/itajuba.cam.mg.gov.br\/site\/wp-json\/wp\/v2\/comments?post=6554"}],"version-history":[{"count":4,"href":"https:\/\/itajuba.cam.mg.gov.br\/site\/wp-json\/wp\/v2\/pages\/6554\/revisions"}],"predecessor-version":[{"id":6558,"href":"https:\/\/itajuba.cam.mg.gov.br\/site\/wp-json\/wp\/v2\/pages\/6554\/revisions\/6558"}],"wp:attachment":[{"href":"https:\/\/itajuba.cam.mg.gov.br\/site\/wp-json\/wp\/v2\/media?parent=6554"}],"curies":[{"name":"wp","href":"https:\/\/api.w.org\/{rel}","templated":true}]}}