{"id":6559,"date":"2023-10-08T22:31:57","date_gmt":"2023-10-08T22:31:57","guid":{"rendered":"https:\/\/itajuba.cam.mg.gov.br\/site\/?page_id=6559"},"modified":"2023-10-08T22:36:10","modified_gmt":"2023-10-08T22:36:10","slug":"jose-aldano-santana","status":"publish","type":"page","link":"https:\/\/itajuba.cam.mg.gov.br\/site\/jose-aldano-santana\/","title":{"rendered":"Jos\u00e9 Aldano Santana"},"content":{"rendered":"\t\t<div data-elementor-type=\"wp-page\" data-elementor-id=\"6559\" class=\"elementor elementor-6559\" data-elementor-post-type=\"page\">\n\t\t\t\t\t\t\t\t\t<section class=\"elementor-section elementor-top-section elementor-element elementor-element-8d755f4 elementor-section-boxed elementor-section-height-default elementor-section-height-default\" data-id=\"8d755f4\" data-element_type=\"section\">\n\t\t\t\t\t\t<div class=\"elementor-container elementor-column-gap-default\">\n\t\t\t\t\t<div class=\"elementor-column elementor-col-100 elementor-top-column elementor-element elementor-element-1ae273c\" data-id=\"1ae273c\" data-element_type=\"column\">\n\t\t\t<div class=\"elementor-widget-wrap elementor-element-populated\">\n\t\t\t\t\t\t\t\t<div class=\"elementor-element elementor-element-2eebed1 elementor-widget elementor-widget-image\" data-id=\"2eebed1\" data-element_type=\"widget\" data-widget_type=\"image.default\">\n\t\t\t\t<div class=\"elementor-widget-container\">\n\t\t\t<style>\/*! elementor - v3.16.0 - 13-09-2023 *\/\n.elementor-widget-image{text-align:center}.elementor-widget-image a{display:inline-block}.elementor-widget-image a img[src$=\".svg\"]{width:48px}.elementor-widget-image img{vertical-align:middle;display:inline-block}<\/style>\t\t\t\t\t\t\t\t\t\t\t\t<img loading=\"lazy\" decoding=\"async\" width=\"226\" height=\"300\" src=\"https:\/\/itajuba.cam.mg.gov.br\/site\/wp-content\/uploads\/2023\/10\/25-JOSE-ALDANO-SANTANA-1980-1981-226x300.jpg\" class=\"attachment-medium size-medium wp-image-6458\" alt=\"\" srcset=\"https:\/\/itajuba.cam.mg.gov.br\/site\/wp-content\/uploads\/2023\/10\/25-JOSE-ALDANO-SANTANA-1980-1981-226x300.jpg 226w, https:\/\/itajuba.cam.mg.gov.br\/site\/wp-content\/uploads\/2023\/10\/25-JOSE-ALDANO-SANTANA-1980-1981.jpg 549w\" sizes=\"auto, (max-width: 226px) 100vw, 226px\" \/>\t\t\t\t\t\t\t\t\t\t\t\t\t\t\t<\/div>\n\t\t\t\t<\/div>\n\t\t\t\t<div class=\"elementor-element elementor-element-f498df8 elementor-widget elementor-widget-text-editor\" data-id=\"f498df8\" data-element_type=\"widget\" data-widget_type=\"text-editor.default\">\n\t\t\t\t<div class=\"elementor-widget-container\">\n\t\t\t<style>\/*! elementor - v3.16.0 - 13-09-2023 *\/\n.elementor-widget-text-editor.elementor-drop-cap-view-stacked .elementor-drop-cap{background-color:#69727d;color:#fff}.elementor-widget-text-editor.elementor-drop-cap-view-framed .elementor-drop-cap{color:#69727d;border:3px solid;background-color:transparent}.elementor-widget-text-editor:not(.elementor-drop-cap-view-default) .elementor-drop-cap{margin-top:8px}.elementor-widget-text-editor:not(.elementor-drop-cap-view-default) .elementor-drop-cap-letter{width:1em;height:1em}.elementor-widget-text-editor .elementor-drop-cap{float:left;text-align:center;line-height:1;font-size:50px}.elementor-widget-text-editor .elementor-drop-cap-letter{display:inline-block}<\/style>\t\t\t\t<p>Jos\u00e9 Aldano Santana era filho do fazendeiro Reinaldo Santana e de D. Frutuosa Aldano, de nacionalidade espanhola. Casou-se com D. Maria Auxiliadora Guimar\u00e3es Santana, com quem teve 11 filhos.<\/p><p>Conhecido por sua seriedade com o trabalho, levava a s\u00e9rio o desempenho de suas atribui\u00e7\u00f5es como funcion\u00e1rio da F\u00e1brica de Armas (ora IMBEL), onde foi chefe do controle de qualidade. Todas as pe\u00e7as produzidas, antes de passarem para a opera\u00e7\u00e3o seguinte, sofriam a calibragem por suas m\u00e3os, e qualquer falha na usinagem eram por ele refugadas. A boa qualidade das armas produzidas na F.I. muito dependia da capacidade de trabalho de Jos\u00e9 Aldano Santana.<\/p><p>Suas atividades em prol de Itajub\u00e1 foram m\u00faltiplas, em obras assistenciais e sociais, em movimentos filantr\u00f3picos e religiosos. Na d\u00e9cada de 1970, foi o 2\u00b0 Tesoureiro do Centro Regional de Itajub\u00e1 da Legi\u00e3o Brasileira de Assist\u00eancia. Foi um dos fundadores dos Cooperadores Salesianos. Na remodela\u00e7\u00e3o do cemit\u00e9rio, providenciou a elabora\u00e7\u00e3o da planta do campo-santo com a localiza\u00e7\u00e3o correta que deveriam ficar os jazigos, auxiliando o Padre Theodoro Kock, vig\u00e1rio da Par\u00f3quia de N. S. da Soledade, na obra de alinhamento desses t\u00famulos, at\u00e9 ent\u00e3o em lament\u00e1vel desordem. Trabalhou ainda para a normaliza\u00e7\u00e3o da propriedade das sepulturas.<\/p><p>Foi um dos fundadores da Associa\u00e7\u00e3o dos Moradores do Bairro S\u00e3o Vicente, e tamb\u00e9m presidente do Itajub\u00e1 T\u00eanis Clube. Cat\u00f3lico convicto, integrou a Adora\u00e7\u00e3o Noturna desde 1930, participou da A\u00e7\u00e3o Cat\u00f3lica (movimento de integra\u00e7\u00e3o da Igreja com a sociedade), e foi um dos primeiros Ministros da Eucaristia, contempor\u00e2neo do saudoso Prof. Gabriel Ferreira Leite na distribui\u00e7\u00e3o do P\u00e3o Eucar\u00edstico.\u00a0<\/p><p>Jos\u00e9 Aldano Santana sempre foi considerado por seus conterr\u00e2neos como exemplar profissional, dedicado pai e marido, ardoroso patriota e crist\u00e3o convicto.<\/p><p>Dedicando-se \u00e0 pol\u00edtica, foram muitos os seus bons servi\u00e7os prestados ao Legislativo itajubense. Foi Vereador no quadri\u00eanio 1963-1966, no bi\u00eanio 1971-1972, no quadri\u00eanio 1973-1976 (neste per\u00edodo, como suplente, foi o substituto do Dr. Erasmo Cardoso, que renunciou). Santana foi ainda reeleito para os sex\u00eanios 1977-1982 e 1983-1988. N\u00e3o chegou ao fim deste \u00faltimo per\u00edodo por ter falecido. Foi o vice-presidente da C\u00e2mara Municipal no bi\u00eanio 1971-1972, e presidente em 1980.\u00a0<\/p><p>Fontes:<\/p><p>&lt;https:\/\/www.oguiadeitajuba.com.br\/Personalidades\/Pers_J\/Jose-Aldano-Santana.php&gt;, acessado em 29\/05\/2023, \u00e0s 14:26.<\/p><p>\u2013 GUIMAR\u00c3ES, Armelim.\u00a0<em>Hist\u00f3ria de Itajub\u00e1<\/em>. Belo Horizonte: Imprensa Oficial, 1987.<\/p>\t\t\t\t\t\t<\/div>\n\t\t\t\t<\/div>\n\t\t\t\t<div class=\"elementor-element elementor-element-1b4ef59 elementor-widget elementor-widget-global elementor-global-6501 elementor-widget-button\" data-id=\"1b4ef59\" data-element_type=\"widget\" data-widget_type=\"button.default\">\n\t\t\t\t<div class=\"elementor-widget-container\">\n\t\t\t\t\t<div class=\"elementor-button-wrapper\">\n\t\t\t<a class=\"elementor-button elementor-button-link elementor-size-sm elementor-animation-shrink\" href=\"https:\/\/itajuba.cam.mg.gov.br\/site\/presidentes\/\">\n\t\t\t\t\t\t<span class=\"elementor-button-content-wrapper\">\n\t\t\t\t\t\t<span class=\"elementor-button-text\">Retornar<\/span>\n\t\t<\/span>\n\t\t\t\t\t<\/a>\n\t\t<\/div>\n\t\t\t\t<\/div>\n\t\t\t\t<\/div>\n\t\t\t\t\t<\/div>\n\t\t<\/div>\n\t\t\t\t\t\t\t<\/div>\n\t\t<\/section>\n\t\t\t\t\t\t\t<\/div>\n\t\t","protected":false},"excerpt":{"rendered":"<p>Jos\u00e9 Aldano Santana era filho do fazendeiro Reinaldo Santana e de D. Frutuosa Aldano, de nacionalidade espanhola. Casou-se com D. Maria Auxiliadora Guimar\u00e3es Santana, com quem teve 11 filhos. Conhecido por sua seriedade com o trabalho, levava a s\u00e9rio o desempenho de suas atribui\u00e7\u00f5es como funcion\u00e1rio da F\u00e1brica de Armas (ora IMBEL), onde foi chefe [&hellip;]<\/p>\n","protected":false},"author":1,"featured_media":0,"parent":0,"menu_order":0,"comment_status":"closed","ping_status":"closed","template":"","meta":{"footnotes":""},"class_list":["post-6559","page","type-page","status-publish","hentry"],"yoast_head":"<!-- This site is optimized with the Yoast SEO plugin v21.0 - https:\/\/yoast.com\/wordpress\/plugins\/seo\/ -->\n<title>Jos\u00e9 Aldano Santana - C\u00e2mara Municipal de Itajub\u00e1<\/title>\n<meta name=\"robots\" content=\"index, follow, max-snippet:-1, max-image-preview:large, max-video-preview:-1\" \/>\n<link rel=\"canonical\" href=\"https:\/\/itajuba.cam.mg.gov.br\/site\/jose-aldano-santana\/\" \/>\n<meta property=\"og:locale\" content=\"pt_BR\" \/>\n<meta property=\"og:type\" content=\"article\" \/>\n<meta property=\"og:title\" content=\"Jos\u00e9 Aldano Santana - C\u00e2mara Municipal de Itajub\u00e1\" \/>\n<meta property=\"og:description\" content=\"Jos\u00e9 Aldano Santana era filho do fazendeiro Reinaldo Santana e de D. Frutuosa Aldano, de nacionalidade espanhola. Casou-se com D. Maria Auxiliadora Guimar\u00e3es Santana, com quem teve 11 filhos. Conhecido por sua seriedade com o trabalho, levava a s\u00e9rio o desempenho de suas atribui\u00e7\u00f5es como funcion\u00e1rio da F\u00e1brica de Armas (ora IMBEL), onde foi chefe [&hellip;]\" \/>\n<meta property=\"og:url\" content=\"https:\/\/itajuba.cam.mg.gov.br\/site\/jose-aldano-santana\/\" \/>\n<meta property=\"og:site_name\" content=\"C\u00e2mara Municipal de Itajub\u00e1\" \/>\n<meta property=\"article:publisher\" content=\"https:\/\/www.facebook.com\/camaradeitajubaoficial\" \/>\n<meta property=\"article:modified_time\" content=\"2023-10-08T22:36:10+00:00\" \/>\n<meta property=\"og:image\" content=\"https:\/\/itajuba.cam.mg.gov.br\/site\/wp-content\/uploads\/2023\/10\/25-JOSE-ALDANO-SANTANA-1980-1981-226x300.jpg\" \/>\n<meta name=\"twitter:card\" content=\"summary_large_image\" \/>\n<meta name=\"twitter:label1\" content=\"Est. tempo de leitura\" \/>\n\t<meta name=\"twitter:data1\" content=\"3 minutos\" \/>\n<script type=\"application\/ld+json\" class=\"yoast-schema-graph\">{\"@context\":\"https:\/\/schema.org\",\"@graph\":[{\"@type\":\"WebPage\",\"@id\":\"https:\/\/itajuba.cam.mg.gov.br\/site\/jose-aldano-santana\/\",\"url\":\"https:\/\/itajuba.cam.mg.gov.br\/site\/jose-aldano-santana\/\",\"name\":\"Jos\u00e9 Aldano Santana - C\u00e2mara Municipal de Itajub\u00e1\",\"isPartOf\":{\"@id\":\"https:\/\/itajuba.cam.mg.gov.br\/site\/#website\"},\"datePublished\":\"2023-10-08T22:31:57+00:00\",\"dateModified\":\"2023-10-08T22:36:10+00:00\",\"breadcrumb\":{\"@id\":\"https:\/\/itajuba.cam.mg.gov.br\/site\/jose-aldano-santana\/#breadcrumb\"},\"inLanguage\":\"pt-BR\",\"potentialAction\":[{\"@type\":\"ReadAction\",\"target\":[\"https:\/\/itajuba.cam.mg.gov.br\/site\/jose-aldano-santana\/\"]}]},{\"@type\":\"BreadcrumbList\",\"@id\":\"https:\/\/itajuba.cam.mg.gov.br\/site\/jose-aldano-santana\/#breadcrumb\",\"itemListElement\":[{\"@type\":\"ListItem\",\"position\":1,\"name\":\"In\u00edcio\",\"item\":\"https:\/\/itajuba.cam.mg.gov.br\/site\/\"},{\"@type\":\"ListItem\",\"position\":2,\"name\":\"Jos\u00e9 Aldano Santana\"}]},{\"@type\":\"WebSite\",\"@id\":\"https:\/\/itajuba.cam.mg.gov.br\/site\/#website\",\"url\":\"https:\/\/itajuba.cam.mg.gov.br\/site\/\",\"name\":\"C\u00e2mara Municipal de Itajub\u00e1\",\"description\":\"Efici\u00eancia e Transpar\u00eancia\",\"publisher\":{\"@id\":\"https:\/\/itajuba.cam.mg.gov.br\/site\/#organization\"},\"potentialAction\":[{\"@type\":\"SearchAction\",\"target\":{\"@type\":\"EntryPoint\",\"urlTemplate\":\"https:\/\/itajuba.cam.mg.gov.br\/site\/?s={search_term_string}\"},\"query-input\":\"required name=search_term_string\"}],\"inLanguage\":\"pt-BR\"},{\"@type\":\"Organization\",\"@id\":\"https:\/\/itajuba.cam.mg.gov.br\/site\/#organization\",\"name\":\"C\u00e2mara Municipal de Itajub\u00e1\",\"url\":\"https:\/\/itajuba.cam.mg.gov.br\/site\/\",\"logo\":{\"@type\":\"ImageObject\",\"inLanguage\":\"pt-BR\",\"@id\":\"https:\/\/itajuba.cam.mg.gov.br\/site\/#\/schema\/logo\/image\/\",\"url\":\"https:\/\/itajuba.cam.mg.gov.br\/site\/wp-content\/uploads\/2023\/09\/logo_camara_2024.png\",\"contentUrl\":\"https:\/\/itajuba.cam.mg.gov.br\/site\/wp-content\/uploads\/2023\/09\/logo_camara_2024.png\",\"width\":1000,\"height\":385,\"caption\":\"C\u00e2mara Municipal de Itajub\u00e1\"},\"image\":{\"@id\":\"https:\/\/itajuba.cam.mg.gov.br\/site\/#\/schema\/logo\/image\/\"},\"sameAs\":[\"https:\/\/www.facebook.com\/camaradeitajubaoficial\",\"https:\/\/www.instagram.com\/camaradeitajubaoficial\/\",\"https:\/\/www.youtube.com\/user\/TVCAMARAITAJUBA\"]}]}<\/script>\n<!-- \/ Yoast SEO plugin. -->","yoast_head_json":{"title":"Jos\u00e9 Aldano Santana - C\u00e2mara Municipal de Itajub\u00e1","robots":{"index":"index","follow":"follow","max-snippet":"max-snippet:-1","max-image-preview":"max-image-preview:large","max-video-preview":"max-video-preview:-1"},"canonical":"https:\/\/itajuba.cam.mg.gov.br\/site\/jose-aldano-santana\/","og_locale":"pt_BR","og_type":"article","og_title":"Jos\u00e9 Aldano Santana - C\u00e2mara Municipal de Itajub\u00e1","og_description":"Jos\u00e9 Aldano Santana era filho do fazendeiro Reinaldo Santana e de D. Frutuosa Aldano, de nacionalidade espanhola. Casou-se com D. Maria Auxiliadora Guimar\u00e3es Santana, com quem teve 11 filhos. Conhecido por sua seriedade com o trabalho, levava a s\u00e9rio o desempenho de suas atribui\u00e7\u00f5es como funcion\u00e1rio da F\u00e1brica de Armas (ora IMBEL), onde foi chefe [&hellip;]","og_url":"https:\/\/itajuba.cam.mg.gov.br\/site\/jose-aldano-santana\/","og_site_name":"C\u00e2mara Municipal de Itajub\u00e1","article_publisher":"https:\/\/www.facebook.com\/camaradeitajubaoficial","article_modified_time":"2023-10-08T22:36:10+00:00","og_image":[{"url":"https:\/\/itajuba.cam.mg.gov.br\/site\/wp-content\/uploads\/2023\/10\/25-JOSE-ALDANO-SANTANA-1980-1981-226x300.jpg"}],"twitter_card":"summary_large_image","twitter_misc":{"Est. tempo de leitura":"3 minutos"},"schema":{"@context":"https:\/\/schema.org","@graph":[{"@type":"WebPage","@id":"https:\/\/itajuba.cam.mg.gov.br\/site\/jose-aldano-santana\/","url":"https:\/\/itajuba.cam.mg.gov.br\/site\/jose-aldano-santana\/","name":"Jos\u00e9 Aldano Santana - C\u00e2mara Municipal de Itajub\u00e1","isPartOf":{"@id":"https:\/\/itajuba.cam.mg.gov.br\/site\/#website"},"datePublished":"2023-10-08T22:31:57+00:00","dateModified":"2023-10-08T22:36:10+00:00","breadcrumb":{"@id":"https:\/\/itajuba.cam.mg.gov.br\/site\/jose-aldano-santana\/#breadcrumb"},"inLanguage":"pt-BR","potentialAction":[{"@type":"ReadAction","target":["https:\/\/itajuba.cam.mg.gov.br\/site\/jose-aldano-santana\/"]}]},{"@type":"BreadcrumbList","@id":"https:\/\/itajuba.cam.mg.gov.br\/site\/jose-aldano-santana\/#breadcrumb","itemListElement":[{"@type":"ListItem","position":1,"name":"In\u00edcio","item":"https:\/\/itajuba.cam.mg.gov.br\/site\/"},{"@type":"ListItem","position":2,"name":"Jos\u00e9 Aldano Santana"}]},{"@type":"WebSite","@id":"https:\/\/itajuba.cam.mg.gov.br\/site\/#website","url":"https:\/\/itajuba.cam.mg.gov.br\/site\/","name":"C\u00e2mara Municipal de Itajub\u00e1","description":"Efici\u00eancia e Transpar\u00eancia","publisher":{"@id":"https:\/\/itajuba.cam.mg.gov.br\/site\/#organization"},"potentialAction":[{"@type":"SearchAction","target":{"@type":"EntryPoint","urlTemplate":"https:\/\/itajuba.cam.mg.gov.br\/site\/?s={search_term_string}"},"query-input":"required name=search_term_string"}],"inLanguage":"pt-BR"},{"@type":"Organization","@id":"https:\/\/itajuba.cam.mg.gov.br\/site\/#organization","name":"C\u00e2mara Municipal de Itajub\u00e1","url":"https:\/\/itajuba.cam.mg.gov.br\/site\/","logo":{"@type":"ImageObject","inLanguage":"pt-BR","@id":"https:\/\/itajuba.cam.mg.gov.br\/site\/#\/schema\/logo\/image\/","url":"https:\/\/itajuba.cam.mg.gov.br\/site\/wp-content\/uploads\/2023\/09\/logo_camara_2024.png","contentUrl":"https:\/\/itajuba.cam.mg.gov.br\/site\/wp-content\/uploads\/2023\/09\/logo_camara_2024.png","width":1000,"height":385,"caption":"C\u00e2mara Municipal de Itajub\u00e1"},"image":{"@id":"https:\/\/itajuba.cam.mg.gov.br\/site\/#\/schema\/logo\/image\/"},"sameAs":["https:\/\/www.facebook.com\/camaradeitajubaoficial","https:\/\/www.instagram.com\/camaradeitajubaoficial\/","https:\/\/www.youtube.com\/user\/TVCAMARAITAJUBA"]}]}},"_links":{"self":[{"href":"https:\/\/itajuba.cam.mg.gov.br\/site\/wp-json\/wp\/v2\/pages\/6559","targetHints":{"allow":["GET"]}}],"collection":[{"href":"https:\/\/itajuba.cam.mg.gov.br\/site\/wp-json\/wp\/v2\/pages"}],"about":[{"href":"https:\/\/itajuba.cam.mg.gov.br\/site\/wp-json\/wp\/v2\/types\/page"}],"author":[{"embeddable":true,"href":"https:\/\/itajuba.cam.mg.gov.br\/site\/wp-json\/wp\/v2\/users\/1"}],"replies":[{"embeddable":true,"href":"https:\/\/itajuba.cam.mg.gov.br\/site\/wp-json\/wp\/v2\/comments?post=6559"}],"version-history":[{"count":4,"href":"https:\/\/itajuba.cam.mg.gov.br\/site\/wp-json\/wp\/v2\/pages\/6559\/revisions"}],"predecessor-version":[{"id":6563,"href":"https:\/\/itajuba.cam.mg.gov.br\/site\/wp-json\/wp\/v2\/pages\/6559\/revisions\/6563"}],"wp:attachment":[{"href":"https:\/\/itajuba.cam.mg.gov.br\/site\/wp-json\/wp\/v2\/media?parent=6559"}],"curies":[{"name":"wp","href":"https:\/\/api.w.org\/{rel}","templated":true}]}}