{"id":6574,"date":"2023-10-08T22:43:27","date_gmt":"2023-10-08T22:43:27","guid":{"rendered":"https:\/\/itajuba.cam.mg.gov.br\/site\/?page_id=6574"},"modified":"2024-12-20T17:58:09","modified_gmt":"2024-12-20T17:58:09","slug":"marcelo-krauss-rezende","status":"publish","type":"page","link":"https:\/\/itajuba.cam.mg.gov.br\/site\/marcelo-krauss-rezende\/","title":{"rendered":"Marcelo Krauss Rezende"},"content":{"rendered":"\t\t<div data-elementor-type=\"wp-page\" data-elementor-id=\"6574\" class=\"elementor elementor-6574\" data-elementor-post-type=\"page\">\n\t\t\t\t\t\t\t\t\t<section class=\"elementor-section elementor-top-section elementor-element elementor-element-44f168b elementor-section-boxed elementor-section-height-default elementor-section-height-default\" data-id=\"44f168b\" data-element_type=\"section\">\n\t\t\t\t\t\t<div class=\"elementor-container elementor-column-gap-default\">\n\t\t\t\t\t<div class=\"elementor-column elementor-col-100 elementor-top-column elementor-element elementor-element-b5ebb85\" data-id=\"b5ebb85\" data-element_type=\"column\">\n\t\t\t<div class=\"elementor-widget-wrap elementor-element-populated\">\n\t\t\t\t\t\t\t\t<div class=\"elementor-element elementor-element-5b7b3e2 elementor-widget elementor-widget-image\" data-id=\"5b7b3e2\" data-element_type=\"widget\" data-widget_type=\"image.default\">\n\t\t\t\t<div class=\"elementor-widget-container\">\n\t\t\t<style>\/*! elementor - v3.16.0 - 13-09-2023 *\/\n.elementor-widget-image{text-align:center}.elementor-widget-image a{display:inline-block}.elementor-widget-image a img[src$=\".svg\"]{width:48px}.elementor-widget-image img{vertical-align:middle;display:inline-block}<\/style>\t\t\t\t\t\t\t\t\t\t\t\t<img loading=\"lazy\" decoding=\"async\" width=\"226\" height=\"300\" src=\"https:\/\/itajuba.cam.mg.gov.br\/site\/wp-content\/uploads\/2023\/10\/marcelo_presidente-1155x1536-1-226x300.png\" class=\"attachment-medium size-medium wp-image-6439\" alt=\"\" srcset=\"https:\/\/itajuba.cam.mg.gov.br\/site\/wp-content\/uploads\/2023\/10\/marcelo_presidente-1155x1536-1-226x300.png 226w, https:\/\/itajuba.cam.mg.gov.br\/site\/wp-content\/uploads\/2023\/10\/marcelo_presidente-1155x1536-1-770x1024.png 770w, https:\/\/itajuba.cam.mg.gov.br\/site\/wp-content\/uploads\/2023\/10\/marcelo_presidente-1155x1536-1-768x1021.png 768w, https:\/\/itajuba.cam.mg.gov.br\/site\/wp-content\/uploads\/2023\/10\/marcelo_presidente-1155x1536-1.png 1155w\" sizes=\"auto, (max-width: 226px) 100vw, 226px\" \/>\t\t\t\t\t\t\t\t\t\t\t\t\t\t\t<\/div>\n\t\t\t\t<\/div>\n\t\t\t\t<div class=\"elementor-element elementor-element-73b8331 elementor-widget elementor-widget-text-editor\" data-id=\"73b8331\" data-element_type=\"widget\" data-widget_type=\"text-editor.default\">\n\t\t\t\t<div class=\"elementor-widget-container\">\n\t\t\t<style>\/*! elementor - v3.16.0 - 13-09-2023 *\/\n.elementor-widget-text-editor.elementor-drop-cap-view-stacked .elementor-drop-cap{background-color:#69727d;color:#fff}.elementor-widget-text-editor.elementor-drop-cap-view-framed .elementor-drop-cap{color:#69727d;border:3px solid;background-color:transparent}.elementor-widget-text-editor:not(.elementor-drop-cap-view-default) .elementor-drop-cap{margin-top:8px}.elementor-widget-text-editor:not(.elementor-drop-cap-view-default) .elementor-drop-cap-letter{width:1em;height:1em}.elementor-widget-text-editor .elementor-drop-cap{float:left;text-align:center;line-height:1;font-size:50px}.elementor-widget-text-editor .elementor-drop-cap-letter{display:inline-block}<\/style>\t\t\t\t<p>Marcelo Krauss Rezende nasceu em 7 de setembro de 1971, na cidade de Po\u00e7os de Caldas, Minas Gerais. Ele \u00e9 filho de Jos\u00e9 Renato Moura Rezende e Marcela Krauss Rezende e tem duas irm\u00e3s, Renata e Luciana, al\u00e9m de dois sobrinhos, Gustavo e Larissa.<\/p><p>Devido \u00e0 carreira de seu pai como Promotor de Justi\u00e7a, Marcelo teve a oportunidade de viver em diversas cidades at\u00e9 se estabelecer em Itajub\u00e1, em 1979. Aqui, ele completou sua forma\u00e7\u00e3o acad\u00eamica em institui\u00e7\u00f5es renomadas, como o Col\u00e9gio Sagrado Cora\u00e7\u00e3o de Jesus, Escola Estadual Major Jo\u00e3o Pereira, Col\u00e9gio XIX de Mar\u00e7o e Caro Objetivo. Em 1990, prestou vestibular para Direito na PUC-Campinas, onde se formou em 1994.<\/p><p>Ap\u00f3s concluir a faculdade e com a OAB na m\u00e3o, Marcelo iniciou sua trajet\u00f3ria profissional em Campinas-SP, atuando no escrit\u00f3rio Crivelli Advogados Associados. Posteriormente, transferiu-se para S\u00e3o Paulo-SP, onde trabalhou em grandes empresas do setor comercial, como Tok&amp;Stok, Magazine Luiza e Mobly.<\/p><p>Em 2013, Marcelo retornou a Itajub\u00e1 e fundou sua microempresa, a Haus M\u00f3veis. Nela, representa f\u00e1bricas de m\u00f3veis e desenvolve produtos que s\u00e3o vendidos para grandes varejistas em todo o Brasil. Desde ent\u00e3o, ele tem se envolvido ativamente na vida comunit\u00e1ria da cidade, exercendo pap\u00e9is importantes como Presidente da Associa\u00e7\u00e3o dos Moradores do BPS e membro do Lions Clube.<\/p><p>Na elei\u00e7\u00e3o de 2016, Marcelo foi eleito vereador com 677 votos, destacando-se como o oitavo mais votado entre os 17 eleitos. Em 2020, foi reeleito com 894 votos, tornando-se o quinto vereador mais votado entre os 11 que assumiram. Na elei\u00e7\u00e3o de 2024 Marcelo Krauss obteve 437 votos, por\u00e9m n\u00e3o se elegeu para a terceira legislatura consecutiva.<\/p><p>Marcelo sempre defendeu a fiscaliza\u00e7\u00e3o como sua principal bandeira. Durante seu mandato na C\u00e2mara Municipal, ele se dedicou a garantir a transpar\u00eancia no uso do dinheiro p\u00fablico e apresentou projetos de lei significativos.<\/p><p>No bi\u00eanio 2023\/2024, Marcelo ocupou a presid\u00eancia da C\u00e2mara Municipal de Itajub\u00e1. Sua gest\u00e3o foi marcada por iniciativas inovadoras voltadas \u00e0 moderniza\u00e7\u00e3o da Casa Legislativa. Ele prop\u00f4s e aprovou leis que estabeleceram uma nova Estrutura Organizacional B\u00e1sica e um Plano de Cargos e Carreiras para o Legislativo. Essas mudan\u00e7as possibilitaram a realiza\u00e7\u00e3o do esperado Concurso P\u00fablico da C\u00e2mara Municipal, promovendo uma administra\u00e7\u00e3o p\u00fablica mais eficiente e alinhada \u00e0s recomenda\u00e7\u00f5es do Minist\u00e9rio P\u00fablico e do Tribunal de Contas do Estado (TCE-MG).<\/p><p>Al\u00e9m disso, Marcelo prop\u00f4s a atualiza\u00e7\u00e3o do Regimento Interno e revitalizou o programa de est\u00e1gios da C\u00e2mara. Ele tamb\u00e9m introduziu a nova Lei de Licita\u00e7\u00f5es (Lei n\u00ba 14.133) e modernizou a comunica\u00e7\u00e3o com a sociedade atrav\u00e9s da cria\u00e7\u00e3o de um novo site institucional interativo e do aprimoramento da TV C\u00e2mara Itajub\u00e1 com novos programas como o Podcast C\u00e2mara Itajub\u00e1 e o Giro de Not\u00edcias, telejornal que traz um resumo semanal das atividades do Legislativo itajubense.<\/p><p>A cultura tamb\u00e9m recebeu aten\u00e7\u00e3o especial durante sua gest\u00e3o. Marcelo estabeleceu um acordo com a Academia Itajubense de Letras (AIL) para criar o programa Papo Liter\u00e1rio e lan\u00e7ou o projeto Reminisc\u00eancias Fotogr\u00e1ficas para resgatar a hist\u00f3ria local atrav\u00e9s de imagens antigas. Recuperou os trabalhos do C\u00e2mara Coral e criou a Cantata de Inverno, um espet\u00e1culo musical realizado no m\u00eas de julho que re\u00fane corais de Itajub\u00e1 e regi\u00e3o celebrando a chegada do inverno.<\/p><p>Marcelo n\u00e3o esqueceu do patrim\u00f4nio hist\u00f3rico da cidade; ele desapropriou uma casa centen\u00e1ria ao lado da C\u00e2mara Municipal para transform\u00e1-la na Escola do Legislativo e iniciou o projeto arquitet\u00f4nico para a reforma da Pra\u00e7a Am\u00e9lia Braga, onde fica a sede do Legislativo, a fim de restaurar seu formato, valorizando a hist\u00f3ria deste logradouro para a cidade de Itajub\u00e1.<\/p><p>Seu legado ser\u00e1 lembrado por sua gest\u00e3o transparente e eficiente no gerenciamento dos recursos p\u00fablicos e pelo compromisso com um servi\u00e7o p\u00fablico de qualidade em benef\u00edcio dos cidad\u00e3os itajubenses.<\/p>\t\t\t\t\t\t<\/div>\n\t\t\t\t<\/div>\n\t\t\t\t<div class=\"elementor-element elementor-element-e43eded elementor-widget elementor-widget-global elementor-global-6501 elementor-widget-button\" data-id=\"e43eded\" data-element_type=\"widget\" data-widget_type=\"button.default\">\n\t\t\t\t<div class=\"elementor-widget-container\">\n\t\t\t\t\t<div class=\"elementor-button-wrapper\">\n\t\t\t<a class=\"elementor-button elementor-button-link elementor-size-sm elementor-animation-shrink\" href=\"https:\/\/itajuba.cam.mg.gov.br\/site\/presidentes\/\">\n\t\t\t\t\t\t<span class=\"elementor-button-content-wrapper\">\n\t\t\t\t\t\t<span class=\"elementor-button-text\">Retornar<\/span>\n\t\t<\/span>\n\t\t\t\t\t<\/a>\n\t\t<\/div>\n\t\t\t\t<\/div>\n\t\t\t\t<\/div>\n\t\t\t\t\t<\/div>\n\t\t<\/div>\n\t\t\t\t\t\t\t<\/div>\n\t\t<\/section>\n\t\t\t\t\t\t\t<\/div>\n\t\t","protected":false},"excerpt":{"rendered":"<p>Marcelo Krauss Rezende nasceu em 7 de setembro de 1971, na cidade de Po\u00e7os de Caldas, Minas Gerais. Ele \u00e9 filho de Jos\u00e9 Renato Moura Rezende e Marcela Krauss Rezende e tem duas irm\u00e3s, Renata e Luciana, al\u00e9m de dois sobrinhos, Gustavo e Larissa. Devido \u00e0 carreira de seu pai como Promotor de Justi\u00e7a, Marcelo [&hellip;]<\/p>\n","protected":false},"author":1,"featured_media":0,"parent":0,"menu_order":0,"comment_status":"closed","ping_status":"closed","template":"","meta":{"footnotes":""},"class_list":["post-6574","page","type-page","status-publish","hentry"],"yoast_head":"<!-- This site is optimized with the Yoast SEO plugin v21.0 - https:\/\/yoast.com\/wordpress\/plugins\/seo\/ -->\n<title>Marcelo Krauss Rezende - C\u00e2mara Municipal de Itajub\u00e1<\/title>\n<meta name=\"robots\" content=\"index, follow, max-snippet:-1, max-image-preview:large, max-video-preview:-1\" \/>\n<link rel=\"canonical\" href=\"https:\/\/itajuba.cam.mg.gov.br\/site\/marcelo-krauss-rezende\/\" \/>\n<meta property=\"og:locale\" content=\"pt_BR\" \/>\n<meta property=\"og:type\" content=\"article\" \/>\n<meta property=\"og:title\" content=\"Marcelo Krauss Rezende - C\u00e2mara Municipal de Itajub\u00e1\" \/>\n<meta property=\"og:description\" content=\"Marcelo Krauss Rezende nasceu em 7 de setembro de 1971, na cidade de Po\u00e7os de Caldas, Minas Gerais. Ele \u00e9 filho de Jos\u00e9 Renato Moura Rezende e Marcela Krauss Rezende e tem duas irm\u00e3s, Renata e Luciana, al\u00e9m de dois sobrinhos, Gustavo e Larissa. Devido \u00e0 carreira de seu pai como Promotor de Justi\u00e7a, Marcelo [&hellip;]\" \/>\n<meta property=\"og:url\" content=\"https:\/\/itajuba.cam.mg.gov.br\/site\/marcelo-krauss-rezende\/\" \/>\n<meta property=\"og:site_name\" content=\"C\u00e2mara Municipal de Itajub\u00e1\" \/>\n<meta property=\"article:publisher\" content=\"https:\/\/www.facebook.com\/camaradeitajubaoficial\" \/>\n<meta property=\"article:modified_time\" content=\"2024-12-20T17:58:09+00:00\" \/>\n<meta property=\"og:image\" content=\"https:\/\/itajuba.cam.mg.gov.br\/site\/wp-content\/uploads\/2023\/10\/marcelo_presidente-1155x1536-1-226x300.png\" \/>\n<meta name=\"twitter:card\" content=\"summary_large_image\" \/>\n<meta name=\"twitter:label1\" content=\"Est. tempo de leitura\" \/>\n\t<meta name=\"twitter:data1\" content=\"4 minutos\" \/>\n<script type=\"application\/ld+json\" class=\"yoast-schema-graph\">{\"@context\":\"https:\/\/schema.org\",\"@graph\":[{\"@type\":\"WebPage\",\"@id\":\"https:\/\/itajuba.cam.mg.gov.br\/site\/marcelo-krauss-rezende\/\",\"url\":\"https:\/\/itajuba.cam.mg.gov.br\/site\/marcelo-krauss-rezende\/\",\"name\":\"Marcelo Krauss Rezende - C\u00e2mara Municipal de Itajub\u00e1\",\"isPartOf\":{\"@id\":\"https:\/\/itajuba.cam.mg.gov.br\/site\/#website\"},\"datePublished\":\"2023-10-08T22:43:27+00:00\",\"dateModified\":\"2024-12-20T17:58:09+00:00\",\"breadcrumb\":{\"@id\":\"https:\/\/itajuba.cam.mg.gov.br\/site\/marcelo-krauss-rezende\/#breadcrumb\"},\"inLanguage\":\"pt-BR\",\"potentialAction\":[{\"@type\":\"ReadAction\",\"target\":[\"https:\/\/itajuba.cam.mg.gov.br\/site\/marcelo-krauss-rezende\/\"]}]},{\"@type\":\"BreadcrumbList\",\"@id\":\"https:\/\/itajuba.cam.mg.gov.br\/site\/marcelo-krauss-rezende\/#breadcrumb\",\"itemListElement\":[{\"@type\":\"ListItem\",\"position\":1,\"name\":\"In\u00edcio\",\"item\":\"https:\/\/itajuba.cam.mg.gov.br\/site\/\"},{\"@type\":\"ListItem\",\"position\":2,\"name\":\"Marcelo Krauss Rezende\"}]},{\"@type\":\"WebSite\",\"@id\":\"https:\/\/itajuba.cam.mg.gov.br\/site\/#website\",\"url\":\"https:\/\/itajuba.cam.mg.gov.br\/site\/\",\"name\":\"C\u00e2mara Municipal de Itajub\u00e1\",\"description\":\"Efici\u00eancia e Transpar\u00eancia\",\"publisher\":{\"@id\":\"https:\/\/itajuba.cam.mg.gov.br\/site\/#organization\"},\"potentialAction\":[{\"@type\":\"SearchAction\",\"target\":{\"@type\":\"EntryPoint\",\"urlTemplate\":\"https:\/\/itajuba.cam.mg.gov.br\/site\/?s={search_term_string}\"},\"query-input\":\"required name=search_term_string\"}],\"inLanguage\":\"pt-BR\"},{\"@type\":\"Organization\",\"@id\":\"https:\/\/itajuba.cam.mg.gov.br\/site\/#organization\",\"name\":\"C\u00e2mara Municipal de Itajub\u00e1\",\"url\":\"https:\/\/itajuba.cam.mg.gov.br\/site\/\",\"logo\":{\"@type\":\"ImageObject\",\"inLanguage\":\"pt-BR\",\"@id\":\"https:\/\/itajuba.cam.mg.gov.br\/site\/#\/schema\/logo\/image\/\",\"url\":\"https:\/\/itajuba.cam.mg.gov.br\/site\/wp-content\/uploads\/2023\/09\/logo_camara_2024.png\",\"contentUrl\":\"https:\/\/itajuba.cam.mg.gov.br\/site\/wp-content\/uploads\/2023\/09\/logo_camara_2024.png\",\"width\":1000,\"height\":385,\"caption\":\"C\u00e2mara Municipal de Itajub\u00e1\"},\"image\":{\"@id\":\"https:\/\/itajuba.cam.mg.gov.br\/site\/#\/schema\/logo\/image\/\"},\"sameAs\":[\"https:\/\/www.facebook.com\/camaradeitajubaoficial\",\"https:\/\/www.instagram.com\/camaradeitajubaoficial\/\",\"https:\/\/www.youtube.com\/user\/TVCAMARAITAJUBA\"]}]}<\/script>\n<!-- \/ Yoast SEO plugin. -->","yoast_head_json":{"title":"Marcelo Krauss Rezende - C\u00e2mara Municipal de Itajub\u00e1","robots":{"index":"index","follow":"follow","max-snippet":"max-snippet:-1","max-image-preview":"max-image-preview:large","max-video-preview":"max-video-preview:-1"},"canonical":"https:\/\/itajuba.cam.mg.gov.br\/site\/marcelo-krauss-rezende\/","og_locale":"pt_BR","og_type":"article","og_title":"Marcelo Krauss Rezende - C\u00e2mara Municipal de Itajub\u00e1","og_description":"Marcelo Krauss Rezende nasceu em 7 de setembro de 1971, na cidade de Po\u00e7os de Caldas, Minas Gerais. Ele \u00e9 filho de Jos\u00e9 Renato Moura Rezende e Marcela Krauss Rezende e tem duas irm\u00e3s, Renata e Luciana, al\u00e9m de dois sobrinhos, Gustavo e Larissa. Devido \u00e0 carreira de seu pai como Promotor de Justi\u00e7a, Marcelo [&hellip;]","og_url":"https:\/\/itajuba.cam.mg.gov.br\/site\/marcelo-krauss-rezende\/","og_site_name":"C\u00e2mara Municipal de Itajub\u00e1","article_publisher":"https:\/\/www.facebook.com\/camaradeitajubaoficial","article_modified_time":"2024-12-20T17:58:09+00:00","og_image":[{"url":"https:\/\/itajuba.cam.mg.gov.br\/site\/wp-content\/uploads\/2023\/10\/marcelo_presidente-1155x1536-1-226x300.png"}],"twitter_card":"summary_large_image","twitter_misc":{"Est. tempo de leitura":"4 minutos"},"schema":{"@context":"https:\/\/schema.org","@graph":[{"@type":"WebPage","@id":"https:\/\/itajuba.cam.mg.gov.br\/site\/marcelo-krauss-rezende\/","url":"https:\/\/itajuba.cam.mg.gov.br\/site\/marcelo-krauss-rezende\/","name":"Marcelo Krauss Rezende - C\u00e2mara Municipal de Itajub\u00e1","isPartOf":{"@id":"https:\/\/itajuba.cam.mg.gov.br\/site\/#website"},"datePublished":"2023-10-08T22:43:27+00:00","dateModified":"2024-12-20T17:58:09+00:00","breadcrumb":{"@id":"https:\/\/itajuba.cam.mg.gov.br\/site\/marcelo-krauss-rezende\/#breadcrumb"},"inLanguage":"pt-BR","potentialAction":[{"@type":"ReadAction","target":["https:\/\/itajuba.cam.mg.gov.br\/site\/marcelo-krauss-rezende\/"]}]},{"@type":"BreadcrumbList","@id":"https:\/\/itajuba.cam.mg.gov.br\/site\/marcelo-krauss-rezende\/#breadcrumb","itemListElement":[{"@type":"ListItem","position":1,"name":"In\u00edcio","item":"https:\/\/itajuba.cam.mg.gov.br\/site\/"},{"@type":"ListItem","position":2,"name":"Marcelo Krauss Rezende"}]},{"@type":"WebSite","@id":"https:\/\/itajuba.cam.mg.gov.br\/site\/#website","url":"https:\/\/itajuba.cam.mg.gov.br\/site\/","name":"C\u00e2mara Municipal de Itajub\u00e1","description":"Efici\u00eancia e Transpar\u00eancia","publisher":{"@id":"https:\/\/itajuba.cam.mg.gov.br\/site\/#organization"},"potentialAction":[{"@type":"SearchAction","target":{"@type":"EntryPoint","urlTemplate":"https:\/\/itajuba.cam.mg.gov.br\/site\/?s={search_term_string}"},"query-input":"required name=search_term_string"}],"inLanguage":"pt-BR"},{"@type":"Organization","@id":"https:\/\/itajuba.cam.mg.gov.br\/site\/#organization","name":"C\u00e2mara Municipal de Itajub\u00e1","url":"https:\/\/itajuba.cam.mg.gov.br\/site\/","logo":{"@type":"ImageObject","inLanguage":"pt-BR","@id":"https:\/\/itajuba.cam.mg.gov.br\/site\/#\/schema\/logo\/image\/","url":"https:\/\/itajuba.cam.mg.gov.br\/site\/wp-content\/uploads\/2023\/09\/logo_camara_2024.png","contentUrl":"https:\/\/itajuba.cam.mg.gov.br\/site\/wp-content\/uploads\/2023\/09\/logo_camara_2024.png","width":1000,"height":385,"caption":"C\u00e2mara Municipal de Itajub\u00e1"},"image":{"@id":"https:\/\/itajuba.cam.mg.gov.br\/site\/#\/schema\/logo\/image\/"},"sameAs":["https:\/\/www.facebook.com\/camaradeitajubaoficial","https:\/\/www.instagram.com\/camaradeitajubaoficial\/","https:\/\/www.youtube.com\/user\/TVCAMARAITAJUBA"]}]}},"_links":{"self":[{"href":"https:\/\/itajuba.cam.mg.gov.br\/site\/wp-json\/wp\/v2\/pages\/6574","targetHints":{"allow":["GET"]}}],"collection":[{"href":"https:\/\/itajuba.cam.mg.gov.br\/site\/wp-json\/wp\/v2\/pages"}],"about":[{"href":"https:\/\/itajuba.cam.mg.gov.br\/site\/wp-json\/wp\/v2\/types\/page"}],"author":[{"embeddable":true,"href":"https:\/\/itajuba.cam.mg.gov.br\/site\/wp-json\/wp\/v2\/users\/1"}],"replies":[{"embeddable":true,"href":"https:\/\/itajuba.cam.mg.gov.br\/site\/wp-json\/wp\/v2\/comments?post=6574"}],"version-history":[{"count":16,"href":"https:\/\/itajuba.cam.mg.gov.br\/site\/wp-json\/wp\/v2\/pages\/6574\/revisions"}],"predecessor-version":[{"id":13481,"href":"https:\/\/itajuba.cam.mg.gov.br\/site\/wp-json\/wp\/v2\/pages\/6574\/revisions\/13481"}],"wp:attachment":[{"href":"https:\/\/itajuba.cam.mg.gov.br\/site\/wp-json\/wp\/v2\/media?parent=6574"}],"curies":[{"name":"wp","href":"https:\/\/api.w.org\/{rel}","templated":true}]}}