{"id":6803,"date":"2023-10-09T21:44:52","date_gmt":"2023-10-09T21:44:52","guid":{"rendered":"https:\/\/itajuba.cam.mg.gov.br\/site\/?page_id=6803"},"modified":"2023-10-09T21:45:53","modified_gmt":"2023-10-09T21:45:53","slug":"19a-legislatura-trienio-1916-1918","status":"publish","type":"page","link":"https:\/\/itajuba.cam.mg.gov.br\/site\/19a-legislatura-trienio-1916-1918\/","title":{"rendered":"19\u00aa Legislatura, tri\u00eanio 1916-1918"},"content":{"rendered":"\t\t<div data-elementor-type=\"wp-page\" data-elementor-id=\"6803\" class=\"elementor elementor-6803\" data-elementor-post-type=\"page\">\n\t\t\t\t\t\t\t\t\t<section class=\"elementor-section elementor-top-section elementor-element elementor-element-6159ecea elementor-section-boxed elementor-section-height-default elementor-section-height-default\" data-id=\"6159ecea\" data-element_type=\"section\">\n\t\t\t\t\t\t<div class=\"elementor-container elementor-column-gap-default\">\n\t\t\t\t\t<div class=\"elementor-column elementor-col-100 elementor-top-column elementor-element elementor-element-5427d553\" data-id=\"5427d553\" data-element_type=\"column\">\n\t\t\t<div class=\"elementor-widget-wrap elementor-element-populated\">\n\t\t\t\t\t\t\t\t<div class=\"elementor-element elementor-element-5cb60330 elementor-widget elementor-widget-heading\" data-id=\"5cb60330\" data-element_type=\"widget\" data-widget_type=\"heading.default\">\n\t\t\t\t<div class=\"elementor-widget-container\">\n\t\t\t<style>\/*! elementor - v3.16.0 - 13-09-2023 *\/\n.elementor-heading-title{padding:0;margin:0;line-height:1}.elementor-widget-heading .elementor-heading-title[class*=elementor-size-]>a{color:inherit;font-size:inherit;line-height:inherit}.elementor-widget-heading .elementor-heading-title.elementor-size-small{font-size:15px}.elementor-widget-heading .elementor-heading-title.elementor-size-medium{font-size:19px}.elementor-widget-heading .elementor-heading-title.elementor-size-large{font-size:29px}.elementor-widget-heading .elementor-heading-title.elementor-size-xl{font-size:39px}.elementor-widget-heading .elementor-heading-title.elementor-size-xxl{font-size:59px}<\/style><h4 class=\"elementor-heading-title elementor-size-default\">Vereadores<\/h4>\t\t<\/div>\n\t\t\t\t<\/div>\n\t\t\t\t<div class=\"elementor-element elementor-element-bcfe993 elementor-widget elementor-widget-text-editor\" data-id=\"bcfe993\" data-element_type=\"widget\" data-widget_type=\"text-editor.default\">\n\t\t\t\t<div class=\"elementor-widget-container\">\n\t\t\t<style>\/*! elementor - v3.16.0 - 13-09-2023 *\/\n.elementor-widget-text-editor.elementor-drop-cap-view-stacked .elementor-drop-cap{background-color:#69727d;color:#fff}.elementor-widget-text-editor.elementor-drop-cap-view-framed .elementor-drop-cap{color:#69727d;border:3px solid;background-color:transparent}.elementor-widget-text-editor:not(.elementor-drop-cap-view-default) .elementor-drop-cap{margin-top:8px}.elementor-widget-text-editor:not(.elementor-drop-cap-view-default) .elementor-drop-cap-letter{width:1em;height:1em}.elementor-widget-text-editor .elementor-drop-cap{float:left;text-align:center;line-height:1;font-size:50px}.elementor-widget-text-editor .elementor-drop-cap-letter{display:inline-block}<\/style>\t\t\t\t<p class=\"has-text-align-center\" style=\"text-align: left;\">Jorge de Oliveira Braga<\/p><p class=\"has-text-align-center\" style=\"text-align: left;\">Jos\u00e9 Renn\u00f3 Pereira<\/p><p class=\"has-text-align-center\" style=\"text-align: left;\">Tiago Carneiro Santiago<\/p><p class=\"has-text-align-center\" style=\"text-align: left;\">Baldu\u00edno Vieira Salgado<\/p><p class=\"has-text-align-center\" style=\"text-align: left;\">Pr\u00f3spero Sanches<\/p><p class=\"has-text-align-center\" style=\"text-align: left;\">Narciso Jos\u00e9 Brasil<\/p><p class=\"has-text-align-center\" style=\"text-align: left;\">Francisco Jos\u00e9 Pereira<\/p><p class=\"has-text-align-center\" style=\"text-align: left;\">Ant\u00f4nio L\u00facio Borges<\/p><p class=\"has-text-align-center\" style=\"text-align: left;\">Paulino Gon\u00e7alves de Faria<\/p><p class=\"has-text-align-center\" style=\"text-align: left;\">Severiano Ribeiro Cardoso<\/p><p class=\"has-text-align-center\" style=\"text-align: left;\">Bernardo Domingues Pereira<\/p><p class=\"has-text-align-center\" style=\"text-align: left;\">Tamb\u00e9m desempenhou as fun\u00e7\u00f5es de vereador durante esse per\u00edodo o suplente Jos\u00e9 Carlos da Costa e Silva.<\/p>\t\t\t\t\t\t<\/div>\n\t\t\t\t<\/div>\n\t\t\t\t<div class=\"elementor-element elementor-element-676c1ed elementor-widget elementor-widget-heading\" data-id=\"676c1ed\" data-element_type=\"widget\" data-widget_type=\"heading.default\">\n\t\t\t\t<div class=\"elementor-widget-container\">\n\t\t\t<h4 class=\"elementor-heading-title elementor-size-default\">Presidentes durante a legislatura<\/h4>\t\t<\/div>\n\t\t\t\t<\/div>\n\t\t\t\t<div class=\"elementor-element elementor-element-2da8cf77 elementor-widget elementor-widget-text-editor\" data-id=\"2da8cf77\" data-element_type=\"widget\" data-widget_type=\"text-editor.default\">\n\t\t\t\t<div class=\"elementor-widget-container\">\n\t\t\t\t\t\t\t<p class=\"has-text-align-center\" style=\"text-align: left;\">Francisco Jos\u00e9 Pereira<\/p><p class=\"has-text-align-center\" style=\"text-align: left;\">Jorge de Oliveira Braga<\/p>\t\t\t\t\t\t<\/div>\n\t\t\t\t<\/div>\n\t\t\t\t<div class=\"elementor-element elementor-element-31207c5d elementor-widget elementor-widget-button\" data-id=\"31207c5d\" data-element_type=\"widget\" data-widget_type=\"button.default\">\n\t\t\t\t<div class=\"elementor-widget-container\">\n\t\t\t\t\t<div class=\"elementor-button-wrapper\">\n\t\t\t<a class=\"elementor-button elementor-button-link elementor-size-sm elementor-animation-shrink\" href=\"https:\/\/itajuba.cam.mg.gov.br\/site\/historico-de-legislaturas\/\">\n\t\t\t\t\t\t<span class=\"elementor-button-content-wrapper\">\n\t\t\t\t\t\t<span class=\"elementor-button-text\">Clique aqui retornar a p\u00e1gina de Hist\u00f3rico de Legislaturas<\/span>\n\t\t<\/span>\n\t\t\t\t\t<\/a>\n\t\t<\/div>\n\t\t\t\t<\/div>\n\t\t\t\t<\/div>\n\t\t\t\t\t<\/div>\n\t\t<\/div>\n\t\t\t\t\t\t\t<\/div>\n\t\t<\/section>\n\t\t\t\t\t\t\t<\/div>\n\t\t","protected":false},"excerpt":{"rendered":"<p>Vereadores Jorge de Oliveira Braga Jos\u00e9 Renn\u00f3 Pereira Tiago Carneiro Santiago Baldu\u00edno Vieira Salgado Pr\u00f3spero Sanches Narciso Jos\u00e9 Brasil Francisco Jos\u00e9 Pereira Ant\u00f4nio L\u00facio Borges Paulino Gon\u00e7alves de Faria Severiano Ribeiro Cardoso Bernardo Domingues Pereira Tamb\u00e9m desempenhou as fun\u00e7\u00f5es de vereador durante esse per\u00edodo o suplente Jos\u00e9 Carlos da Costa e Silva. Presidentes durante a [&hellip;]<\/p>\n","protected":false},"author":1,"featured_media":0,"parent":0,"menu_order":0,"comment_status":"closed","ping_status":"closed","template":"","meta":{"footnotes":""},"class_list":["post-6803","page","type-page","status-publish","hentry"],"yoast_head":"<!-- This site is optimized with the Yoast SEO plugin v21.0 - https:\/\/yoast.com\/wordpress\/plugins\/seo\/ -->\n<title>19\u00aa Legislatura, tri\u00eanio 1916-1918 - C\u00e2mara Municipal de Itajub\u00e1<\/title>\n<meta name=\"robots\" content=\"index, follow, max-snippet:-1, max-image-preview:large, max-video-preview:-1\" \/>\n<link rel=\"canonical\" href=\"https:\/\/itajuba.cam.mg.gov.br\/site\/19a-legislatura-trienio-1916-1918\/\" \/>\n<meta property=\"og:locale\" content=\"pt_BR\" \/>\n<meta property=\"og:type\" content=\"article\" \/>\n<meta property=\"og:title\" content=\"19\u00aa Legislatura, tri\u00eanio 1916-1918 - C\u00e2mara Municipal de Itajub\u00e1\" \/>\n<meta property=\"og:description\" content=\"Vereadores Jorge de Oliveira Braga Jos\u00e9 Renn\u00f3 Pereira Tiago Carneiro Santiago Baldu\u00edno Vieira Salgado Pr\u00f3spero Sanches Narciso Jos\u00e9 Brasil Francisco Jos\u00e9 Pereira Ant\u00f4nio L\u00facio Borges Paulino Gon\u00e7alves de Faria Severiano Ribeiro Cardoso Bernardo Domingues Pereira Tamb\u00e9m desempenhou as fun\u00e7\u00f5es de vereador durante esse per\u00edodo o suplente Jos\u00e9 Carlos da Costa e Silva. Presidentes durante a [&hellip;]\" \/>\n<meta property=\"og:url\" content=\"https:\/\/itajuba.cam.mg.gov.br\/site\/19a-legislatura-trienio-1916-1918\/\" \/>\n<meta property=\"og:site_name\" content=\"C\u00e2mara Municipal de Itajub\u00e1\" \/>\n<meta property=\"article:publisher\" content=\"https:\/\/www.facebook.com\/camaradeitajubaoficial\" \/>\n<meta property=\"article:modified_time\" content=\"2023-10-09T21:45:53+00:00\" \/>\n<meta name=\"twitter:card\" content=\"summary_large_image\" \/>\n<meta name=\"twitter:label1\" content=\"Est. tempo de leitura\" \/>\n\t<meta name=\"twitter:data1\" content=\"1 minuto\" \/>\n<script type=\"application\/ld+json\" class=\"yoast-schema-graph\">{\"@context\":\"https:\/\/schema.org\",\"@graph\":[{\"@type\":\"WebPage\",\"@id\":\"https:\/\/itajuba.cam.mg.gov.br\/site\/19a-legislatura-trienio-1916-1918\/\",\"url\":\"https:\/\/itajuba.cam.mg.gov.br\/site\/19a-legislatura-trienio-1916-1918\/\",\"name\":\"19\u00aa Legislatura, tri\u00eanio 1916-1918 - C\u00e2mara Municipal de Itajub\u00e1\",\"isPartOf\":{\"@id\":\"https:\/\/itajuba.cam.mg.gov.br\/site\/#website\"},\"datePublished\":\"2023-10-09T21:44:52+00:00\",\"dateModified\":\"2023-10-09T21:45:53+00:00\",\"breadcrumb\":{\"@id\":\"https:\/\/itajuba.cam.mg.gov.br\/site\/19a-legislatura-trienio-1916-1918\/#breadcrumb\"},\"inLanguage\":\"pt-BR\",\"potentialAction\":[{\"@type\":\"ReadAction\",\"target\":[\"https:\/\/itajuba.cam.mg.gov.br\/site\/19a-legislatura-trienio-1916-1918\/\"]}]},{\"@type\":\"BreadcrumbList\",\"@id\":\"https:\/\/itajuba.cam.mg.gov.br\/site\/19a-legislatura-trienio-1916-1918\/#breadcrumb\",\"itemListElement\":[{\"@type\":\"ListItem\",\"position\":1,\"name\":\"In\u00edcio\",\"item\":\"https:\/\/itajuba.cam.mg.gov.br\/site\/\"},{\"@type\":\"ListItem\",\"position\":2,\"name\":\"19\u00aa Legislatura, tri\u00eanio 1916-1918\"}]},{\"@type\":\"WebSite\",\"@id\":\"https:\/\/itajuba.cam.mg.gov.br\/site\/#website\",\"url\":\"https:\/\/itajuba.cam.mg.gov.br\/site\/\",\"name\":\"C\u00e2mara Municipal de Itajub\u00e1\",\"description\":\"Efici\u00eancia e Transpar\u00eancia\",\"publisher\":{\"@id\":\"https:\/\/itajuba.cam.mg.gov.br\/site\/#organization\"},\"potentialAction\":[{\"@type\":\"SearchAction\",\"target\":{\"@type\":\"EntryPoint\",\"urlTemplate\":\"https:\/\/itajuba.cam.mg.gov.br\/site\/?s={search_term_string}\"},\"query-input\":\"required name=search_term_string\"}],\"inLanguage\":\"pt-BR\"},{\"@type\":\"Organization\",\"@id\":\"https:\/\/itajuba.cam.mg.gov.br\/site\/#organization\",\"name\":\"C\u00e2mara Municipal de Itajub\u00e1\",\"url\":\"https:\/\/itajuba.cam.mg.gov.br\/site\/\",\"logo\":{\"@type\":\"ImageObject\",\"inLanguage\":\"pt-BR\",\"@id\":\"https:\/\/itajuba.cam.mg.gov.br\/site\/#\/schema\/logo\/image\/\",\"url\":\"https:\/\/itajuba.cam.mg.gov.br\/site\/wp-content\/uploads\/2023\/09\/logo_camara_2024.png\",\"contentUrl\":\"https:\/\/itajuba.cam.mg.gov.br\/site\/wp-content\/uploads\/2023\/09\/logo_camara_2024.png\",\"width\":1000,\"height\":385,\"caption\":\"C\u00e2mara Municipal de Itajub\u00e1\"},\"image\":{\"@id\":\"https:\/\/itajuba.cam.mg.gov.br\/site\/#\/schema\/logo\/image\/\"},\"sameAs\":[\"https:\/\/www.facebook.com\/camaradeitajubaoficial\",\"https:\/\/www.instagram.com\/camaradeitajubaoficial\/\",\"https:\/\/www.youtube.com\/user\/TVCAMARAITAJUBA\"]}]}<\/script>\n<!-- \/ Yoast SEO plugin. -->","yoast_head_json":{"title":"19\u00aa Legislatura, tri\u00eanio 1916-1918 - C\u00e2mara Municipal de Itajub\u00e1","robots":{"index":"index","follow":"follow","max-snippet":"max-snippet:-1","max-image-preview":"max-image-preview:large","max-video-preview":"max-video-preview:-1"},"canonical":"https:\/\/itajuba.cam.mg.gov.br\/site\/19a-legislatura-trienio-1916-1918\/","og_locale":"pt_BR","og_type":"article","og_title":"19\u00aa Legislatura, tri\u00eanio 1916-1918 - C\u00e2mara Municipal de Itajub\u00e1","og_description":"Vereadores Jorge de Oliveira Braga Jos\u00e9 Renn\u00f3 Pereira Tiago Carneiro Santiago Baldu\u00edno Vieira Salgado Pr\u00f3spero Sanches Narciso Jos\u00e9 Brasil Francisco Jos\u00e9 Pereira Ant\u00f4nio L\u00facio Borges Paulino Gon\u00e7alves de Faria Severiano Ribeiro Cardoso Bernardo Domingues Pereira Tamb\u00e9m desempenhou as fun\u00e7\u00f5es de vereador durante esse per\u00edodo o suplente Jos\u00e9 Carlos da Costa e Silva. Presidentes durante a [&hellip;]","og_url":"https:\/\/itajuba.cam.mg.gov.br\/site\/19a-legislatura-trienio-1916-1918\/","og_site_name":"C\u00e2mara Municipal de Itajub\u00e1","article_publisher":"https:\/\/www.facebook.com\/camaradeitajubaoficial","article_modified_time":"2023-10-09T21:45:53+00:00","twitter_card":"summary_large_image","twitter_misc":{"Est. tempo de leitura":"1 minuto"},"schema":{"@context":"https:\/\/schema.org","@graph":[{"@type":"WebPage","@id":"https:\/\/itajuba.cam.mg.gov.br\/site\/19a-legislatura-trienio-1916-1918\/","url":"https:\/\/itajuba.cam.mg.gov.br\/site\/19a-legislatura-trienio-1916-1918\/","name":"19\u00aa Legislatura, tri\u00eanio 1916-1918 - C\u00e2mara Municipal de Itajub\u00e1","isPartOf":{"@id":"https:\/\/itajuba.cam.mg.gov.br\/site\/#website"},"datePublished":"2023-10-09T21:44:52+00:00","dateModified":"2023-10-09T21:45:53+00:00","breadcrumb":{"@id":"https:\/\/itajuba.cam.mg.gov.br\/site\/19a-legislatura-trienio-1916-1918\/#breadcrumb"},"inLanguage":"pt-BR","potentialAction":[{"@type":"ReadAction","target":["https:\/\/itajuba.cam.mg.gov.br\/site\/19a-legislatura-trienio-1916-1918\/"]}]},{"@type":"BreadcrumbList","@id":"https:\/\/itajuba.cam.mg.gov.br\/site\/19a-legislatura-trienio-1916-1918\/#breadcrumb","itemListElement":[{"@type":"ListItem","position":1,"name":"In\u00edcio","item":"https:\/\/itajuba.cam.mg.gov.br\/site\/"},{"@type":"ListItem","position":2,"name":"19\u00aa Legislatura, tri\u00eanio 1916-1918"}]},{"@type":"WebSite","@id":"https:\/\/itajuba.cam.mg.gov.br\/site\/#website","url":"https:\/\/itajuba.cam.mg.gov.br\/site\/","name":"C\u00e2mara Municipal de Itajub\u00e1","description":"Efici\u00eancia e Transpar\u00eancia","publisher":{"@id":"https:\/\/itajuba.cam.mg.gov.br\/site\/#organization"},"potentialAction":[{"@type":"SearchAction","target":{"@type":"EntryPoint","urlTemplate":"https:\/\/itajuba.cam.mg.gov.br\/site\/?s={search_term_string}"},"query-input":"required name=search_term_string"}],"inLanguage":"pt-BR"},{"@type":"Organization","@id":"https:\/\/itajuba.cam.mg.gov.br\/site\/#organization","name":"C\u00e2mara Municipal de Itajub\u00e1","url":"https:\/\/itajuba.cam.mg.gov.br\/site\/","logo":{"@type":"ImageObject","inLanguage":"pt-BR","@id":"https:\/\/itajuba.cam.mg.gov.br\/site\/#\/schema\/logo\/image\/","url":"https:\/\/itajuba.cam.mg.gov.br\/site\/wp-content\/uploads\/2023\/09\/logo_camara_2024.png","contentUrl":"https:\/\/itajuba.cam.mg.gov.br\/site\/wp-content\/uploads\/2023\/09\/logo_camara_2024.png","width":1000,"height":385,"caption":"C\u00e2mara Municipal de Itajub\u00e1"},"image":{"@id":"https:\/\/itajuba.cam.mg.gov.br\/site\/#\/schema\/logo\/image\/"},"sameAs":["https:\/\/www.facebook.com\/camaradeitajubaoficial","https:\/\/www.instagram.com\/camaradeitajubaoficial\/","https:\/\/www.youtube.com\/user\/TVCAMARAITAJUBA"]}]}},"_links":{"self":[{"href":"https:\/\/itajuba.cam.mg.gov.br\/site\/wp-json\/wp\/v2\/pages\/6803","targetHints":{"allow":["GET"]}}],"collection":[{"href":"https:\/\/itajuba.cam.mg.gov.br\/site\/wp-json\/wp\/v2\/pages"}],"about":[{"href":"https:\/\/itajuba.cam.mg.gov.br\/site\/wp-json\/wp\/v2\/types\/page"}],"author":[{"embeddable":true,"href":"https:\/\/itajuba.cam.mg.gov.br\/site\/wp-json\/wp\/v2\/users\/1"}],"replies":[{"embeddable":true,"href":"https:\/\/itajuba.cam.mg.gov.br\/site\/wp-json\/wp\/v2\/comments?post=6803"}],"version-history":[{"count":4,"href":"https:\/\/itajuba.cam.mg.gov.br\/site\/wp-json\/wp\/v2\/pages\/6803\/revisions"}],"predecessor-version":[{"id":6808,"href":"https:\/\/itajuba.cam.mg.gov.br\/site\/wp-json\/wp\/v2\/pages\/6803\/revisions\/6808"}],"wp:attachment":[{"href":"https:\/\/itajuba.cam.mg.gov.br\/site\/wp-json\/wp\/v2\/media?parent=6803"}],"curies":[{"name":"wp","href":"https:\/\/api.w.org\/{rel}","templated":true}]}}