{"id":6830,"date":"2023-10-09T21:49:57","date_gmt":"2023-10-09T21:49:57","guid":{"rendered":"https:\/\/itajuba.cam.mg.gov.br\/site\/?page_id=6830"},"modified":"2023-10-09T21:51:11","modified_gmt":"2023-10-09T21:51:11","slug":"22a-legislatura-quadrienio-1927-1930","status":"publish","type":"page","link":"https:\/\/itajuba.cam.mg.gov.br\/site\/22a-legislatura-quadrienio-1927-1930\/","title":{"rendered":"22\u00aa Legislatura, quadri\u00eanio 1927-1930"},"content":{"rendered":"\t\t<div data-elementor-type=\"wp-page\" data-elementor-id=\"6830\" class=\"elementor elementor-6830\" data-elementor-post-type=\"page\">\n\t\t\t\t\t\t\t\t\t<section class=\"elementor-section elementor-top-section elementor-element elementor-element-3085d972 elementor-section-boxed elementor-section-height-default elementor-section-height-default\" data-id=\"3085d972\" data-element_type=\"section\">\n\t\t\t\t\t\t<div class=\"elementor-container elementor-column-gap-default\">\n\t\t\t\t\t<div class=\"elementor-column elementor-col-100 elementor-top-column elementor-element elementor-element-727d1bb8\" data-id=\"727d1bb8\" data-element_type=\"column\">\n\t\t\t<div class=\"elementor-widget-wrap elementor-element-populated\">\n\t\t\t\t\t\t\t\t<div class=\"elementor-element elementor-element-ed6cf8e elementor-widget elementor-widget-heading\" data-id=\"ed6cf8e\" data-element_type=\"widget\" data-widget_type=\"heading.default\">\n\t\t\t\t<div class=\"elementor-widget-container\">\n\t\t\t<style>\/*! elementor - v3.16.0 - 13-09-2023 *\/\n.elementor-heading-title{padding:0;margin:0;line-height:1}.elementor-widget-heading .elementor-heading-title[class*=elementor-size-]>a{color:inherit;font-size:inherit;line-height:inherit}.elementor-widget-heading .elementor-heading-title.elementor-size-small{font-size:15px}.elementor-widget-heading .elementor-heading-title.elementor-size-medium{font-size:19px}.elementor-widget-heading .elementor-heading-title.elementor-size-large{font-size:29px}.elementor-widget-heading .elementor-heading-title.elementor-size-xl{font-size:39px}.elementor-widget-heading .elementor-heading-title.elementor-size-xxl{font-size:59px}<\/style><h4 class=\"elementor-heading-title elementor-size-default\">Vereadores<\/h4>\t\t<\/div>\n\t\t\t\t<\/div>\n\t\t\t\t<div class=\"elementor-element elementor-element-40426cd2 elementor-widget elementor-widget-text-editor\" data-id=\"40426cd2\" data-element_type=\"widget\" data-widget_type=\"text-editor.default\">\n\t\t\t\t<div class=\"elementor-widget-container\">\n\t\t\t<style>\/*! elementor - v3.16.0 - 13-09-2023 *\/\n.elementor-widget-text-editor.elementor-drop-cap-view-stacked .elementor-drop-cap{background-color:#69727d;color:#fff}.elementor-widget-text-editor.elementor-drop-cap-view-framed .elementor-drop-cap{color:#69727d;border:3px solid;background-color:transparent}.elementor-widget-text-editor:not(.elementor-drop-cap-view-default) .elementor-drop-cap{margin-top:8px}.elementor-widget-text-editor:not(.elementor-drop-cap-view-default) .elementor-drop-cap-letter{width:1em;height:1em}.elementor-widget-text-editor .elementor-drop-cap{float:left;text-align:center;line-height:1;font-size:50px}.elementor-widget-text-editor .elementor-drop-cap-letter{display:inline-block}<\/style>\t\t\t\t<p class=\"has-text-align-center\" style=\"text-align: left;\">Dr. Jo\u00e3o Sebasti\u00e3o Ribeiro de Azevedo<\/p><p class=\"has-text-align-center\" style=\"text-align: left;\">Jos\u00e9 Renn\u00f3 Pereira<\/p><p class=\"has-text-align-center\" style=\"text-align: left;\">Dr. Vicente Sanches<\/p><p class=\"has-text-align-center\" style=\"text-align: left;\">Dr. Albino Alves Filho<\/p><p class=\"has-text-align-center\" style=\"text-align: left;\">Dr. Eduardo Luiz da Silva<\/p><p class=\"has-text-align-center\" style=\"text-align: left;\">Fortunato Jos\u00e9 Carlos Peixoto<\/p><p class=\"has-text-align-center\" style=\"text-align: left;\">\u00c1lvaro Mendon\u00e7a Chaves<\/p><p class=\"has-text-align-center\" style=\"text-align: left;\">Manuel Ribeiro dos Santos<\/p><p class=\"has-text-align-center\" style=\"text-align: left;\">Dr. Jos\u00e9 Braz Pereira Gomes<\/p><p class=\"has-text-align-center\" style=\"text-align: left;\">Dr. Carlos Ribeiro Filho<\/p><p class=\"has-text-align-center\" style=\"text-align: left;\">Luiz Francisco Ribeiro<\/p>\t\t\t\t\t\t<\/div>\n\t\t\t\t<\/div>\n\t\t\t\t<div class=\"elementor-element elementor-element-6f2fcbe4 elementor-widget elementor-widget-heading\" data-id=\"6f2fcbe4\" data-element_type=\"widget\" data-widget_type=\"heading.default\">\n\t\t\t\t<div class=\"elementor-widget-container\">\n\t\t\t<h4 class=\"elementor-heading-title elementor-size-default\">Presidentes durante a legislatura<\/h4>\t\t<\/div>\n\t\t\t\t<\/div>\n\t\t\t\t<div class=\"elementor-element elementor-element-3a7c7576 elementor-widget elementor-widget-text-editor\" data-id=\"3a7c7576\" data-element_type=\"widget\" data-widget_type=\"text-editor.default\">\n\t\t\t\t<div class=\"elementor-widget-container\">\n\t\t\t\t\t\t\t<p class=\"has-text-align-center\" style=\"text-align: left;\">Dr. Jo\u00e3o Sebasti\u00e3o Ribeiro de Azevedo<\/p><p class=\"has-text-align-center\" style=\"text-align: left;\">Dr. Jos\u00e9 Braz Pereira Gomes<\/p><p class=\"has-text-align-center\" style=\"text-align: left;\">Severiano Ribeiro Cardoso<\/p><p class=\"has-text-align-center\" style=\"text-align: left;\">Com a implanta\u00e7\u00e3o do regime ditatorial varguista, imposto pela revolu\u00e7\u00e3o de 1930, dissolveu-se a C\u00e2mara Municipal, que s\u00f3 voltaria a constituir-se 17 anos depois. O Governo municipal passou ent\u00e3o a ser exercido pelo Prefeito nomeado. Durante o regime varguista, Itajub\u00e1 teve os seguintes Prefeitos:<\/p><p class=\"has-text-align-center\" style=\"text-align: left;\">Dr. Jos\u00e9 de Oliveira Marques (1930-1932)<\/p><p class=\"has-text-align-center\" style=\"text-align: left;\">Dr. Jos\u00e9 Rodrigues Seabra (1932-1934)<\/p><p class=\"has-text-align-center\" style=\"text-align: left;\">Jos\u00e9 de Oliveira Braga (1935)<\/p><p class=\"has-text-align-center\" style=\"text-align: left;\">Dr. Luiz Pereira de Toledo (1936)<\/p><p class=\"has-text-align-center\" style=\"text-align: left;\">Alcides Faria (1937-1945)<\/p><p class=\"has-text-align-center\" style=\"text-align: left;\">Dr. Carlos Ribeiro Filho (1945)<\/p><p class=\"has-text-align-center\" style=\"text-align: left;\">Dr. Carlos Alberto de Campos Mota (1945)<\/p><p class=\"has-text-align-center\" style=\"text-align: left;\">Dr. Luiz de Lima Vianna (1946)<\/p><p class=\"has-text-align-center\" style=\"text-align: left;\">Dr. Carlos Ribeiro Filho (1946)<\/p><p class=\"has-text-align-center\" style=\"text-align: left;\">Dr. Andr\u00e9 Martins de Andrade Filho (1947)<\/p><p class=\"has-text-align-center\" style=\"text-align: left;\">Jayme Wood (1947)<\/p><p class=\"has-text-align-center\" style=\"text-align: left;\">Em 1947, pouco depois do fim do regime autorit\u00e1rio de Get\u00falio Vargas, restabelecia-se a pol\u00edtica municipal, implementando a inova\u00e7\u00e3o de separar as fun\u00e7\u00f5es legislativas das executivas. Agora, n\u00e3o mais o Presidente da C\u00e2mara Municipal exerceria a fun\u00e7\u00e3o de agente executivo, essa fun\u00e7\u00e3o caberia ao Prefeito. Segue-se, portanto, uma nova era da pol\u00edtica municipal.<\/p>\t\t\t\t\t\t<\/div>\n\t\t\t\t<\/div>\n\t\t\t\t<div class=\"elementor-element elementor-element-671c6700 elementor-widget elementor-widget-button\" data-id=\"671c6700\" data-element_type=\"widget\" data-widget_type=\"button.default\">\n\t\t\t\t<div class=\"elementor-widget-container\">\n\t\t\t\t\t<div class=\"elementor-button-wrapper\">\n\t\t\t<a class=\"elementor-button elementor-button-link elementor-size-sm elementor-animation-shrink\" href=\"https:\/\/itajuba.cam.mg.gov.br\/site\/historico-de-legislaturas\/\">\n\t\t\t\t\t\t<span class=\"elementor-button-content-wrapper\">\n\t\t\t\t\t\t<span class=\"elementor-button-text\">Clique aqui retornar a p\u00e1gina de Hist\u00f3rico de Legislaturas<\/span>\n\t\t<\/span>\n\t\t\t\t\t<\/a>\n\t\t<\/div>\n\t\t\t\t<\/div>\n\t\t\t\t<\/div>\n\t\t\t\t\t<\/div>\n\t\t<\/div>\n\t\t\t\t\t\t\t<\/div>\n\t\t<\/section>\n\t\t\t\t\t\t\t<\/div>\n\t\t","protected":false},"excerpt":{"rendered":"<p>Vereadores Dr. Jo\u00e3o Sebasti\u00e3o Ribeiro de Azevedo Jos\u00e9 Renn\u00f3 Pereira Dr. Vicente Sanches Dr. Albino Alves Filho Dr. Eduardo Luiz da Silva Fortunato Jos\u00e9 Carlos Peixoto \u00c1lvaro Mendon\u00e7a Chaves Manuel Ribeiro dos Santos Dr. Jos\u00e9 Braz Pereira Gomes Dr. Carlos Ribeiro Filho Luiz Francisco Ribeiro Presidentes durante a legislatura Dr. Jo\u00e3o Sebasti\u00e3o Ribeiro de Azevedo [&hellip;]<\/p>\n","protected":false},"author":1,"featured_media":0,"parent":0,"menu_order":0,"comment_status":"closed","ping_status":"closed","template":"","meta":{"footnotes":""},"class_list":["post-6830","page","type-page","status-publish","hentry"],"yoast_head":"<!-- This site is optimized with the Yoast SEO plugin v21.0 - https:\/\/yoast.com\/wordpress\/plugins\/seo\/ -->\n<title>22\u00aa Legislatura, quadri\u00eanio 1927-1930 - C\u00e2mara Municipal de Itajub\u00e1<\/title>\n<meta name=\"robots\" content=\"index, follow, max-snippet:-1, max-image-preview:large, max-video-preview:-1\" \/>\n<link rel=\"canonical\" href=\"https:\/\/itajuba.cam.mg.gov.br\/site\/22a-legislatura-quadrienio-1927-1930\/\" \/>\n<meta property=\"og:locale\" content=\"pt_BR\" \/>\n<meta property=\"og:type\" content=\"article\" \/>\n<meta property=\"og:title\" content=\"22\u00aa Legislatura, quadri\u00eanio 1927-1930 - C\u00e2mara Municipal de Itajub\u00e1\" \/>\n<meta property=\"og:description\" content=\"Vereadores Dr. Jo\u00e3o Sebasti\u00e3o Ribeiro de Azevedo Jos\u00e9 Renn\u00f3 Pereira Dr. Vicente Sanches Dr. Albino Alves Filho Dr. Eduardo Luiz da Silva Fortunato Jos\u00e9 Carlos Peixoto \u00c1lvaro Mendon\u00e7a Chaves Manuel Ribeiro dos Santos Dr. Jos\u00e9 Braz Pereira Gomes Dr. Carlos Ribeiro Filho Luiz Francisco Ribeiro Presidentes durante a legislatura Dr. Jo\u00e3o Sebasti\u00e3o Ribeiro de Azevedo [&hellip;]\" \/>\n<meta property=\"og:url\" content=\"https:\/\/itajuba.cam.mg.gov.br\/site\/22a-legislatura-quadrienio-1927-1930\/\" \/>\n<meta property=\"og:site_name\" content=\"C\u00e2mara Municipal de Itajub\u00e1\" \/>\n<meta property=\"article:publisher\" content=\"https:\/\/www.facebook.com\/camaradeitajubaoficial\" \/>\n<meta property=\"article:modified_time\" content=\"2023-10-09T21:51:11+00:00\" \/>\n<meta name=\"twitter:card\" content=\"summary_large_image\" \/>\n<meta name=\"twitter:label1\" content=\"Est. tempo de leitura\" \/>\n\t<meta name=\"twitter:data1\" content=\"2 minutos\" \/>\n<script type=\"application\/ld+json\" class=\"yoast-schema-graph\">{\"@context\":\"https:\/\/schema.org\",\"@graph\":[{\"@type\":\"WebPage\",\"@id\":\"https:\/\/itajuba.cam.mg.gov.br\/site\/22a-legislatura-quadrienio-1927-1930\/\",\"url\":\"https:\/\/itajuba.cam.mg.gov.br\/site\/22a-legislatura-quadrienio-1927-1930\/\",\"name\":\"22\u00aa Legislatura, quadri\u00eanio 1927-1930 - C\u00e2mara Municipal de Itajub\u00e1\",\"isPartOf\":{\"@id\":\"https:\/\/itajuba.cam.mg.gov.br\/site\/#website\"},\"datePublished\":\"2023-10-09T21:49:57+00:00\",\"dateModified\":\"2023-10-09T21:51:11+00:00\",\"breadcrumb\":{\"@id\":\"https:\/\/itajuba.cam.mg.gov.br\/site\/22a-legislatura-quadrienio-1927-1930\/#breadcrumb\"},\"inLanguage\":\"pt-BR\",\"potentialAction\":[{\"@type\":\"ReadAction\",\"target\":[\"https:\/\/itajuba.cam.mg.gov.br\/site\/22a-legislatura-quadrienio-1927-1930\/\"]}]},{\"@type\":\"BreadcrumbList\",\"@id\":\"https:\/\/itajuba.cam.mg.gov.br\/site\/22a-legislatura-quadrienio-1927-1930\/#breadcrumb\",\"itemListElement\":[{\"@type\":\"ListItem\",\"position\":1,\"name\":\"In\u00edcio\",\"item\":\"https:\/\/itajuba.cam.mg.gov.br\/site\/\"},{\"@type\":\"ListItem\",\"position\":2,\"name\":\"22\u00aa Legislatura, quadri\u00eanio 1927-1930\"}]},{\"@type\":\"WebSite\",\"@id\":\"https:\/\/itajuba.cam.mg.gov.br\/site\/#website\",\"url\":\"https:\/\/itajuba.cam.mg.gov.br\/site\/\",\"name\":\"C\u00e2mara Municipal de Itajub\u00e1\",\"description\":\"Efici\u00eancia e Transpar\u00eancia\",\"publisher\":{\"@id\":\"https:\/\/itajuba.cam.mg.gov.br\/site\/#organization\"},\"potentialAction\":[{\"@type\":\"SearchAction\",\"target\":{\"@type\":\"EntryPoint\",\"urlTemplate\":\"https:\/\/itajuba.cam.mg.gov.br\/site\/?s={search_term_string}\"},\"query-input\":\"required name=search_term_string\"}],\"inLanguage\":\"pt-BR\"},{\"@type\":\"Organization\",\"@id\":\"https:\/\/itajuba.cam.mg.gov.br\/site\/#organization\",\"name\":\"C\u00e2mara Municipal de Itajub\u00e1\",\"url\":\"https:\/\/itajuba.cam.mg.gov.br\/site\/\",\"logo\":{\"@type\":\"ImageObject\",\"inLanguage\":\"pt-BR\",\"@id\":\"https:\/\/itajuba.cam.mg.gov.br\/site\/#\/schema\/logo\/image\/\",\"url\":\"https:\/\/itajuba.cam.mg.gov.br\/site\/wp-content\/uploads\/2023\/09\/logo_camara_2024.png\",\"contentUrl\":\"https:\/\/itajuba.cam.mg.gov.br\/site\/wp-content\/uploads\/2023\/09\/logo_camara_2024.png\",\"width\":1000,\"height\":385,\"caption\":\"C\u00e2mara Municipal de Itajub\u00e1\"},\"image\":{\"@id\":\"https:\/\/itajuba.cam.mg.gov.br\/site\/#\/schema\/logo\/image\/\"},\"sameAs\":[\"https:\/\/www.facebook.com\/camaradeitajubaoficial\",\"https:\/\/www.instagram.com\/camaradeitajubaoficial\/\",\"https:\/\/www.youtube.com\/user\/TVCAMARAITAJUBA\"]}]}<\/script>\n<!-- \/ Yoast SEO plugin. -->","yoast_head_json":{"title":"22\u00aa Legislatura, quadri\u00eanio 1927-1930 - C\u00e2mara Municipal de Itajub\u00e1","robots":{"index":"index","follow":"follow","max-snippet":"max-snippet:-1","max-image-preview":"max-image-preview:large","max-video-preview":"max-video-preview:-1"},"canonical":"https:\/\/itajuba.cam.mg.gov.br\/site\/22a-legislatura-quadrienio-1927-1930\/","og_locale":"pt_BR","og_type":"article","og_title":"22\u00aa Legislatura, quadri\u00eanio 1927-1930 - C\u00e2mara Municipal de Itajub\u00e1","og_description":"Vereadores Dr. Jo\u00e3o Sebasti\u00e3o Ribeiro de Azevedo Jos\u00e9 Renn\u00f3 Pereira Dr. Vicente Sanches Dr. Albino Alves Filho Dr. Eduardo Luiz da Silva Fortunato Jos\u00e9 Carlos Peixoto \u00c1lvaro Mendon\u00e7a Chaves Manuel Ribeiro dos Santos Dr. Jos\u00e9 Braz Pereira Gomes Dr. Carlos Ribeiro Filho Luiz Francisco Ribeiro Presidentes durante a legislatura Dr. Jo\u00e3o Sebasti\u00e3o Ribeiro de Azevedo [&hellip;]","og_url":"https:\/\/itajuba.cam.mg.gov.br\/site\/22a-legislatura-quadrienio-1927-1930\/","og_site_name":"C\u00e2mara Municipal de Itajub\u00e1","article_publisher":"https:\/\/www.facebook.com\/camaradeitajubaoficial","article_modified_time":"2023-10-09T21:51:11+00:00","twitter_card":"summary_large_image","twitter_misc":{"Est. tempo de leitura":"2 minutos"},"schema":{"@context":"https:\/\/schema.org","@graph":[{"@type":"WebPage","@id":"https:\/\/itajuba.cam.mg.gov.br\/site\/22a-legislatura-quadrienio-1927-1930\/","url":"https:\/\/itajuba.cam.mg.gov.br\/site\/22a-legislatura-quadrienio-1927-1930\/","name":"22\u00aa Legislatura, quadri\u00eanio 1927-1930 - C\u00e2mara Municipal de Itajub\u00e1","isPartOf":{"@id":"https:\/\/itajuba.cam.mg.gov.br\/site\/#website"},"datePublished":"2023-10-09T21:49:57+00:00","dateModified":"2023-10-09T21:51:11+00:00","breadcrumb":{"@id":"https:\/\/itajuba.cam.mg.gov.br\/site\/22a-legislatura-quadrienio-1927-1930\/#breadcrumb"},"inLanguage":"pt-BR","potentialAction":[{"@type":"ReadAction","target":["https:\/\/itajuba.cam.mg.gov.br\/site\/22a-legislatura-quadrienio-1927-1930\/"]}]},{"@type":"BreadcrumbList","@id":"https:\/\/itajuba.cam.mg.gov.br\/site\/22a-legislatura-quadrienio-1927-1930\/#breadcrumb","itemListElement":[{"@type":"ListItem","position":1,"name":"In\u00edcio","item":"https:\/\/itajuba.cam.mg.gov.br\/site\/"},{"@type":"ListItem","position":2,"name":"22\u00aa Legislatura, quadri\u00eanio 1927-1930"}]},{"@type":"WebSite","@id":"https:\/\/itajuba.cam.mg.gov.br\/site\/#website","url":"https:\/\/itajuba.cam.mg.gov.br\/site\/","name":"C\u00e2mara Municipal de Itajub\u00e1","description":"Efici\u00eancia e Transpar\u00eancia","publisher":{"@id":"https:\/\/itajuba.cam.mg.gov.br\/site\/#organization"},"potentialAction":[{"@type":"SearchAction","target":{"@type":"EntryPoint","urlTemplate":"https:\/\/itajuba.cam.mg.gov.br\/site\/?s={search_term_string}"},"query-input":"required name=search_term_string"}],"inLanguage":"pt-BR"},{"@type":"Organization","@id":"https:\/\/itajuba.cam.mg.gov.br\/site\/#organization","name":"C\u00e2mara Municipal de Itajub\u00e1","url":"https:\/\/itajuba.cam.mg.gov.br\/site\/","logo":{"@type":"ImageObject","inLanguage":"pt-BR","@id":"https:\/\/itajuba.cam.mg.gov.br\/site\/#\/schema\/logo\/image\/","url":"https:\/\/itajuba.cam.mg.gov.br\/site\/wp-content\/uploads\/2023\/09\/logo_camara_2024.png","contentUrl":"https:\/\/itajuba.cam.mg.gov.br\/site\/wp-content\/uploads\/2023\/09\/logo_camara_2024.png","width":1000,"height":385,"caption":"C\u00e2mara Municipal de Itajub\u00e1"},"image":{"@id":"https:\/\/itajuba.cam.mg.gov.br\/site\/#\/schema\/logo\/image\/"},"sameAs":["https:\/\/www.facebook.com\/camaradeitajubaoficial","https:\/\/www.instagram.com\/camaradeitajubaoficial\/","https:\/\/www.youtube.com\/user\/TVCAMARAITAJUBA"]}]}},"_links":{"self":[{"href":"https:\/\/itajuba.cam.mg.gov.br\/site\/wp-json\/wp\/v2\/pages\/6830","targetHints":{"allow":["GET"]}}],"collection":[{"href":"https:\/\/itajuba.cam.mg.gov.br\/site\/wp-json\/wp\/v2\/pages"}],"about":[{"href":"https:\/\/itajuba.cam.mg.gov.br\/site\/wp-json\/wp\/v2\/types\/page"}],"author":[{"embeddable":true,"href":"https:\/\/itajuba.cam.mg.gov.br\/site\/wp-json\/wp\/v2\/users\/1"}],"replies":[{"embeddable":true,"href":"https:\/\/itajuba.cam.mg.gov.br\/site\/wp-json\/wp\/v2\/comments?post=6830"}],"version-history":[{"count":4,"href":"https:\/\/itajuba.cam.mg.gov.br\/site\/wp-json\/wp\/v2\/pages\/6830\/revisions"}],"predecessor-version":[{"id":6835,"href":"https:\/\/itajuba.cam.mg.gov.br\/site\/wp-json\/wp\/v2\/pages\/6830\/revisions\/6835"}],"wp:attachment":[{"href":"https:\/\/itajuba.cam.mg.gov.br\/site\/wp-json\/wp\/v2\/media?parent=6830"}],"curies":[{"name":"wp","href":"https:\/\/api.w.org\/{rel}","templated":true}]}}