{"id":6855,"date":"2023-10-09T21:54:56","date_gmt":"2023-10-09T21:54:56","guid":{"rendered":"https:\/\/itajuba.cam.mg.gov.br\/site\/?page_id=6855"},"modified":"2023-10-09T21:58:10","modified_gmt":"2023-10-09T21:58:10","slug":"25a-legislatura-1955-1958","status":"publish","type":"page","link":"https:\/\/itajuba.cam.mg.gov.br\/site\/25a-legislatura-1955-1958\/","title":{"rendered":"25\u00aa Legislatura, 1955-1958"},"content":{"rendered":"\t\t<div data-elementor-type=\"wp-page\" data-elementor-id=\"6855\" class=\"elementor elementor-6855\" data-elementor-post-type=\"page\">\n\t\t\t\t\t\t\t\t\t<section class=\"elementor-section elementor-top-section elementor-element elementor-element-41c4cd6f elementor-section-boxed elementor-section-height-default elementor-section-height-default\" data-id=\"41c4cd6f\" data-element_type=\"section\">\n\t\t\t\t\t\t<div class=\"elementor-container elementor-column-gap-default\">\n\t\t\t\t\t<div class=\"elementor-column elementor-col-100 elementor-top-column elementor-element elementor-element-36930726\" data-id=\"36930726\" data-element_type=\"column\">\n\t\t\t<div class=\"elementor-widget-wrap elementor-element-populated\">\n\t\t\t\t\t\t\t\t<div class=\"elementor-element elementor-element-1f9192e6 elementor-widget elementor-widget-heading\" data-id=\"1f9192e6\" data-element_type=\"widget\" data-widget_type=\"heading.default\">\n\t\t\t\t<div class=\"elementor-widget-container\">\n\t\t\t<style>\/*! elementor - v3.16.0 - 13-09-2023 *\/\n.elementor-heading-title{padding:0;margin:0;line-height:1}.elementor-widget-heading .elementor-heading-title[class*=elementor-size-]>a{color:inherit;font-size:inherit;line-height:inherit}.elementor-widget-heading .elementor-heading-title.elementor-size-small{font-size:15px}.elementor-widget-heading .elementor-heading-title.elementor-size-medium{font-size:19px}.elementor-widget-heading .elementor-heading-title.elementor-size-large{font-size:29px}.elementor-widget-heading .elementor-heading-title.elementor-size-xl{font-size:39px}.elementor-widget-heading .elementor-heading-title.elementor-size-xxl{font-size:59px}<\/style><h4 class=\"elementor-heading-title elementor-size-default\">Vereadores<\/h4>\t\t<\/div>\n\t\t\t\t<\/div>\n\t\t\t\t<div class=\"elementor-element elementor-element-138cdeac elementor-widget elementor-widget-text-editor\" data-id=\"138cdeac\" data-element_type=\"widget\" data-widget_type=\"text-editor.default\">\n\t\t\t\t<div class=\"elementor-widget-container\">\n\t\t\t<style>\/*! elementor - v3.16.0 - 13-09-2023 *\/\n.elementor-widget-text-editor.elementor-drop-cap-view-stacked .elementor-drop-cap{background-color:#69727d;color:#fff}.elementor-widget-text-editor.elementor-drop-cap-view-framed .elementor-drop-cap{color:#69727d;border:3px solid;background-color:transparent}.elementor-widget-text-editor:not(.elementor-drop-cap-view-default) .elementor-drop-cap{margin-top:8px}.elementor-widget-text-editor:not(.elementor-drop-cap-view-default) .elementor-drop-cap-letter{width:1em;height:1em}.elementor-widget-text-editor .elementor-drop-cap{float:left;text-align:center;line-height:1;font-size:50px}.elementor-widget-text-editor .elementor-drop-cap-letter{display:inline-block}<\/style>\t\t\t\t<p class=\"has-text-align-center\" style=\"text-align: left;\">Ant\u00f4nio Renn\u00f3 Pereira<\/p><p class=\"has-text-align-center\" style=\"text-align: left;\">Dr. Vicente Sanches<\/p><p class=\"has-text-align-center\" style=\"text-align: left;\">Nagib Mohallem Filho<\/p><p class=\"has-text-align-center\" style=\"text-align: left;\">Cyrillo Rodrigues de Souza<\/p><p class=\"has-text-align-center\" style=\"text-align: left;\">Augusto Ferreira de Almeida J\u00fanior<\/p><p class=\"has-text-align-center\" style=\"text-align: left;\">Auzelino de Castro Gama<\/p><p class=\"has-text-align-center\" style=\"text-align: left;\">Benedito Macedo<\/p><p class=\"has-text-align-center\" style=\"text-align: left;\">C\u00e2ndido Pereira de Mendon\u00e7a<\/p><p class=\"has-text-align-center\" style=\"text-align: left;\">Jo\u00e3o Pereira de Andrade e Silva<\/p><p class=\"has-text-align-center\" style=\"text-align: left;\">Jos\u00e9 Lino da Costa<\/p><p class=\"has-text-align-center\" style=\"text-align: left;\">Luiz Gomes da Silva<\/p><p class=\"has-text-align-center\" style=\"text-align: left;\">Paulo Carneiro Santiago<\/p><p class=\"has-text-align-center\" style=\"text-align: left;\">Sebasti\u00e3o Marciano de Farias<\/p><p class=\"has-text-align-center\" style=\"text-align: left;\">Dr. Vicente de Sales Dias Filho<\/p><p class=\"has-text-align-center\" style=\"text-align: left;\">Jo\u00e3o Antunes de Siqueira<\/p><p class=\"has-text-align-center\" style=\"text-align: left;\">Presidentes durante a legislatura:\u00a0<\/p><p class=\"has-text-align-center\" style=\"text-align: left;\">Antonio Renn\u00f3 Pereira<\/p><p class=\"has-text-align-center\" style=\"text-align: left;\">Dr. Vicente Sanches<\/p><p class=\"has-text-align-center\" style=\"text-align: left;\">Nagib Mohallem Filho<\/p><p class=\"has-text-align-center\" style=\"text-align: left;\">Cyrillo Rodrigues de Souza<\/p><p class=\"has-text-align-center\" style=\"text-align: left;\">Dr. Vicente de Sales Dias Filho<\/p><p class=\"has-text-align-center\" style=\"text-align: left;\">Prefeito: Dr. Luiz Goulart de Azevedo\u00a0<\/p><p class=\"has-text-align-center\" style=\"text-align: left;\">Dr. Gaspar Lisboa (vice-prefeito)<\/p>\t\t\t\t\t\t<\/div>\n\t\t\t\t<\/div>\n\t\t\t\t<div class=\"elementor-element elementor-element-201e586e elementor-widget elementor-widget-heading\" data-id=\"201e586e\" data-element_type=\"widget\" data-widget_type=\"heading.default\">\n\t\t\t\t<div class=\"elementor-widget-container\">\n\t\t\t<h4 class=\"elementor-heading-title elementor-size-default\"><p style=\"margin-top: 0px; margin-bottom: 0.9rem; color: rgb(0, 0, 0); font-family: Arial, sans-serif; font-size: 16px; white-space-collapse: collapse;\"><span style=\"color: rgb(49, 157, 139); font-family: inherit; font-size: 1.5rem; white-space-collapse: preserve;\">Em decorr\u00eancia de licen\u00e7as concedidas ao Prefeito e Vice-Prefeito da \u00e9poca, ocuparam temporariamente a fun\u00e7\u00e3o os presidentes da C\u00e2mara Municipal<\/span><span style=\"color: rgb(49, 157, 139); font-family: inherit; font-size: 1.5rem; white-space-collapse: preserve;\"><\/span><\/p><\/h4>\t\t<\/div>\n\t\t\t\t<\/div>\n\t\t\t\t<div class=\"elementor-element elementor-element-5c8f1bc2 elementor-widget elementor-widget-text-editor\" data-id=\"5c8f1bc2\" data-element_type=\"widget\" data-widget_type=\"text-editor.default\">\n\t\t\t\t<div class=\"elementor-widget-container\">\n\t\t\t\t\t\t\t<p class=\"has-text-align-center\" style=\"text-align: left;\">Ant\u00f4nio Renn\u00f3 Pereira (1956-1957)<\/p><p class=\"has-text-align-center\" style=\"text-align: left;\">Dr. Vicente Sales Dias FIlho (1958)<\/p>\t\t\t\t\t\t<\/div>\n\t\t\t\t<\/div>\n\t\t\t\t<div class=\"elementor-element elementor-element-59a9e3af elementor-widget elementor-widget-button\" data-id=\"59a9e3af\" data-element_type=\"widget\" data-widget_type=\"button.default\">\n\t\t\t\t<div class=\"elementor-widget-container\">\n\t\t\t\t\t<div class=\"elementor-button-wrapper\">\n\t\t\t<a class=\"elementor-button elementor-button-link elementor-size-sm elementor-animation-shrink\" href=\"https:\/\/itajuba.cam.mg.gov.br\/site\/historico-de-legislaturas\/\">\n\t\t\t\t\t\t<span class=\"elementor-button-content-wrapper\">\n\t\t\t\t\t\t<span class=\"elementor-button-text\">Clique aqui retornar a p\u00e1gina de Hist\u00f3rico de Legislaturas<\/span>\n\t\t<\/span>\n\t\t\t\t\t<\/a>\n\t\t<\/div>\n\t\t\t\t<\/div>\n\t\t\t\t<\/div>\n\t\t\t\t\t<\/div>\n\t\t<\/div>\n\t\t\t\t\t\t\t<\/div>\n\t\t<\/section>\n\t\t\t\t\t\t\t<\/div>\n\t\t","protected":false},"excerpt":{"rendered":"<p>Vereadores Ant\u00f4nio Renn\u00f3 Pereira Dr. Vicente Sanches Nagib Mohallem Filho Cyrillo Rodrigues de Souza Augusto Ferreira de Almeida J\u00fanior Auzelino de Castro Gama Benedito Macedo C\u00e2ndido Pereira de Mendon\u00e7a Jo\u00e3o Pereira de Andrade e Silva Jos\u00e9 Lino da Costa Luiz Gomes da Silva Paulo Carneiro Santiago Sebasti\u00e3o Marciano de Farias Dr. Vicente de Sales Dias [&hellip;]<\/p>\n","protected":false},"author":1,"featured_media":0,"parent":0,"menu_order":0,"comment_status":"closed","ping_status":"closed","template":"","meta":{"footnotes":""},"class_list":["post-6855","page","type-page","status-publish","hentry"],"yoast_head":"<!-- This site is optimized with the Yoast SEO plugin v21.0 - https:\/\/yoast.com\/wordpress\/plugins\/seo\/ -->\n<title>25\u00aa Legislatura, 1955-1958 - C\u00e2mara Municipal de Itajub\u00e1<\/title>\n<meta name=\"robots\" content=\"index, follow, max-snippet:-1, max-image-preview:large, max-video-preview:-1\" \/>\n<link rel=\"canonical\" href=\"https:\/\/itajuba.cam.mg.gov.br\/site\/25a-legislatura-1955-1958\/\" \/>\n<meta property=\"og:locale\" content=\"pt_BR\" \/>\n<meta property=\"og:type\" content=\"article\" \/>\n<meta property=\"og:title\" content=\"25\u00aa Legislatura, 1955-1958 - C\u00e2mara Municipal de Itajub\u00e1\" \/>\n<meta property=\"og:description\" content=\"Vereadores Ant\u00f4nio Renn\u00f3 Pereira Dr. Vicente Sanches Nagib Mohallem Filho Cyrillo Rodrigues de Souza Augusto Ferreira de Almeida J\u00fanior Auzelino de Castro Gama Benedito Macedo C\u00e2ndido Pereira de Mendon\u00e7a Jo\u00e3o Pereira de Andrade e Silva Jos\u00e9 Lino da Costa Luiz Gomes da Silva Paulo Carneiro Santiago Sebasti\u00e3o Marciano de Farias Dr. Vicente de Sales Dias [&hellip;]\" \/>\n<meta property=\"og:url\" content=\"https:\/\/itajuba.cam.mg.gov.br\/site\/25a-legislatura-1955-1958\/\" \/>\n<meta property=\"og:site_name\" content=\"C\u00e2mara Municipal de Itajub\u00e1\" \/>\n<meta property=\"article:publisher\" content=\"https:\/\/www.facebook.com\/camaradeitajubaoficial\" \/>\n<meta property=\"article:modified_time\" content=\"2023-10-09T21:58:10+00:00\" \/>\n<meta name=\"twitter:card\" content=\"summary_large_image\" \/>\n<meta name=\"twitter:label1\" content=\"Est. tempo de leitura\" \/>\n\t<meta name=\"twitter:data1\" content=\"1 minuto\" \/>\n<script type=\"application\/ld+json\" class=\"yoast-schema-graph\">{\"@context\":\"https:\/\/schema.org\",\"@graph\":[{\"@type\":\"WebPage\",\"@id\":\"https:\/\/itajuba.cam.mg.gov.br\/site\/25a-legislatura-1955-1958\/\",\"url\":\"https:\/\/itajuba.cam.mg.gov.br\/site\/25a-legislatura-1955-1958\/\",\"name\":\"25\u00aa Legislatura, 1955-1958 - C\u00e2mara Municipal de Itajub\u00e1\",\"isPartOf\":{\"@id\":\"https:\/\/itajuba.cam.mg.gov.br\/site\/#website\"},\"datePublished\":\"2023-10-09T21:54:56+00:00\",\"dateModified\":\"2023-10-09T21:58:10+00:00\",\"breadcrumb\":{\"@id\":\"https:\/\/itajuba.cam.mg.gov.br\/site\/25a-legislatura-1955-1958\/#breadcrumb\"},\"inLanguage\":\"pt-BR\",\"potentialAction\":[{\"@type\":\"ReadAction\",\"target\":[\"https:\/\/itajuba.cam.mg.gov.br\/site\/25a-legislatura-1955-1958\/\"]}]},{\"@type\":\"BreadcrumbList\",\"@id\":\"https:\/\/itajuba.cam.mg.gov.br\/site\/25a-legislatura-1955-1958\/#breadcrumb\",\"itemListElement\":[{\"@type\":\"ListItem\",\"position\":1,\"name\":\"In\u00edcio\",\"item\":\"https:\/\/itajuba.cam.mg.gov.br\/site\/\"},{\"@type\":\"ListItem\",\"position\":2,\"name\":\"25\u00aa Legislatura, 1955-1958\"}]},{\"@type\":\"WebSite\",\"@id\":\"https:\/\/itajuba.cam.mg.gov.br\/site\/#website\",\"url\":\"https:\/\/itajuba.cam.mg.gov.br\/site\/\",\"name\":\"C\u00e2mara Municipal de Itajub\u00e1\",\"description\":\"Efici\u00eancia e Transpar\u00eancia\",\"publisher\":{\"@id\":\"https:\/\/itajuba.cam.mg.gov.br\/site\/#organization\"},\"potentialAction\":[{\"@type\":\"SearchAction\",\"target\":{\"@type\":\"EntryPoint\",\"urlTemplate\":\"https:\/\/itajuba.cam.mg.gov.br\/site\/?s={search_term_string}\"},\"query-input\":\"required name=search_term_string\"}],\"inLanguage\":\"pt-BR\"},{\"@type\":\"Organization\",\"@id\":\"https:\/\/itajuba.cam.mg.gov.br\/site\/#organization\",\"name\":\"C\u00e2mara Municipal de Itajub\u00e1\",\"url\":\"https:\/\/itajuba.cam.mg.gov.br\/site\/\",\"logo\":{\"@type\":\"ImageObject\",\"inLanguage\":\"pt-BR\",\"@id\":\"https:\/\/itajuba.cam.mg.gov.br\/site\/#\/schema\/logo\/image\/\",\"url\":\"https:\/\/itajuba.cam.mg.gov.br\/site\/wp-content\/uploads\/2023\/09\/logo_camara_2024.png\",\"contentUrl\":\"https:\/\/itajuba.cam.mg.gov.br\/site\/wp-content\/uploads\/2023\/09\/logo_camara_2024.png\",\"width\":1000,\"height\":385,\"caption\":\"C\u00e2mara Municipal de Itajub\u00e1\"},\"image\":{\"@id\":\"https:\/\/itajuba.cam.mg.gov.br\/site\/#\/schema\/logo\/image\/\"},\"sameAs\":[\"https:\/\/www.facebook.com\/camaradeitajubaoficial\",\"https:\/\/www.instagram.com\/camaradeitajubaoficial\/\",\"https:\/\/www.youtube.com\/user\/TVCAMARAITAJUBA\"]}]}<\/script>\n<!-- \/ Yoast SEO plugin. -->","yoast_head_json":{"title":"25\u00aa Legislatura, 1955-1958 - C\u00e2mara Municipal de Itajub\u00e1","robots":{"index":"index","follow":"follow","max-snippet":"max-snippet:-1","max-image-preview":"max-image-preview:large","max-video-preview":"max-video-preview:-1"},"canonical":"https:\/\/itajuba.cam.mg.gov.br\/site\/25a-legislatura-1955-1958\/","og_locale":"pt_BR","og_type":"article","og_title":"25\u00aa Legislatura, 1955-1958 - C\u00e2mara Municipal de Itajub\u00e1","og_description":"Vereadores Ant\u00f4nio Renn\u00f3 Pereira Dr. Vicente Sanches Nagib Mohallem Filho Cyrillo Rodrigues de Souza Augusto Ferreira de Almeida J\u00fanior Auzelino de Castro Gama Benedito Macedo C\u00e2ndido Pereira de Mendon\u00e7a Jo\u00e3o Pereira de Andrade e Silva Jos\u00e9 Lino da Costa Luiz Gomes da Silva Paulo Carneiro Santiago Sebasti\u00e3o Marciano de Farias Dr. Vicente de Sales Dias [&hellip;]","og_url":"https:\/\/itajuba.cam.mg.gov.br\/site\/25a-legislatura-1955-1958\/","og_site_name":"C\u00e2mara Municipal de Itajub\u00e1","article_publisher":"https:\/\/www.facebook.com\/camaradeitajubaoficial","article_modified_time":"2023-10-09T21:58:10+00:00","twitter_card":"summary_large_image","twitter_misc":{"Est. tempo de leitura":"1 minuto"},"schema":{"@context":"https:\/\/schema.org","@graph":[{"@type":"WebPage","@id":"https:\/\/itajuba.cam.mg.gov.br\/site\/25a-legislatura-1955-1958\/","url":"https:\/\/itajuba.cam.mg.gov.br\/site\/25a-legislatura-1955-1958\/","name":"25\u00aa Legislatura, 1955-1958 - C\u00e2mara Municipal de Itajub\u00e1","isPartOf":{"@id":"https:\/\/itajuba.cam.mg.gov.br\/site\/#website"},"datePublished":"2023-10-09T21:54:56+00:00","dateModified":"2023-10-09T21:58:10+00:00","breadcrumb":{"@id":"https:\/\/itajuba.cam.mg.gov.br\/site\/25a-legislatura-1955-1958\/#breadcrumb"},"inLanguage":"pt-BR","potentialAction":[{"@type":"ReadAction","target":["https:\/\/itajuba.cam.mg.gov.br\/site\/25a-legislatura-1955-1958\/"]}]},{"@type":"BreadcrumbList","@id":"https:\/\/itajuba.cam.mg.gov.br\/site\/25a-legislatura-1955-1958\/#breadcrumb","itemListElement":[{"@type":"ListItem","position":1,"name":"In\u00edcio","item":"https:\/\/itajuba.cam.mg.gov.br\/site\/"},{"@type":"ListItem","position":2,"name":"25\u00aa Legislatura, 1955-1958"}]},{"@type":"WebSite","@id":"https:\/\/itajuba.cam.mg.gov.br\/site\/#website","url":"https:\/\/itajuba.cam.mg.gov.br\/site\/","name":"C\u00e2mara Municipal de Itajub\u00e1","description":"Efici\u00eancia e Transpar\u00eancia","publisher":{"@id":"https:\/\/itajuba.cam.mg.gov.br\/site\/#organization"},"potentialAction":[{"@type":"SearchAction","target":{"@type":"EntryPoint","urlTemplate":"https:\/\/itajuba.cam.mg.gov.br\/site\/?s={search_term_string}"},"query-input":"required name=search_term_string"}],"inLanguage":"pt-BR"},{"@type":"Organization","@id":"https:\/\/itajuba.cam.mg.gov.br\/site\/#organization","name":"C\u00e2mara Municipal de Itajub\u00e1","url":"https:\/\/itajuba.cam.mg.gov.br\/site\/","logo":{"@type":"ImageObject","inLanguage":"pt-BR","@id":"https:\/\/itajuba.cam.mg.gov.br\/site\/#\/schema\/logo\/image\/","url":"https:\/\/itajuba.cam.mg.gov.br\/site\/wp-content\/uploads\/2023\/09\/logo_camara_2024.png","contentUrl":"https:\/\/itajuba.cam.mg.gov.br\/site\/wp-content\/uploads\/2023\/09\/logo_camara_2024.png","width":1000,"height":385,"caption":"C\u00e2mara Municipal de Itajub\u00e1"},"image":{"@id":"https:\/\/itajuba.cam.mg.gov.br\/site\/#\/schema\/logo\/image\/"},"sameAs":["https:\/\/www.facebook.com\/camaradeitajubaoficial","https:\/\/www.instagram.com\/camaradeitajubaoficial\/","https:\/\/www.youtube.com\/user\/TVCAMARAITAJUBA"]}]}},"_links":{"self":[{"href":"https:\/\/itajuba.cam.mg.gov.br\/site\/wp-json\/wp\/v2\/pages\/6855","targetHints":{"allow":["GET"]}}],"collection":[{"href":"https:\/\/itajuba.cam.mg.gov.br\/site\/wp-json\/wp\/v2\/pages"}],"about":[{"href":"https:\/\/itajuba.cam.mg.gov.br\/site\/wp-json\/wp\/v2\/types\/page"}],"author":[{"embeddable":true,"href":"https:\/\/itajuba.cam.mg.gov.br\/site\/wp-json\/wp\/v2\/users\/1"}],"replies":[{"embeddable":true,"href":"https:\/\/itajuba.cam.mg.gov.br\/site\/wp-json\/wp\/v2\/comments?post=6855"}],"version-history":[{"count":4,"href":"https:\/\/itajuba.cam.mg.gov.br\/site\/wp-json\/wp\/v2\/pages\/6855\/revisions"}],"predecessor-version":[{"id":6863,"href":"https:\/\/itajuba.cam.mg.gov.br\/site\/wp-json\/wp\/v2\/pages\/6855\/revisions\/6863"}],"wp:attachment":[{"href":"https:\/\/itajuba.cam.mg.gov.br\/site\/wp-json\/wp\/v2\/media?parent=6855"}],"curies":[{"name":"wp","href":"https:\/\/api.w.org\/{rel}","templated":true}]}}