{"id":6871,"date":"2023-10-09T22:00:28","date_gmt":"2023-10-09T22:00:28","guid":{"rendered":"https:\/\/itajuba.cam.mg.gov.br\/site\/?page_id=6871"},"modified":"2023-10-09T22:01:37","modified_gmt":"2023-10-09T22:01:37","slug":"27a-legislatura-quadrienio-1963-1966","status":"publish","type":"page","link":"https:\/\/itajuba.cam.mg.gov.br\/site\/27a-legislatura-quadrienio-1963-1966\/","title":{"rendered":"27\u00aa Legislatura, quadri\u00eanio 1963-1966"},"content":{"rendered":"\t\t<div data-elementor-type=\"wp-page\" data-elementor-id=\"6871\" class=\"elementor elementor-6871\" data-elementor-post-type=\"page\">\n\t\t\t\t\t\t\t\t\t<section class=\"elementor-section elementor-top-section elementor-element elementor-element-7cb5b561 elementor-section-boxed elementor-section-height-default elementor-section-height-default\" data-id=\"7cb5b561\" data-element_type=\"section\">\n\t\t\t\t\t\t<div class=\"elementor-container elementor-column-gap-default\">\n\t\t\t\t\t<div class=\"elementor-column elementor-col-100 elementor-top-column elementor-element elementor-element-67311d0f\" data-id=\"67311d0f\" data-element_type=\"column\">\n\t\t\t<div class=\"elementor-widget-wrap elementor-element-populated\">\n\t\t\t\t\t\t\t\t<div class=\"elementor-element elementor-element-67b3f0eb elementor-widget elementor-widget-heading\" data-id=\"67b3f0eb\" data-element_type=\"widget\" data-widget_type=\"heading.default\">\n\t\t\t\t<div class=\"elementor-widget-container\">\n\t\t\t<style>\/*! elementor - v3.16.0 - 13-09-2023 *\/\n.elementor-heading-title{padding:0;margin:0;line-height:1}.elementor-widget-heading .elementor-heading-title[class*=elementor-size-]>a{color:inherit;font-size:inherit;line-height:inherit}.elementor-widget-heading .elementor-heading-title.elementor-size-small{font-size:15px}.elementor-widget-heading .elementor-heading-title.elementor-size-medium{font-size:19px}.elementor-widget-heading .elementor-heading-title.elementor-size-large{font-size:29px}.elementor-widget-heading .elementor-heading-title.elementor-size-xl{font-size:39px}.elementor-widget-heading .elementor-heading-title.elementor-size-xxl{font-size:59px}<\/style><h4 class=\"elementor-heading-title elementor-size-default\">Vereadores<\/h4>\t\t<\/div>\n\t\t\t\t<\/div>\n\t\t\t\t<div class=\"elementor-element elementor-element-2d60daf7 elementor-widget elementor-widget-text-editor\" data-id=\"2d60daf7\" data-element_type=\"widget\" data-widget_type=\"text-editor.default\">\n\t\t\t\t<div class=\"elementor-widget-container\">\n\t\t\t<style>\/*! elementor - v3.16.0 - 13-09-2023 *\/\n.elementor-widget-text-editor.elementor-drop-cap-view-stacked .elementor-drop-cap{background-color:#69727d;color:#fff}.elementor-widget-text-editor.elementor-drop-cap-view-framed .elementor-drop-cap{color:#69727d;border:3px solid;background-color:transparent}.elementor-widget-text-editor:not(.elementor-drop-cap-view-default) .elementor-drop-cap{margin-top:8px}.elementor-widget-text-editor:not(.elementor-drop-cap-view-default) .elementor-drop-cap-letter{width:1em;height:1em}.elementor-widget-text-editor .elementor-drop-cap{float:left;text-align:center;line-height:1;font-size:50px}.elementor-widget-text-editor .elementor-drop-cap-letter{display:inline-block}<\/style>\t\t\t\t<p class=\"has-text-align-center\" style=\"text-align: left;\">Paulo Paulistano de Faria<\/p><p class=\"has-text-align-center\" style=\"text-align: left;\">Afonso Brito Filho<\/p><p class=\"has-text-align-center\" style=\"text-align: left;\">Eduardo Salles Paiva<\/p><p class=\"has-text-align-center\" style=\"text-align: left;\">Jo\u00e3o Prudenciano da Silva<\/p><p class=\"has-text-align-center\" style=\"text-align: left;\">Joaquim Vieira Miranda<\/p><p class=\"has-text-align-center\" style=\"text-align: left;\">Jos\u00e9 Aldano Santana<\/p><p class=\"has-text-align-center\" style=\"text-align: left;\">Jos\u00e9 Geraldo Maciel<\/p><p class=\"has-text-align-center\" style=\"text-align: left;\">Maria de Lourdes Sanches Coelho<\/p><p class=\"has-text-align-center\" style=\"text-align: left;\">Murilo Mohallem<\/p><p class=\"has-text-align-center\" style=\"text-align: left;\">Olavo Bilac Miranda<\/p><p class=\"has-text-align-center\" style=\"text-align: left;\">Olyntho Marques<\/p><p class=\"has-text-align-center\" style=\"text-align: left;\">Oswaldo Reynaldo<\/p><p class=\"has-text-align-center\" style=\"text-align: left;\">Pompeu Jos\u00e9 Ant\u00f4nio<\/p><p class=\"has-text-align-center\" style=\"text-align: left;\">Sebasti\u00e3o Sim\u00f5es<\/p><p class=\"has-text-align-center\" style=\"text-align: left;\">Vicente Ribeiro Sobrinho<\/p>\t\t\t\t\t\t<\/div>\n\t\t\t\t<\/div>\n\t\t\t\t<div class=\"elementor-element elementor-element-65f4f18a elementor-widget elementor-widget-heading\" data-id=\"65f4f18a\" data-element_type=\"widget\" data-widget_type=\"heading.default\">\n\t\t\t\t<div class=\"elementor-widget-container\">\n\t\t\t<h4 class=\"elementor-heading-title elementor-size-default\">Presidentes durante a legislatura<\/h4>\t\t<\/div>\n\t\t\t\t<\/div>\n\t\t\t\t<div class=\"elementor-element elementor-element-5f970020 elementor-widget elementor-widget-text-editor\" data-id=\"5f970020\" data-element_type=\"widget\" data-widget_type=\"text-editor.default\">\n\t\t\t\t<div class=\"elementor-widget-container\">\n\t\t\t\t\t\t\t<p class=\"has-text-align-center\" style=\"text-align: left;\">Paulo Paulistano Faria<\/p><p class=\"has-text-align-center\" style=\"text-align: left;\">Prefeito: Jos\u00e9 Maria Siveira Campos<\/p><p class=\"has-text-align-center\" style=\"text-align: left;\">Nagib Mohallem Filho (vice-prefeiro)<\/p>\t\t\t\t\t\t<\/div>\n\t\t\t\t<\/div>\n\t\t\t\t<div class=\"elementor-element elementor-element-43c65437 elementor-widget elementor-widget-button\" data-id=\"43c65437\" data-element_type=\"widget\" data-widget_type=\"button.default\">\n\t\t\t\t<div class=\"elementor-widget-container\">\n\t\t\t\t\t<div class=\"elementor-button-wrapper\">\n\t\t\t<a class=\"elementor-button elementor-button-link elementor-size-sm elementor-animation-shrink\" href=\"https:\/\/itajuba.cam.mg.gov.br\/site\/historico-de-legislaturas\/\">\n\t\t\t\t\t\t<span class=\"elementor-button-content-wrapper\">\n\t\t\t\t\t\t<span class=\"elementor-button-text\">Clique aqui retornar a p\u00e1gina de Hist\u00f3rico de Legislaturas<\/span>\n\t\t<\/span>\n\t\t\t\t\t<\/a>\n\t\t<\/div>\n\t\t\t\t<\/div>\n\t\t\t\t<\/div>\n\t\t\t\t\t<\/div>\n\t\t<\/div>\n\t\t\t\t\t\t\t<\/div>\n\t\t<\/section>\n\t\t\t\t\t\t\t<\/div>\n\t\t","protected":false},"excerpt":{"rendered":"<p>Vereadores Paulo Paulistano de Faria Afonso Brito Filho Eduardo Salles Paiva Jo\u00e3o Prudenciano da Silva Joaquim Vieira Miranda Jos\u00e9 Aldano Santana Jos\u00e9 Geraldo Maciel Maria de Lourdes Sanches Coelho Murilo Mohallem Olavo Bilac Miranda Olyntho Marques Oswaldo Reynaldo Pompeu Jos\u00e9 Ant\u00f4nio Sebasti\u00e3o Sim\u00f5es Vicente Ribeiro Sobrinho Presidentes durante a legislatura Paulo Paulistano Faria Prefeito: Jos\u00e9 [&hellip;]<\/p>\n","protected":false},"author":1,"featured_media":0,"parent":0,"menu_order":0,"comment_status":"closed","ping_status":"closed","template":"","meta":{"footnotes":""},"class_list":["post-6871","page","type-page","status-publish","hentry"],"yoast_head":"<!-- This site is optimized with the Yoast SEO plugin v21.0 - https:\/\/yoast.com\/wordpress\/plugins\/seo\/ -->\n<title>27\u00aa Legislatura, quadri\u00eanio 1963-1966 - C\u00e2mara Municipal de Itajub\u00e1<\/title>\n<meta name=\"robots\" content=\"index, follow, max-snippet:-1, max-image-preview:large, max-video-preview:-1\" \/>\n<link rel=\"canonical\" href=\"https:\/\/itajuba.cam.mg.gov.br\/site\/27a-legislatura-quadrienio-1963-1966\/\" \/>\n<meta property=\"og:locale\" content=\"pt_BR\" \/>\n<meta property=\"og:type\" content=\"article\" \/>\n<meta property=\"og:title\" content=\"27\u00aa Legislatura, quadri\u00eanio 1963-1966 - C\u00e2mara Municipal de Itajub\u00e1\" \/>\n<meta property=\"og:description\" content=\"Vereadores Paulo Paulistano de Faria Afonso Brito Filho Eduardo Salles Paiva Jo\u00e3o Prudenciano da Silva Joaquim Vieira Miranda Jos\u00e9 Aldano Santana Jos\u00e9 Geraldo Maciel Maria de Lourdes Sanches Coelho Murilo Mohallem Olavo Bilac Miranda Olyntho Marques Oswaldo Reynaldo Pompeu Jos\u00e9 Ant\u00f4nio Sebasti\u00e3o Sim\u00f5es Vicente Ribeiro Sobrinho Presidentes durante a legislatura Paulo Paulistano Faria Prefeito: Jos\u00e9 [&hellip;]\" \/>\n<meta property=\"og:url\" content=\"https:\/\/itajuba.cam.mg.gov.br\/site\/27a-legislatura-quadrienio-1963-1966\/\" \/>\n<meta property=\"og:site_name\" content=\"C\u00e2mara Municipal de Itajub\u00e1\" \/>\n<meta property=\"article:publisher\" content=\"https:\/\/www.facebook.com\/camaradeitajubaoficial\" \/>\n<meta property=\"article:modified_time\" content=\"2023-10-09T22:01:37+00:00\" \/>\n<meta name=\"twitter:card\" content=\"summary_large_image\" \/>\n<meta name=\"twitter:label1\" content=\"Est. tempo de leitura\" \/>\n\t<meta name=\"twitter:data1\" content=\"1 minuto\" \/>\n<script type=\"application\/ld+json\" class=\"yoast-schema-graph\">{\"@context\":\"https:\/\/schema.org\",\"@graph\":[{\"@type\":\"WebPage\",\"@id\":\"https:\/\/itajuba.cam.mg.gov.br\/site\/27a-legislatura-quadrienio-1963-1966\/\",\"url\":\"https:\/\/itajuba.cam.mg.gov.br\/site\/27a-legislatura-quadrienio-1963-1966\/\",\"name\":\"27\u00aa Legislatura, quadri\u00eanio 1963-1966 - C\u00e2mara Municipal de Itajub\u00e1\",\"isPartOf\":{\"@id\":\"https:\/\/itajuba.cam.mg.gov.br\/site\/#website\"},\"datePublished\":\"2023-10-09T22:00:28+00:00\",\"dateModified\":\"2023-10-09T22:01:37+00:00\",\"breadcrumb\":{\"@id\":\"https:\/\/itajuba.cam.mg.gov.br\/site\/27a-legislatura-quadrienio-1963-1966\/#breadcrumb\"},\"inLanguage\":\"pt-BR\",\"potentialAction\":[{\"@type\":\"ReadAction\",\"target\":[\"https:\/\/itajuba.cam.mg.gov.br\/site\/27a-legislatura-quadrienio-1963-1966\/\"]}]},{\"@type\":\"BreadcrumbList\",\"@id\":\"https:\/\/itajuba.cam.mg.gov.br\/site\/27a-legislatura-quadrienio-1963-1966\/#breadcrumb\",\"itemListElement\":[{\"@type\":\"ListItem\",\"position\":1,\"name\":\"In\u00edcio\",\"item\":\"https:\/\/itajuba.cam.mg.gov.br\/site\/\"},{\"@type\":\"ListItem\",\"position\":2,\"name\":\"27\u00aa Legislatura, quadri\u00eanio 1963-1966\"}]},{\"@type\":\"WebSite\",\"@id\":\"https:\/\/itajuba.cam.mg.gov.br\/site\/#website\",\"url\":\"https:\/\/itajuba.cam.mg.gov.br\/site\/\",\"name\":\"C\u00e2mara Municipal de Itajub\u00e1\",\"description\":\"Efici\u00eancia e Transpar\u00eancia\",\"publisher\":{\"@id\":\"https:\/\/itajuba.cam.mg.gov.br\/site\/#organization\"},\"potentialAction\":[{\"@type\":\"SearchAction\",\"target\":{\"@type\":\"EntryPoint\",\"urlTemplate\":\"https:\/\/itajuba.cam.mg.gov.br\/site\/?s={search_term_string}\"},\"query-input\":\"required name=search_term_string\"}],\"inLanguage\":\"pt-BR\"},{\"@type\":\"Organization\",\"@id\":\"https:\/\/itajuba.cam.mg.gov.br\/site\/#organization\",\"name\":\"C\u00e2mara Municipal de Itajub\u00e1\",\"url\":\"https:\/\/itajuba.cam.mg.gov.br\/site\/\",\"logo\":{\"@type\":\"ImageObject\",\"inLanguage\":\"pt-BR\",\"@id\":\"https:\/\/itajuba.cam.mg.gov.br\/site\/#\/schema\/logo\/image\/\",\"url\":\"https:\/\/itajuba.cam.mg.gov.br\/site\/wp-content\/uploads\/2023\/09\/logo_camara_2024.png\",\"contentUrl\":\"https:\/\/itajuba.cam.mg.gov.br\/site\/wp-content\/uploads\/2023\/09\/logo_camara_2024.png\",\"width\":1000,\"height\":385,\"caption\":\"C\u00e2mara Municipal de Itajub\u00e1\"},\"image\":{\"@id\":\"https:\/\/itajuba.cam.mg.gov.br\/site\/#\/schema\/logo\/image\/\"},\"sameAs\":[\"https:\/\/www.facebook.com\/camaradeitajubaoficial\",\"https:\/\/www.instagram.com\/camaradeitajubaoficial\/\",\"https:\/\/www.youtube.com\/user\/TVCAMARAITAJUBA\"]}]}<\/script>\n<!-- \/ Yoast SEO plugin. -->","yoast_head_json":{"title":"27\u00aa Legislatura, quadri\u00eanio 1963-1966 - C\u00e2mara Municipal de Itajub\u00e1","robots":{"index":"index","follow":"follow","max-snippet":"max-snippet:-1","max-image-preview":"max-image-preview:large","max-video-preview":"max-video-preview:-1"},"canonical":"https:\/\/itajuba.cam.mg.gov.br\/site\/27a-legislatura-quadrienio-1963-1966\/","og_locale":"pt_BR","og_type":"article","og_title":"27\u00aa Legislatura, quadri\u00eanio 1963-1966 - C\u00e2mara Municipal de Itajub\u00e1","og_description":"Vereadores Paulo Paulistano de Faria Afonso Brito Filho Eduardo Salles Paiva Jo\u00e3o Prudenciano da Silva Joaquim Vieira Miranda Jos\u00e9 Aldano Santana Jos\u00e9 Geraldo Maciel Maria de Lourdes Sanches Coelho Murilo Mohallem Olavo Bilac Miranda Olyntho Marques Oswaldo Reynaldo Pompeu Jos\u00e9 Ant\u00f4nio Sebasti\u00e3o Sim\u00f5es Vicente Ribeiro Sobrinho Presidentes durante a legislatura Paulo Paulistano Faria Prefeito: Jos\u00e9 [&hellip;]","og_url":"https:\/\/itajuba.cam.mg.gov.br\/site\/27a-legislatura-quadrienio-1963-1966\/","og_site_name":"C\u00e2mara Municipal de Itajub\u00e1","article_publisher":"https:\/\/www.facebook.com\/camaradeitajubaoficial","article_modified_time":"2023-10-09T22:01:37+00:00","twitter_card":"summary_large_image","twitter_misc":{"Est. tempo de leitura":"1 minuto"},"schema":{"@context":"https:\/\/schema.org","@graph":[{"@type":"WebPage","@id":"https:\/\/itajuba.cam.mg.gov.br\/site\/27a-legislatura-quadrienio-1963-1966\/","url":"https:\/\/itajuba.cam.mg.gov.br\/site\/27a-legislatura-quadrienio-1963-1966\/","name":"27\u00aa Legislatura, quadri\u00eanio 1963-1966 - C\u00e2mara Municipal de Itajub\u00e1","isPartOf":{"@id":"https:\/\/itajuba.cam.mg.gov.br\/site\/#website"},"datePublished":"2023-10-09T22:00:28+00:00","dateModified":"2023-10-09T22:01:37+00:00","breadcrumb":{"@id":"https:\/\/itajuba.cam.mg.gov.br\/site\/27a-legislatura-quadrienio-1963-1966\/#breadcrumb"},"inLanguage":"pt-BR","potentialAction":[{"@type":"ReadAction","target":["https:\/\/itajuba.cam.mg.gov.br\/site\/27a-legislatura-quadrienio-1963-1966\/"]}]},{"@type":"BreadcrumbList","@id":"https:\/\/itajuba.cam.mg.gov.br\/site\/27a-legislatura-quadrienio-1963-1966\/#breadcrumb","itemListElement":[{"@type":"ListItem","position":1,"name":"In\u00edcio","item":"https:\/\/itajuba.cam.mg.gov.br\/site\/"},{"@type":"ListItem","position":2,"name":"27\u00aa Legislatura, quadri\u00eanio 1963-1966"}]},{"@type":"WebSite","@id":"https:\/\/itajuba.cam.mg.gov.br\/site\/#website","url":"https:\/\/itajuba.cam.mg.gov.br\/site\/","name":"C\u00e2mara Municipal de Itajub\u00e1","description":"Efici\u00eancia e Transpar\u00eancia","publisher":{"@id":"https:\/\/itajuba.cam.mg.gov.br\/site\/#organization"},"potentialAction":[{"@type":"SearchAction","target":{"@type":"EntryPoint","urlTemplate":"https:\/\/itajuba.cam.mg.gov.br\/site\/?s={search_term_string}"},"query-input":"required name=search_term_string"}],"inLanguage":"pt-BR"},{"@type":"Organization","@id":"https:\/\/itajuba.cam.mg.gov.br\/site\/#organization","name":"C\u00e2mara Municipal de Itajub\u00e1","url":"https:\/\/itajuba.cam.mg.gov.br\/site\/","logo":{"@type":"ImageObject","inLanguage":"pt-BR","@id":"https:\/\/itajuba.cam.mg.gov.br\/site\/#\/schema\/logo\/image\/","url":"https:\/\/itajuba.cam.mg.gov.br\/site\/wp-content\/uploads\/2023\/09\/logo_camara_2024.png","contentUrl":"https:\/\/itajuba.cam.mg.gov.br\/site\/wp-content\/uploads\/2023\/09\/logo_camara_2024.png","width":1000,"height":385,"caption":"C\u00e2mara Municipal de Itajub\u00e1"},"image":{"@id":"https:\/\/itajuba.cam.mg.gov.br\/site\/#\/schema\/logo\/image\/"},"sameAs":["https:\/\/www.facebook.com\/camaradeitajubaoficial","https:\/\/www.instagram.com\/camaradeitajubaoficial\/","https:\/\/www.youtube.com\/user\/TVCAMARAITAJUBA"]}]}},"_links":{"self":[{"href":"https:\/\/itajuba.cam.mg.gov.br\/site\/wp-json\/wp\/v2\/pages\/6871","targetHints":{"allow":["GET"]}}],"collection":[{"href":"https:\/\/itajuba.cam.mg.gov.br\/site\/wp-json\/wp\/v2\/pages"}],"about":[{"href":"https:\/\/itajuba.cam.mg.gov.br\/site\/wp-json\/wp\/v2\/types\/page"}],"author":[{"embeddable":true,"href":"https:\/\/itajuba.cam.mg.gov.br\/site\/wp-json\/wp\/v2\/users\/1"}],"replies":[{"embeddable":true,"href":"https:\/\/itajuba.cam.mg.gov.br\/site\/wp-json\/wp\/v2\/comments?post=6871"}],"version-history":[{"count":4,"href":"https:\/\/itajuba.cam.mg.gov.br\/site\/wp-json\/wp\/v2\/pages\/6871\/revisions"}],"predecessor-version":[{"id":6879,"href":"https:\/\/itajuba.cam.mg.gov.br\/site\/wp-json\/wp\/v2\/pages\/6871\/revisions\/6879"}],"wp:attachment":[{"href":"https:\/\/itajuba.cam.mg.gov.br\/site\/wp-json\/wp\/v2\/media?parent=6871"}],"curies":[{"name":"wp","href":"https:\/\/api.w.org\/{rel}","templated":true}]}}