{"id":6889,"date":"2023-10-09T22:03:53","date_gmt":"2023-10-09T22:03:53","guid":{"rendered":"https:\/\/itajuba.cam.mg.gov.br\/site\/?page_id=6889"},"modified":"2023-10-09T22:05:14","modified_gmt":"2023-10-09T22:05:14","slug":"29a-legislatura-bienio-1971-1972","status":"publish","type":"page","link":"https:\/\/itajuba.cam.mg.gov.br\/site\/29a-legislatura-bienio-1971-1972\/","title":{"rendered":"29\u00aa Legislatura, bi\u00eanio 1971-1972"},"content":{"rendered":"\t\t<div data-elementor-type=\"wp-page\" data-elementor-id=\"6889\" class=\"elementor elementor-6889\" data-elementor-post-type=\"page\">\n\t\t\t\t\t\t\t\t\t<section class=\"elementor-section elementor-top-section elementor-element elementor-element-3563f8d5 elementor-section-boxed elementor-section-height-default elementor-section-height-default\" data-id=\"3563f8d5\" data-element_type=\"section\">\n\t\t\t\t\t\t<div class=\"elementor-container elementor-column-gap-default\">\n\t\t\t\t\t<div class=\"elementor-column elementor-col-100 elementor-top-column elementor-element elementor-element-684a6e98\" data-id=\"684a6e98\" data-element_type=\"column\">\n\t\t\t<div class=\"elementor-widget-wrap elementor-element-populated\">\n\t\t\t\t\t\t\t\t<div class=\"elementor-element elementor-element-3d84c13f elementor-widget elementor-widget-heading\" data-id=\"3d84c13f\" data-element_type=\"widget\" data-widget_type=\"heading.default\">\n\t\t\t\t<div class=\"elementor-widget-container\">\n\t\t\t<style>\/*! elementor - v3.16.0 - 13-09-2023 *\/\n.elementor-heading-title{padding:0;margin:0;line-height:1}.elementor-widget-heading .elementor-heading-title[class*=elementor-size-]>a{color:inherit;font-size:inherit;line-height:inherit}.elementor-widget-heading .elementor-heading-title.elementor-size-small{font-size:15px}.elementor-widget-heading .elementor-heading-title.elementor-size-medium{font-size:19px}.elementor-widget-heading .elementor-heading-title.elementor-size-large{font-size:29px}.elementor-widget-heading .elementor-heading-title.elementor-size-xl{font-size:39px}.elementor-widget-heading .elementor-heading-title.elementor-size-xxl{font-size:59px}<\/style><h4 class=\"elementor-heading-title elementor-size-default\">Vereadores<\/h4>\t\t<\/div>\n\t\t\t\t<\/div>\n\t\t\t\t<div class=\"elementor-element elementor-element-29e72f56 elementor-widget elementor-widget-text-editor\" data-id=\"29e72f56\" data-element_type=\"widget\" data-widget_type=\"text-editor.default\">\n\t\t\t\t<div class=\"elementor-widget-container\">\n\t\t\t<style>\/*! elementor - v3.16.0 - 13-09-2023 *\/\n.elementor-widget-text-editor.elementor-drop-cap-view-stacked .elementor-drop-cap{background-color:#69727d;color:#fff}.elementor-widget-text-editor.elementor-drop-cap-view-framed .elementor-drop-cap{color:#69727d;border:3px solid;background-color:transparent}.elementor-widget-text-editor:not(.elementor-drop-cap-view-default) .elementor-drop-cap{margin-top:8px}.elementor-widget-text-editor:not(.elementor-drop-cap-view-default) .elementor-drop-cap-letter{width:1em;height:1em}.elementor-widget-text-editor .elementor-drop-cap{float:left;text-align:center;line-height:1;font-size:50px}.elementor-widget-text-editor .elementor-drop-cap-letter{display:inline-block}<\/style>\t\t\t\t<p class=\"has-text-align-center\" style=\"text-align: left;\">Dr. Jos\u00e9 Chaiben Mauad<\/p><p class=\"has-text-align-center\" style=\"text-align: left;\">Ari Batista Mont\u2019Alv\u00e3o<\/p><p class=\"has-text-align-center\" style=\"text-align: left;\">Ad\u00edlio Sales Paiva<\/p><p class=\"has-text-align-center\" style=\"text-align: left;\">Dr. Celso Mendes Braga<\/p><p class=\"has-text-align-center\" style=\"text-align: left;\">Clemente C\u00e9sar da Silva<\/p><p class=\"has-text-align-center\" style=\"text-align: left;\">Francisco Pinto de Carvalho<\/p><p class=\"has-text-align-center\" style=\"text-align: left;\">Dr. Gilberto Faria de Azevedo<\/p><p class=\"has-text-align-center\" style=\"text-align: left;\">Dr. Jansen Pinto Nogueira<\/p><p class=\"has-text-align-center\" style=\"text-align: left;\">Jo\u00e3o Tarc\u00edsio de Oliveira<\/p><p class=\"has-text-align-center\" style=\"text-align: left;\">Jos\u00e9 Aldano Santana<\/p><p class=\"has-text-align-center\" style=\"text-align: left;\">Jos\u00e9 Isidoro<\/p><p class=\"has-text-align-center\" style=\"text-align: left;\">Jos\u00e9 Lauro Dias<\/p><p class=\"has-text-align-center\" style=\"text-align: left;\">Louren\u00e7o Silveira Campos<\/p><p class=\"has-text-align-center\" style=\"text-align: left;\">Moacyr de Oliveira\u00a0<\/p><p class=\"has-text-align-center\" style=\"text-align: left;\">Sebasti\u00e3o Imar Martins Ri\u00eara<\/p>\t\t\t\t\t\t<\/div>\n\t\t\t\t<\/div>\n\t\t\t\t<div class=\"elementor-element elementor-element-28f343aa elementor-widget elementor-widget-heading\" data-id=\"28f343aa\" data-element_type=\"widget\" data-widget_type=\"heading.default\">\n\t\t\t\t<div class=\"elementor-widget-container\">\n\t\t\t<h4 class=\"elementor-heading-title elementor-size-default\">Presidentes durante a legislatura<\/h4>\t\t<\/div>\n\t\t\t\t<\/div>\n\t\t\t\t<div class=\"elementor-element elementor-element-22e23279 elementor-widget elementor-widget-text-editor\" data-id=\"22e23279\" data-element_type=\"widget\" data-widget_type=\"text-editor.default\">\n\t\t\t\t<div class=\"elementor-widget-container\">\n\t\t\t\t\t\t\t<p class=\"has-text-align-center\" style=\"text-align: left;\">Dr. Jos\u00e9 Chaiben Mauad<\/p><p class=\"has-text-align-center\" style=\"text-align: left;\">Prefeito: Paulo Paulistano de Faria\u00a0<\/p><p class=\"has-text-align-center\" style=\"text-align: left;\">Dr. Erasmo Cardoso (vice-prefeito)<\/p><p class=\"has-text-align-center\" style=\"text-align: left;\">N\u00e3o se sabe muito bem porque esse per\u00edodo durou apenas dois anos.<\/p>\t\t\t\t\t\t<\/div>\n\t\t\t\t<\/div>\n\t\t\t\t<div class=\"elementor-element elementor-element-5510edd0 elementor-widget elementor-widget-button\" data-id=\"5510edd0\" data-element_type=\"widget\" data-widget_type=\"button.default\">\n\t\t\t\t<div class=\"elementor-widget-container\">\n\t\t\t\t\t<div class=\"elementor-button-wrapper\">\n\t\t\t<a class=\"elementor-button elementor-button-link elementor-size-sm elementor-animation-shrink\" href=\"https:\/\/itajuba.cam.mg.gov.br\/site\/historico-de-legislaturas\/\">\n\t\t\t\t\t\t<span class=\"elementor-button-content-wrapper\">\n\t\t\t\t\t\t<span class=\"elementor-button-text\">Clique aqui retornar a p\u00e1gina de Hist\u00f3rico de Legislaturas<\/span>\n\t\t<\/span>\n\t\t\t\t\t<\/a>\n\t\t<\/div>\n\t\t\t\t<\/div>\n\t\t\t\t<\/div>\n\t\t\t\t\t<\/div>\n\t\t<\/div>\n\t\t\t\t\t\t\t<\/div>\n\t\t<\/section>\n\t\t\t\t\t\t\t<\/div>\n\t\t","protected":false},"excerpt":{"rendered":"<p>Vereadores Dr. Jos\u00e9 Chaiben Mauad Ari Batista Mont\u2019Alv\u00e3o Ad\u00edlio Sales Paiva Dr. Celso Mendes Braga Clemente C\u00e9sar da Silva Francisco Pinto de Carvalho Dr. Gilberto Faria de Azevedo Dr. Jansen Pinto Nogueira Jo\u00e3o Tarc\u00edsio de Oliveira Jos\u00e9 Aldano Santana Jos\u00e9 Isidoro Jos\u00e9 Lauro Dias Louren\u00e7o Silveira Campos Moacyr de Oliveira\u00a0 Sebasti\u00e3o Imar Martins Ri\u00eara Presidentes [&hellip;]<\/p>\n","protected":false},"author":1,"featured_media":0,"parent":0,"menu_order":0,"comment_status":"closed","ping_status":"closed","template":"","meta":{"footnotes":""},"class_list":["post-6889","page","type-page","status-publish","hentry"],"yoast_head":"<!-- This site is optimized with the Yoast SEO plugin v21.0 - https:\/\/yoast.com\/wordpress\/plugins\/seo\/ -->\n<title>29\u00aa Legislatura, bi\u00eanio 1971-1972 - C\u00e2mara Municipal de Itajub\u00e1<\/title>\n<meta name=\"robots\" content=\"index, follow, max-snippet:-1, max-image-preview:large, max-video-preview:-1\" \/>\n<link rel=\"canonical\" href=\"https:\/\/itajuba.cam.mg.gov.br\/site\/29a-legislatura-bienio-1971-1972\/\" \/>\n<meta property=\"og:locale\" content=\"pt_BR\" \/>\n<meta property=\"og:type\" content=\"article\" \/>\n<meta property=\"og:title\" content=\"29\u00aa Legislatura, bi\u00eanio 1971-1972 - C\u00e2mara Municipal de Itajub\u00e1\" \/>\n<meta property=\"og:description\" content=\"Vereadores Dr. Jos\u00e9 Chaiben Mauad Ari Batista Mont\u2019Alv\u00e3o Ad\u00edlio Sales Paiva Dr. Celso Mendes Braga Clemente C\u00e9sar da Silva Francisco Pinto de Carvalho Dr. Gilberto Faria de Azevedo Dr. Jansen Pinto Nogueira Jo\u00e3o Tarc\u00edsio de Oliveira Jos\u00e9 Aldano Santana Jos\u00e9 Isidoro Jos\u00e9 Lauro Dias Louren\u00e7o Silveira Campos Moacyr de Oliveira\u00a0 Sebasti\u00e3o Imar Martins Ri\u00eara Presidentes [&hellip;]\" \/>\n<meta property=\"og:url\" content=\"https:\/\/itajuba.cam.mg.gov.br\/site\/29a-legislatura-bienio-1971-1972\/\" \/>\n<meta property=\"og:site_name\" content=\"C\u00e2mara Municipal de Itajub\u00e1\" \/>\n<meta property=\"article:publisher\" content=\"https:\/\/www.facebook.com\/camaradeitajubaoficial\" \/>\n<meta property=\"article:modified_time\" content=\"2023-10-09T22:05:14+00:00\" \/>\n<meta name=\"twitter:card\" content=\"summary_large_image\" \/>\n<meta name=\"twitter:label1\" content=\"Est. tempo de leitura\" \/>\n\t<meta name=\"twitter:data1\" content=\"1 minuto\" \/>\n<script type=\"application\/ld+json\" class=\"yoast-schema-graph\">{\"@context\":\"https:\/\/schema.org\",\"@graph\":[{\"@type\":\"WebPage\",\"@id\":\"https:\/\/itajuba.cam.mg.gov.br\/site\/29a-legislatura-bienio-1971-1972\/\",\"url\":\"https:\/\/itajuba.cam.mg.gov.br\/site\/29a-legislatura-bienio-1971-1972\/\",\"name\":\"29\u00aa Legislatura, bi\u00eanio 1971-1972 - C\u00e2mara Municipal de Itajub\u00e1\",\"isPartOf\":{\"@id\":\"https:\/\/itajuba.cam.mg.gov.br\/site\/#website\"},\"datePublished\":\"2023-10-09T22:03:53+00:00\",\"dateModified\":\"2023-10-09T22:05:14+00:00\",\"breadcrumb\":{\"@id\":\"https:\/\/itajuba.cam.mg.gov.br\/site\/29a-legislatura-bienio-1971-1972\/#breadcrumb\"},\"inLanguage\":\"pt-BR\",\"potentialAction\":[{\"@type\":\"ReadAction\",\"target\":[\"https:\/\/itajuba.cam.mg.gov.br\/site\/29a-legislatura-bienio-1971-1972\/\"]}]},{\"@type\":\"BreadcrumbList\",\"@id\":\"https:\/\/itajuba.cam.mg.gov.br\/site\/29a-legislatura-bienio-1971-1972\/#breadcrumb\",\"itemListElement\":[{\"@type\":\"ListItem\",\"position\":1,\"name\":\"In\u00edcio\",\"item\":\"https:\/\/itajuba.cam.mg.gov.br\/site\/\"},{\"@type\":\"ListItem\",\"position\":2,\"name\":\"29\u00aa Legislatura, bi\u00eanio 1971-1972\"}]},{\"@type\":\"WebSite\",\"@id\":\"https:\/\/itajuba.cam.mg.gov.br\/site\/#website\",\"url\":\"https:\/\/itajuba.cam.mg.gov.br\/site\/\",\"name\":\"C\u00e2mara Municipal de Itajub\u00e1\",\"description\":\"Efici\u00eancia e Transpar\u00eancia\",\"publisher\":{\"@id\":\"https:\/\/itajuba.cam.mg.gov.br\/site\/#organization\"},\"potentialAction\":[{\"@type\":\"SearchAction\",\"target\":{\"@type\":\"EntryPoint\",\"urlTemplate\":\"https:\/\/itajuba.cam.mg.gov.br\/site\/?s={search_term_string}\"},\"query-input\":\"required name=search_term_string\"}],\"inLanguage\":\"pt-BR\"},{\"@type\":\"Organization\",\"@id\":\"https:\/\/itajuba.cam.mg.gov.br\/site\/#organization\",\"name\":\"C\u00e2mara Municipal de Itajub\u00e1\",\"url\":\"https:\/\/itajuba.cam.mg.gov.br\/site\/\",\"logo\":{\"@type\":\"ImageObject\",\"inLanguage\":\"pt-BR\",\"@id\":\"https:\/\/itajuba.cam.mg.gov.br\/site\/#\/schema\/logo\/image\/\",\"url\":\"https:\/\/itajuba.cam.mg.gov.br\/site\/wp-content\/uploads\/2023\/09\/logo_camara_2024.png\",\"contentUrl\":\"https:\/\/itajuba.cam.mg.gov.br\/site\/wp-content\/uploads\/2023\/09\/logo_camara_2024.png\",\"width\":1000,\"height\":385,\"caption\":\"C\u00e2mara Municipal de Itajub\u00e1\"},\"image\":{\"@id\":\"https:\/\/itajuba.cam.mg.gov.br\/site\/#\/schema\/logo\/image\/\"},\"sameAs\":[\"https:\/\/www.facebook.com\/camaradeitajubaoficial\",\"https:\/\/www.instagram.com\/camaradeitajubaoficial\/\",\"https:\/\/www.youtube.com\/user\/TVCAMARAITAJUBA\"]}]}<\/script>\n<!-- \/ Yoast SEO plugin. -->","yoast_head_json":{"title":"29\u00aa Legislatura, bi\u00eanio 1971-1972 - C\u00e2mara Municipal de Itajub\u00e1","robots":{"index":"index","follow":"follow","max-snippet":"max-snippet:-1","max-image-preview":"max-image-preview:large","max-video-preview":"max-video-preview:-1"},"canonical":"https:\/\/itajuba.cam.mg.gov.br\/site\/29a-legislatura-bienio-1971-1972\/","og_locale":"pt_BR","og_type":"article","og_title":"29\u00aa Legislatura, bi\u00eanio 1971-1972 - C\u00e2mara Municipal de Itajub\u00e1","og_description":"Vereadores Dr. Jos\u00e9 Chaiben Mauad Ari Batista Mont\u2019Alv\u00e3o Ad\u00edlio Sales Paiva Dr. Celso Mendes Braga Clemente C\u00e9sar da Silva Francisco Pinto de Carvalho Dr. Gilberto Faria de Azevedo Dr. Jansen Pinto Nogueira Jo\u00e3o Tarc\u00edsio de Oliveira Jos\u00e9 Aldano Santana Jos\u00e9 Isidoro Jos\u00e9 Lauro Dias Louren\u00e7o Silveira Campos Moacyr de Oliveira\u00a0 Sebasti\u00e3o Imar Martins Ri\u00eara Presidentes [&hellip;]","og_url":"https:\/\/itajuba.cam.mg.gov.br\/site\/29a-legislatura-bienio-1971-1972\/","og_site_name":"C\u00e2mara Municipal de Itajub\u00e1","article_publisher":"https:\/\/www.facebook.com\/camaradeitajubaoficial","article_modified_time":"2023-10-09T22:05:14+00:00","twitter_card":"summary_large_image","twitter_misc":{"Est. tempo de leitura":"1 minuto"},"schema":{"@context":"https:\/\/schema.org","@graph":[{"@type":"WebPage","@id":"https:\/\/itajuba.cam.mg.gov.br\/site\/29a-legislatura-bienio-1971-1972\/","url":"https:\/\/itajuba.cam.mg.gov.br\/site\/29a-legislatura-bienio-1971-1972\/","name":"29\u00aa Legislatura, bi\u00eanio 1971-1972 - C\u00e2mara Municipal de Itajub\u00e1","isPartOf":{"@id":"https:\/\/itajuba.cam.mg.gov.br\/site\/#website"},"datePublished":"2023-10-09T22:03:53+00:00","dateModified":"2023-10-09T22:05:14+00:00","breadcrumb":{"@id":"https:\/\/itajuba.cam.mg.gov.br\/site\/29a-legislatura-bienio-1971-1972\/#breadcrumb"},"inLanguage":"pt-BR","potentialAction":[{"@type":"ReadAction","target":["https:\/\/itajuba.cam.mg.gov.br\/site\/29a-legislatura-bienio-1971-1972\/"]}]},{"@type":"BreadcrumbList","@id":"https:\/\/itajuba.cam.mg.gov.br\/site\/29a-legislatura-bienio-1971-1972\/#breadcrumb","itemListElement":[{"@type":"ListItem","position":1,"name":"In\u00edcio","item":"https:\/\/itajuba.cam.mg.gov.br\/site\/"},{"@type":"ListItem","position":2,"name":"29\u00aa Legislatura, bi\u00eanio 1971-1972"}]},{"@type":"WebSite","@id":"https:\/\/itajuba.cam.mg.gov.br\/site\/#website","url":"https:\/\/itajuba.cam.mg.gov.br\/site\/","name":"C\u00e2mara Municipal de Itajub\u00e1","description":"Efici\u00eancia e Transpar\u00eancia","publisher":{"@id":"https:\/\/itajuba.cam.mg.gov.br\/site\/#organization"},"potentialAction":[{"@type":"SearchAction","target":{"@type":"EntryPoint","urlTemplate":"https:\/\/itajuba.cam.mg.gov.br\/site\/?s={search_term_string}"},"query-input":"required name=search_term_string"}],"inLanguage":"pt-BR"},{"@type":"Organization","@id":"https:\/\/itajuba.cam.mg.gov.br\/site\/#organization","name":"C\u00e2mara Municipal de Itajub\u00e1","url":"https:\/\/itajuba.cam.mg.gov.br\/site\/","logo":{"@type":"ImageObject","inLanguage":"pt-BR","@id":"https:\/\/itajuba.cam.mg.gov.br\/site\/#\/schema\/logo\/image\/","url":"https:\/\/itajuba.cam.mg.gov.br\/site\/wp-content\/uploads\/2023\/09\/logo_camara_2024.png","contentUrl":"https:\/\/itajuba.cam.mg.gov.br\/site\/wp-content\/uploads\/2023\/09\/logo_camara_2024.png","width":1000,"height":385,"caption":"C\u00e2mara Municipal de Itajub\u00e1"},"image":{"@id":"https:\/\/itajuba.cam.mg.gov.br\/site\/#\/schema\/logo\/image\/"},"sameAs":["https:\/\/www.facebook.com\/camaradeitajubaoficial","https:\/\/www.instagram.com\/camaradeitajubaoficial\/","https:\/\/www.youtube.com\/user\/TVCAMARAITAJUBA"]}]}},"_links":{"self":[{"href":"https:\/\/itajuba.cam.mg.gov.br\/site\/wp-json\/wp\/v2\/pages\/6889","targetHints":{"allow":["GET"]}}],"collection":[{"href":"https:\/\/itajuba.cam.mg.gov.br\/site\/wp-json\/wp\/v2\/pages"}],"about":[{"href":"https:\/\/itajuba.cam.mg.gov.br\/site\/wp-json\/wp\/v2\/types\/page"}],"author":[{"embeddable":true,"href":"https:\/\/itajuba.cam.mg.gov.br\/site\/wp-json\/wp\/v2\/users\/1"}],"replies":[{"embeddable":true,"href":"https:\/\/itajuba.cam.mg.gov.br\/site\/wp-json\/wp\/v2\/comments?post=6889"}],"version-history":[{"count":4,"href":"https:\/\/itajuba.cam.mg.gov.br\/site\/wp-json\/wp\/v2\/pages\/6889\/revisions"}],"predecessor-version":[{"id":6897,"href":"https:\/\/itajuba.cam.mg.gov.br\/site\/wp-json\/wp\/v2\/pages\/6889\/revisions\/6897"}],"wp:attachment":[{"href":"https:\/\/itajuba.cam.mg.gov.br\/site\/wp-json\/wp\/v2\/media?parent=6889"}],"curies":[{"name":"wp","href":"https:\/\/api.w.org\/{rel}","templated":true}]}}