{"id":6936,"date":"2023-10-10T19:01:16","date_gmt":"2023-10-10T19:01:16","guid":{"rendered":"https:\/\/itajuba.cam.mg.gov.br\/site\/?page_id=6936"},"modified":"2023-10-10T19:18:14","modified_gmt":"2023-10-10T19:18:14","slug":"35a-legislatura-quadrienio-1997-2000","status":"publish","type":"page","link":"https:\/\/itajuba.cam.mg.gov.br\/site\/35a-legislatura-quadrienio-1997-2000\/","title":{"rendered":"35\u00aa Legislatura, quadri\u00eanio 1997-2000"},"content":{"rendered":"\t\t<div data-elementor-type=\"wp-page\" data-elementor-id=\"6936\" class=\"elementor elementor-6936\" data-elementor-post-type=\"page\">\n\t\t\t\t\t\t\t\t\t<section class=\"elementor-section elementor-top-section elementor-element elementor-element-63e4c029 elementor-section-boxed elementor-section-height-default elementor-section-height-default\" data-id=\"63e4c029\" data-element_type=\"section\">\n\t\t\t\t\t\t<div class=\"elementor-container elementor-column-gap-default\">\n\t\t\t\t\t<div class=\"elementor-column elementor-col-100 elementor-top-column elementor-element elementor-element-1adfbd01\" data-id=\"1adfbd01\" data-element_type=\"column\">\n\t\t\t<div class=\"elementor-widget-wrap elementor-element-populated\">\n\t\t\t\t\t\t\t\t<div class=\"elementor-element elementor-element-11e5cb14 elementor-widget elementor-widget-heading\" data-id=\"11e5cb14\" data-element_type=\"widget\" data-widget_type=\"heading.default\">\n\t\t\t\t<div class=\"elementor-widget-container\">\n\t\t\t<style>\/*! elementor - v3.16.0 - 13-09-2023 *\/\n.elementor-heading-title{padding:0;margin:0;line-height:1}.elementor-widget-heading .elementor-heading-title[class*=elementor-size-]>a{color:inherit;font-size:inherit;line-height:inherit}.elementor-widget-heading .elementor-heading-title.elementor-size-small{font-size:15px}.elementor-widget-heading .elementor-heading-title.elementor-size-medium{font-size:19px}.elementor-widget-heading .elementor-heading-title.elementor-size-large{font-size:29px}.elementor-widget-heading .elementor-heading-title.elementor-size-xl{font-size:39px}.elementor-widget-heading .elementor-heading-title.elementor-size-xxl{font-size:59px}<\/style><h4 class=\"elementor-heading-title elementor-size-default\">Vereadores<\/h4>\t\t<\/div>\n\t\t\t\t<\/div>\n\t\t\t\t<div class=\"elementor-element elementor-element-4f09e053 elementor-widget elementor-widget-text-editor\" data-id=\"4f09e053\" data-element_type=\"widget\" data-widget_type=\"text-editor.default\">\n\t\t\t\t<div class=\"elementor-widget-container\">\n\t\t\t<style>\/*! elementor - v3.16.0 - 13-09-2023 *\/\n.elementor-widget-text-editor.elementor-drop-cap-view-stacked .elementor-drop-cap{background-color:#69727d;color:#fff}.elementor-widget-text-editor.elementor-drop-cap-view-framed .elementor-drop-cap{color:#69727d;border:3px solid;background-color:transparent}.elementor-widget-text-editor:not(.elementor-drop-cap-view-default) .elementor-drop-cap{margin-top:8px}.elementor-widget-text-editor:not(.elementor-drop-cap-view-default) .elementor-drop-cap-letter{width:1em;height:1em}.elementor-widget-text-editor .elementor-drop-cap{float:left;text-align:center;line-height:1;font-size:50px}.elementor-widget-text-editor .elementor-drop-cap-letter{display:inline-block}<\/style>\t\t\t\t<p class=\"has-text-align-center\" style=\"text-align: left;\">Alberis Rodrigues Fernandes<\/p><p class=\"has-text-align-center\" style=\"text-align: left;\">Ant\u00f4nio Doniro Marques Ferreira<\/p><p class=\"has-text-align-center\" style=\"text-align: left;\">Darci Jos\u00e9 Pedrosa\u00a0<\/p><p class=\"has-text-align-center\" style=\"text-align: left;\">Douglas Tadeu D\u00f3ria<\/p><p class=\"has-text-align-center\" style=\"text-align: left;\">Geraldo Jos\u00e9 Canha<\/p><p class=\"has-text-align-center\" style=\"text-align: left;\">Jo\u00e3o Vitor da Costa<\/p><p class=\"has-text-align-center\" style=\"text-align: left;\">Jos\u00e9 D\u00e9cio Martins<\/p><p class=\"has-text-align-center\" style=\"text-align: left;\">Laudelino Augusto dos Santos Azevedo<\/p><p class=\"has-text-align-center\" style=\"text-align: left;\">Luiz Gonzaga Costa<\/p><p class=\"has-text-align-center\" style=\"text-align: left;\">Luiz Marcos Ribeiro<\/p><p class=\"has-text-align-center\" style=\"text-align: left;\">Oscar Navarro Santos<\/p><p class=\"has-text-align-center\" style=\"text-align: left;\">Pedro Afonso Gon\u00e7alves<\/p><p class=\"has-text-align-center\" style=\"text-align: left;\">Rodrigo Imar Martinez Ri\u00eara<\/p><p class=\"has-text-align-center\" style=\"text-align: left;\">Sidraque Sebasti\u00e3o de Almeida<\/p><p class=\"has-text-align-center\" style=\"text-align: left;\">Toshiyuki Matsumoto\u00a0<\/p>\t\t\t\t\t\t<\/div>\n\t\t\t\t<\/div>\n\t\t\t\t<div class=\"elementor-element elementor-element-527fb0 elementor-widget elementor-widget-heading\" data-id=\"527fb0\" data-element_type=\"widget\" data-widget_type=\"heading.default\">\n\t\t\t\t<div class=\"elementor-widget-container\">\n\t\t\t<h4 class=\"elementor-heading-title elementor-size-default\">Presidentes durante a legislatura<\/h4>\t\t<\/div>\n\t\t\t\t<\/div>\n\t\t\t\t<div class=\"elementor-element elementor-element-5be0a606 elementor-widget elementor-widget-text-editor\" data-id=\"5be0a606\" data-element_type=\"widget\" data-widget_type=\"text-editor.default\">\n\t\t\t\t<div class=\"elementor-widget-container\">\n\t\t\t\t\t\t\t<p>Comendador Jo\u00e3o Carneiro Santiago<\/p><p>Jos\u00e9 Manuel dos Santos Pereira<\/p><p>Joaquim Delfino Ribeiro da Luz<\/p><p>Caetano Ferreira da Costa e Silva<\/p><p>Ant\u00f4nio Dias Pereira<\/p>\t\t\t\t\t\t<\/div>\n\t\t\t\t<\/div>\n\t\t\t\t<div class=\"elementor-element elementor-element-4c46ac8e elementor-widget elementor-widget-button\" data-id=\"4c46ac8e\" data-element_type=\"widget\" data-widget_type=\"button.default\">\n\t\t\t\t<div class=\"elementor-widget-container\">\n\t\t\t\t\t<div class=\"elementor-button-wrapper\">\n\t\t\t<a class=\"elementor-button elementor-button-link elementor-size-sm elementor-animation-shrink\" href=\"https:\/\/itajuba.cam.mg.gov.br\/site\/historico-de-legislaturas\/\">\n\t\t\t\t\t\t<span class=\"elementor-button-content-wrapper\">\n\t\t\t\t\t\t<span class=\"elementor-button-text\">Clique aqui retornar a p\u00e1gina de Hist\u00f3rico de Legislaturas<\/span>\n\t\t<\/span>\n\t\t\t\t\t<\/a>\n\t\t<\/div>\n\t\t\t\t<\/div>\n\t\t\t\t<\/div>\n\t\t\t\t\t<\/div>\n\t\t<\/div>\n\t\t\t\t\t\t\t<\/div>\n\t\t<\/section>\n\t\t\t\t\t\t\t<\/div>\n\t\t","protected":false},"excerpt":{"rendered":"<p>Vereadores Alberis Rodrigues Fernandes Ant\u00f4nio Doniro Marques Ferreira Darci Jos\u00e9 Pedrosa\u00a0 Douglas Tadeu D\u00f3ria Geraldo Jos\u00e9 Canha Jo\u00e3o Vitor da Costa Jos\u00e9 D\u00e9cio Martins Laudelino Augusto dos Santos Azevedo Luiz Gonzaga Costa Luiz Marcos Ribeiro Oscar Navarro Santos Pedro Afonso Gon\u00e7alves Rodrigo Imar Martinez Ri\u00eara Sidraque Sebasti\u00e3o de Almeida Toshiyuki Matsumoto\u00a0 Presidentes durante a legislatura [&hellip;]<\/p>\n","protected":false},"author":1,"featured_media":0,"parent":0,"menu_order":0,"comment_status":"closed","ping_status":"closed","template":"","meta":{"footnotes":""},"class_list":["post-6936","page","type-page","status-publish","hentry"],"yoast_head":"<!-- This site is optimized with the Yoast SEO plugin v21.0 - https:\/\/yoast.com\/wordpress\/plugins\/seo\/ -->\n<title>35\u00aa Legislatura, quadri\u00eanio 1997-2000 - C\u00e2mara Municipal de Itajub\u00e1<\/title>\n<meta name=\"robots\" content=\"index, follow, max-snippet:-1, max-image-preview:large, max-video-preview:-1\" \/>\n<link rel=\"canonical\" href=\"https:\/\/itajuba.cam.mg.gov.br\/site\/35a-legislatura-quadrienio-1997-2000\/\" \/>\n<meta property=\"og:locale\" content=\"pt_BR\" \/>\n<meta property=\"og:type\" content=\"article\" \/>\n<meta property=\"og:title\" content=\"35\u00aa Legislatura, quadri\u00eanio 1997-2000 - C\u00e2mara Municipal de Itajub\u00e1\" \/>\n<meta property=\"og:description\" content=\"Vereadores Alberis Rodrigues Fernandes Ant\u00f4nio Doniro Marques Ferreira Darci Jos\u00e9 Pedrosa\u00a0 Douglas Tadeu D\u00f3ria Geraldo Jos\u00e9 Canha Jo\u00e3o Vitor da Costa Jos\u00e9 D\u00e9cio Martins Laudelino Augusto dos Santos Azevedo Luiz Gonzaga Costa Luiz Marcos Ribeiro Oscar Navarro Santos Pedro Afonso Gon\u00e7alves Rodrigo Imar Martinez Ri\u00eara Sidraque Sebasti\u00e3o de Almeida Toshiyuki Matsumoto\u00a0 Presidentes durante a legislatura [&hellip;]\" \/>\n<meta property=\"og:url\" content=\"https:\/\/itajuba.cam.mg.gov.br\/site\/35a-legislatura-quadrienio-1997-2000\/\" \/>\n<meta property=\"og:site_name\" content=\"C\u00e2mara Municipal de Itajub\u00e1\" \/>\n<meta property=\"article:publisher\" content=\"https:\/\/www.facebook.com\/camaradeitajubaoficial\" \/>\n<meta property=\"article:modified_time\" content=\"2023-10-10T19:18:14+00:00\" \/>\n<meta name=\"twitter:card\" content=\"summary_large_image\" \/>\n<meta name=\"twitter:label1\" content=\"Est. tempo de leitura\" \/>\n\t<meta name=\"twitter:data1\" content=\"1 minuto\" \/>\n<script type=\"application\/ld+json\" class=\"yoast-schema-graph\">{\"@context\":\"https:\/\/schema.org\",\"@graph\":[{\"@type\":\"WebPage\",\"@id\":\"https:\/\/itajuba.cam.mg.gov.br\/site\/35a-legislatura-quadrienio-1997-2000\/\",\"url\":\"https:\/\/itajuba.cam.mg.gov.br\/site\/35a-legislatura-quadrienio-1997-2000\/\",\"name\":\"35\u00aa Legislatura, quadri\u00eanio 1997-2000 - C\u00e2mara Municipal de Itajub\u00e1\",\"isPartOf\":{\"@id\":\"https:\/\/itajuba.cam.mg.gov.br\/site\/#website\"},\"datePublished\":\"2023-10-10T19:01:16+00:00\",\"dateModified\":\"2023-10-10T19:18:14+00:00\",\"breadcrumb\":{\"@id\":\"https:\/\/itajuba.cam.mg.gov.br\/site\/35a-legislatura-quadrienio-1997-2000\/#breadcrumb\"},\"inLanguage\":\"pt-BR\",\"potentialAction\":[{\"@type\":\"ReadAction\",\"target\":[\"https:\/\/itajuba.cam.mg.gov.br\/site\/35a-legislatura-quadrienio-1997-2000\/\"]}]},{\"@type\":\"BreadcrumbList\",\"@id\":\"https:\/\/itajuba.cam.mg.gov.br\/site\/35a-legislatura-quadrienio-1997-2000\/#breadcrumb\",\"itemListElement\":[{\"@type\":\"ListItem\",\"position\":1,\"name\":\"In\u00edcio\",\"item\":\"https:\/\/itajuba.cam.mg.gov.br\/site\/\"},{\"@type\":\"ListItem\",\"position\":2,\"name\":\"35\u00aa Legislatura, quadri\u00eanio 1997-2000\"}]},{\"@type\":\"WebSite\",\"@id\":\"https:\/\/itajuba.cam.mg.gov.br\/site\/#website\",\"url\":\"https:\/\/itajuba.cam.mg.gov.br\/site\/\",\"name\":\"C\u00e2mara Municipal de Itajub\u00e1\",\"description\":\"Efici\u00eancia e Transpar\u00eancia\",\"publisher\":{\"@id\":\"https:\/\/itajuba.cam.mg.gov.br\/site\/#organization\"},\"potentialAction\":[{\"@type\":\"SearchAction\",\"target\":{\"@type\":\"EntryPoint\",\"urlTemplate\":\"https:\/\/itajuba.cam.mg.gov.br\/site\/?s={search_term_string}\"},\"query-input\":\"required name=search_term_string\"}],\"inLanguage\":\"pt-BR\"},{\"@type\":\"Organization\",\"@id\":\"https:\/\/itajuba.cam.mg.gov.br\/site\/#organization\",\"name\":\"C\u00e2mara Municipal de Itajub\u00e1\",\"url\":\"https:\/\/itajuba.cam.mg.gov.br\/site\/\",\"logo\":{\"@type\":\"ImageObject\",\"inLanguage\":\"pt-BR\",\"@id\":\"https:\/\/itajuba.cam.mg.gov.br\/site\/#\/schema\/logo\/image\/\",\"url\":\"https:\/\/itajuba.cam.mg.gov.br\/site\/wp-content\/uploads\/2023\/09\/logo_camara_2024.png\",\"contentUrl\":\"https:\/\/itajuba.cam.mg.gov.br\/site\/wp-content\/uploads\/2023\/09\/logo_camara_2024.png\",\"width\":1000,\"height\":385,\"caption\":\"C\u00e2mara Municipal de Itajub\u00e1\"},\"image\":{\"@id\":\"https:\/\/itajuba.cam.mg.gov.br\/site\/#\/schema\/logo\/image\/\"},\"sameAs\":[\"https:\/\/www.facebook.com\/camaradeitajubaoficial\",\"https:\/\/www.instagram.com\/camaradeitajubaoficial\/\",\"https:\/\/www.youtube.com\/user\/TVCAMARAITAJUBA\"]}]}<\/script>\n<!-- \/ Yoast SEO plugin. -->","yoast_head_json":{"title":"35\u00aa Legislatura, quadri\u00eanio 1997-2000 - C\u00e2mara Municipal de Itajub\u00e1","robots":{"index":"index","follow":"follow","max-snippet":"max-snippet:-1","max-image-preview":"max-image-preview:large","max-video-preview":"max-video-preview:-1"},"canonical":"https:\/\/itajuba.cam.mg.gov.br\/site\/35a-legislatura-quadrienio-1997-2000\/","og_locale":"pt_BR","og_type":"article","og_title":"35\u00aa Legislatura, quadri\u00eanio 1997-2000 - C\u00e2mara Municipal de Itajub\u00e1","og_description":"Vereadores Alberis Rodrigues Fernandes Ant\u00f4nio Doniro Marques Ferreira Darci Jos\u00e9 Pedrosa\u00a0 Douglas Tadeu D\u00f3ria Geraldo Jos\u00e9 Canha Jo\u00e3o Vitor da Costa Jos\u00e9 D\u00e9cio Martins Laudelino Augusto dos Santos Azevedo Luiz Gonzaga Costa Luiz Marcos Ribeiro Oscar Navarro Santos Pedro Afonso Gon\u00e7alves Rodrigo Imar Martinez Ri\u00eara Sidraque Sebasti\u00e3o de Almeida Toshiyuki Matsumoto\u00a0 Presidentes durante a legislatura [&hellip;]","og_url":"https:\/\/itajuba.cam.mg.gov.br\/site\/35a-legislatura-quadrienio-1997-2000\/","og_site_name":"C\u00e2mara Municipal de Itajub\u00e1","article_publisher":"https:\/\/www.facebook.com\/camaradeitajubaoficial","article_modified_time":"2023-10-10T19:18:14+00:00","twitter_card":"summary_large_image","twitter_misc":{"Est. tempo de leitura":"1 minuto"},"schema":{"@context":"https:\/\/schema.org","@graph":[{"@type":"WebPage","@id":"https:\/\/itajuba.cam.mg.gov.br\/site\/35a-legislatura-quadrienio-1997-2000\/","url":"https:\/\/itajuba.cam.mg.gov.br\/site\/35a-legislatura-quadrienio-1997-2000\/","name":"35\u00aa Legislatura, quadri\u00eanio 1997-2000 - C\u00e2mara Municipal de Itajub\u00e1","isPartOf":{"@id":"https:\/\/itajuba.cam.mg.gov.br\/site\/#website"},"datePublished":"2023-10-10T19:01:16+00:00","dateModified":"2023-10-10T19:18:14+00:00","breadcrumb":{"@id":"https:\/\/itajuba.cam.mg.gov.br\/site\/35a-legislatura-quadrienio-1997-2000\/#breadcrumb"},"inLanguage":"pt-BR","potentialAction":[{"@type":"ReadAction","target":["https:\/\/itajuba.cam.mg.gov.br\/site\/35a-legislatura-quadrienio-1997-2000\/"]}]},{"@type":"BreadcrumbList","@id":"https:\/\/itajuba.cam.mg.gov.br\/site\/35a-legislatura-quadrienio-1997-2000\/#breadcrumb","itemListElement":[{"@type":"ListItem","position":1,"name":"In\u00edcio","item":"https:\/\/itajuba.cam.mg.gov.br\/site\/"},{"@type":"ListItem","position":2,"name":"35\u00aa Legislatura, quadri\u00eanio 1997-2000"}]},{"@type":"WebSite","@id":"https:\/\/itajuba.cam.mg.gov.br\/site\/#website","url":"https:\/\/itajuba.cam.mg.gov.br\/site\/","name":"C\u00e2mara Municipal de Itajub\u00e1","description":"Efici\u00eancia e Transpar\u00eancia","publisher":{"@id":"https:\/\/itajuba.cam.mg.gov.br\/site\/#organization"},"potentialAction":[{"@type":"SearchAction","target":{"@type":"EntryPoint","urlTemplate":"https:\/\/itajuba.cam.mg.gov.br\/site\/?s={search_term_string}"},"query-input":"required name=search_term_string"}],"inLanguage":"pt-BR"},{"@type":"Organization","@id":"https:\/\/itajuba.cam.mg.gov.br\/site\/#organization","name":"C\u00e2mara Municipal de Itajub\u00e1","url":"https:\/\/itajuba.cam.mg.gov.br\/site\/","logo":{"@type":"ImageObject","inLanguage":"pt-BR","@id":"https:\/\/itajuba.cam.mg.gov.br\/site\/#\/schema\/logo\/image\/","url":"https:\/\/itajuba.cam.mg.gov.br\/site\/wp-content\/uploads\/2023\/09\/logo_camara_2024.png","contentUrl":"https:\/\/itajuba.cam.mg.gov.br\/site\/wp-content\/uploads\/2023\/09\/logo_camara_2024.png","width":1000,"height":385,"caption":"C\u00e2mara Municipal de Itajub\u00e1"},"image":{"@id":"https:\/\/itajuba.cam.mg.gov.br\/site\/#\/schema\/logo\/image\/"},"sameAs":["https:\/\/www.facebook.com\/camaradeitajubaoficial","https:\/\/www.instagram.com\/camaradeitajubaoficial\/","https:\/\/www.youtube.com\/user\/TVCAMARAITAJUBA"]}]}},"_links":{"self":[{"href":"https:\/\/itajuba.cam.mg.gov.br\/site\/wp-json\/wp\/v2\/pages\/6936","targetHints":{"allow":["GET"]}}],"collection":[{"href":"https:\/\/itajuba.cam.mg.gov.br\/site\/wp-json\/wp\/v2\/pages"}],"about":[{"href":"https:\/\/itajuba.cam.mg.gov.br\/site\/wp-json\/wp\/v2\/types\/page"}],"author":[{"embeddable":true,"href":"https:\/\/itajuba.cam.mg.gov.br\/site\/wp-json\/wp\/v2\/users\/1"}],"replies":[{"embeddable":true,"href":"https:\/\/itajuba.cam.mg.gov.br\/site\/wp-json\/wp\/v2\/comments?post=6936"}],"version-history":[{"count":4,"href":"https:\/\/itajuba.cam.mg.gov.br\/site\/wp-json\/wp\/v2\/pages\/6936\/revisions"}],"predecessor-version":[{"id":6942,"href":"https:\/\/itajuba.cam.mg.gov.br\/site\/wp-json\/wp\/v2\/pages\/6936\/revisions\/6942"}],"wp:attachment":[{"href":"https:\/\/itajuba.cam.mg.gov.br\/site\/wp-json\/wp\/v2\/media?parent=6936"}],"curies":[{"name":"wp","href":"https:\/\/api.w.org\/{rel}","templated":true}]}}