{"id":6943,"date":"2023-10-10T19:20:16","date_gmt":"2023-10-10T19:20:16","guid":{"rendered":"https:\/\/itajuba.cam.mg.gov.br\/site\/?page_id=6943"},"modified":"2023-10-10T20:04:11","modified_gmt":"2023-10-10T20:04:11","slug":"36a-legislatura-quadrienio-2001-2004","status":"publish","type":"page","link":"https:\/\/itajuba.cam.mg.gov.br\/site\/36a-legislatura-quadrienio-2001-2004\/","title":{"rendered":"36\u00aa Legislatura, quadri\u00eanio 2001-2004"},"content":{"rendered":"\t\t<div data-elementor-type=\"wp-page\" data-elementor-id=\"6943\" class=\"elementor elementor-6943\" data-elementor-post-type=\"page\">\n\t\t\t\t\t\t\t\t\t<section class=\"elementor-section elementor-top-section elementor-element elementor-element-78720e3f elementor-section-boxed elementor-section-height-default elementor-section-height-default\" data-id=\"78720e3f\" data-element_type=\"section\">\n\t\t\t\t\t\t<div class=\"elementor-container elementor-column-gap-default\">\n\t\t\t\t\t<div class=\"elementor-column elementor-col-100 elementor-top-column elementor-element elementor-element-4c460abe\" data-id=\"4c460abe\" data-element_type=\"column\">\n\t\t\t<div class=\"elementor-widget-wrap elementor-element-populated\">\n\t\t\t\t\t\t\t\t<div class=\"elementor-element elementor-element-7927517e elementor-widget elementor-widget-heading\" data-id=\"7927517e\" data-element_type=\"widget\" data-widget_type=\"heading.default\">\n\t\t\t\t<div class=\"elementor-widget-container\">\n\t\t\t<style>\/*! elementor - v3.16.0 - 13-09-2023 *\/\n.elementor-heading-title{padding:0;margin:0;line-height:1}.elementor-widget-heading .elementor-heading-title[class*=elementor-size-]>a{color:inherit;font-size:inherit;line-height:inherit}.elementor-widget-heading .elementor-heading-title.elementor-size-small{font-size:15px}.elementor-widget-heading .elementor-heading-title.elementor-size-medium{font-size:19px}.elementor-widget-heading .elementor-heading-title.elementor-size-large{font-size:29px}.elementor-widget-heading .elementor-heading-title.elementor-size-xl{font-size:39px}.elementor-widget-heading .elementor-heading-title.elementor-size-xxl{font-size:59px}<\/style><h4 class=\"elementor-heading-title elementor-size-default\">Vereadores<\/h4>\t\t<\/div>\n\t\t\t\t<\/div>\n\t\t\t\t<div class=\"elementor-element elementor-element-22fb5f49 elementor-widget elementor-widget-text-editor\" data-id=\"22fb5f49\" data-element_type=\"widget\" data-widget_type=\"text-editor.default\">\n\t\t\t\t<div class=\"elementor-widget-container\">\n\t\t\t<style>\/*! elementor - v3.16.0 - 13-09-2023 *\/\n.elementor-widget-text-editor.elementor-drop-cap-view-stacked .elementor-drop-cap{background-color:#69727d;color:#fff}.elementor-widget-text-editor.elementor-drop-cap-view-framed .elementor-drop-cap{color:#69727d;border:3px solid;background-color:transparent}.elementor-widget-text-editor:not(.elementor-drop-cap-view-default) .elementor-drop-cap{margin-top:8px}.elementor-widget-text-editor:not(.elementor-drop-cap-view-default) .elementor-drop-cap-letter{width:1em;height:1em}.elementor-widget-text-editor .elementor-drop-cap{float:left;text-align:center;line-height:1;font-size:50px}.elementor-widget-text-editor .elementor-drop-cap-letter{display:inline-block}<\/style>\t\t\t\t<p>Alb\u00e9ris Rodrigues Fernandes<br \/>Cl\u00e9ber David<br \/>Geraldo Jos\u00e9 Canha<br \/>Jo\u00e3o Aparecido Filho<br \/>Jo\u00e3o Dimas Ribeiro<br \/>Jo\u00e3o Vitor da Costa<br \/>Jorge Ren\u00f3 Mouallem<br \/>Jos\u00e9 Humberto dos Santos<br \/>Jos\u00e9 Luiz Augusto<br \/>Jos\u00e9 Roberto Floriano<br \/>Klecius Albert Neves Balbino<br \/>Laudelino Augusto dos Santos Azevedo<br \/>Nestor de Oliveira<br \/>Oscar Navarro Santos<br \/>Raimundo Corr\u00eaa Paiva<\/p>\t\t\t\t\t\t<\/div>\n\t\t\t\t<\/div>\n\t\t\t\t<div class=\"elementor-element elementor-element-1cabdb3b elementor-widget elementor-widget-heading\" data-id=\"1cabdb3b\" data-element_type=\"widget\" data-widget_type=\"heading.default\">\n\t\t\t\t<div class=\"elementor-widget-container\">\n\t\t\t<h4 class=\"elementor-heading-title elementor-size-default\">Mesa diretora eleita no primeiro bi\u00eanio da legislatura<\/h4>\t\t<\/div>\n\t\t\t\t<\/div>\n\t\t\t\t<div class=\"elementor-element elementor-element-32505d7 elementor-widget elementor-widget-text-editor\" data-id=\"32505d7\" data-element_type=\"widget\" data-widget_type=\"text-editor.default\">\n\t\t\t\t<div class=\"elementor-widget-container\">\n\t\t\t\t\t\t\t<p>Presidente: Geraldo Jos\u00e9 Canha<br \/>Vice-presidente: Cleber David<br \/>1\u00ba secret\u00e1rio: Klecius Albert Neves Balbino<br \/>2\u00ba secret\u00e1rio: Jo\u00e3o Aparecido Filho<br \/>Tesoureiro: Jo\u00e3o Vitor da Costa<\/p>\t\t\t\t\t\t<\/div>\n\t\t\t\t<\/div>\n\t\t\t\t<div class=\"elementor-element elementor-element-248b9b7f elementor-widget elementor-widget-heading\" data-id=\"248b9b7f\" data-element_type=\"widget\" data-widget_type=\"heading.default\">\n\t\t\t\t<div class=\"elementor-widget-container\">\n\t\t\t<h4 class=\"elementor-heading-title elementor-size-default\"><span style=\"font-size: 1.5rem;\">Mesa diretora eleita no segundo bi\u00eanio da legislatura<\/span><\/h4>\t\t<\/div>\n\t\t\t\t<\/div>\n\t\t\t\t<div class=\"elementor-element elementor-element-2e99ed4b elementor-widget elementor-widget-text-editor\" data-id=\"2e99ed4b\" data-element_type=\"widget\" data-widget_type=\"text-editor.default\">\n\t\t\t\t<div class=\"elementor-widget-container\">\n\t\t\t\t\t\t\t<p>Presidente: Jo\u00e3o Vitor da Costa<br \/>Vice-presidente: Jos\u00e9 Humberto dos Santos<br \/>1\u00ba secret\u00e1rio: Jo\u00e3o Dimas Ribeiro<br \/>2\u00ba secret\u00e1rio: Nestor de Oliveira<br \/>Tesoureiro: Klecius Albert Neves Balbino<\/p><p>Prefeito: Jos\u00e9 Francisco Marques Ribeiro<br \/>Vice-prefeito: Gilberto M\u00fclles Botelho<\/p>\t\t\t\t\t\t<\/div>\n\t\t\t\t<\/div>\n\t\t\t\t<div class=\"elementor-element elementor-element-61a91337 elementor-widget elementor-widget-button\" data-id=\"61a91337\" data-element_type=\"widget\" data-widget_type=\"button.default\">\n\t\t\t\t<div class=\"elementor-widget-container\">\n\t\t\t\t\t<div class=\"elementor-button-wrapper\">\n\t\t\t<a class=\"elementor-button elementor-button-link elementor-size-sm elementor-animation-shrink\" href=\"https:\/\/itajuba.cam.mg.gov.br\/site\/historico-de-legislaturas\/\">\n\t\t\t\t\t\t<span class=\"elementor-button-content-wrapper\">\n\t\t\t\t\t\t<span class=\"elementor-button-text\">Clique aqui retornar a p\u00e1gina de Hist\u00f3rico de Legislaturas<\/span>\n\t\t<\/span>\n\t\t\t\t\t<\/a>\n\t\t<\/div>\n\t\t\t\t<\/div>\n\t\t\t\t<\/div>\n\t\t\t\t\t<\/div>\n\t\t<\/div>\n\t\t\t\t\t\t\t<\/div>\n\t\t<\/section>\n\t\t\t\t\t\t\t<\/div>\n\t\t","protected":false},"excerpt":{"rendered":"<p>Vereadores Alb\u00e9ris Rodrigues FernandesCl\u00e9ber DavidGeraldo Jos\u00e9 CanhaJo\u00e3o Aparecido FilhoJo\u00e3o Dimas RibeiroJo\u00e3o Vitor da CostaJorge Ren\u00f3 MouallemJos\u00e9 Humberto dos SantosJos\u00e9 Luiz AugustoJos\u00e9 Roberto FlorianoKlecius Albert Neves BalbinoLaudelino Augusto dos Santos AzevedoNestor de OliveiraOscar Navarro SantosRaimundo Corr\u00eaa Paiva Mesa diretora eleita no primeiro bi\u00eanio da legislatura Presidente: Geraldo Jos\u00e9 CanhaVice-presidente: Cleber David1\u00ba secret\u00e1rio: Klecius Albert Neves Balbino2\u00ba [&hellip;]<\/p>\n","protected":false},"author":1,"featured_media":0,"parent":0,"menu_order":0,"comment_status":"closed","ping_status":"closed","template":"","meta":{"footnotes":""},"class_list":["post-6943","page","type-page","status-publish","hentry"],"yoast_head":"<!-- This site is optimized with the Yoast SEO plugin v21.0 - https:\/\/yoast.com\/wordpress\/plugins\/seo\/ -->\n<title>36\u00aa Legislatura, quadri\u00eanio 2001-2004 - C\u00e2mara Municipal de Itajub\u00e1<\/title>\n<meta name=\"robots\" content=\"index, follow, max-snippet:-1, max-image-preview:large, max-video-preview:-1\" \/>\n<link rel=\"canonical\" href=\"https:\/\/itajuba.cam.mg.gov.br\/site\/36a-legislatura-quadrienio-2001-2004\/\" \/>\n<meta property=\"og:locale\" content=\"pt_BR\" \/>\n<meta property=\"og:type\" content=\"article\" \/>\n<meta property=\"og:title\" content=\"36\u00aa Legislatura, quadri\u00eanio 2001-2004 - C\u00e2mara Municipal de Itajub\u00e1\" \/>\n<meta property=\"og:description\" content=\"Vereadores Alb\u00e9ris Rodrigues FernandesCl\u00e9ber DavidGeraldo Jos\u00e9 CanhaJo\u00e3o Aparecido FilhoJo\u00e3o Dimas RibeiroJo\u00e3o Vitor da CostaJorge Ren\u00f3 MouallemJos\u00e9 Humberto dos SantosJos\u00e9 Luiz AugustoJos\u00e9 Roberto FlorianoKlecius Albert Neves BalbinoLaudelino Augusto dos Santos AzevedoNestor de OliveiraOscar Navarro SantosRaimundo Corr\u00eaa Paiva Mesa diretora eleita no primeiro bi\u00eanio da legislatura Presidente: Geraldo Jos\u00e9 CanhaVice-presidente: Cleber David1\u00ba secret\u00e1rio: Klecius Albert Neves Balbino2\u00ba [&hellip;]\" \/>\n<meta property=\"og:url\" content=\"https:\/\/itajuba.cam.mg.gov.br\/site\/36a-legislatura-quadrienio-2001-2004\/\" \/>\n<meta property=\"og:site_name\" content=\"C\u00e2mara Municipal de Itajub\u00e1\" \/>\n<meta property=\"article:publisher\" content=\"https:\/\/www.facebook.com\/camaradeitajubaoficial\" \/>\n<meta property=\"article:modified_time\" content=\"2023-10-10T20:04:11+00:00\" \/>\n<meta name=\"twitter:card\" content=\"summary_large_image\" \/>\n<meta name=\"twitter:label1\" content=\"Est. tempo de leitura\" \/>\n\t<meta name=\"twitter:data1\" content=\"1 minuto\" \/>\n<script type=\"application\/ld+json\" class=\"yoast-schema-graph\">{\"@context\":\"https:\/\/schema.org\",\"@graph\":[{\"@type\":\"WebPage\",\"@id\":\"https:\/\/itajuba.cam.mg.gov.br\/site\/36a-legislatura-quadrienio-2001-2004\/\",\"url\":\"https:\/\/itajuba.cam.mg.gov.br\/site\/36a-legislatura-quadrienio-2001-2004\/\",\"name\":\"36\u00aa Legislatura, quadri\u00eanio 2001-2004 - C\u00e2mara Municipal de Itajub\u00e1\",\"isPartOf\":{\"@id\":\"https:\/\/itajuba.cam.mg.gov.br\/site\/#website\"},\"datePublished\":\"2023-10-10T19:20:16+00:00\",\"dateModified\":\"2023-10-10T20:04:11+00:00\",\"breadcrumb\":{\"@id\":\"https:\/\/itajuba.cam.mg.gov.br\/site\/36a-legislatura-quadrienio-2001-2004\/#breadcrumb\"},\"inLanguage\":\"pt-BR\",\"potentialAction\":[{\"@type\":\"ReadAction\",\"target\":[\"https:\/\/itajuba.cam.mg.gov.br\/site\/36a-legislatura-quadrienio-2001-2004\/\"]}]},{\"@type\":\"BreadcrumbList\",\"@id\":\"https:\/\/itajuba.cam.mg.gov.br\/site\/36a-legislatura-quadrienio-2001-2004\/#breadcrumb\",\"itemListElement\":[{\"@type\":\"ListItem\",\"position\":1,\"name\":\"In\u00edcio\",\"item\":\"https:\/\/itajuba.cam.mg.gov.br\/site\/\"},{\"@type\":\"ListItem\",\"position\":2,\"name\":\"36\u00aa Legislatura, quadri\u00eanio 2001-2004\"}]},{\"@type\":\"WebSite\",\"@id\":\"https:\/\/itajuba.cam.mg.gov.br\/site\/#website\",\"url\":\"https:\/\/itajuba.cam.mg.gov.br\/site\/\",\"name\":\"C\u00e2mara Municipal de Itajub\u00e1\",\"description\":\"Efici\u00eancia e Transpar\u00eancia\",\"publisher\":{\"@id\":\"https:\/\/itajuba.cam.mg.gov.br\/site\/#organization\"},\"potentialAction\":[{\"@type\":\"SearchAction\",\"target\":{\"@type\":\"EntryPoint\",\"urlTemplate\":\"https:\/\/itajuba.cam.mg.gov.br\/site\/?s={search_term_string}\"},\"query-input\":\"required name=search_term_string\"}],\"inLanguage\":\"pt-BR\"},{\"@type\":\"Organization\",\"@id\":\"https:\/\/itajuba.cam.mg.gov.br\/site\/#organization\",\"name\":\"C\u00e2mara Municipal de Itajub\u00e1\",\"url\":\"https:\/\/itajuba.cam.mg.gov.br\/site\/\",\"logo\":{\"@type\":\"ImageObject\",\"inLanguage\":\"pt-BR\",\"@id\":\"https:\/\/itajuba.cam.mg.gov.br\/site\/#\/schema\/logo\/image\/\",\"url\":\"https:\/\/itajuba.cam.mg.gov.br\/site\/wp-content\/uploads\/2023\/09\/logo_camara_2024.png\",\"contentUrl\":\"https:\/\/itajuba.cam.mg.gov.br\/site\/wp-content\/uploads\/2023\/09\/logo_camara_2024.png\",\"width\":1000,\"height\":385,\"caption\":\"C\u00e2mara Municipal de Itajub\u00e1\"},\"image\":{\"@id\":\"https:\/\/itajuba.cam.mg.gov.br\/site\/#\/schema\/logo\/image\/\"},\"sameAs\":[\"https:\/\/www.facebook.com\/camaradeitajubaoficial\",\"https:\/\/www.instagram.com\/camaradeitajubaoficial\/\",\"https:\/\/www.youtube.com\/user\/TVCAMARAITAJUBA\"]}]}<\/script>\n<!-- \/ Yoast SEO plugin. -->","yoast_head_json":{"title":"36\u00aa Legislatura, quadri\u00eanio 2001-2004 - C\u00e2mara Municipal de Itajub\u00e1","robots":{"index":"index","follow":"follow","max-snippet":"max-snippet:-1","max-image-preview":"max-image-preview:large","max-video-preview":"max-video-preview:-1"},"canonical":"https:\/\/itajuba.cam.mg.gov.br\/site\/36a-legislatura-quadrienio-2001-2004\/","og_locale":"pt_BR","og_type":"article","og_title":"36\u00aa Legislatura, quadri\u00eanio 2001-2004 - C\u00e2mara Municipal de Itajub\u00e1","og_description":"Vereadores Alb\u00e9ris Rodrigues FernandesCl\u00e9ber DavidGeraldo Jos\u00e9 CanhaJo\u00e3o Aparecido FilhoJo\u00e3o Dimas RibeiroJo\u00e3o Vitor da CostaJorge Ren\u00f3 MouallemJos\u00e9 Humberto dos SantosJos\u00e9 Luiz AugustoJos\u00e9 Roberto FlorianoKlecius Albert Neves BalbinoLaudelino Augusto dos Santos AzevedoNestor de OliveiraOscar Navarro SantosRaimundo Corr\u00eaa Paiva Mesa diretora eleita no primeiro bi\u00eanio da legislatura Presidente: Geraldo Jos\u00e9 CanhaVice-presidente: Cleber David1\u00ba secret\u00e1rio: Klecius Albert Neves Balbino2\u00ba [&hellip;]","og_url":"https:\/\/itajuba.cam.mg.gov.br\/site\/36a-legislatura-quadrienio-2001-2004\/","og_site_name":"C\u00e2mara Municipal de Itajub\u00e1","article_publisher":"https:\/\/www.facebook.com\/camaradeitajubaoficial","article_modified_time":"2023-10-10T20:04:11+00:00","twitter_card":"summary_large_image","twitter_misc":{"Est. tempo de leitura":"1 minuto"},"schema":{"@context":"https:\/\/schema.org","@graph":[{"@type":"WebPage","@id":"https:\/\/itajuba.cam.mg.gov.br\/site\/36a-legislatura-quadrienio-2001-2004\/","url":"https:\/\/itajuba.cam.mg.gov.br\/site\/36a-legislatura-quadrienio-2001-2004\/","name":"36\u00aa Legislatura, quadri\u00eanio 2001-2004 - C\u00e2mara Municipal de Itajub\u00e1","isPartOf":{"@id":"https:\/\/itajuba.cam.mg.gov.br\/site\/#website"},"datePublished":"2023-10-10T19:20:16+00:00","dateModified":"2023-10-10T20:04:11+00:00","breadcrumb":{"@id":"https:\/\/itajuba.cam.mg.gov.br\/site\/36a-legislatura-quadrienio-2001-2004\/#breadcrumb"},"inLanguage":"pt-BR","potentialAction":[{"@type":"ReadAction","target":["https:\/\/itajuba.cam.mg.gov.br\/site\/36a-legislatura-quadrienio-2001-2004\/"]}]},{"@type":"BreadcrumbList","@id":"https:\/\/itajuba.cam.mg.gov.br\/site\/36a-legislatura-quadrienio-2001-2004\/#breadcrumb","itemListElement":[{"@type":"ListItem","position":1,"name":"In\u00edcio","item":"https:\/\/itajuba.cam.mg.gov.br\/site\/"},{"@type":"ListItem","position":2,"name":"36\u00aa Legislatura, quadri\u00eanio 2001-2004"}]},{"@type":"WebSite","@id":"https:\/\/itajuba.cam.mg.gov.br\/site\/#website","url":"https:\/\/itajuba.cam.mg.gov.br\/site\/","name":"C\u00e2mara Municipal de Itajub\u00e1","description":"Efici\u00eancia e Transpar\u00eancia","publisher":{"@id":"https:\/\/itajuba.cam.mg.gov.br\/site\/#organization"},"potentialAction":[{"@type":"SearchAction","target":{"@type":"EntryPoint","urlTemplate":"https:\/\/itajuba.cam.mg.gov.br\/site\/?s={search_term_string}"},"query-input":"required name=search_term_string"}],"inLanguage":"pt-BR"},{"@type":"Organization","@id":"https:\/\/itajuba.cam.mg.gov.br\/site\/#organization","name":"C\u00e2mara Municipal de Itajub\u00e1","url":"https:\/\/itajuba.cam.mg.gov.br\/site\/","logo":{"@type":"ImageObject","inLanguage":"pt-BR","@id":"https:\/\/itajuba.cam.mg.gov.br\/site\/#\/schema\/logo\/image\/","url":"https:\/\/itajuba.cam.mg.gov.br\/site\/wp-content\/uploads\/2023\/09\/logo_camara_2024.png","contentUrl":"https:\/\/itajuba.cam.mg.gov.br\/site\/wp-content\/uploads\/2023\/09\/logo_camara_2024.png","width":1000,"height":385,"caption":"C\u00e2mara Municipal de Itajub\u00e1"},"image":{"@id":"https:\/\/itajuba.cam.mg.gov.br\/site\/#\/schema\/logo\/image\/"},"sameAs":["https:\/\/www.facebook.com\/camaradeitajubaoficial","https:\/\/www.instagram.com\/camaradeitajubaoficial\/","https:\/\/www.youtube.com\/user\/TVCAMARAITAJUBA"]}]}},"_links":{"self":[{"href":"https:\/\/itajuba.cam.mg.gov.br\/site\/wp-json\/wp\/v2\/pages\/6943","targetHints":{"allow":["GET"]}}],"collection":[{"href":"https:\/\/itajuba.cam.mg.gov.br\/site\/wp-json\/wp\/v2\/pages"}],"about":[{"href":"https:\/\/itajuba.cam.mg.gov.br\/site\/wp-json\/wp\/v2\/types\/page"}],"author":[{"embeddable":true,"href":"https:\/\/itajuba.cam.mg.gov.br\/site\/wp-json\/wp\/v2\/users\/1"}],"replies":[{"embeddable":true,"href":"https:\/\/itajuba.cam.mg.gov.br\/site\/wp-json\/wp\/v2\/comments?post=6943"}],"version-history":[{"count":7,"href":"https:\/\/itajuba.cam.mg.gov.br\/site\/wp-json\/wp\/v2\/pages\/6943\/revisions"}],"predecessor-version":[{"id":6961,"href":"https:\/\/itajuba.cam.mg.gov.br\/site\/wp-json\/wp\/v2\/pages\/6943\/revisions\/6961"}],"wp:attachment":[{"href":"https:\/\/itajuba.cam.mg.gov.br\/site\/wp-json\/wp\/v2\/media?parent=6943"}],"curies":[{"name":"wp","href":"https:\/\/api.w.org\/{rel}","templated":true}]}}