{"id":6949,"date":"2023-10-10T19:53:51","date_gmt":"2023-10-10T19:53:51","guid":{"rendered":"https:\/\/itajuba.cam.mg.gov.br\/site\/?page_id=6949"},"modified":"2023-10-10T19:58:57","modified_gmt":"2023-10-10T19:58:57","slug":"37a-legislatura-quadrienio-2005-2008","status":"publish","type":"page","link":"https:\/\/itajuba.cam.mg.gov.br\/site\/37a-legislatura-quadrienio-2005-2008\/","title":{"rendered":"37\u00aa Legislatura, quadri\u00eanio 2005-2008"},"content":{"rendered":"\t\t<div data-elementor-type=\"wp-page\" data-elementor-id=\"6949\" class=\"elementor elementor-6949\" data-elementor-post-type=\"page\">\n\t\t\t\t\t\t\t\t\t<section class=\"elementor-section elementor-top-section elementor-element elementor-element-418431e7 elementor-section-boxed elementor-section-height-default elementor-section-height-default\" data-id=\"418431e7\" data-element_type=\"section\">\n\t\t\t\t\t\t<div class=\"elementor-container elementor-column-gap-default\">\n\t\t\t\t\t<div class=\"elementor-column elementor-col-100 elementor-top-column elementor-element elementor-element-551fdb3b\" data-id=\"551fdb3b\" data-element_type=\"column\">\n\t\t\t<div class=\"elementor-widget-wrap elementor-element-populated\">\n\t\t\t\t\t\t\t\t<div class=\"elementor-element elementor-element-7afe5e4d elementor-widget elementor-widget-heading\" data-id=\"7afe5e4d\" data-element_type=\"widget\" data-widget_type=\"heading.default\">\n\t\t\t\t<div class=\"elementor-widget-container\">\n\t\t\t<style>\/*! elementor - v3.16.0 - 13-09-2023 *\/\n.elementor-heading-title{padding:0;margin:0;line-height:1}.elementor-widget-heading .elementor-heading-title[class*=elementor-size-]>a{color:inherit;font-size:inherit;line-height:inherit}.elementor-widget-heading .elementor-heading-title.elementor-size-small{font-size:15px}.elementor-widget-heading .elementor-heading-title.elementor-size-medium{font-size:19px}.elementor-widget-heading .elementor-heading-title.elementor-size-large{font-size:29px}.elementor-widget-heading .elementor-heading-title.elementor-size-xl{font-size:39px}.elementor-widget-heading .elementor-heading-title.elementor-size-xxl{font-size:59px}<\/style><h4 class=\"elementor-heading-title elementor-size-default\">Vereadores<\/h4>\t\t<\/div>\n\t\t\t\t<\/div>\n\t\t\t\t<div class=\"elementor-element elementor-element-73a2d6c7 elementor-widget elementor-widget-text-editor\" data-id=\"73a2d6c7\" data-element_type=\"widget\" data-widget_type=\"text-editor.default\">\n\t\t\t\t<div class=\"elementor-widget-container\">\n\t\t\t<style>\/*! elementor - v3.16.0 - 13-09-2023 *\/\n.elementor-widget-text-editor.elementor-drop-cap-view-stacked .elementor-drop-cap{background-color:#69727d;color:#fff}.elementor-widget-text-editor.elementor-drop-cap-view-framed .elementor-drop-cap{color:#69727d;border:3px solid;background-color:transparent}.elementor-widget-text-editor:not(.elementor-drop-cap-view-default) .elementor-drop-cap{margin-top:8px}.elementor-widget-text-editor:not(.elementor-drop-cap-view-default) .elementor-drop-cap-letter{width:1em;height:1em}.elementor-widget-text-editor .elementor-drop-cap{float:left;text-align:center;line-height:1;font-size:50px}.elementor-widget-text-editor .elementor-drop-cap-letter{display:inline-block}<\/style>\t\t\t\t<p>Christian Gon\u00e7alves e Silva<br \/>Geraldo Jos\u00e9 Canha<br \/>Jo\u00e3o Vitor da Costa<br \/>Jos\u00e9 Raimundo Silva<br \/>Klecius Albert Neves Balbino<br \/>Leandra Machado Santos<br \/>Leonardo Bernardo Braz da Cunha<br \/>Rodrigo Imar Martinez Ri\u00eara<br \/>Sebasti\u00e3o Silvestre da Costa<br \/>Toshiyuki Matsumoto<\/p>\t\t\t\t\t\t<\/div>\n\t\t\t\t<\/div>\n\t\t\t\t<div class=\"elementor-element elementor-element-752669d7 elementor-widget elementor-widget-heading\" data-id=\"752669d7\" data-element_type=\"widget\" data-widget_type=\"heading.default\">\n\t\t\t\t<div class=\"elementor-widget-container\">\n\t\t\t<h4 class=\"elementor-heading-title elementor-size-default\">Mesa diretora eleita no primeiro bi\u00eanio da legislatura<\/h4>\t\t<\/div>\n\t\t\t\t<\/div>\n\t\t\t\t<div class=\"elementor-element elementor-element-25e1fc17 elementor-widget elementor-widget-text-editor\" data-id=\"25e1fc17\" data-element_type=\"widget\" data-widget_type=\"text-editor.default\">\n\t\t\t\t<div class=\"elementor-widget-container\">\n\t\t\t\t\t\t\t<p>Presidente: Rodrigo Imar Martinez Ri\u00eara<br \/>Vice-presidente: Jos\u00e9 Raimundo da Silva<br \/>1\u00ba secret\u00e1rio: Leonardo Bernardo Braz da Cunha<br \/>2\u00ba secret\u00e1rio: Sebasti\u00e3o Silvestre da Costa<br \/>Tesoureiro: Christian Gon\u00e7alves e Silva<\/p>\t\t\t\t\t\t<\/div>\n\t\t\t\t<\/div>\n\t\t\t\t<div class=\"elementor-element elementor-element-62b6d675 elementor-widget elementor-widget-heading\" data-id=\"62b6d675\" data-element_type=\"widget\" data-widget_type=\"heading.default\">\n\t\t\t\t<div class=\"elementor-widget-container\">\n\t\t\t<h4 class=\"elementor-heading-title elementor-size-default\"><span style=\"font-size: 1.5rem;\">Mesa diretora eleita no segundo bi\u00eanio da legislatura<\/span><\/h4>\t\t<\/div>\n\t\t\t\t<\/div>\n\t\t\t\t<div class=\"elementor-element elementor-element-703f59b9 elementor-widget elementor-widget-text-editor\" data-id=\"703f59b9\" data-element_type=\"widget\" data-widget_type=\"text-editor.default\">\n\t\t\t\t<div class=\"elementor-widget-container\">\n\t\t\t\t\t\t\t<p>Presidente: Jo\u00e3o Vitor da Costa<br \/>Vice-presidente: Christian Gon\u00e7alves e Silva<br \/>1\u00ba secret\u00e1rio: Jos\u00e9 Raimundo da Silva<br \/>2\u00ba secret\u00e1rio: Toshiyuki Matsumoto<br \/>Tesoureiro: Klecius Albert Neves Balbino<\/p><p>Em mar\u00e7o de 2007, em virtude do impedimento tempor\u00e1rio da vereadora Leandra Machado Santos, foi empossado no cargo de vereador o Senhor Uilson Sebasti\u00e3o Ribeiro, para o fim espec\u00edfico de participar da vota\u00e7\u00e3o que decidir\u00e1 pelo recebimento ou n\u00e3o da den\u00fancia protocolada em face do Senhor Prefeito Municipal pelos vereadores Leandra Machado Santos e Leonardo Bernardo Braz Cunha.<\/p><p>Na mesma data, em virtude do impedimento tempor\u00e1rio do vereador Leonardo Bernardo Braz Cunha, foi empossado no cargo de vereador Jos\u00e9 Luiz Augusto, para o fim espec\u00edfico de participar da vota\u00e7\u00e3o que decidir\u00e1 pelo recebimento ou n\u00e3o da den\u00fancia protocolada em face do Senhor Prefeito Municipal pelos vereadores Leandra Machado Santos e Leonardo Bernardo Braz da Cunha.<\/p><p>Em junho de 2008, a vereadora Leandra perdeu seu cargo eletivo, ocupado ent\u00e3o por Uilson Sebasti\u00e3o Ribeiro. Posteriormente, em decis\u00e3o do Tribunal Superior Eleitoral, ela reassume o cargo de vereadora.<\/p><p>Prefeito: Benedito Pereira dos Santos<br \/>Vice-prefeito: Jorge Ren\u00f3 Mouallem<\/p>\t\t\t\t\t\t<\/div>\n\t\t\t\t<\/div>\n\t\t\t\t<div class=\"elementor-element elementor-element-53c38d67 elementor-widget elementor-widget-button\" data-id=\"53c38d67\" data-element_type=\"widget\" data-widget_type=\"button.default\">\n\t\t\t\t<div class=\"elementor-widget-container\">\n\t\t\t\t\t<div class=\"elementor-button-wrapper\">\n\t\t\t<a class=\"elementor-button elementor-button-link elementor-size-sm elementor-animation-shrink\" href=\"https:\/\/itajuba.cam.mg.gov.br\/site\/historico-de-legislaturas\/\">\n\t\t\t\t\t\t<span class=\"elementor-button-content-wrapper\">\n\t\t\t\t\t\t<span class=\"elementor-button-text\">Clique aqui retornar a p\u00e1gina de Hist\u00f3rico de Legislaturas<\/span>\n\t\t<\/span>\n\t\t\t\t\t<\/a>\n\t\t<\/div>\n\t\t\t\t<\/div>\n\t\t\t\t<\/div>\n\t\t\t\t\t<\/div>\n\t\t<\/div>\n\t\t\t\t\t\t\t<\/div>\n\t\t<\/section>\n\t\t\t\t\t\t\t<\/div>\n\t\t","protected":false},"excerpt":{"rendered":"<p>Vereadores Christian Gon\u00e7alves e SilvaGeraldo Jos\u00e9 CanhaJo\u00e3o Vitor da CostaJos\u00e9 Raimundo SilvaKlecius Albert Neves BalbinoLeandra Machado SantosLeonardo Bernardo Braz da CunhaRodrigo Imar Martinez Ri\u00earaSebasti\u00e3o Silvestre da CostaToshiyuki Matsumoto Mesa diretora eleita no primeiro bi\u00eanio da legislatura Presidente: Rodrigo Imar Martinez Ri\u00earaVice-presidente: Jos\u00e9 Raimundo da Silva1\u00ba secret\u00e1rio: Leonardo Bernardo Braz da Cunha2\u00ba secret\u00e1rio: Sebasti\u00e3o Silvestre da [&hellip;]<\/p>\n","protected":false},"author":1,"featured_media":0,"parent":0,"menu_order":0,"comment_status":"closed","ping_status":"closed","template":"","meta":{"footnotes":""},"class_list":["post-6949","page","type-page","status-publish","hentry"],"yoast_head":"<!-- This site is optimized with the Yoast SEO plugin v21.0 - https:\/\/yoast.com\/wordpress\/plugins\/seo\/ -->\n<title>37\u00aa Legislatura, quadri\u00eanio 2005-2008 - C\u00e2mara Municipal de Itajub\u00e1<\/title>\n<meta name=\"robots\" content=\"index, follow, max-snippet:-1, max-image-preview:large, max-video-preview:-1\" \/>\n<link rel=\"canonical\" href=\"https:\/\/itajuba.cam.mg.gov.br\/site\/37a-legislatura-quadrienio-2005-2008\/\" \/>\n<meta property=\"og:locale\" content=\"pt_BR\" \/>\n<meta property=\"og:type\" content=\"article\" \/>\n<meta property=\"og:title\" content=\"37\u00aa Legislatura, quadri\u00eanio 2005-2008 - C\u00e2mara Municipal de Itajub\u00e1\" \/>\n<meta property=\"og:description\" content=\"Vereadores Christian Gon\u00e7alves e SilvaGeraldo Jos\u00e9 CanhaJo\u00e3o Vitor da CostaJos\u00e9 Raimundo SilvaKlecius Albert Neves BalbinoLeandra Machado SantosLeonardo Bernardo Braz da CunhaRodrigo Imar Martinez Ri\u00earaSebasti\u00e3o Silvestre da CostaToshiyuki Matsumoto Mesa diretora eleita no primeiro bi\u00eanio da legislatura Presidente: Rodrigo Imar Martinez Ri\u00earaVice-presidente: Jos\u00e9 Raimundo da Silva1\u00ba secret\u00e1rio: Leonardo Bernardo Braz da Cunha2\u00ba secret\u00e1rio: Sebasti\u00e3o Silvestre da [&hellip;]\" \/>\n<meta property=\"og:url\" content=\"https:\/\/itajuba.cam.mg.gov.br\/site\/37a-legislatura-quadrienio-2005-2008\/\" \/>\n<meta property=\"og:site_name\" content=\"C\u00e2mara Municipal de Itajub\u00e1\" \/>\n<meta property=\"article:publisher\" content=\"https:\/\/www.facebook.com\/camaradeitajubaoficial\" \/>\n<meta property=\"article:modified_time\" content=\"2023-10-10T19:58:57+00:00\" \/>\n<meta name=\"twitter:card\" content=\"summary_large_image\" \/>\n<meta name=\"twitter:label1\" content=\"Est. tempo de leitura\" \/>\n\t<meta name=\"twitter:data1\" content=\"2 minutos\" \/>\n<script type=\"application\/ld+json\" class=\"yoast-schema-graph\">{\"@context\":\"https:\/\/schema.org\",\"@graph\":[{\"@type\":\"WebPage\",\"@id\":\"https:\/\/itajuba.cam.mg.gov.br\/site\/37a-legislatura-quadrienio-2005-2008\/\",\"url\":\"https:\/\/itajuba.cam.mg.gov.br\/site\/37a-legislatura-quadrienio-2005-2008\/\",\"name\":\"37\u00aa Legislatura, quadri\u00eanio 2005-2008 - C\u00e2mara Municipal de Itajub\u00e1\",\"isPartOf\":{\"@id\":\"https:\/\/itajuba.cam.mg.gov.br\/site\/#website\"},\"datePublished\":\"2023-10-10T19:53:51+00:00\",\"dateModified\":\"2023-10-10T19:58:57+00:00\",\"breadcrumb\":{\"@id\":\"https:\/\/itajuba.cam.mg.gov.br\/site\/37a-legislatura-quadrienio-2005-2008\/#breadcrumb\"},\"inLanguage\":\"pt-BR\",\"potentialAction\":[{\"@type\":\"ReadAction\",\"target\":[\"https:\/\/itajuba.cam.mg.gov.br\/site\/37a-legislatura-quadrienio-2005-2008\/\"]}]},{\"@type\":\"BreadcrumbList\",\"@id\":\"https:\/\/itajuba.cam.mg.gov.br\/site\/37a-legislatura-quadrienio-2005-2008\/#breadcrumb\",\"itemListElement\":[{\"@type\":\"ListItem\",\"position\":1,\"name\":\"In\u00edcio\",\"item\":\"https:\/\/itajuba.cam.mg.gov.br\/site\/\"},{\"@type\":\"ListItem\",\"position\":2,\"name\":\"37\u00aa Legislatura, quadri\u00eanio 2005-2008\"}]},{\"@type\":\"WebSite\",\"@id\":\"https:\/\/itajuba.cam.mg.gov.br\/site\/#website\",\"url\":\"https:\/\/itajuba.cam.mg.gov.br\/site\/\",\"name\":\"C\u00e2mara Municipal de Itajub\u00e1\",\"description\":\"Efici\u00eancia e Transpar\u00eancia\",\"publisher\":{\"@id\":\"https:\/\/itajuba.cam.mg.gov.br\/site\/#organization\"},\"potentialAction\":[{\"@type\":\"SearchAction\",\"target\":{\"@type\":\"EntryPoint\",\"urlTemplate\":\"https:\/\/itajuba.cam.mg.gov.br\/site\/?s={search_term_string}\"},\"query-input\":\"required name=search_term_string\"}],\"inLanguage\":\"pt-BR\"},{\"@type\":\"Organization\",\"@id\":\"https:\/\/itajuba.cam.mg.gov.br\/site\/#organization\",\"name\":\"C\u00e2mara Municipal de Itajub\u00e1\",\"url\":\"https:\/\/itajuba.cam.mg.gov.br\/site\/\",\"logo\":{\"@type\":\"ImageObject\",\"inLanguage\":\"pt-BR\",\"@id\":\"https:\/\/itajuba.cam.mg.gov.br\/site\/#\/schema\/logo\/image\/\",\"url\":\"https:\/\/itajuba.cam.mg.gov.br\/site\/wp-content\/uploads\/2023\/09\/logo_camara_2024.png\",\"contentUrl\":\"https:\/\/itajuba.cam.mg.gov.br\/site\/wp-content\/uploads\/2023\/09\/logo_camara_2024.png\",\"width\":1000,\"height\":385,\"caption\":\"C\u00e2mara Municipal de Itajub\u00e1\"},\"image\":{\"@id\":\"https:\/\/itajuba.cam.mg.gov.br\/site\/#\/schema\/logo\/image\/\"},\"sameAs\":[\"https:\/\/www.facebook.com\/camaradeitajubaoficial\",\"https:\/\/www.instagram.com\/camaradeitajubaoficial\/\",\"https:\/\/www.youtube.com\/user\/TVCAMARAITAJUBA\"]}]}<\/script>\n<!-- \/ Yoast SEO plugin. -->","yoast_head_json":{"title":"37\u00aa Legislatura, quadri\u00eanio 2005-2008 - C\u00e2mara Municipal de Itajub\u00e1","robots":{"index":"index","follow":"follow","max-snippet":"max-snippet:-1","max-image-preview":"max-image-preview:large","max-video-preview":"max-video-preview:-1"},"canonical":"https:\/\/itajuba.cam.mg.gov.br\/site\/37a-legislatura-quadrienio-2005-2008\/","og_locale":"pt_BR","og_type":"article","og_title":"37\u00aa Legislatura, quadri\u00eanio 2005-2008 - C\u00e2mara Municipal de Itajub\u00e1","og_description":"Vereadores Christian Gon\u00e7alves e SilvaGeraldo Jos\u00e9 CanhaJo\u00e3o Vitor da CostaJos\u00e9 Raimundo SilvaKlecius Albert Neves BalbinoLeandra Machado SantosLeonardo Bernardo Braz da CunhaRodrigo Imar Martinez Ri\u00earaSebasti\u00e3o Silvestre da CostaToshiyuki Matsumoto Mesa diretora eleita no primeiro bi\u00eanio da legislatura Presidente: Rodrigo Imar Martinez Ri\u00earaVice-presidente: Jos\u00e9 Raimundo da Silva1\u00ba secret\u00e1rio: Leonardo Bernardo Braz da Cunha2\u00ba secret\u00e1rio: Sebasti\u00e3o Silvestre da [&hellip;]","og_url":"https:\/\/itajuba.cam.mg.gov.br\/site\/37a-legislatura-quadrienio-2005-2008\/","og_site_name":"C\u00e2mara Municipal de Itajub\u00e1","article_publisher":"https:\/\/www.facebook.com\/camaradeitajubaoficial","article_modified_time":"2023-10-10T19:58:57+00:00","twitter_card":"summary_large_image","twitter_misc":{"Est. tempo de leitura":"2 minutos"},"schema":{"@context":"https:\/\/schema.org","@graph":[{"@type":"WebPage","@id":"https:\/\/itajuba.cam.mg.gov.br\/site\/37a-legislatura-quadrienio-2005-2008\/","url":"https:\/\/itajuba.cam.mg.gov.br\/site\/37a-legislatura-quadrienio-2005-2008\/","name":"37\u00aa Legislatura, quadri\u00eanio 2005-2008 - C\u00e2mara Municipal de Itajub\u00e1","isPartOf":{"@id":"https:\/\/itajuba.cam.mg.gov.br\/site\/#website"},"datePublished":"2023-10-10T19:53:51+00:00","dateModified":"2023-10-10T19:58:57+00:00","breadcrumb":{"@id":"https:\/\/itajuba.cam.mg.gov.br\/site\/37a-legislatura-quadrienio-2005-2008\/#breadcrumb"},"inLanguage":"pt-BR","potentialAction":[{"@type":"ReadAction","target":["https:\/\/itajuba.cam.mg.gov.br\/site\/37a-legislatura-quadrienio-2005-2008\/"]}]},{"@type":"BreadcrumbList","@id":"https:\/\/itajuba.cam.mg.gov.br\/site\/37a-legislatura-quadrienio-2005-2008\/#breadcrumb","itemListElement":[{"@type":"ListItem","position":1,"name":"In\u00edcio","item":"https:\/\/itajuba.cam.mg.gov.br\/site\/"},{"@type":"ListItem","position":2,"name":"37\u00aa Legislatura, quadri\u00eanio 2005-2008"}]},{"@type":"WebSite","@id":"https:\/\/itajuba.cam.mg.gov.br\/site\/#website","url":"https:\/\/itajuba.cam.mg.gov.br\/site\/","name":"C\u00e2mara Municipal de Itajub\u00e1","description":"Efici\u00eancia e Transpar\u00eancia","publisher":{"@id":"https:\/\/itajuba.cam.mg.gov.br\/site\/#organization"},"potentialAction":[{"@type":"SearchAction","target":{"@type":"EntryPoint","urlTemplate":"https:\/\/itajuba.cam.mg.gov.br\/site\/?s={search_term_string}"},"query-input":"required name=search_term_string"}],"inLanguage":"pt-BR"},{"@type":"Organization","@id":"https:\/\/itajuba.cam.mg.gov.br\/site\/#organization","name":"C\u00e2mara Municipal de Itajub\u00e1","url":"https:\/\/itajuba.cam.mg.gov.br\/site\/","logo":{"@type":"ImageObject","inLanguage":"pt-BR","@id":"https:\/\/itajuba.cam.mg.gov.br\/site\/#\/schema\/logo\/image\/","url":"https:\/\/itajuba.cam.mg.gov.br\/site\/wp-content\/uploads\/2023\/09\/logo_camara_2024.png","contentUrl":"https:\/\/itajuba.cam.mg.gov.br\/site\/wp-content\/uploads\/2023\/09\/logo_camara_2024.png","width":1000,"height":385,"caption":"C\u00e2mara Municipal de Itajub\u00e1"},"image":{"@id":"https:\/\/itajuba.cam.mg.gov.br\/site\/#\/schema\/logo\/image\/"},"sameAs":["https:\/\/www.facebook.com\/camaradeitajubaoficial","https:\/\/www.instagram.com\/camaradeitajubaoficial\/","https:\/\/www.youtube.com\/user\/TVCAMARAITAJUBA"]}]}},"_links":{"self":[{"href":"https:\/\/itajuba.cam.mg.gov.br\/site\/wp-json\/wp\/v2\/pages\/6949","targetHints":{"allow":["GET"]}}],"collection":[{"href":"https:\/\/itajuba.cam.mg.gov.br\/site\/wp-json\/wp\/v2\/pages"}],"about":[{"href":"https:\/\/itajuba.cam.mg.gov.br\/site\/wp-json\/wp\/v2\/types\/page"}],"author":[{"embeddable":true,"href":"https:\/\/itajuba.cam.mg.gov.br\/site\/wp-json\/wp\/v2\/users\/1"}],"replies":[{"embeddable":true,"href":"https:\/\/itajuba.cam.mg.gov.br\/site\/wp-json\/wp\/v2\/comments?post=6949"}],"version-history":[{"count":4,"href":"https:\/\/itajuba.cam.mg.gov.br\/site\/wp-json\/wp\/v2\/pages\/6949\/revisions"}],"predecessor-version":[{"id":6954,"href":"https:\/\/itajuba.cam.mg.gov.br\/site\/wp-json\/wp\/v2\/pages\/6949\/revisions\/6954"}],"wp:attachment":[{"href":"https:\/\/itajuba.cam.mg.gov.br\/site\/wp-json\/wp\/v2\/media?parent=6949"}],"curies":[{"name":"wp","href":"https:\/\/api.w.org\/{rel}","templated":true}]}}