{"id":6962,"date":"2023-10-10T20:04:45","date_gmt":"2023-10-10T20:04:45","guid":{"rendered":"https:\/\/itajuba.cam.mg.gov.br\/site\/?page_id=6962"},"modified":"2023-10-10T20:06:24","modified_gmt":"2023-10-10T20:06:24","slug":"38a-legislatura-quadrienio-2009-2012","status":"publish","type":"page","link":"https:\/\/itajuba.cam.mg.gov.br\/site\/38a-legislatura-quadrienio-2009-2012\/","title":{"rendered":"38\u00aa Legislatura, quadri\u00eanio 2009-2012"},"content":{"rendered":"\t\t<div data-elementor-type=\"wp-page\" data-elementor-id=\"6962\" class=\"elementor elementor-6962\" data-elementor-post-type=\"page\">\n\t\t\t\t\t\t\t\t\t<section class=\"elementor-section elementor-top-section elementor-element elementor-element-5817c331 elementor-section-boxed elementor-section-height-default elementor-section-height-default\" data-id=\"5817c331\" data-element_type=\"section\">\n\t\t\t\t\t\t<div class=\"elementor-container elementor-column-gap-default\">\n\t\t\t\t\t<div class=\"elementor-column elementor-col-100 elementor-top-column elementor-element elementor-element-a7333d5\" data-id=\"a7333d5\" data-element_type=\"column\">\n\t\t\t<div class=\"elementor-widget-wrap elementor-element-populated\">\n\t\t\t\t\t\t\t\t<div class=\"elementor-element elementor-element-145392cf elementor-widget elementor-widget-heading\" data-id=\"145392cf\" data-element_type=\"widget\" data-widget_type=\"heading.default\">\n\t\t\t\t<div class=\"elementor-widget-container\">\n\t\t\t<style>\/*! elementor - v3.16.0 - 13-09-2023 *\/\n.elementor-heading-title{padding:0;margin:0;line-height:1}.elementor-widget-heading .elementor-heading-title[class*=elementor-size-]>a{color:inherit;font-size:inherit;line-height:inherit}.elementor-widget-heading .elementor-heading-title.elementor-size-small{font-size:15px}.elementor-widget-heading .elementor-heading-title.elementor-size-medium{font-size:19px}.elementor-widget-heading .elementor-heading-title.elementor-size-large{font-size:29px}.elementor-widget-heading .elementor-heading-title.elementor-size-xl{font-size:39px}.elementor-widget-heading .elementor-heading-title.elementor-size-xxl{font-size:59px}<\/style><h4 class=\"elementor-heading-title elementor-size-default\">Vereadores<\/h4>\t\t<\/div>\n\t\t\t\t<\/div>\n\t\t\t\t<div class=\"elementor-element elementor-element-7c9bd071 elementor-widget elementor-widget-text-editor\" data-id=\"7c9bd071\" data-element_type=\"widget\" data-widget_type=\"text-editor.default\">\n\t\t\t\t<div class=\"elementor-widget-container\">\n\t\t\t<style>\/*! elementor - v3.16.0 - 13-09-2023 *\/\n.elementor-widget-text-editor.elementor-drop-cap-view-stacked .elementor-drop-cap{background-color:#69727d;color:#fff}.elementor-widget-text-editor.elementor-drop-cap-view-framed .elementor-drop-cap{color:#69727d;border:3px solid;background-color:transparent}.elementor-widget-text-editor:not(.elementor-drop-cap-view-default) .elementor-drop-cap{margin-top:8px}.elementor-widget-text-editor:not(.elementor-drop-cap-view-default) .elementor-drop-cap-letter{width:1em;height:1em}.elementor-widget-text-editor .elementor-drop-cap{float:left;text-align:center;line-height:1;font-size:50px}.elementor-widget-text-editor .elementor-drop-cap-letter{display:inline-block}<\/style>\t\t\t\t<p>Ant\u00f4nio Raimundo Santi<br \/>Avelino Gon\u00e7alves<br \/>Jo\u00e3o Vitor da Costa<br \/>Joel Carlos de Almeida<br \/>Jos\u00e9 Maria Mendes<br \/>Paulino Sales Abranches<br \/>Ricardo Luiz Ferreira de Mello<br \/>Robson Vaz de Lima<br \/>Sebasti\u00e3o Silvestre da Costa<br \/>Valdomiro Ribeiro Cortez<\/p>\t\t\t\t\t\t<\/div>\n\t\t\t\t<\/div>\n\t\t\t\t<div class=\"elementor-element elementor-element-ea1fca1 elementor-widget elementor-widget-heading\" data-id=\"ea1fca1\" data-element_type=\"widget\" data-widget_type=\"heading.default\">\n\t\t\t\t<div class=\"elementor-widget-container\">\n\t\t\t<h4 class=\"elementor-heading-title elementor-size-default\">Mesa diretora eleita no primeiro bi\u00eanio da legislatura<\/h4>\t\t<\/div>\n\t\t\t\t<\/div>\n\t\t\t\t<div class=\"elementor-element elementor-element-17338609 elementor-widget elementor-widget-text-editor\" data-id=\"17338609\" data-element_type=\"widget\" data-widget_type=\"text-editor.default\">\n\t\t\t\t<div class=\"elementor-widget-container\">\n\t\t\t\t\t\t\t<p>Presidente: Jo\u00e3o Vitor da Costa<br \/>Vice-presidente: Valdomiro Ribeiro Cortez<br \/>1\u00ba secret\u00e1rio: Joel Carlos de Almeida<br \/>2\u00ba secret\u00e1rio: Ricardo Luiz Ferreira de Mello<br \/>Tesoureiro: Paulino Sales Abranches<\/p>\t\t\t\t\t\t<\/div>\n\t\t\t\t<\/div>\n\t\t\t\t<div class=\"elementor-element elementor-element-5664f0f1 elementor-widget elementor-widget-heading\" data-id=\"5664f0f1\" data-element_type=\"widget\" data-widget_type=\"heading.default\">\n\t\t\t\t<div class=\"elementor-widget-container\">\n\t\t\t<h4 class=\"elementor-heading-title elementor-size-default\"><span style=\"font-size: 1.5rem;\">Mesa diretora eleita no segundo bi\u00eanio da legislatura<\/span><\/h4>\t\t<\/div>\n\t\t\t\t<\/div>\n\t\t\t\t<div class=\"elementor-element elementor-element-138edd5d elementor-widget elementor-widget-text-editor\" data-id=\"138edd5d\" data-element_type=\"widget\" data-widget_type=\"text-editor.default\">\n\t\t\t\t<div class=\"elementor-widget-container\">\n\t\t\t\t\t\t\t<p>Presidente: Ant\u00f4nio Raimundo Santi<br \/>Vice-presidente: Jos\u00e9 Maria Mendes<br \/>1\u00ba secret\u00e1rio: Ricardo Luiz Ferreira de Mello<br \/>2\u00ba secret\u00e1rio: Avelino Gon\u00e7alves<br \/>Tesoureiro: Valdomiro Ribeiro Cortez<\/p><p>Prefeito: Jorge Ren\u00f3 Mouallem<br \/>Vice-prefeito: Laudelino Augusto dos Santos<\/p>\t\t\t\t\t\t<\/div>\n\t\t\t\t<\/div>\n\t\t\t\t<div class=\"elementor-element elementor-element-4fc2bc45 elementor-widget elementor-widget-button\" data-id=\"4fc2bc45\" data-element_type=\"widget\" data-widget_type=\"button.default\">\n\t\t\t\t<div class=\"elementor-widget-container\">\n\t\t\t\t\t<div class=\"elementor-button-wrapper\">\n\t\t\t<a class=\"elementor-button elementor-button-link elementor-size-sm elementor-animation-shrink\" href=\"https:\/\/itajuba.cam.mg.gov.br\/site\/historico-de-legislaturas\/\">\n\t\t\t\t\t\t<span class=\"elementor-button-content-wrapper\">\n\t\t\t\t\t\t<span class=\"elementor-button-text\">Clique aqui retornar a p\u00e1gina de Hist\u00f3rico de Legislaturas<\/span>\n\t\t<\/span>\n\t\t\t\t\t<\/a>\n\t\t<\/div>\n\t\t\t\t<\/div>\n\t\t\t\t<\/div>\n\t\t\t\t\t<\/div>\n\t\t<\/div>\n\t\t\t\t\t\t\t<\/div>\n\t\t<\/section>\n\t\t\t\t\t\t\t<\/div>\n\t\t","protected":false},"excerpt":{"rendered":"<p>Vereadores Ant\u00f4nio Raimundo SantiAvelino Gon\u00e7alvesJo\u00e3o Vitor da CostaJoel Carlos de AlmeidaJos\u00e9 Maria MendesPaulino Sales AbranchesRicardo Luiz Ferreira de MelloRobson Vaz de LimaSebasti\u00e3o Silvestre da CostaValdomiro Ribeiro Cortez Mesa diretora eleita no primeiro bi\u00eanio da legislatura Presidente: Jo\u00e3o Vitor da CostaVice-presidente: Valdomiro Ribeiro Cortez1\u00ba secret\u00e1rio: Joel Carlos de Almeida2\u00ba secret\u00e1rio: Ricardo Luiz Ferreira de MelloTesoureiro: Paulino [&hellip;]<\/p>\n","protected":false},"author":1,"featured_media":0,"parent":0,"menu_order":0,"comment_status":"closed","ping_status":"closed","template":"","meta":{"footnotes":""},"class_list":["post-6962","page","type-page","status-publish","hentry"],"yoast_head":"<!-- This site is optimized with the Yoast SEO plugin v21.0 - https:\/\/yoast.com\/wordpress\/plugins\/seo\/ -->\n<title>38\u00aa Legislatura, quadri\u00eanio 2009-2012 - C\u00e2mara Municipal de Itajub\u00e1<\/title>\n<meta name=\"robots\" content=\"index, follow, max-snippet:-1, max-image-preview:large, max-video-preview:-1\" \/>\n<link rel=\"canonical\" href=\"https:\/\/itajuba.cam.mg.gov.br\/site\/38a-legislatura-quadrienio-2009-2012\/\" \/>\n<meta property=\"og:locale\" content=\"pt_BR\" \/>\n<meta property=\"og:type\" content=\"article\" \/>\n<meta property=\"og:title\" content=\"38\u00aa Legislatura, quadri\u00eanio 2009-2012 - C\u00e2mara Municipal de Itajub\u00e1\" \/>\n<meta property=\"og:description\" content=\"Vereadores Ant\u00f4nio Raimundo SantiAvelino Gon\u00e7alvesJo\u00e3o Vitor da CostaJoel Carlos de AlmeidaJos\u00e9 Maria MendesPaulino Sales AbranchesRicardo Luiz Ferreira de MelloRobson Vaz de LimaSebasti\u00e3o Silvestre da CostaValdomiro Ribeiro Cortez Mesa diretora eleita no primeiro bi\u00eanio da legislatura Presidente: Jo\u00e3o Vitor da CostaVice-presidente: Valdomiro Ribeiro Cortez1\u00ba secret\u00e1rio: Joel Carlos de Almeida2\u00ba secret\u00e1rio: Ricardo Luiz Ferreira de MelloTesoureiro: Paulino [&hellip;]\" \/>\n<meta property=\"og:url\" content=\"https:\/\/itajuba.cam.mg.gov.br\/site\/38a-legislatura-quadrienio-2009-2012\/\" \/>\n<meta property=\"og:site_name\" content=\"C\u00e2mara Municipal de Itajub\u00e1\" \/>\n<meta property=\"article:publisher\" content=\"https:\/\/www.facebook.com\/camaradeitajubaoficial\" \/>\n<meta property=\"article:modified_time\" content=\"2023-10-10T20:06:24+00:00\" \/>\n<meta name=\"twitter:card\" content=\"summary_large_image\" \/>\n<meta name=\"twitter:label1\" content=\"Est. tempo de leitura\" \/>\n\t<meta name=\"twitter:data1\" content=\"1 minuto\" \/>\n<script type=\"application\/ld+json\" class=\"yoast-schema-graph\">{\"@context\":\"https:\/\/schema.org\",\"@graph\":[{\"@type\":\"WebPage\",\"@id\":\"https:\/\/itajuba.cam.mg.gov.br\/site\/38a-legislatura-quadrienio-2009-2012\/\",\"url\":\"https:\/\/itajuba.cam.mg.gov.br\/site\/38a-legislatura-quadrienio-2009-2012\/\",\"name\":\"38\u00aa Legislatura, quadri\u00eanio 2009-2012 - C\u00e2mara Municipal de Itajub\u00e1\",\"isPartOf\":{\"@id\":\"https:\/\/itajuba.cam.mg.gov.br\/site\/#website\"},\"datePublished\":\"2023-10-10T20:04:45+00:00\",\"dateModified\":\"2023-10-10T20:06:24+00:00\",\"breadcrumb\":{\"@id\":\"https:\/\/itajuba.cam.mg.gov.br\/site\/38a-legislatura-quadrienio-2009-2012\/#breadcrumb\"},\"inLanguage\":\"pt-BR\",\"potentialAction\":[{\"@type\":\"ReadAction\",\"target\":[\"https:\/\/itajuba.cam.mg.gov.br\/site\/38a-legislatura-quadrienio-2009-2012\/\"]}]},{\"@type\":\"BreadcrumbList\",\"@id\":\"https:\/\/itajuba.cam.mg.gov.br\/site\/38a-legislatura-quadrienio-2009-2012\/#breadcrumb\",\"itemListElement\":[{\"@type\":\"ListItem\",\"position\":1,\"name\":\"In\u00edcio\",\"item\":\"https:\/\/itajuba.cam.mg.gov.br\/site\/\"},{\"@type\":\"ListItem\",\"position\":2,\"name\":\"38\u00aa Legislatura, quadri\u00eanio 2009-2012\"}]},{\"@type\":\"WebSite\",\"@id\":\"https:\/\/itajuba.cam.mg.gov.br\/site\/#website\",\"url\":\"https:\/\/itajuba.cam.mg.gov.br\/site\/\",\"name\":\"C\u00e2mara Municipal de Itajub\u00e1\",\"description\":\"Efici\u00eancia e Transpar\u00eancia\",\"publisher\":{\"@id\":\"https:\/\/itajuba.cam.mg.gov.br\/site\/#organization\"},\"potentialAction\":[{\"@type\":\"SearchAction\",\"target\":{\"@type\":\"EntryPoint\",\"urlTemplate\":\"https:\/\/itajuba.cam.mg.gov.br\/site\/?s={search_term_string}\"},\"query-input\":\"required name=search_term_string\"}],\"inLanguage\":\"pt-BR\"},{\"@type\":\"Organization\",\"@id\":\"https:\/\/itajuba.cam.mg.gov.br\/site\/#organization\",\"name\":\"C\u00e2mara Municipal de Itajub\u00e1\",\"url\":\"https:\/\/itajuba.cam.mg.gov.br\/site\/\",\"logo\":{\"@type\":\"ImageObject\",\"inLanguage\":\"pt-BR\",\"@id\":\"https:\/\/itajuba.cam.mg.gov.br\/site\/#\/schema\/logo\/image\/\",\"url\":\"https:\/\/itajuba.cam.mg.gov.br\/site\/wp-content\/uploads\/2023\/09\/logo_camara_2024.png\",\"contentUrl\":\"https:\/\/itajuba.cam.mg.gov.br\/site\/wp-content\/uploads\/2023\/09\/logo_camara_2024.png\",\"width\":1000,\"height\":385,\"caption\":\"C\u00e2mara Municipal de Itajub\u00e1\"},\"image\":{\"@id\":\"https:\/\/itajuba.cam.mg.gov.br\/site\/#\/schema\/logo\/image\/\"},\"sameAs\":[\"https:\/\/www.facebook.com\/camaradeitajubaoficial\",\"https:\/\/www.instagram.com\/camaradeitajubaoficial\/\",\"https:\/\/www.youtube.com\/user\/TVCAMARAITAJUBA\"]}]}<\/script>\n<!-- \/ Yoast SEO plugin. -->","yoast_head_json":{"title":"38\u00aa Legislatura, quadri\u00eanio 2009-2012 - C\u00e2mara Municipal de Itajub\u00e1","robots":{"index":"index","follow":"follow","max-snippet":"max-snippet:-1","max-image-preview":"max-image-preview:large","max-video-preview":"max-video-preview:-1"},"canonical":"https:\/\/itajuba.cam.mg.gov.br\/site\/38a-legislatura-quadrienio-2009-2012\/","og_locale":"pt_BR","og_type":"article","og_title":"38\u00aa Legislatura, quadri\u00eanio 2009-2012 - C\u00e2mara Municipal de Itajub\u00e1","og_description":"Vereadores Ant\u00f4nio Raimundo SantiAvelino Gon\u00e7alvesJo\u00e3o Vitor da CostaJoel Carlos de AlmeidaJos\u00e9 Maria MendesPaulino Sales AbranchesRicardo Luiz Ferreira de MelloRobson Vaz de LimaSebasti\u00e3o Silvestre da CostaValdomiro Ribeiro Cortez Mesa diretora eleita no primeiro bi\u00eanio da legislatura Presidente: Jo\u00e3o Vitor da CostaVice-presidente: Valdomiro Ribeiro Cortez1\u00ba secret\u00e1rio: Joel Carlos de Almeida2\u00ba secret\u00e1rio: Ricardo Luiz Ferreira de MelloTesoureiro: Paulino [&hellip;]","og_url":"https:\/\/itajuba.cam.mg.gov.br\/site\/38a-legislatura-quadrienio-2009-2012\/","og_site_name":"C\u00e2mara Municipal de Itajub\u00e1","article_publisher":"https:\/\/www.facebook.com\/camaradeitajubaoficial","article_modified_time":"2023-10-10T20:06:24+00:00","twitter_card":"summary_large_image","twitter_misc":{"Est. tempo de leitura":"1 minuto"},"schema":{"@context":"https:\/\/schema.org","@graph":[{"@type":"WebPage","@id":"https:\/\/itajuba.cam.mg.gov.br\/site\/38a-legislatura-quadrienio-2009-2012\/","url":"https:\/\/itajuba.cam.mg.gov.br\/site\/38a-legislatura-quadrienio-2009-2012\/","name":"38\u00aa Legislatura, quadri\u00eanio 2009-2012 - C\u00e2mara Municipal de Itajub\u00e1","isPartOf":{"@id":"https:\/\/itajuba.cam.mg.gov.br\/site\/#website"},"datePublished":"2023-10-10T20:04:45+00:00","dateModified":"2023-10-10T20:06:24+00:00","breadcrumb":{"@id":"https:\/\/itajuba.cam.mg.gov.br\/site\/38a-legislatura-quadrienio-2009-2012\/#breadcrumb"},"inLanguage":"pt-BR","potentialAction":[{"@type":"ReadAction","target":["https:\/\/itajuba.cam.mg.gov.br\/site\/38a-legislatura-quadrienio-2009-2012\/"]}]},{"@type":"BreadcrumbList","@id":"https:\/\/itajuba.cam.mg.gov.br\/site\/38a-legislatura-quadrienio-2009-2012\/#breadcrumb","itemListElement":[{"@type":"ListItem","position":1,"name":"In\u00edcio","item":"https:\/\/itajuba.cam.mg.gov.br\/site\/"},{"@type":"ListItem","position":2,"name":"38\u00aa Legislatura, quadri\u00eanio 2009-2012"}]},{"@type":"WebSite","@id":"https:\/\/itajuba.cam.mg.gov.br\/site\/#website","url":"https:\/\/itajuba.cam.mg.gov.br\/site\/","name":"C\u00e2mara Municipal de Itajub\u00e1","description":"Efici\u00eancia e Transpar\u00eancia","publisher":{"@id":"https:\/\/itajuba.cam.mg.gov.br\/site\/#organization"},"potentialAction":[{"@type":"SearchAction","target":{"@type":"EntryPoint","urlTemplate":"https:\/\/itajuba.cam.mg.gov.br\/site\/?s={search_term_string}"},"query-input":"required name=search_term_string"}],"inLanguage":"pt-BR"},{"@type":"Organization","@id":"https:\/\/itajuba.cam.mg.gov.br\/site\/#organization","name":"C\u00e2mara Municipal de Itajub\u00e1","url":"https:\/\/itajuba.cam.mg.gov.br\/site\/","logo":{"@type":"ImageObject","inLanguage":"pt-BR","@id":"https:\/\/itajuba.cam.mg.gov.br\/site\/#\/schema\/logo\/image\/","url":"https:\/\/itajuba.cam.mg.gov.br\/site\/wp-content\/uploads\/2023\/09\/logo_camara_2024.png","contentUrl":"https:\/\/itajuba.cam.mg.gov.br\/site\/wp-content\/uploads\/2023\/09\/logo_camara_2024.png","width":1000,"height":385,"caption":"C\u00e2mara Municipal de Itajub\u00e1"},"image":{"@id":"https:\/\/itajuba.cam.mg.gov.br\/site\/#\/schema\/logo\/image\/"},"sameAs":["https:\/\/www.facebook.com\/camaradeitajubaoficial","https:\/\/www.instagram.com\/camaradeitajubaoficial\/","https:\/\/www.youtube.com\/user\/TVCAMARAITAJUBA"]}]}},"_links":{"self":[{"href":"https:\/\/itajuba.cam.mg.gov.br\/site\/wp-json\/wp\/v2\/pages\/6962","targetHints":{"allow":["GET"]}}],"collection":[{"href":"https:\/\/itajuba.cam.mg.gov.br\/site\/wp-json\/wp\/v2\/pages"}],"about":[{"href":"https:\/\/itajuba.cam.mg.gov.br\/site\/wp-json\/wp\/v2\/types\/page"}],"author":[{"embeddable":true,"href":"https:\/\/itajuba.cam.mg.gov.br\/site\/wp-json\/wp\/v2\/users\/1"}],"replies":[{"embeddable":true,"href":"https:\/\/itajuba.cam.mg.gov.br\/site\/wp-json\/wp\/v2\/comments?post=6962"}],"version-history":[{"count":4,"href":"https:\/\/itajuba.cam.mg.gov.br\/site\/wp-json\/wp\/v2\/pages\/6962\/revisions"}],"predecessor-version":[{"id":6967,"href":"https:\/\/itajuba.cam.mg.gov.br\/site\/wp-json\/wp\/v2\/pages\/6962\/revisions\/6967"}],"wp:attachment":[{"href":"https:\/\/itajuba.cam.mg.gov.br\/site\/wp-json\/wp\/v2\/media?parent=6962"}],"curies":[{"name":"wp","href":"https:\/\/api.w.org\/{rel}","templated":true}]}}