{"id":6971,"date":"2023-10-10T20:10:09","date_gmt":"2023-10-10T20:10:09","guid":{"rendered":"https:\/\/itajuba.cam.mg.gov.br\/site\/?page_id=6971"},"modified":"2023-11-10T16:58:16","modified_gmt":"2023-11-10T16:58:16","slug":"40a-legislatura-quadrienio-2017-2020","status":"publish","type":"page","link":"https:\/\/itajuba.cam.mg.gov.br\/site\/40a-legislatura-quadrienio-2017-2020\/","title":{"rendered":"40\u00aa Legislatura, quadri\u00eanio 2017-2020"},"content":{"rendered":"\t\t<div data-elementor-type=\"wp-page\" data-elementor-id=\"6971\" class=\"elementor elementor-6971\" data-elementor-post-type=\"page\">\n\t\t\t\t\t\t\t\t\t<section class=\"elementor-section elementor-top-section elementor-element elementor-element-4eb5b62b elementor-section-boxed elementor-section-height-default elementor-section-height-default\" data-id=\"4eb5b62b\" data-element_type=\"section\">\n\t\t\t\t\t\t<div class=\"elementor-container elementor-column-gap-default\">\n\t\t\t\t\t<div class=\"elementor-column elementor-col-100 elementor-top-column elementor-element elementor-element-4a7c93f\" data-id=\"4a7c93f\" data-element_type=\"column\">\n\t\t\t<div class=\"elementor-widget-wrap elementor-element-populated\">\n\t\t\t\t\t\t\t\t<div class=\"elementor-element elementor-element-758db23 elementor-widget elementor-widget-heading\" data-id=\"758db23\" data-element_type=\"widget\" data-widget_type=\"heading.default\">\n\t\t\t\t<div class=\"elementor-widget-container\">\n\t\t\t<style>\/*! elementor - v3.16.0 - 13-09-2023 *\/\n.elementor-heading-title{padding:0;margin:0;line-height:1}.elementor-widget-heading .elementor-heading-title[class*=elementor-size-]>a{color:inherit;font-size:inherit;line-height:inherit}.elementor-widget-heading .elementor-heading-title.elementor-size-small{font-size:15px}.elementor-widget-heading .elementor-heading-title.elementor-size-medium{font-size:19px}.elementor-widget-heading .elementor-heading-title.elementor-size-large{font-size:29px}.elementor-widget-heading .elementor-heading-title.elementor-size-xl{font-size:39px}.elementor-widget-heading .elementor-heading-title.elementor-size-xxl{font-size:59px}<\/style><h4 class=\"elementor-heading-title elementor-size-default\">Vereadores<\/h4>\t\t<\/div>\n\t\t\t\t<\/div>\n\t\t\t\t<div class=\"elementor-element elementor-element-4eb918e0 elementor-widget elementor-widget-text-editor\" data-id=\"4eb918e0\" data-element_type=\"widget\" data-widget_type=\"text-editor.default\">\n\t\t\t\t<div class=\"elementor-widget-container\">\n\t\t\t<style>\/*! elementor - v3.16.0 - 13-09-2023 *\/\n.elementor-widget-text-editor.elementor-drop-cap-view-stacked .elementor-drop-cap{background-color:#69727d;color:#fff}.elementor-widget-text-editor.elementor-drop-cap-view-framed .elementor-drop-cap{color:#69727d;border:3px solid;background-color:transparent}.elementor-widget-text-editor:not(.elementor-drop-cap-view-default) .elementor-drop-cap{margin-top:8px}.elementor-widget-text-editor:not(.elementor-drop-cap-view-default) .elementor-drop-cap-letter{width:1em;height:1em}.elementor-widget-text-editor .elementor-drop-cap{float:left;text-align:center;line-height:1;font-size:50px}.elementor-widget-text-editor .elementor-drop-cap-letter{display:inline-block}<\/style>\t\t\t\t<p>Ant\u00f4nio Raimundo Santi<br \/>Carlos Eduardo Corr\u00eaa Molina<br \/>Cl\u00e9ber David\u00a0 (dezembro de 2017 \u00e0 dezembro de\u00a0 2020)\u00a0 \u00a0<br \/>Fabr\u00edcio Oliveira Machado<br \/>Joel Carlos de Almeida<br \/>Jorge Andrade<br \/>Jos\u00e9 Francisco Marques Ribeiro (janeiro \u00e0 novembro de 2017)<br \/>Jos\u00e9 Maria Silva<br \/>Jos\u00e9 Roberto Floriano<br \/>Jos\u00e9 Vladimir dos Santos<br \/>Kener Augusto Maia<br \/>Marcelo Krauss Rezende<br \/>M\u00f4nica Cristina Vieira Chaves<br \/>Renato Nascimento de Moraes<br \/>Ricardo da Fonseca Tames Zambrana<br \/>Rodrigo Sampaio Melo<br \/>Sebasti\u00e3o Silvestre da Costa<br \/>Wilson Batista Paiva<\/p>\t\t\t\t\t\t<\/div>\n\t\t\t\t<\/div>\n\t\t\t\t<div class=\"elementor-element elementor-element-71398d61 elementor-widget elementor-widget-heading\" data-id=\"71398d61\" data-element_type=\"widget\" data-widget_type=\"heading.default\">\n\t\t\t\t<div class=\"elementor-widget-container\">\n\t\t\t<h4 class=\"elementor-heading-title elementor-size-default\"><span style=\"font-size: 1.5rem;\">Mesa diretora eleita no segundo bi\u00eanio da legislatura<\/span><\/h4>\t\t<\/div>\n\t\t\t\t<\/div>\n\t\t\t\t<div class=\"elementor-element elementor-element-727302d1 elementor-widget elementor-widget-text-editor\" data-id=\"727302d1\" data-element_type=\"widget\" data-widget_type=\"text-editor.default\">\n\t\t\t\t<div class=\"elementor-widget-container\">\n\t\t\t\t\t\t\t<p>Presidente: Sebasti\u00e3o Silvestre da Costa<br \/>1\u00ba vice-presidente: Carlos Eduardo Corr\u00eaa Molina<br \/>2\u00ba vice-presidente: Kener Augusto Maia<br \/>1\u00ba secret\u00e1rio: Renato Nascimento de Moraes<br \/>2\u00ba secret\u00e1rio: Jos\u00e9 Maria Silva<\/p><p>Prefeito: Rodrigo Imar Martinez Ri\u00eara<br \/>Vice-prefeito: Christian Gon\u00e7alves e Silva<\/p>\t\t\t\t\t\t<\/div>\n\t\t\t\t<\/div>\n\t\t\t\t<div class=\"elementor-element elementor-element-21be657e elementor-widget elementor-widget-text-editor\" data-id=\"21be657e\" data-element_type=\"widget\" data-widget_type=\"text-editor.default\">\n\t\t\t\t<div class=\"elementor-widget-container\">\n\t\t\t\t\t\t\t\t\t\t\t\t\t<\/div>\n\t\t\t\t<\/div>\n\t\t\t\t<div class=\"elementor-element elementor-element-72331be9 elementor-widget elementor-widget-button\" data-id=\"72331be9\" data-element_type=\"widget\" data-widget_type=\"button.default\">\n\t\t\t\t<div class=\"elementor-widget-container\">\n\t\t\t\t\t<div class=\"elementor-button-wrapper\">\n\t\t\t<a class=\"elementor-button elementor-button-link elementor-size-sm elementor-animation-shrink\" href=\"https:\/\/itajuba.cam.mg.gov.br\/site\/historico-de-legislaturas\/\">\n\t\t\t\t\t\t<span class=\"elementor-button-content-wrapper\">\n\t\t\t\t\t\t<span class=\"elementor-button-text\">Clique aqui retornar a p\u00e1gina de Hist\u00f3rico de Legislaturas<\/span>\n\t\t<\/span>\n\t\t\t\t\t<\/a>\n\t\t<\/div>\n\t\t\t\t<\/div>\n\t\t\t\t<\/div>\n\t\t\t\t\t<\/div>\n\t\t<\/div>\n\t\t\t\t\t\t\t<\/div>\n\t\t<\/section>\n\t\t\t\t\t\t\t<\/div>\n\t\t","protected":false},"excerpt":{"rendered":"<p>Vereadores Ant\u00f4nio Raimundo SantiCarlos Eduardo Corr\u00eaa MolinaCl\u00e9ber David\u00a0 (dezembro de 2017 \u00e0 dezembro de\u00a0 2020)\u00a0 \u00a0Fabr\u00edcio Oliveira MachadoJoel Carlos de AlmeidaJorge AndradeJos\u00e9 Francisco Marques Ribeiro (janeiro \u00e0 novembro de 2017)Jos\u00e9 Maria SilvaJos\u00e9 Roberto FlorianoJos\u00e9 Vladimir dos SantosKener Augusto MaiaMarcelo Krauss RezendeM\u00f4nica Cristina Vieira ChavesRenato Nascimento de MoraesRicardo da Fonseca Tames ZambranaRodrigo Sampaio MeloSebasti\u00e3o Silvestre da [&hellip;]<\/p>\n","protected":false},"author":1,"featured_media":0,"parent":0,"menu_order":0,"comment_status":"closed","ping_status":"closed","template":"","meta":{"footnotes":""},"class_list":["post-6971","page","type-page","status-publish","hentry"],"yoast_head":"<!-- This site is optimized with the Yoast SEO plugin v21.0 - https:\/\/yoast.com\/wordpress\/plugins\/seo\/ -->\n<title>40\u00aa Legislatura, quadri\u00eanio 2017-2020 - C\u00e2mara Municipal de Itajub\u00e1<\/title>\n<meta name=\"robots\" content=\"index, follow, max-snippet:-1, max-image-preview:large, max-video-preview:-1\" \/>\n<link rel=\"canonical\" href=\"https:\/\/itajuba.cam.mg.gov.br\/site\/40a-legislatura-quadrienio-2017-2020\/\" \/>\n<meta property=\"og:locale\" content=\"pt_BR\" \/>\n<meta property=\"og:type\" content=\"article\" \/>\n<meta property=\"og:title\" content=\"40\u00aa Legislatura, quadri\u00eanio 2017-2020 - C\u00e2mara Municipal de Itajub\u00e1\" \/>\n<meta property=\"og:description\" content=\"Vereadores Ant\u00f4nio Raimundo SantiCarlos Eduardo Corr\u00eaa MolinaCl\u00e9ber David\u00a0 (dezembro de 2017 \u00e0 dezembro de\u00a0 2020)\u00a0 \u00a0Fabr\u00edcio Oliveira MachadoJoel Carlos de AlmeidaJorge AndradeJos\u00e9 Francisco Marques Ribeiro (janeiro \u00e0 novembro de 2017)Jos\u00e9 Maria SilvaJos\u00e9 Roberto FlorianoJos\u00e9 Vladimir dos SantosKener Augusto MaiaMarcelo Krauss RezendeM\u00f4nica Cristina Vieira ChavesRenato Nascimento de MoraesRicardo da Fonseca Tames ZambranaRodrigo Sampaio MeloSebasti\u00e3o Silvestre da [&hellip;]\" \/>\n<meta property=\"og:url\" content=\"https:\/\/itajuba.cam.mg.gov.br\/site\/40a-legislatura-quadrienio-2017-2020\/\" \/>\n<meta property=\"og:site_name\" content=\"C\u00e2mara Municipal de Itajub\u00e1\" \/>\n<meta property=\"article:publisher\" content=\"https:\/\/www.facebook.com\/camaradeitajubaoficial\" \/>\n<meta property=\"article:modified_time\" content=\"2023-11-10T16:58:16+00:00\" \/>\n<meta name=\"twitter:card\" content=\"summary_large_image\" \/>\n<meta name=\"twitter:label1\" content=\"Est. tempo de leitura\" \/>\n\t<meta name=\"twitter:data1\" content=\"1 minuto\" \/>\n<script type=\"application\/ld+json\" class=\"yoast-schema-graph\">{\"@context\":\"https:\/\/schema.org\",\"@graph\":[{\"@type\":\"WebPage\",\"@id\":\"https:\/\/itajuba.cam.mg.gov.br\/site\/40a-legislatura-quadrienio-2017-2020\/\",\"url\":\"https:\/\/itajuba.cam.mg.gov.br\/site\/40a-legislatura-quadrienio-2017-2020\/\",\"name\":\"40\u00aa Legislatura, quadri\u00eanio 2017-2020 - C\u00e2mara Municipal de Itajub\u00e1\",\"isPartOf\":{\"@id\":\"https:\/\/itajuba.cam.mg.gov.br\/site\/#website\"},\"datePublished\":\"2023-10-10T20:10:09+00:00\",\"dateModified\":\"2023-11-10T16:58:16+00:00\",\"breadcrumb\":{\"@id\":\"https:\/\/itajuba.cam.mg.gov.br\/site\/40a-legislatura-quadrienio-2017-2020\/#breadcrumb\"},\"inLanguage\":\"pt-BR\",\"potentialAction\":[{\"@type\":\"ReadAction\",\"target\":[\"https:\/\/itajuba.cam.mg.gov.br\/site\/40a-legislatura-quadrienio-2017-2020\/\"]}]},{\"@type\":\"BreadcrumbList\",\"@id\":\"https:\/\/itajuba.cam.mg.gov.br\/site\/40a-legislatura-quadrienio-2017-2020\/#breadcrumb\",\"itemListElement\":[{\"@type\":\"ListItem\",\"position\":1,\"name\":\"In\u00edcio\",\"item\":\"https:\/\/itajuba.cam.mg.gov.br\/site\/\"},{\"@type\":\"ListItem\",\"position\":2,\"name\":\"40\u00aa Legislatura, quadri\u00eanio 2017-2020\"}]},{\"@type\":\"WebSite\",\"@id\":\"https:\/\/itajuba.cam.mg.gov.br\/site\/#website\",\"url\":\"https:\/\/itajuba.cam.mg.gov.br\/site\/\",\"name\":\"C\u00e2mara Municipal de Itajub\u00e1\",\"description\":\"Efici\u00eancia e Transpar\u00eancia\",\"publisher\":{\"@id\":\"https:\/\/itajuba.cam.mg.gov.br\/site\/#organization\"},\"potentialAction\":[{\"@type\":\"SearchAction\",\"target\":{\"@type\":\"EntryPoint\",\"urlTemplate\":\"https:\/\/itajuba.cam.mg.gov.br\/site\/?s={search_term_string}\"},\"query-input\":\"required name=search_term_string\"}],\"inLanguage\":\"pt-BR\"},{\"@type\":\"Organization\",\"@id\":\"https:\/\/itajuba.cam.mg.gov.br\/site\/#organization\",\"name\":\"C\u00e2mara Municipal de Itajub\u00e1\",\"url\":\"https:\/\/itajuba.cam.mg.gov.br\/site\/\",\"logo\":{\"@type\":\"ImageObject\",\"inLanguage\":\"pt-BR\",\"@id\":\"https:\/\/itajuba.cam.mg.gov.br\/site\/#\/schema\/logo\/image\/\",\"url\":\"https:\/\/itajuba.cam.mg.gov.br\/site\/wp-content\/uploads\/2023\/09\/logo_camara_2024.png\",\"contentUrl\":\"https:\/\/itajuba.cam.mg.gov.br\/site\/wp-content\/uploads\/2023\/09\/logo_camara_2024.png\",\"width\":1000,\"height\":385,\"caption\":\"C\u00e2mara Municipal de Itajub\u00e1\"},\"image\":{\"@id\":\"https:\/\/itajuba.cam.mg.gov.br\/site\/#\/schema\/logo\/image\/\"},\"sameAs\":[\"https:\/\/www.facebook.com\/camaradeitajubaoficial\",\"https:\/\/www.instagram.com\/camaradeitajubaoficial\/\",\"https:\/\/www.youtube.com\/user\/TVCAMARAITAJUBA\"]}]}<\/script>\n<!-- \/ Yoast SEO plugin. -->","yoast_head_json":{"title":"40\u00aa Legislatura, quadri\u00eanio 2017-2020 - C\u00e2mara Municipal de Itajub\u00e1","robots":{"index":"index","follow":"follow","max-snippet":"max-snippet:-1","max-image-preview":"max-image-preview:large","max-video-preview":"max-video-preview:-1"},"canonical":"https:\/\/itajuba.cam.mg.gov.br\/site\/40a-legislatura-quadrienio-2017-2020\/","og_locale":"pt_BR","og_type":"article","og_title":"40\u00aa Legislatura, quadri\u00eanio 2017-2020 - C\u00e2mara Municipal de Itajub\u00e1","og_description":"Vereadores Ant\u00f4nio Raimundo SantiCarlos Eduardo Corr\u00eaa MolinaCl\u00e9ber David\u00a0 (dezembro de 2017 \u00e0 dezembro de\u00a0 2020)\u00a0 \u00a0Fabr\u00edcio Oliveira MachadoJoel Carlos de AlmeidaJorge AndradeJos\u00e9 Francisco Marques Ribeiro (janeiro \u00e0 novembro de 2017)Jos\u00e9 Maria SilvaJos\u00e9 Roberto FlorianoJos\u00e9 Vladimir dos SantosKener Augusto MaiaMarcelo Krauss RezendeM\u00f4nica Cristina Vieira ChavesRenato Nascimento de MoraesRicardo da Fonseca Tames ZambranaRodrigo Sampaio MeloSebasti\u00e3o Silvestre da [&hellip;]","og_url":"https:\/\/itajuba.cam.mg.gov.br\/site\/40a-legislatura-quadrienio-2017-2020\/","og_site_name":"C\u00e2mara Municipal de Itajub\u00e1","article_publisher":"https:\/\/www.facebook.com\/camaradeitajubaoficial","article_modified_time":"2023-11-10T16:58:16+00:00","twitter_card":"summary_large_image","twitter_misc":{"Est. tempo de leitura":"1 minuto"},"schema":{"@context":"https:\/\/schema.org","@graph":[{"@type":"WebPage","@id":"https:\/\/itajuba.cam.mg.gov.br\/site\/40a-legislatura-quadrienio-2017-2020\/","url":"https:\/\/itajuba.cam.mg.gov.br\/site\/40a-legislatura-quadrienio-2017-2020\/","name":"40\u00aa Legislatura, quadri\u00eanio 2017-2020 - C\u00e2mara Municipal de Itajub\u00e1","isPartOf":{"@id":"https:\/\/itajuba.cam.mg.gov.br\/site\/#website"},"datePublished":"2023-10-10T20:10:09+00:00","dateModified":"2023-11-10T16:58:16+00:00","breadcrumb":{"@id":"https:\/\/itajuba.cam.mg.gov.br\/site\/40a-legislatura-quadrienio-2017-2020\/#breadcrumb"},"inLanguage":"pt-BR","potentialAction":[{"@type":"ReadAction","target":["https:\/\/itajuba.cam.mg.gov.br\/site\/40a-legislatura-quadrienio-2017-2020\/"]}]},{"@type":"BreadcrumbList","@id":"https:\/\/itajuba.cam.mg.gov.br\/site\/40a-legislatura-quadrienio-2017-2020\/#breadcrumb","itemListElement":[{"@type":"ListItem","position":1,"name":"In\u00edcio","item":"https:\/\/itajuba.cam.mg.gov.br\/site\/"},{"@type":"ListItem","position":2,"name":"40\u00aa Legislatura, quadri\u00eanio 2017-2020"}]},{"@type":"WebSite","@id":"https:\/\/itajuba.cam.mg.gov.br\/site\/#website","url":"https:\/\/itajuba.cam.mg.gov.br\/site\/","name":"C\u00e2mara Municipal de Itajub\u00e1","description":"Efici\u00eancia e Transpar\u00eancia","publisher":{"@id":"https:\/\/itajuba.cam.mg.gov.br\/site\/#organization"},"potentialAction":[{"@type":"SearchAction","target":{"@type":"EntryPoint","urlTemplate":"https:\/\/itajuba.cam.mg.gov.br\/site\/?s={search_term_string}"},"query-input":"required name=search_term_string"}],"inLanguage":"pt-BR"},{"@type":"Organization","@id":"https:\/\/itajuba.cam.mg.gov.br\/site\/#organization","name":"C\u00e2mara Municipal de Itajub\u00e1","url":"https:\/\/itajuba.cam.mg.gov.br\/site\/","logo":{"@type":"ImageObject","inLanguage":"pt-BR","@id":"https:\/\/itajuba.cam.mg.gov.br\/site\/#\/schema\/logo\/image\/","url":"https:\/\/itajuba.cam.mg.gov.br\/site\/wp-content\/uploads\/2023\/09\/logo_camara_2024.png","contentUrl":"https:\/\/itajuba.cam.mg.gov.br\/site\/wp-content\/uploads\/2023\/09\/logo_camara_2024.png","width":1000,"height":385,"caption":"C\u00e2mara Municipal de Itajub\u00e1"},"image":{"@id":"https:\/\/itajuba.cam.mg.gov.br\/site\/#\/schema\/logo\/image\/"},"sameAs":["https:\/\/www.facebook.com\/camaradeitajubaoficial","https:\/\/www.instagram.com\/camaradeitajubaoficial\/","https:\/\/www.youtube.com\/user\/TVCAMARAITAJUBA"]}]}},"_links":{"self":[{"href":"https:\/\/itajuba.cam.mg.gov.br\/site\/wp-json\/wp\/v2\/pages\/6971","targetHints":{"allow":["GET"]}}],"collection":[{"href":"https:\/\/itajuba.cam.mg.gov.br\/site\/wp-json\/wp\/v2\/pages"}],"about":[{"href":"https:\/\/itajuba.cam.mg.gov.br\/site\/wp-json\/wp\/v2\/types\/page"}],"author":[{"embeddable":true,"href":"https:\/\/itajuba.cam.mg.gov.br\/site\/wp-json\/wp\/v2\/users\/1"}],"replies":[{"embeddable":true,"href":"https:\/\/itajuba.cam.mg.gov.br\/site\/wp-json\/wp\/v2\/comments?post=6971"}],"version-history":[{"count":7,"href":"https:\/\/itajuba.cam.mg.gov.br\/site\/wp-json\/wp\/v2\/pages\/6971\/revisions"}],"predecessor-version":[{"id":8215,"href":"https:\/\/itajuba.cam.mg.gov.br\/site\/wp-json\/wp\/v2\/pages\/6971\/revisions\/8215"}],"wp:attachment":[{"href":"https:\/\/itajuba.cam.mg.gov.br\/site\/wp-json\/wp\/v2\/media?parent=6971"}],"curies":[{"name":"wp","href":"https:\/\/api.w.org\/{rel}","templated":true}]}}