{"id":7473,"date":"2023-10-23T00:46:51","date_gmt":"2023-10-23T00:46:51","guid":{"rendered":"https:\/\/itajuba.cam.mg.gov.br\/site\/?page_id=7473"},"modified":"2023-10-23T00:47:40","modified_gmt":"2023-10-23T00:47:40","slug":"escola-do-legislativo-eixos-tematicos","status":"publish","type":"page","link":"https:\/\/itajuba.cam.mg.gov.br\/site\/escola-do-legislativo\/escola-do-legislativo-eixos-tematicos\/","title":{"rendered":"Escola do Legislativo &#8211; Eixos Tem\u00e1ticos"},"content":{"rendered":"\t\t<div data-elementor-type=\"wp-page\" data-elementor-id=\"7473\" class=\"elementor elementor-7473\" data-elementor-post-type=\"page\">\n\t\t\t\t\t\t\t\t\t<section class=\"elementor-section elementor-top-section elementor-element elementor-element-7173284 elementor-section-boxed elementor-section-height-default elementor-section-height-default\" data-id=\"7173284\" data-element_type=\"section\">\n\t\t\t\t\t\t<div class=\"elementor-container elementor-column-gap-default\">\n\t\t\t\t\t<div class=\"elementor-column elementor-col-100 elementor-top-column elementor-element elementor-element-be71d02\" data-id=\"be71d02\" data-element_type=\"column\">\n\t\t\t<div class=\"elementor-widget-wrap elementor-element-populated\">\n\t\t\t\t\t\t\t\t<div class=\"elementor-element elementor-element-f86329a elementor-nav-menu__align-center elementor-nav-menu--dropdown-tablet elementor-nav-menu__text-align-aside elementor-nav-menu--toggle elementor-nav-menu--burger elementor-widget elementor-widget-global elementor-global-7460 elementor-widget-nav-menu\" data-id=\"f86329a\" data-element_type=\"widget\" data-settings=\"{&quot;layout&quot;:&quot;horizontal&quot;,&quot;submenu_icon&quot;:{&quot;value&quot;:&quot;fas fa-caret-down&quot;,&quot;library&quot;:&quot;fa-solid&quot;},&quot;toggle&quot;:&quot;burger&quot;}\" data-widget_type=\"nav-menu.default\">\n\t\t\t\t<div class=\"elementor-widget-container\">\n\t\t\t<link rel=\"stylesheet\" href=\"https:\/\/itajuba.cam.mg.gov.br\/site\/wp-content\/plugins\/elementor-pro\/assets\/css\/widget-nav-menu.min.css\">\t\t\t<nav class=\"elementor-nav-menu--main elementor-nav-menu__container elementor-nav-menu--layout-horizontal e--pointer-underline e--animation-fade\">\n\t\t\t\t<ul id=\"menu-1-f86329a\" class=\"elementor-nav-menu\"><li class=\"menu-item menu-item-type-custom menu-item-object-custom menu-item-7451\"><a href=\"https:\/\/itajuba.cam.mg.gov.br\/site\/escola-do-legislativo\/\" class=\"elementor-item\">A Escola<\/a><\/li>\n<li class=\"menu-item menu-item-type-custom menu-item-object-custom menu-item-7452\"><a href=\"https:\/\/itajuba.cam.mg.gov.br\/site\/escola-do-legislativo\/escola-do-legislativo-legislacao\/\" class=\"elementor-item\">Legisla\u00e7\u00e3o<\/a><\/li>\n<li class=\"menu-item menu-item-type-custom menu-item-object-custom menu-item-7453\"><a href=\"https:\/\/itajuba.cam.mg.gov.br\/site\/escola-do-legislativo\/escola-do-legislativo-eixos-tematicos\/\" class=\"elementor-item\">Eixos Tem\u00e1ticos<\/a><\/li>\n<li class=\"menu-item menu-item-type-custom menu-item-object-custom menu-item-7454\"><a href=\"https:\/\/itajuba.cam.mg.gov.br\/site\/escola-do-legislativo\/escola-do-legislativo-equipe\/\" class=\"elementor-item\">Equipe<\/a><\/li>\n<li class=\"menu-item menu-item-type-custom menu-item-object-custom menu-item-7455\"><a href=\"https:\/\/itajuba.cam.mg.gov.br\/site\/projetos-escola-do-legislativo\/\" class=\"elementor-item\">Projetos<\/a><\/li>\n<li class=\"menu-item menu-item-type-custom menu-item-object-custom menu-item-7456\"><a href=\"https:\/\/itajuba.cam.mg.gov.br\/site\/escola-do-legislativo\/escola-do-legislativo-contato\/\" class=\"elementor-item\">Contatos<\/a><\/li>\n<\/ul>\t\t\t<\/nav>\n\t\t\t\t\t<div class=\"elementor-menu-toggle\" role=\"button\" tabindex=\"0\" aria-label=\"Alternar menu\" aria-expanded=\"false\">\n\t\t\t<i aria-hidden=\"true\" role=\"presentation\" class=\"elementor-menu-toggle__icon--open eicon-menu-bar\"><\/i><i aria-hidden=\"true\" role=\"presentation\" class=\"elementor-menu-toggle__icon--close eicon-close\"><\/i>\t\t\t<span class=\"elementor-screen-only\">Menu<\/span>\n\t\t<\/div>\n\t\t\t\t\t<nav class=\"elementor-nav-menu--dropdown elementor-nav-menu__container\" aria-hidden=\"true\">\n\t\t\t\t<ul id=\"menu-2-f86329a\" class=\"elementor-nav-menu\"><li class=\"menu-item menu-item-type-custom menu-item-object-custom menu-item-7451\"><a href=\"https:\/\/itajuba.cam.mg.gov.br\/site\/escola-do-legislativo\/\" class=\"elementor-item\" tabindex=\"-1\">A Escola<\/a><\/li>\n<li class=\"menu-item menu-item-type-custom menu-item-object-custom menu-item-7452\"><a href=\"https:\/\/itajuba.cam.mg.gov.br\/site\/escola-do-legislativo\/escola-do-legislativo-legislacao\/\" class=\"elementor-item\" tabindex=\"-1\">Legisla\u00e7\u00e3o<\/a><\/li>\n<li class=\"menu-item menu-item-type-custom menu-item-object-custom menu-item-7453\"><a href=\"https:\/\/itajuba.cam.mg.gov.br\/site\/escola-do-legislativo\/escola-do-legislativo-eixos-tematicos\/\" class=\"elementor-item\" tabindex=\"-1\">Eixos Tem\u00e1ticos<\/a><\/li>\n<li class=\"menu-item menu-item-type-custom menu-item-object-custom menu-item-7454\"><a href=\"https:\/\/itajuba.cam.mg.gov.br\/site\/escola-do-legislativo\/escola-do-legislativo-equipe\/\" class=\"elementor-item\" tabindex=\"-1\">Equipe<\/a><\/li>\n<li class=\"menu-item menu-item-type-custom menu-item-object-custom menu-item-7455\"><a href=\"https:\/\/itajuba.cam.mg.gov.br\/site\/projetos-escola-do-legislativo\/\" class=\"elementor-item\" tabindex=\"-1\">Projetos<\/a><\/li>\n<li class=\"menu-item menu-item-type-custom menu-item-object-custom menu-item-7456\"><a href=\"https:\/\/itajuba.cam.mg.gov.br\/site\/escola-do-legislativo\/escola-do-legislativo-contato\/\" class=\"elementor-item\" tabindex=\"-1\">Contatos<\/a><\/li>\n<\/ul>\t\t\t<\/nav>\n\t\t\t\t<\/div>\n\t\t\t\t<\/div>\n\t\t\t\t\t<\/div>\n\t\t<\/div>\n\t\t\t\t\t\t\t<\/div>\n\t\t<\/section>\n\t\t\t\t<section class=\"elementor-section elementor-top-section elementor-element elementor-element-89f5791 elementor-section-boxed elementor-section-height-default elementor-section-height-default\" data-id=\"89f5791\" data-element_type=\"section\">\n\t\t\t\t\t\t<div class=\"elementor-container elementor-column-gap-default\">\n\t\t\t\t\t<div class=\"elementor-column elementor-col-100 elementor-top-column elementor-element elementor-element-fc0a6f1\" data-id=\"fc0a6f1\" data-element_type=\"column\">\n\t\t\t<div class=\"elementor-widget-wrap elementor-element-populated\">\n\t\t\t\t\t\t\t\t<div class=\"elementor-element elementor-element-cf5c1dc elementor-widget elementor-widget-text-editor\" data-id=\"cf5c1dc\" data-element_type=\"widget\" data-widget_type=\"text-editor.default\">\n\t\t\t\t<div class=\"elementor-widget-container\">\n\t\t\t<style>\/*! elementor - v3.16.0 - 13-09-2023 *\/\n.elementor-widget-text-editor.elementor-drop-cap-view-stacked .elementor-drop-cap{background-color:#69727d;color:#fff}.elementor-widget-text-editor.elementor-drop-cap-view-framed .elementor-drop-cap{color:#69727d;border:3px solid;background-color:transparent}.elementor-widget-text-editor:not(.elementor-drop-cap-view-default) .elementor-drop-cap{margin-top:8px}.elementor-widget-text-editor:not(.elementor-drop-cap-view-default) .elementor-drop-cap-letter{width:1em;height:1em}.elementor-widget-text-editor .elementor-drop-cap{float:left;text-align:center;line-height:1;font-size:50px}.elementor-widget-text-editor .elementor-drop-cap-letter{display:inline-block}<\/style>\t\t\t\t<p>A atua\u00e7\u00e3o da Escola do Legislativo Professora Era\u00eddes Rabelo, se desenvolve por meio dos seguintes eixos tem\u00e1ticos:<\/p><p><strong>I \u2013 Na \u00e1rea de ensino e pesquisa:<\/strong><br \/>a \u2013 Programa de Atualiza\u00e7\u00e3o Parlamentar<\/p><p>b \u2013 Programa de Capacita\u00e7\u00e3o dos Servidores<\/p><p>c \u2013 Programa de Interc\u00e2mbio e Coopera\u00e7\u00e3o T\u00e9cnica<\/p><p><strong>II \u2013 Na \u00e1rea da cidadania:<\/strong><br \/>a \u2013 Programa C\u00e2mara Mirim, aberto a participa\u00e7\u00e3o de estudantes do ensino fundamental, eleitos pela comunidade estudantil, para o desenvolvimento da consci\u00eancia pol\u00edtica e participativa da sociedade, apostando na educa\u00e7\u00e3o cidad\u00e3;<\/p><p>b \u2013 Programa Parlamento Jovem, aberto aos estudantes do ensino m\u00e9dio e universit\u00e1rio, com o objetivo de promover uma reflex\u00e3o sobre o papel do cidad\u00e3o no contexto do Parlamento, de contribuir para a constru\u00e7\u00e3o de uma vis\u00e3o sist\u00eamica da sociedade, de modo a possibilitar o diagn\u00f3stico de demandas da popula\u00e7\u00e3o e a busca de solu\u00e7\u00f5es, por meio de pesquisas, estudos e de apresenta\u00e7\u00e3o de propostas ao Poder P\u00fablico;<\/p><p>c \u2013 Programa \u201cEscola Vai a C\u00e2mara\u201d, aberto aos estudantes de todos os n\u00edveis para realiza\u00e7\u00e3o de visita orientada, com o objetivo de promover a intera\u00e7\u00e3o entre a C\u00e2mara Municipal e as escolas, permitindo ao estudante compreender o papel do Legislativo Municipal no contexto social em que vive.<\/p><p>d \u2013 Programa C\u00e2mara Jovem. Institu\u00eddo pela Resolu\u00e7\u00e3o 1.023, a C\u00e2mara Jovem \u00e9 um programa onde estudantes do 1\u00ba e 2\u00ba ano do ensino m\u00e9dio possuem a oportunidade de exercer a atividade de um Vereador, simulando os trabalhos do Poder Legislativo municipal. Na C\u00e2mara Jovem os jovens ocupam 11 cadeiras, mesma quantidade dos vereadores, e exercem a fun\u00e7\u00e3o de Vereador Jovem, reunindo-se durante 4 meses em Sess\u00f5es semanais, nas quais s\u00e3o discutidos Projetos de Lei de autoria dos pr\u00f3prios jovens e entregues, caso aprovados, ao Presidente da C\u00e2mara Municipal de Itajub\u00e1 e ao chefe do Poder Executivo Municipal como forma de sugest\u00e3o \u00e0 aplicar\u00a0no\u00a0munic\u00edpio.<\/p><p><strong>III \u2013 Na \u00e1rea de eventos:<\/strong><br \/>a \u2013 Ciclo de Debates<\/p><p>b \u2013 Audi\u00eancias P\u00fablicas<\/p><p>c \u2013 F\u00f3runs T\u00e9cnicos<\/p><p>d \u2013 Semin\u00e1rios Legislativos<\/p>\t\t\t\t\t\t<\/div>\n\t\t\t\t<\/div>\n\t\t\t\t\t<\/div>\n\t\t<\/div>\n\t\t\t\t\t\t\t<\/div>\n\t\t<\/section>\n\t\t\t\t\t\t\t<\/div>\n\t\t","protected":false},"excerpt":{"rendered":"<p>A atua\u00e7\u00e3o da Escola do Legislativo Professora Era\u00eddes Rabelo, se desenvolve por meio dos seguintes eixos tem\u00e1ticos: I \u2013 Na \u00e1rea de ensino e pesquisa:a \u2013 Programa de Atualiza\u00e7\u00e3o Parlamentar b \u2013 Programa de Capacita\u00e7\u00e3o dos Servidores c \u2013 Programa de Interc\u00e2mbio e Coopera\u00e7\u00e3o T\u00e9cnica II \u2013 Na \u00e1rea da cidadania:a \u2013 Programa C\u00e2mara Mirim, [&hellip;]<\/p>\n","protected":false},"author":1,"featured_media":0,"parent":5805,"menu_order":0,"comment_status":"closed","ping_status":"closed","template":"","meta":{"footnotes":""},"class_list":["post-7473","page","type-page","status-publish","hentry"],"yoast_head":"<!-- This site is optimized with the Yoast SEO plugin v21.0 - https:\/\/yoast.com\/wordpress\/plugins\/seo\/ -->\n<title>Escola do Legislativo - Eixos Tem\u00e1ticos - C\u00e2mara Municipal de Itajub\u00e1<\/title>\n<meta name=\"robots\" content=\"index, follow, max-snippet:-1, max-image-preview:large, max-video-preview:-1\" \/>\n<link rel=\"canonical\" href=\"https:\/\/itajuba.cam.mg.gov.br\/site\/escola-do-legislativo\/escola-do-legislativo-eixos-tematicos\/\" \/>\n<meta property=\"og:locale\" content=\"pt_BR\" \/>\n<meta property=\"og:type\" content=\"article\" \/>\n<meta property=\"og:title\" content=\"Escola do Legislativo - Eixos Tem\u00e1ticos - C\u00e2mara Municipal de Itajub\u00e1\" \/>\n<meta property=\"og:description\" content=\"A atua\u00e7\u00e3o da Escola do Legislativo Professora Era\u00eddes Rabelo, se desenvolve por meio dos seguintes eixos tem\u00e1ticos: I \u2013 Na \u00e1rea de ensino e pesquisa:a \u2013 Programa de Atualiza\u00e7\u00e3o Parlamentar b \u2013 Programa de Capacita\u00e7\u00e3o dos Servidores c \u2013 Programa de Interc\u00e2mbio e Coopera\u00e7\u00e3o T\u00e9cnica II \u2013 Na \u00e1rea da cidadania:a \u2013 Programa C\u00e2mara Mirim, [&hellip;]\" \/>\n<meta property=\"og:url\" content=\"https:\/\/itajuba.cam.mg.gov.br\/site\/escola-do-legislativo\/escola-do-legislativo-eixos-tematicos\/\" \/>\n<meta property=\"og:site_name\" content=\"C\u00e2mara Municipal de Itajub\u00e1\" \/>\n<meta property=\"article:publisher\" content=\"https:\/\/www.facebook.com\/camaradeitajubaoficial\" \/>\n<meta property=\"article:modified_time\" content=\"2023-10-23T00:47:40+00:00\" \/>\n<meta name=\"twitter:card\" content=\"summary_large_image\" \/>\n<meta name=\"twitter:label1\" content=\"Est. tempo de leitura\" \/>\n\t<meta name=\"twitter:data1\" content=\"2 minutos\" \/>\n<script type=\"application\/ld+json\" class=\"yoast-schema-graph\">{\"@context\":\"https:\/\/schema.org\",\"@graph\":[{\"@type\":\"WebPage\",\"@id\":\"https:\/\/itajuba.cam.mg.gov.br\/site\/escola-do-legislativo\/escola-do-legislativo-eixos-tematicos\/\",\"url\":\"https:\/\/itajuba.cam.mg.gov.br\/site\/escola-do-legislativo\/escola-do-legislativo-eixos-tematicos\/\",\"name\":\"Escola do Legislativo - Eixos Tem\u00e1ticos - C\u00e2mara Municipal de Itajub\u00e1\",\"isPartOf\":{\"@id\":\"https:\/\/itajuba.cam.mg.gov.br\/site\/#website\"},\"datePublished\":\"2023-10-23T00:46:51+00:00\",\"dateModified\":\"2023-10-23T00:47:40+00:00\",\"breadcrumb\":{\"@id\":\"https:\/\/itajuba.cam.mg.gov.br\/site\/escola-do-legislativo\/escola-do-legislativo-eixos-tematicos\/#breadcrumb\"},\"inLanguage\":\"pt-BR\",\"potentialAction\":[{\"@type\":\"ReadAction\",\"target\":[\"https:\/\/itajuba.cam.mg.gov.br\/site\/escola-do-legislativo\/escola-do-legislativo-eixos-tematicos\/\"]}]},{\"@type\":\"BreadcrumbList\",\"@id\":\"https:\/\/itajuba.cam.mg.gov.br\/site\/escola-do-legislativo\/escola-do-legislativo-eixos-tematicos\/#breadcrumb\",\"itemListElement\":[{\"@type\":\"ListItem\",\"position\":1,\"name\":\"In\u00edcio\",\"item\":\"https:\/\/itajuba.cam.mg.gov.br\/site\/\"},{\"@type\":\"ListItem\",\"position\":2,\"name\":\"Escola do Legislativo\",\"item\":\"https:\/\/itajuba.cam.mg.gov.br\/site\/escola-do-legislativo\/\"},{\"@type\":\"ListItem\",\"position\":3,\"name\":\"Escola do Legislativo &#8211; Eixos Tem\u00e1ticos\"}]},{\"@type\":\"WebSite\",\"@id\":\"https:\/\/itajuba.cam.mg.gov.br\/site\/#website\",\"url\":\"https:\/\/itajuba.cam.mg.gov.br\/site\/\",\"name\":\"C\u00e2mara Municipal de Itajub\u00e1\",\"description\":\"Efici\u00eancia e Transpar\u00eancia\",\"publisher\":{\"@id\":\"https:\/\/itajuba.cam.mg.gov.br\/site\/#organization\"},\"potentialAction\":[{\"@type\":\"SearchAction\",\"target\":{\"@type\":\"EntryPoint\",\"urlTemplate\":\"https:\/\/itajuba.cam.mg.gov.br\/site\/?s={search_term_string}\"},\"query-input\":\"required name=search_term_string\"}],\"inLanguage\":\"pt-BR\"},{\"@type\":\"Organization\",\"@id\":\"https:\/\/itajuba.cam.mg.gov.br\/site\/#organization\",\"name\":\"C\u00e2mara Municipal de Itajub\u00e1\",\"url\":\"https:\/\/itajuba.cam.mg.gov.br\/site\/\",\"logo\":{\"@type\":\"ImageObject\",\"inLanguage\":\"pt-BR\",\"@id\":\"https:\/\/itajuba.cam.mg.gov.br\/site\/#\/schema\/logo\/image\/\",\"url\":\"https:\/\/itajuba.cam.mg.gov.br\/site\/wp-content\/uploads\/2023\/09\/logo_camara_2024.png\",\"contentUrl\":\"https:\/\/itajuba.cam.mg.gov.br\/site\/wp-content\/uploads\/2023\/09\/logo_camara_2024.png\",\"width\":1000,\"height\":385,\"caption\":\"C\u00e2mara Municipal de Itajub\u00e1\"},\"image\":{\"@id\":\"https:\/\/itajuba.cam.mg.gov.br\/site\/#\/schema\/logo\/image\/\"},\"sameAs\":[\"https:\/\/www.facebook.com\/camaradeitajubaoficial\",\"https:\/\/www.instagram.com\/camaradeitajubaoficial\/\",\"https:\/\/www.youtube.com\/user\/TVCAMARAITAJUBA\"]}]}<\/script>\n<!-- \/ Yoast SEO plugin. -->","yoast_head_json":{"title":"Escola do Legislativo - Eixos Tem\u00e1ticos - C\u00e2mara Municipal de Itajub\u00e1","robots":{"index":"index","follow":"follow","max-snippet":"max-snippet:-1","max-image-preview":"max-image-preview:large","max-video-preview":"max-video-preview:-1"},"canonical":"https:\/\/itajuba.cam.mg.gov.br\/site\/escola-do-legislativo\/escola-do-legislativo-eixos-tematicos\/","og_locale":"pt_BR","og_type":"article","og_title":"Escola do Legislativo - Eixos Tem\u00e1ticos - C\u00e2mara Municipal de Itajub\u00e1","og_description":"A atua\u00e7\u00e3o da Escola do Legislativo Professora Era\u00eddes Rabelo, se desenvolve por meio dos seguintes eixos tem\u00e1ticos: I \u2013 Na \u00e1rea de ensino e pesquisa:a \u2013 Programa de Atualiza\u00e7\u00e3o Parlamentar b \u2013 Programa de Capacita\u00e7\u00e3o dos Servidores c \u2013 Programa de Interc\u00e2mbio e Coopera\u00e7\u00e3o T\u00e9cnica II \u2013 Na \u00e1rea da cidadania:a \u2013 Programa C\u00e2mara Mirim, [&hellip;]","og_url":"https:\/\/itajuba.cam.mg.gov.br\/site\/escola-do-legislativo\/escola-do-legislativo-eixos-tematicos\/","og_site_name":"C\u00e2mara Municipal de Itajub\u00e1","article_publisher":"https:\/\/www.facebook.com\/camaradeitajubaoficial","article_modified_time":"2023-10-23T00:47:40+00:00","twitter_card":"summary_large_image","twitter_misc":{"Est. tempo de leitura":"2 minutos"},"schema":{"@context":"https:\/\/schema.org","@graph":[{"@type":"WebPage","@id":"https:\/\/itajuba.cam.mg.gov.br\/site\/escola-do-legislativo\/escola-do-legislativo-eixos-tematicos\/","url":"https:\/\/itajuba.cam.mg.gov.br\/site\/escola-do-legislativo\/escola-do-legislativo-eixos-tematicos\/","name":"Escola do Legislativo - Eixos Tem\u00e1ticos - C\u00e2mara Municipal de Itajub\u00e1","isPartOf":{"@id":"https:\/\/itajuba.cam.mg.gov.br\/site\/#website"},"datePublished":"2023-10-23T00:46:51+00:00","dateModified":"2023-10-23T00:47:40+00:00","breadcrumb":{"@id":"https:\/\/itajuba.cam.mg.gov.br\/site\/escola-do-legislativo\/escola-do-legislativo-eixos-tematicos\/#breadcrumb"},"inLanguage":"pt-BR","potentialAction":[{"@type":"ReadAction","target":["https:\/\/itajuba.cam.mg.gov.br\/site\/escola-do-legislativo\/escola-do-legislativo-eixos-tematicos\/"]}]},{"@type":"BreadcrumbList","@id":"https:\/\/itajuba.cam.mg.gov.br\/site\/escola-do-legislativo\/escola-do-legislativo-eixos-tematicos\/#breadcrumb","itemListElement":[{"@type":"ListItem","position":1,"name":"In\u00edcio","item":"https:\/\/itajuba.cam.mg.gov.br\/site\/"},{"@type":"ListItem","position":2,"name":"Escola do Legislativo","item":"https:\/\/itajuba.cam.mg.gov.br\/site\/escola-do-legislativo\/"},{"@type":"ListItem","position":3,"name":"Escola do Legislativo &#8211; Eixos Tem\u00e1ticos"}]},{"@type":"WebSite","@id":"https:\/\/itajuba.cam.mg.gov.br\/site\/#website","url":"https:\/\/itajuba.cam.mg.gov.br\/site\/","name":"C\u00e2mara Municipal de Itajub\u00e1","description":"Efici\u00eancia e Transpar\u00eancia","publisher":{"@id":"https:\/\/itajuba.cam.mg.gov.br\/site\/#organization"},"potentialAction":[{"@type":"SearchAction","target":{"@type":"EntryPoint","urlTemplate":"https:\/\/itajuba.cam.mg.gov.br\/site\/?s={search_term_string}"},"query-input":"required name=search_term_string"}],"inLanguage":"pt-BR"},{"@type":"Organization","@id":"https:\/\/itajuba.cam.mg.gov.br\/site\/#organization","name":"C\u00e2mara Municipal de Itajub\u00e1","url":"https:\/\/itajuba.cam.mg.gov.br\/site\/","logo":{"@type":"ImageObject","inLanguage":"pt-BR","@id":"https:\/\/itajuba.cam.mg.gov.br\/site\/#\/schema\/logo\/image\/","url":"https:\/\/itajuba.cam.mg.gov.br\/site\/wp-content\/uploads\/2023\/09\/logo_camara_2024.png","contentUrl":"https:\/\/itajuba.cam.mg.gov.br\/site\/wp-content\/uploads\/2023\/09\/logo_camara_2024.png","width":1000,"height":385,"caption":"C\u00e2mara Municipal de Itajub\u00e1"},"image":{"@id":"https:\/\/itajuba.cam.mg.gov.br\/site\/#\/schema\/logo\/image\/"},"sameAs":["https:\/\/www.facebook.com\/camaradeitajubaoficial","https:\/\/www.instagram.com\/camaradeitajubaoficial\/","https:\/\/www.youtube.com\/user\/TVCAMARAITAJUBA"]}]}},"_links":{"self":[{"href":"https:\/\/itajuba.cam.mg.gov.br\/site\/wp-json\/wp\/v2\/pages\/7473","targetHints":{"allow":["GET"]}}],"collection":[{"href":"https:\/\/itajuba.cam.mg.gov.br\/site\/wp-json\/wp\/v2\/pages"}],"about":[{"href":"https:\/\/itajuba.cam.mg.gov.br\/site\/wp-json\/wp\/v2\/types\/page"}],"author":[{"embeddable":true,"href":"https:\/\/itajuba.cam.mg.gov.br\/site\/wp-json\/wp\/v2\/users\/1"}],"replies":[{"embeddable":true,"href":"https:\/\/itajuba.cam.mg.gov.br\/site\/wp-json\/wp\/v2\/comments?post=7473"}],"version-history":[{"count":4,"href":"https:\/\/itajuba.cam.mg.gov.br\/site\/wp-json\/wp\/v2\/pages\/7473\/revisions"}],"predecessor-version":[{"id":7477,"href":"https:\/\/itajuba.cam.mg.gov.br\/site\/wp-json\/wp\/v2\/pages\/7473\/revisions\/7477"}],"up":[{"embeddable":true,"href":"https:\/\/itajuba.cam.mg.gov.br\/site\/wp-json\/wp\/v2\/pages\/5805"}],"wp:attachment":[{"href":"https:\/\/itajuba.cam.mg.gov.br\/site\/wp-json\/wp\/v2\/media?parent=7473"}],"curies":[{"name":"wp","href":"https:\/\/api.w.org\/{rel}","templated":true}]}}