{"id":7478,"date":"2023-10-23T00:48:41","date_gmt":"2023-10-23T00:48:41","guid":{"rendered":"https:\/\/itajuba.cam.mg.gov.br\/site\/?page_id=7478"},"modified":"2025-06-24T19:12:24","modified_gmt":"2025-06-24T19:12:24","slug":"escola-do-legislativo-equipe","status":"publish","type":"page","link":"https:\/\/itajuba.cam.mg.gov.br\/site\/escola-do-legislativo\/escola-do-legislativo-equipe\/","title":{"rendered":"Escola do Legislativo &#8211; Equipe"},"content":{"rendered":"\t\t<div data-elementor-type=\"wp-page\" data-elementor-id=\"7478\" class=\"elementor elementor-7478\" data-elementor-post-type=\"page\">\n\t\t\t\t\t\t\t\t\t<section class=\"elementor-section elementor-top-section elementor-element elementor-element-91a2c25 elementor-section-boxed elementor-section-height-default elementor-section-height-default\" data-id=\"91a2c25\" data-element_type=\"section\">\n\t\t\t\t\t\t<div class=\"elementor-container elementor-column-gap-default\">\n\t\t\t\t\t<div class=\"elementor-column elementor-col-100 elementor-top-column elementor-element elementor-element-54cd7ad\" data-id=\"54cd7ad\" data-element_type=\"column\">\n\t\t\t<div class=\"elementor-widget-wrap elementor-element-populated\">\n\t\t\t\t\t\t\t\t<div class=\"elementor-element elementor-element-da520f6 elementor-nav-menu__align-center elementor-nav-menu--dropdown-tablet elementor-nav-menu__text-align-aside elementor-nav-menu--toggle elementor-nav-menu--burger elementor-widget elementor-widget-global elementor-global-7460 elementor-widget-nav-menu\" data-id=\"da520f6\" data-element_type=\"widget\" data-settings=\"{&quot;layout&quot;:&quot;horizontal&quot;,&quot;submenu_icon&quot;:{&quot;value&quot;:&quot;fas fa-caret-down&quot;,&quot;library&quot;:&quot;fa-solid&quot;},&quot;toggle&quot;:&quot;burger&quot;}\" data-widget_type=\"nav-menu.default\">\n\t\t\t\t<div class=\"elementor-widget-container\">\n\t\t\t<link rel=\"stylesheet\" href=\"https:\/\/itajuba.cam.mg.gov.br\/site\/wp-content\/plugins\/elementor-pro\/assets\/css\/widget-nav-menu.min.css\">\t\t\t<nav class=\"elementor-nav-menu--main elementor-nav-menu__container elementor-nav-menu--layout-horizontal e--pointer-underline e--animation-fade\">\n\t\t\t\t<ul id=\"menu-1-da520f6\" class=\"elementor-nav-menu\"><li class=\"menu-item menu-item-type-custom menu-item-object-custom menu-item-7451\"><a href=\"https:\/\/itajuba.cam.mg.gov.br\/site\/escola-do-legislativo\/\" class=\"elementor-item\">A Escola<\/a><\/li>\n<li class=\"menu-item menu-item-type-custom menu-item-object-custom menu-item-7452\"><a href=\"https:\/\/itajuba.cam.mg.gov.br\/site\/escola-do-legislativo\/escola-do-legislativo-legislacao\/\" class=\"elementor-item\">Legisla\u00e7\u00e3o<\/a><\/li>\n<li class=\"menu-item menu-item-type-custom menu-item-object-custom menu-item-7453\"><a href=\"https:\/\/itajuba.cam.mg.gov.br\/site\/escola-do-legislativo\/escola-do-legislativo-eixos-tematicos\/\" class=\"elementor-item\">Eixos Tem\u00e1ticos<\/a><\/li>\n<li class=\"menu-item menu-item-type-custom menu-item-object-custom menu-item-7454\"><a href=\"https:\/\/itajuba.cam.mg.gov.br\/site\/escola-do-legislativo\/escola-do-legislativo-equipe\/\" class=\"elementor-item\">Equipe<\/a><\/li>\n<li class=\"menu-item menu-item-type-custom menu-item-object-custom menu-item-7455\"><a href=\"https:\/\/itajuba.cam.mg.gov.br\/site\/projetos-escola-do-legislativo\/\" class=\"elementor-item\">Projetos<\/a><\/li>\n<li class=\"menu-item menu-item-type-custom menu-item-object-custom menu-item-7456\"><a href=\"https:\/\/itajuba.cam.mg.gov.br\/site\/escola-do-legislativo\/escola-do-legislativo-contato\/\" class=\"elementor-item\">Contatos<\/a><\/li>\n<\/ul>\t\t\t<\/nav>\n\t\t\t\t\t<div class=\"elementor-menu-toggle\" role=\"button\" tabindex=\"0\" aria-label=\"Alternar menu\" aria-expanded=\"false\">\n\t\t\t<i aria-hidden=\"true\" role=\"presentation\" class=\"elementor-menu-toggle__icon--open eicon-menu-bar\"><\/i><i aria-hidden=\"true\" role=\"presentation\" class=\"elementor-menu-toggle__icon--close eicon-close\"><\/i>\t\t\t<span class=\"elementor-screen-only\">Menu<\/span>\n\t\t<\/div>\n\t\t\t\t\t<nav class=\"elementor-nav-menu--dropdown elementor-nav-menu__container\" aria-hidden=\"true\">\n\t\t\t\t<ul id=\"menu-2-da520f6\" class=\"elementor-nav-menu\"><li class=\"menu-item menu-item-type-custom menu-item-object-custom menu-item-7451\"><a href=\"https:\/\/itajuba.cam.mg.gov.br\/site\/escola-do-legislativo\/\" class=\"elementor-item\" tabindex=\"-1\">A Escola<\/a><\/li>\n<li class=\"menu-item menu-item-type-custom menu-item-object-custom menu-item-7452\"><a href=\"https:\/\/itajuba.cam.mg.gov.br\/site\/escola-do-legislativo\/escola-do-legislativo-legislacao\/\" class=\"elementor-item\" tabindex=\"-1\">Legisla\u00e7\u00e3o<\/a><\/li>\n<li class=\"menu-item menu-item-type-custom menu-item-object-custom menu-item-7453\"><a href=\"https:\/\/itajuba.cam.mg.gov.br\/site\/escola-do-legislativo\/escola-do-legislativo-eixos-tematicos\/\" class=\"elementor-item\" tabindex=\"-1\">Eixos Tem\u00e1ticos<\/a><\/li>\n<li class=\"menu-item menu-item-type-custom menu-item-object-custom menu-item-7454\"><a href=\"https:\/\/itajuba.cam.mg.gov.br\/site\/escola-do-legislativo\/escola-do-legislativo-equipe\/\" class=\"elementor-item\" tabindex=\"-1\">Equipe<\/a><\/li>\n<li class=\"menu-item menu-item-type-custom menu-item-object-custom menu-item-7455\"><a href=\"https:\/\/itajuba.cam.mg.gov.br\/site\/projetos-escola-do-legislativo\/\" class=\"elementor-item\" tabindex=\"-1\">Projetos<\/a><\/li>\n<li class=\"menu-item menu-item-type-custom menu-item-object-custom menu-item-7456\"><a href=\"https:\/\/itajuba.cam.mg.gov.br\/site\/escola-do-legislativo\/escola-do-legislativo-contato\/\" class=\"elementor-item\" tabindex=\"-1\">Contatos<\/a><\/li>\n<\/ul>\t\t\t<\/nav>\n\t\t\t\t<\/div>\n\t\t\t\t<\/div>\n\t\t\t\t\t<\/div>\n\t\t<\/div>\n\t\t\t\t\t\t\t<\/div>\n\t\t<\/section>\n\t\t\t\t<section class=\"elementor-section elementor-top-section elementor-element elementor-element-8042b8a elementor-section-boxed elementor-section-height-default elementor-section-height-default\" data-id=\"8042b8a\" data-element_type=\"section\">\n\t\t\t\t\t\t<div class=\"elementor-container elementor-column-gap-default\">\n\t\t\t\t\t<div class=\"elementor-column elementor-col-100 elementor-top-column elementor-element elementor-element-dbee6f0\" data-id=\"dbee6f0\" data-element_type=\"column\">\n\t\t\t<div class=\"elementor-widget-wrap elementor-element-populated\">\n\t\t\t\t\t\t\t\t<div class=\"elementor-element elementor-element-b745b91 elementor-widget elementor-widget-text-editor\" data-id=\"b745b91\" data-element_type=\"widget\" data-widget_type=\"text-editor.default\">\n\t\t\t\t<div class=\"elementor-widget-container\">\n\t\t\t<style>\/*! elementor - v3.16.0 - 13-09-2023 *\/\n.elementor-widget-text-editor.elementor-drop-cap-view-stacked .elementor-drop-cap{background-color:#69727d;color:#fff}.elementor-widget-text-editor.elementor-drop-cap-view-framed .elementor-drop-cap{color:#69727d;border:3px solid;background-color:transparent}.elementor-widget-text-editor:not(.elementor-drop-cap-view-default) .elementor-drop-cap{margin-top:8px}.elementor-widget-text-editor:not(.elementor-drop-cap-view-default) .elementor-drop-cap-letter{width:1em;height:1em}.elementor-widget-text-editor .elementor-drop-cap{float:left;text-align:center;line-height:1;font-size:50px}.elementor-widget-text-editor .elementor-drop-cap-letter{display:inline-block}<\/style>\t\t\t\t<p><strong>Luiz Gonzaga Costa<\/strong><br \/>Diretor de Integra\u00e7\u00e3o Legislativa e Cidadania<br \/>E-mail: luizgonzaga@itajuba.cam.mg.gov.br<br \/>Telefone: (35) 3629-6440<\/p><p><strong>Adriana Oliveira da Luz Portela<\/strong><br \/>Interprete de Libras<br \/>E-mail: adriana@itajuba.cam.mg.gov.br<br \/>Telefone: (35) 3629-6443<\/p><p><strong>Allana Lima Marra<\/strong><br \/>Estagi\u00e1ria da Escola do Legislativo<br \/>E-mail: allana@itajuba.cam.mg.gov.br<br \/>E-mail: escoladolegislativo@itajuba.cam.mg.gov.br<br \/>Telefone: (35) 3629-6443<\/p><p><strong>CONSELHO GERAL DA ESCOLA DO LEGISLATIVO<\/strong><\/p><p><strong>Vera L\u00facia Mouallem<\/strong><br \/>Vereadora<br \/>E-mail: veralucia@itajuba.cam.mg.gov.br<br \/>Telefone: (35) 3629-6424<\/p><p><strong>Luiz Gonzaga Costa<\/strong><br \/>Diretor de Integra\u00e7\u00e3o Legislativa e Cidadania<br \/>E-mail: luizgonzaga@itajuba.cam.mg.gov.br<br \/>Telefone: (35) 3629-6440<\/p><p><strong>Leandro Albert de Oliveira N. de S\u00e1<\/strong><br \/>Diretor Administrativo<br \/>E-mail: leandro@itajuba.cam.mg.gov.br<br \/>Telefone: (35) 3629-6422<\/p><p><strong>Gustavo Max de Oliveira<\/strong><br \/>Procurador Geral<br \/>E-mail: juridico1@itajuba.cam.mg.gov.br<br \/>Telefone: (35) 3629-6411<\/p><p><strong>T\u00e1ssia Milene Cruz<\/strong><br \/>Diretora Legislativa<br \/>E-mail: tassia@itajuba.cam.mg.gov.br<br \/>Telefone: (35) 3629-6433<\/p>\t\t\t\t\t\t<\/div>\n\t\t\t\t<\/div>\n\t\t\t\t\t<\/div>\n\t\t<\/div>\n\t\t\t\t\t\t\t<\/div>\n\t\t<\/section>\n\t\t\t\t\t\t\t<\/div>\n\t\t","protected":false},"excerpt":{"rendered":"<p>Luiz Gonzaga CostaDiretor de Integra\u00e7\u00e3o Legislativa e CidadaniaE-mail: luizgonzaga@itajuba.cam.mg.gov.brTelefone: (35) 3629-6440 Adriana Oliveira da Luz PortelaInterprete de LibrasE-mail: adriana@itajuba.cam.mg.gov.brTelefone: (35) 3629-6443 Allana Lima MarraEstagi\u00e1ria da Escola do LegislativoE-mail: allana@itajuba.cam.mg.gov.brE-mail: escoladolegislativo@itajuba.cam.mg.gov.brTelefone: (35) 3629-6443 CONSELHO GERAL DA ESCOLA DO LEGISLATIVO Vera L\u00facia MouallemVereadoraE-mail: veralucia@itajuba.cam.mg.gov.brTelefone: (35) 3629-6424 Luiz Gonzaga CostaDiretor de Integra\u00e7\u00e3o Legislativa e CidadaniaE-mail: luizgonzaga@itajuba.cam.mg.gov.brTelefone: (35) 3629-6440 [&hellip;]<\/p>\n","protected":false},"author":1,"featured_media":0,"parent":5805,"menu_order":0,"comment_status":"closed","ping_status":"closed","template":"","meta":{"footnotes":""},"class_list":["post-7478","page","type-page","status-publish","hentry"],"yoast_head":"<!-- This site is optimized with the Yoast SEO plugin v21.0 - https:\/\/yoast.com\/wordpress\/plugins\/seo\/ -->\n<title>Escola do Legislativo - Equipe - C\u00e2mara Municipal de Itajub\u00e1<\/title>\n<meta name=\"robots\" content=\"index, follow, max-snippet:-1, max-image-preview:large, max-video-preview:-1\" \/>\n<link rel=\"canonical\" href=\"https:\/\/itajuba.cam.mg.gov.br\/site\/escola-do-legislativo\/escola-do-legislativo-equipe\/\" \/>\n<meta property=\"og:locale\" content=\"pt_BR\" \/>\n<meta property=\"og:type\" content=\"article\" \/>\n<meta property=\"og:title\" content=\"Escola do Legislativo - Equipe - C\u00e2mara Municipal de Itajub\u00e1\" \/>\n<meta property=\"og:description\" content=\"Luiz Gonzaga CostaDiretor de Integra\u00e7\u00e3o Legislativa e CidadaniaE-mail: luizgonzaga@itajuba.cam.mg.gov.brTelefone: (35) 3629-6440 Adriana Oliveira da Luz PortelaInterprete de LibrasE-mail: adriana@itajuba.cam.mg.gov.brTelefone: (35) 3629-6443 Allana Lima MarraEstagi\u00e1ria da Escola do LegislativoE-mail: allana@itajuba.cam.mg.gov.brE-mail: escoladolegislativo@itajuba.cam.mg.gov.brTelefone: (35) 3629-6443 CONSELHO GERAL DA ESCOLA DO LEGISLATIVO Vera L\u00facia MouallemVereadoraE-mail: veralucia@itajuba.cam.mg.gov.brTelefone: (35) 3629-6424 Luiz Gonzaga CostaDiretor de Integra\u00e7\u00e3o Legislativa e CidadaniaE-mail: luizgonzaga@itajuba.cam.mg.gov.brTelefone: (35) 3629-6440 [&hellip;]\" \/>\n<meta property=\"og:url\" content=\"https:\/\/itajuba.cam.mg.gov.br\/site\/escola-do-legislativo\/escola-do-legislativo-equipe\/\" \/>\n<meta property=\"og:site_name\" content=\"C\u00e2mara Municipal de Itajub\u00e1\" \/>\n<meta property=\"article:publisher\" content=\"https:\/\/www.facebook.com\/camaradeitajubaoficial\" \/>\n<meta property=\"article:modified_time\" content=\"2025-06-24T19:12:24+00:00\" \/>\n<meta name=\"twitter:card\" content=\"summary_large_image\" \/>\n<meta name=\"twitter:label1\" content=\"Est. tempo de leitura\" \/>\n\t<meta name=\"twitter:data1\" content=\"1 minuto\" \/>\n<script type=\"application\/ld+json\" class=\"yoast-schema-graph\">{\"@context\":\"https:\/\/schema.org\",\"@graph\":[{\"@type\":\"WebPage\",\"@id\":\"https:\/\/itajuba.cam.mg.gov.br\/site\/escola-do-legislativo\/escola-do-legislativo-equipe\/\",\"url\":\"https:\/\/itajuba.cam.mg.gov.br\/site\/escola-do-legislativo\/escola-do-legislativo-equipe\/\",\"name\":\"Escola do Legislativo - Equipe - C\u00e2mara Municipal de Itajub\u00e1\",\"isPartOf\":{\"@id\":\"https:\/\/itajuba.cam.mg.gov.br\/site\/#website\"},\"datePublished\":\"2023-10-23T00:48:41+00:00\",\"dateModified\":\"2025-06-24T19:12:24+00:00\",\"breadcrumb\":{\"@id\":\"https:\/\/itajuba.cam.mg.gov.br\/site\/escola-do-legislativo\/escola-do-legislativo-equipe\/#breadcrumb\"},\"inLanguage\":\"pt-BR\",\"potentialAction\":[{\"@type\":\"ReadAction\",\"target\":[\"https:\/\/itajuba.cam.mg.gov.br\/site\/escola-do-legislativo\/escola-do-legislativo-equipe\/\"]}]},{\"@type\":\"BreadcrumbList\",\"@id\":\"https:\/\/itajuba.cam.mg.gov.br\/site\/escola-do-legislativo\/escola-do-legislativo-equipe\/#breadcrumb\",\"itemListElement\":[{\"@type\":\"ListItem\",\"position\":1,\"name\":\"In\u00edcio\",\"item\":\"https:\/\/itajuba.cam.mg.gov.br\/site\/\"},{\"@type\":\"ListItem\",\"position\":2,\"name\":\"Escola do Legislativo\",\"item\":\"https:\/\/itajuba.cam.mg.gov.br\/site\/escola-do-legislativo\/\"},{\"@type\":\"ListItem\",\"position\":3,\"name\":\"Escola do Legislativo &#8211; Equipe\"}]},{\"@type\":\"WebSite\",\"@id\":\"https:\/\/itajuba.cam.mg.gov.br\/site\/#website\",\"url\":\"https:\/\/itajuba.cam.mg.gov.br\/site\/\",\"name\":\"C\u00e2mara Municipal de Itajub\u00e1\",\"description\":\"Efici\u00eancia e Transpar\u00eancia\",\"publisher\":{\"@id\":\"https:\/\/itajuba.cam.mg.gov.br\/site\/#organization\"},\"potentialAction\":[{\"@type\":\"SearchAction\",\"target\":{\"@type\":\"EntryPoint\",\"urlTemplate\":\"https:\/\/itajuba.cam.mg.gov.br\/site\/?s={search_term_string}\"},\"query-input\":\"required name=search_term_string\"}],\"inLanguage\":\"pt-BR\"},{\"@type\":\"Organization\",\"@id\":\"https:\/\/itajuba.cam.mg.gov.br\/site\/#organization\",\"name\":\"C\u00e2mara Municipal de Itajub\u00e1\",\"url\":\"https:\/\/itajuba.cam.mg.gov.br\/site\/\",\"logo\":{\"@type\":\"ImageObject\",\"inLanguage\":\"pt-BR\",\"@id\":\"https:\/\/itajuba.cam.mg.gov.br\/site\/#\/schema\/logo\/image\/\",\"url\":\"https:\/\/itajuba.cam.mg.gov.br\/site\/wp-content\/uploads\/2023\/09\/logo_camara_2024.png\",\"contentUrl\":\"https:\/\/itajuba.cam.mg.gov.br\/site\/wp-content\/uploads\/2023\/09\/logo_camara_2024.png\",\"width\":1000,\"height\":385,\"caption\":\"C\u00e2mara Municipal de Itajub\u00e1\"},\"image\":{\"@id\":\"https:\/\/itajuba.cam.mg.gov.br\/site\/#\/schema\/logo\/image\/\"},\"sameAs\":[\"https:\/\/www.facebook.com\/camaradeitajubaoficial\",\"https:\/\/www.instagram.com\/camaradeitajubaoficial\/\",\"https:\/\/www.youtube.com\/user\/TVCAMARAITAJUBA\"]}]}<\/script>\n<!-- \/ Yoast SEO plugin. -->","yoast_head_json":{"title":"Escola do Legislativo - Equipe - C\u00e2mara Municipal de Itajub\u00e1","robots":{"index":"index","follow":"follow","max-snippet":"max-snippet:-1","max-image-preview":"max-image-preview:large","max-video-preview":"max-video-preview:-1"},"canonical":"https:\/\/itajuba.cam.mg.gov.br\/site\/escola-do-legislativo\/escola-do-legislativo-equipe\/","og_locale":"pt_BR","og_type":"article","og_title":"Escola do Legislativo - Equipe - C\u00e2mara Municipal de Itajub\u00e1","og_description":"Luiz Gonzaga CostaDiretor de Integra\u00e7\u00e3o Legislativa e CidadaniaE-mail: luizgonzaga@itajuba.cam.mg.gov.brTelefone: (35) 3629-6440 Adriana Oliveira da Luz PortelaInterprete de LibrasE-mail: adriana@itajuba.cam.mg.gov.brTelefone: (35) 3629-6443 Allana Lima MarraEstagi\u00e1ria da Escola do LegislativoE-mail: allana@itajuba.cam.mg.gov.brE-mail: escoladolegislativo@itajuba.cam.mg.gov.brTelefone: (35) 3629-6443 CONSELHO GERAL DA ESCOLA DO LEGISLATIVO Vera L\u00facia MouallemVereadoraE-mail: veralucia@itajuba.cam.mg.gov.brTelefone: (35) 3629-6424 Luiz Gonzaga CostaDiretor de Integra\u00e7\u00e3o Legislativa e CidadaniaE-mail: luizgonzaga@itajuba.cam.mg.gov.brTelefone: (35) 3629-6440 [&hellip;]","og_url":"https:\/\/itajuba.cam.mg.gov.br\/site\/escola-do-legislativo\/escola-do-legislativo-equipe\/","og_site_name":"C\u00e2mara Municipal de Itajub\u00e1","article_publisher":"https:\/\/www.facebook.com\/camaradeitajubaoficial","article_modified_time":"2025-06-24T19:12:24+00:00","twitter_card":"summary_large_image","twitter_misc":{"Est. tempo de leitura":"1 minuto"},"schema":{"@context":"https:\/\/schema.org","@graph":[{"@type":"WebPage","@id":"https:\/\/itajuba.cam.mg.gov.br\/site\/escola-do-legislativo\/escola-do-legislativo-equipe\/","url":"https:\/\/itajuba.cam.mg.gov.br\/site\/escola-do-legislativo\/escola-do-legislativo-equipe\/","name":"Escola do Legislativo - Equipe - C\u00e2mara Municipal de Itajub\u00e1","isPartOf":{"@id":"https:\/\/itajuba.cam.mg.gov.br\/site\/#website"},"datePublished":"2023-10-23T00:48:41+00:00","dateModified":"2025-06-24T19:12:24+00:00","breadcrumb":{"@id":"https:\/\/itajuba.cam.mg.gov.br\/site\/escola-do-legislativo\/escola-do-legislativo-equipe\/#breadcrumb"},"inLanguage":"pt-BR","potentialAction":[{"@type":"ReadAction","target":["https:\/\/itajuba.cam.mg.gov.br\/site\/escola-do-legislativo\/escola-do-legislativo-equipe\/"]}]},{"@type":"BreadcrumbList","@id":"https:\/\/itajuba.cam.mg.gov.br\/site\/escola-do-legislativo\/escola-do-legislativo-equipe\/#breadcrumb","itemListElement":[{"@type":"ListItem","position":1,"name":"In\u00edcio","item":"https:\/\/itajuba.cam.mg.gov.br\/site\/"},{"@type":"ListItem","position":2,"name":"Escola do Legislativo","item":"https:\/\/itajuba.cam.mg.gov.br\/site\/escola-do-legislativo\/"},{"@type":"ListItem","position":3,"name":"Escola do Legislativo &#8211; Equipe"}]},{"@type":"WebSite","@id":"https:\/\/itajuba.cam.mg.gov.br\/site\/#website","url":"https:\/\/itajuba.cam.mg.gov.br\/site\/","name":"C\u00e2mara Municipal de Itajub\u00e1","description":"Efici\u00eancia e Transpar\u00eancia","publisher":{"@id":"https:\/\/itajuba.cam.mg.gov.br\/site\/#organization"},"potentialAction":[{"@type":"SearchAction","target":{"@type":"EntryPoint","urlTemplate":"https:\/\/itajuba.cam.mg.gov.br\/site\/?s={search_term_string}"},"query-input":"required name=search_term_string"}],"inLanguage":"pt-BR"},{"@type":"Organization","@id":"https:\/\/itajuba.cam.mg.gov.br\/site\/#organization","name":"C\u00e2mara Municipal de Itajub\u00e1","url":"https:\/\/itajuba.cam.mg.gov.br\/site\/","logo":{"@type":"ImageObject","inLanguage":"pt-BR","@id":"https:\/\/itajuba.cam.mg.gov.br\/site\/#\/schema\/logo\/image\/","url":"https:\/\/itajuba.cam.mg.gov.br\/site\/wp-content\/uploads\/2023\/09\/logo_camara_2024.png","contentUrl":"https:\/\/itajuba.cam.mg.gov.br\/site\/wp-content\/uploads\/2023\/09\/logo_camara_2024.png","width":1000,"height":385,"caption":"C\u00e2mara Municipal de Itajub\u00e1"},"image":{"@id":"https:\/\/itajuba.cam.mg.gov.br\/site\/#\/schema\/logo\/image\/"},"sameAs":["https:\/\/www.facebook.com\/camaradeitajubaoficial","https:\/\/www.instagram.com\/camaradeitajubaoficial\/","https:\/\/www.youtube.com\/user\/TVCAMARAITAJUBA"]}]}},"_links":{"self":[{"href":"https:\/\/itajuba.cam.mg.gov.br\/site\/wp-json\/wp\/v2\/pages\/7478","targetHints":{"allow":["GET"]}}],"collection":[{"href":"https:\/\/itajuba.cam.mg.gov.br\/site\/wp-json\/wp\/v2\/pages"}],"about":[{"href":"https:\/\/itajuba.cam.mg.gov.br\/site\/wp-json\/wp\/v2\/types\/page"}],"author":[{"embeddable":true,"href":"https:\/\/itajuba.cam.mg.gov.br\/site\/wp-json\/wp\/v2\/users\/1"}],"replies":[{"embeddable":true,"href":"https:\/\/itajuba.cam.mg.gov.br\/site\/wp-json\/wp\/v2\/comments?post=7478"}],"version-history":[{"count":10,"href":"https:\/\/itajuba.cam.mg.gov.br\/site\/wp-json\/wp\/v2\/pages\/7478\/revisions"}],"predecessor-version":[{"id":15478,"href":"https:\/\/itajuba.cam.mg.gov.br\/site\/wp-json\/wp\/v2\/pages\/7478\/revisions\/15478"}],"up":[{"embeddable":true,"href":"https:\/\/itajuba.cam.mg.gov.br\/site\/wp-json\/wp\/v2\/pages\/5805"}],"wp:attachment":[{"href":"https:\/\/itajuba.cam.mg.gov.br\/site\/wp-json\/wp\/v2\/media?parent=7478"}],"curies":[{"name":"wp","href":"https:\/\/api.w.org\/{rel}","templated":true}]}}