{"id":8180,"date":"2023-11-09T19:07:52","date_gmt":"2023-11-09T19:07:52","guid":{"rendered":"https:\/\/itajuba.cam.mg.gov.br\/site\/?page_id=8180"},"modified":"2026-02-12T20:32:53","modified_gmt":"2026-02-12T20:32:53","slug":"relatorio-de-gestao-fiscal","status":"publish","type":"page","link":"https:\/\/itajuba.cam.mg.gov.br\/site\/relatorio-de-gestao-fiscal\/","title":{"rendered":"Relat\u00f3rio de Gest\u00e3o Fiscal"},"content":{"rendered":"\t\t<div data-elementor-type=\"wp-page\" data-elementor-id=\"8180\" class=\"elementor elementor-8180\" data-elementor-post-type=\"page\">\n\t\t\t\t\t\t\t\t\t<section class=\"elementor-section elementor-top-section elementor-element elementor-element-f852bd5 elementor-section-boxed elementor-section-height-default elementor-section-height-default\" data-id=\"f852bd5\" data-element_type=\"section\">\n\t\t\t\t\t\t<div class=\"elementor-container elementor-column-gap-default\">\n\t\t\t\t\t<div class=\"elementor-column elementor-col-100 elementor-top-column elementor-element elementor-element-fb6965e\" data-id=\"fb6965e\" data-element_type=\"column\">\n\t\t\t<div class=\"elementor-widget-wrap elementor-element-populated\">\n\t\t\t\t\t\t\t\t<div class=\"elementor-element elementor-element-9c56b92 elementor-widget elementor-widget-text-editor\" data-id=\"9c56b92\" data-element_type=\"widget\" data-widget_type=\"text-editor.default\">\n\t\t\t\t<div class=\"elementor-widget-container\">\n\t\t\t<style>\/*! elementor - v3.16.0 - 13-09-2023 *\/\n.elementor-widget-text-editor.elementor-drop-cap-view-stacked .elementor-drop-cap{background-color:#69727d;color:#fff}.elementor-widget-text-editor.elementor-drop-cap-view-framed .elementor-drop-cap{color:#69727d;border:3px solid;background-color:transparent}.elementor-widget-text-editor:not(.elementor-drop-cap-view-default) .elementor-drop-cap{margin-top:8px}.elementor-widget-text-editor:not(.elementor-drop-cap-view-default) .elementor-drop-cap-letter{width:1em;height:1em}.elementor-widget-text-editor .elementor-drop-cap{float:left;text-align:center;line-height:1;font-size:50px}.elementor-widget-text-editor .elementor-drop-cap-letter{display:inline-block}<\/style>\t\t\t\t&nbsp;\n<table>\n<tbody>\n<tr>\n<td width=\"35%\"><strong>DECLARA\u00c7\u00c3O<\/strong><\/td>\n<td class=\"has-text-align-center\" width=\"15%\"><strong>ESTADO ATUAL<\/strong><\/td>\n<td class=\"has-text-align-center\" width=\"25%\" data-align=\"center\"><strong>ARQUIVOS<\/strong><\/td>\n<\/tr>\n<tr>\n<td>Relat\u00f3rio de Gest\u00e3o Fiscal &#8211; 1\u00ba quadrimestre 2023<\/td>\n<td class=\"has-text-align-center\">Retificado<\/td>\n<td class=\"has-text-align-center\" data-align=\"center\"><a href=\"https:\/\/itajuba.cam.mg.gov.br\/site\/wp-content\/uploads\/2023\/11\/SICONFI_RGF_5434_QUADRIMESTRAL_1.pdf\" target=\"_blank\" rel=\"noopener\"><img loading=\"lazy\" decoding=\"async\" class=\"alignnone wp-image-8185\" src=\"https:\/\/itajuba.cam.mg.gov.br\/site\/wp-content\/uploads\/2023\/11\/bt_pdf.png\" alt=\"\" width=\"54\" height=\"20\" \/><\/a> <a href=\"https:\/\/itajuba.cam.mg.gov.br\/site\/wp-content\/uploads\/2023\/11\/SICONFI_RGF_5434_QUADRIMESTRAL_1.xls\" target=\"_blank\" rel=\"noopener\"><img loading=\"lazy\" decoding=\"async\" class=\"alignnone wp-image-8184\" src=\"https:\/\/itajuba.cam.mg.gov.br\/site\/wp-content\/uploads\/2023\/11\/bt_xls.png\" alt=\"\" width=\"54\" height=\"20\" \/><\/a> <a href=\"https:\/\/itajuba.cam.mg.gov.br\/site\/wp-content\/uploads\/2023\/11\/SICONFI_RGF_5434_QUADRIMESTRAL_1.zip\" target=\"_blank\" rel=\"noopener\"><img loading=\"lazy\" decoding=\"async\" class=\"alignnone wp-image-8183\" src=\"https:\/\/itajuba.cam.mg.gov.br\/site\/wp-content\/uploads\/2023\/11\/bt_xbrl.png\" alt=\"\" width=\"58\" height=\"20\" \/><\/a><\/td>\n<\/tr>\n<tr>\n<td>Relat\u00f3rio de Gest\u00e3o Fiscal &#8211; 2\u00ba quadrimestre 2023<\/td>\n<td class=\"has-text-align-center\">Retificado<\/td>\n<td class=\"has-text-align-center\" data-align=\"center\"><a href=\"https:\/\/itajuba.cam.mg.gov.br\/site\/wp-content\/uploads\/2023\/11\/SICONFI_RGF_5434_QUADRIMESTRAL_2.pdf\" target=\"_blank\" rel=\"noopener\"><img loading=\"lazy\" decoding=\"async\" class=\"alignnone wp-image-8185\" src=\"https:\/\/itajuba.cam.mg.gov.br\/site\/wp-content\/uploads\/2023\/11\/bt_pdf.png\" alt=\"\" width=\"54\" height=\"20\" \/><\/a> <a href=\"https:\/\/itajuba.cam.mg.gov.br\/site\/wp-content\/uploads\/2023\/11\/SICONFI_RGF_5434_QUADRIMESTRAL_2.xls\" target=\"_blank\" rel=\"noopener\"><img loading=\"lazy\" decoding=\"async\" class=\"alignnone wp-image-8184\" src=\"https:\/\/itajuba.cam.mg.gov.br\/site\/wp-content\/uploads\/2023\/11\/bt_xls.png\" alt=\"\" width=\"54\" height=\"20\" \/><\/a> <a href=\"https:\/\/itajuba.cam.mg.gov.br\/site\/wp-content\/uploads\/2023\/11\/SICONFI_RGF_5434_QUADRIMESTRAL_2.zip\" target=\"_blank\" rel=\"noopener\"><img loading=\"lazy\" decoding=\"async\" class=\"alignnone wp-image-8183\" src=\"https:\/\/itajuba.cam.mg.gov.br\/site\/wp-content\/uploads\/2023\/11\/bt_xbrl.png\" alt=\"\" width=\"58\" height=\"20\" \/><\/a><\/td>\n<\/tr>\n<tr>\n<td>Relat\u00f3rio de Gest\u00e3o Fiscal &#8211; 3\u00ba quadrimestre 2023<\/td>\n<td class=\"has-text-align-center\">Homologado<\/td>\n<td class=\"has-text-align-center\" data-align=\"center\"><a href=\"https:\/\/itajuba.cam.mg.gov.br\/site\/wp-content\/uploads\/2024\/04\/SICONFI_RGF_5434_QUADRIMESTRAL_3.pdf\" target=\"_blank\" rel=\"noopener\"><img loading=\"lazy\" decoding=\"async\" class=\"alignnone wp-image-8185\" src=\"https:\/\/itajuba.cam.mg.gov.br\/site\/wp-content\/uploads\/2023\/11\/bt_pdf.png\" alt=\"\" width=\"54\" height=\"20\" \/><\/a> <a href=\"https:\/\/itajuba.cam.mg.gov.br\/site\/wp-content\/uploads\/2024\/04\/SICONFI_RGF_5434_QUADRIMESTRAL_3.xls\" target=\"_blank\" rel=\"noopener\"><img loading=\"lazy\" decoding=\"async\" class=\"alignnone wp-image-8184\" src=\"https:\/\/itajuba.cam.mg.gov.br\/site\/wp-content\/uploads\/2023\/11\/bt_xls.png\" alt=\"\" width=\"54\" height=\"20\" \/><\/a> <a href=\"https:\/\/itajuba.cam.mg.gov.br\/site\/wp-content\/uploads\/2024\/04\/SICONFI_RGF_5434_QUADRIMESTRAL_3.zip\" target=\"_blank\" rel=\"noopener\"><img loading=\"lazy\" decoding=\"async\" class=\"alignnone wp-image-8183\" src=\"https:\/\/itajuba.cam.mg.gov.br\/site\/wp-content\/uploads\/2023\/11\/bt_xbrl.png\" alt=\"\" width=\"58\" height=\"20\" \/><\/a><\/td>\n<\/tr>\n<tr>\n<td>Relat\u00f3rio de Gest\u00e3o Fiscal &#8211; 1\u00ba quadrimestre 2024<\/td>\n<td class=\"has-text-align-center\">Retificado<\/td>\n<td class=\"has-text-align-center\" data-align=\"center\"><a href=\"https:\/\/itajuba.cam.mg.gov.br\/site\/wp-content\/uploads\/2024\/06\/SICONFI_RGF_5434_QUADRIMESTRAL_1-1.pdf\" target=\"_blank\" rel=\"noopener\"><img loading=\"lazy\" decoding=\"async\" class=\"alignnone wp-image-8185\" src=\"https:\/\/itajuba.cam.mg.gov.br\/site\/wp-content\/uploads\/2023\/11\/bt_pdf.png\" alt=\"\" width=\"54\" height=\"20\" \/><\/a> <a href=\"https:\/\/itajuba.cam.mg.gov.br\/site\/wp-content\/uploads\/2024\/06\/SICONFI_RGF_5434_QUADRIMESTRAL_1-2.xls\" target=\"_blank\" rel=\"noopener\"><img loading=\"lazy\" decoding=\"async\" class=\"alignnone wp-image-8184\" src=\"https:\/\/itajuba.cam.mg.gov.br\/site\/wp-content\/uploads\/2023\/11\/bt_xls.png\" alt=\"\" width=\"54\" height=\"20\" \/><\/a> <a href=\"https:\/\/itajuba.cam.mg.gov.br\/site\/wp-content\/uploads\/2024\/06\/SICONFI_RGF_5434_QUADRIMESTRAL_1-2.zip\" target=\"_blank\" rel=\"noopener\"><img loading=\"lazy\" decoding=\"async\" class=\"alignnone wp-image-8183\" src=\"https:\/\/itajuba.cam.mg.gov.br\/site\/wp-content\/uploads\/2023\/11\/bt_xbrl.png\" alt=\"\" width=\"58\" height=\"20\" \/><\/a><\/td>\n<\/tr>\n<tr>\n<td>Relat\u00f3rio de Gest\u00e3o Fiscal &#8211; 2\u00ba quadrimestre 2023<\/td>\n<td class=\"has-text-align-center\">Homologado<\/td>\n<td class=\"has-text-align-center\" data-align=\"center\"><a href=\"https:\/\/itajuba.cam.mg.gov.br\/site\/wp-content\/uploads\/2025\/03\/SICONFI_RGF_5434_QUADRIMESTRAL_2-1.pdf\" target=\"_blank\" rel=\"noopener\"><img loading=\"lazy\" decoding=\"async\" class=\"alignnone wp-image-8185\" src=\"https:\/\/itajuba.cam.mg.gov.br\/site\/wp-content\/uploads\/2023\/11\/bt_pdf.png\" alt=\"\" width=\"54\" height=\"20\" \/><\/a> <a href=\"https:\/\/itajuba.cam.mg.gov.br\/site\/wp-content\/uploads\/2025\/03\/SICONFI_RGF_5434_QUADRIMESTRAL_2-3.xls\" target=\"_blank\" rel=\"noopener\"><img loading=\"lazy\" decoding=\"async\" class=\"alignnone wp-image-8184\" src=\"https:\/\/itajuba.cam.mg.gov.br\/site\/wp-content\/uploads\/2023\/11\/bt_xls.png\" alt=\"\" width=\"54\" height=\"20\" \/><\/a> <a href=\"https:\/\/itajuba.cam.mg.gov.br\/site\/wp-content\/uploads\/2025\/03\/SICONFI_RGF_5434_QUADRIMESTRAL_2-1.zip\" target=\"_blank\" rel=\"noopener\"><img loading=\"lazy\" decoding=\"async\" class=\"alignnone wp-image-8183\" src=\"https:\/\/itajuba.cam.mg.gov.br\/site\/wp-content\/uploads\/2023\/11\/bt_xbrl.png\" alt=\"\" width=\"58\" height=\"20\" \/><\/a><\/td>\n<\/tr>\n<tr>\n<td>Relat\u00f3rio de Gest\u00e3o Fiscal &#8211; 3\u00ba quadrimestre 2024<\/td>\n<td class=\"has-text-align-center\">Homologado<\/td>\n<td class=\"has-text-align-center\" data-align=\"center\"><a href=\"https:\/\/itajuba.cam.mg.gov.br\/site\/wp-content\/uploads\/2025\/03\/SICONFI_RGF_5434_QUADRIMESTRAL_3-1.pdf\" target=\"_blank\" rel=\"noopener\"><img loading=\"lazy\" decoding=\"async\" class=\"alignnone wp-image-8185\" src=\"https:\/\/itajuba.cam.mg.gov.br\/site\/wp-content\/uploads\/2023\/11\/bt_pdf.png\" alt=\"\" width=\"54\" height=\"20\" \/><\/a> <a href=\"https:\/\/itajuba.cam.mg.gov.br\/site\/wp-content\/uploads\/2025\/03\/SICONFI_RGF_5434_QUADRIMESTRAL_3-1.xls\" target=\"_blank\" rel=\"noopener\"><img loading=\"lazy\" decoding=\"async\" class=\"alignnone wp-image-8184\" src=\"https:\/\/itajuba.cam.mg.gov.br\/site\/wp-content\/uploads\/2023\/11\/bt_xls.png\" alt=\"\" width=\"54\" height=\"20\" \/><\/a> <a href=\"https:\/\/itajuba.cam.mg.gov.br\/site\/wp-content\/uploads\/2025\/03\/SICONFI_RGF_5434_QUADRIMESTRAL_3-2.zip\" target=\"_blank\" rel=\"noopener\"><img loading=\"lazy\" decoding=\"async\" class=\"alignnone wp-image-8183\" src=\"https:\/\/itajuba.cam.mg.gov.br\/site\/wp-content\/uploads\/2023\/11\/bt_xbrl.png\" alt=\"\" width=\"58\" height=\"20\" \/><\/a><\/td>\n<\/tr>\n<tr>\n<td>Relat\u00f3rio de Gest\u00e3o Fiscal &#8211; 1\u00ba quadrimestre 2025<\/td>\n<td class=\"has-text-align-center\">Homologado<\/td>\n<td class=\"has-text-align-center\" data-align=\"center\"><a href=\"https:\/\/itajuba.cam.mg.gov.br\/site\/wp-content\/uploads\/2025\/06\/SICONFI-RGF-1\u00b0-Quadrimestre.pdf\" target=\"_blank\" rel=\"noopener\"><img loading=\"lazy\" decoding=\"async\" class=\"alignnone wp-image-8185\" src=\"https:\/\/itajuba.cam.mg.gov.br\/site\/wp-content\/uploads\/2023\/11\/bt_pdf.png\" alt=\"\" width=\"54\" height=\"20\" \/><\/a> <a href=\"https:\/\/itajuba.cam.mg.gov.br\/site\/wp-content\/uploads\/2025\/06\/SICONFI_RGF_5434_QUADRIMESTRAL_1.xls\"><img loading=\"lazy\" decoding=\"async\" class=\"alignnone wp-image-8184\" src=\"https:\/\/itajuba.cam.mg.gov.br\/site\/wp-content\/uploads\/2023\/11\/bt_xls.png\" alt=\"\" width=\"54\" height=\"20\" \/><\/a> <a href=\"https:\/\/itajuba.cam.mg.gov.br\/site\/wp-content\/uploads\/2025\/06\/SICONFI_RGF_5434_QUADRIMESTRAL_1.zip\"><img loading=\"lazy\" decoding=\"async\" class=\"alignnone wp-image-8183\" src=\"https:\/\/itajuba.cam.mg.gov.br\/site\/wp-content\/uploads\/2023\/11\/bt_xbrl.png\" alt=\"\" width=\"58\" height=\"20\" \/><\/a><\/td>\n<\/tr>\n<tr>\n<td>Relat\u00f3rio de Gest\u00e3o Fiscal &#8211; 2\u00ba quadrimestre 2025<\/td>\n<td class=\"has-text-align-center\">Homologado<\/td>\n<td class=\"has-text-align-center\" data-align=\"center\"><a href=\"https:\/\/itajuba.cam.mg.gov.br\/site\/wp-content\/uploads\/2025\/09\/SICONFI_RGF_5434_QUADRIMESTRAL_2.pdf\" target=\"_blank\" rel=\"noopener\"><img loading=\"lazy\" decoding=\"async\" class=\"alignnone wp-image-8185\" src=\"https:\/\/itajuba.cam.mg.gov.br\/site\/wp-content\/uploads\/2023\/11\/bt_pdf.png\" alt=\"\" width=\"54\" height=\"20\" \/><\/a> <a href=\"https:\/\/itajuba.cam.mg.gov.br\/site\/wp-content\/uploads\/2025\/09\/SICONFI_RGF_5434_QUADRIMESTRAL_2.xls\" target=\"_blank\" rel=\"noopener\"><img loading=\"lazy\" decoding=\"async\" class=\"alignnone wp-image-8184\" src=\"https:\/\/itajuba.cam.mg.gov.br\/site\/wp-content\/uploads\/2023\/11\/bt_xls.png\" alt=\"\" width=\"54\" height=\"20\" \/><\/a> <a href=\"https:\/\/itajuba.cam.mg.gov.br\/site\/wp-content\/uploads\/2025\/09\/SICONFI_RGF_5434_QUADRIMESTRAL_2.zip\" target=\"_blank\" rel=\"noopener\"><img loading=\"lazy\" decoding=\"async\" class=\"alignnone wp-image-8183\" src=\"https:\/\/itajuba.cam.mg.gov.br\/site\/wp-content\/uploads\/2023\/11\/bt_xbrl.png\" alt=\"\" width=\"58\" height=\"20\" \/><\/a><\/td>\n<tr>\n<td>Relat\u00f3rio de Gest\u00e3o Fiscal &#8211; 3\u00ba quadrimestre 2025<\/td>\n<td class=\"has-text-align-center\">Homologado<\/td>\n<td class=\"has-text-align-center\" data-align=\"center\"><a href=\"https:\/\/itajuba.cam.mg.gov.br\/site\/wp-content\/uploads\/2026\/02\/SICONFI_RGF_5434_QUADRIMESTRAL_3.pdf\" target=\"_blank\" rel=\"noopener\"><img loading=\"lazy\" decoding=\"async\" class=\"alignnone wp-image-8185\" src=\"https:\/\/itajuba.cam.mg.gov.br\/site\/wp-content\/uploads\/2023\/11\/bt_pdf.png\" alt=\"\" width=\"54\" height=\"20\" \/><\/a> <a href=\"https:\/\/itajuba.cam.mg.gov.br\/site\/wp-content\/uploads\/2026\/02\/SICONFI_RGF_5434_QUADRIMESTRAL_3.xls\"><img loading=\"lazy\" decoding=\"async\" class=\"alignnone wp-image-8184\" src=\"https:\/\/itajuba.cam.mg.gov.br\/site\/wp-content\/uploads\/2023\/11\/bt_xls.png\" alt=\"\" width=\"54\" height=\"20\" \/><\/a> <a href=\"https:\/\/itajuba.cam.mg.gov.br\/site\/wp-content\/uploads\/2026\/02\/SICONFI_RGF_5434_QUADRIMESTRAL_3.zip\"><img loading=\"lazy\" decoding=\"async\" class=\"alignnone wp-image-8183\" src=\"https:\/\/itajuba.cam.mg.gov.br\/site\/wp-content\/uploads\/2023\/11\/bt_xbrl.png\" alt=\"\" width=\"58\" height=\"20\" \/><\/a><\/td>\n<\/tr>\n<\/tbody>\n<\/table>\t\t\t\t\t\t<\/div>\n\t\t\t\t<\/div>\n\t\t\t\t\t<\/div>\n\t\t<\/div>\n\t\t\t\t\t\t\t<\/div>\n\t\t<\/section>\n\t\t\t\t<section class=\"elementor-section elementor-top-section elementor-element elementor-element-b548457 elementor-section-boxed elementor-section-height-default elementor-section-height-default\" data-id=\"b548457\" data-element_type=\"section\">\n\t\t\t\t\t\t<div class=\"elementor-container elementor-column-gap-default\">\n\t\t\t\t\t<div class=\"elementor-column elementor-col-100 elementor-top-column elementor-element elementor-element-34fd470\" data-id=\"34fd470\" data-element_type=\"column\">\n\t\t\t<div class=\"elementor-widget-wrap\">\n\t\t\t\t\t\t\t\t\t<\/div>\n\t\t<\/div>\n\t\t\t\t\t\t\t<\/div>\n\t\t<\/section>\n\t\t\t\t\t\t\t<\/div>\n\t\t","protected":false},"excerpt":{"rendered":"<p>&nbsp; DECLARA\u00c7\u00c3O ESTADO ATUAL ARQUIVOS Relat\u00f3rio de Gest\u00e3o Fiscal &#8211; 1\u00ba quadrimestre 2023 Retificado Relat\u00f3rio de Gest\u00e3o Fiscal &#8211; 2\u00ba quadrimestre 2023 Retificado Relat\u00f3rio de Gest\u00e3o Fiscal &#8211; 3\u00ba quadrimestre 2023 Homologado Relat\u00f3rio de Gest\u00e3o Fiscal &#8211; 1\u00ba quadrimestre 2024 Retificado Relat\u00f3rio de Gest\u00e3o Fiscal &#8211; 2\u00ba quadrimestre 2023 Homologado Relat\u00f3rio de Gest\u00e3o Fiscal &#8211; [&hellip;]<\/p>\n","protected":false},"author":2,"featured_media":0,"parent":0,"menu_order":0,"comment_status":"closed","ping_status":"closed","template":"","meta":{"footnotes":""},"class_list":["post-8180","page","type-page","status-publish","hentry"],"yoast_head":"<!-- This site is optimized with the Yoast SEO plugin v21.0 - https:\/\/yoast.com\/wordpress\/plugins\/seo\/ -->\n<title>Relat\u00f3rio de Gest\u00e3o Fiscal - C\u00e2mara Municipal de Itajub\u00e1<\/title>\n<meta name=\"robots\" content=\"index, follow, max-snippet:-1, max-image-preview:large, max-video-preview:-1\" \/>\n<link rel=\"canonical\" href=\"https:\/\/itajuba.cam.mg.gov.br\/site\/relatorio-de-gestao-fiscal\/\" \/>\n<meta property=\"og:locale\" content=\"pt_BR\" \/>\n<meta property=\"og:type\" content=\"article\" \/>\n<meta property=\"og:title\" content=\"Relat\u00f3rio de Gest\u00e3o Fiscal - C\u00e2mara Municipal de Itajub\u00e1\" \/>\n<meta property=\"og:description\" content=\"&nbsp; DECLARA\u00c7\u00c3O ESTADO ATUAL ARQUIVOS Relat\u00f3rio de Gest\u00e3o Fiscal &#8211; 1\u00ba quadrimestre 2023 Retificado Relat\u00f3rio de Gest\u00e3o Fiscal &#8211; 2\u00ba quadrimestre 2023 Retificado Relat\u00f3rio de Gest\u00e3o Fiscal &#8211; 3\u00ba quadrimestre 2023 Homologado Relat\u00f3rio de Gest\u00e3o Fiscal &#8211; 1\u00ba quadrimestre 2024 Retificado Relat\u00f3rio de Gest\u00e3o Fiscal &#8211; 2\u00ba quadrimestre 2023 Homologado Relat\u00f3rio de Gest\u00e3o Fiscal &#8211; [&hellip;]\" \/>\n<meta property=\"og:url\" content=\"https:\/\/itajuba.cam.mg.gov.br\/site\/relatorio-de-gestao-fiscal\/\" \/>\n<meta property=\"og:site_name\" content=\"C\u00e2mara Municipal de Itajub\u00e1\" \/>\n<meta property=\"article:publisher\" content=\"https:\/\/www.facebook.com\/camaradeitajubaoficial\" \/>\n<meta property=\"article:modified_time\" content=\"2026-02-12T20:32:53+00:00\" \/>\n<meta property=\"og:image\" content=\"https:\/\/itajuba.cam.mg.gov.br\/site\/wp-content\/uploads\/2023\/11\/bt_pdf.png\" \/>\n<meta name=\"twitter:card\" content=\"summary_large_image\" \/>\n<meta name=\"twitter:label1\" content=\"Est. tempo de leitura\" \/>\n\t<meta name=\"twitter:data1\" content=\"6 minutos\" \/>\n<script type=\"application\/ld+json\" class=\"yoast-schema-graph\">{\"@context\":\"https:\/\/schema.org\",\"@graph\":[{\"@type\":\"WebPage\",\"@id\":\"https:\/\/itajuba.cam.mg.gov.br\/site\/relatorio-de-gestao-fiscal\/\",\"url\":\"https:\/\/itajuba.cam.mg.gov.br\/site\/relatorio-de-gestao-fiscal\/\",\"name\":\"Relat\u00f3rio de Gest\u00e3o Fiscal - C\u00e2mara Municipal de Itajub\u00e1\",\"isPartOf\":{\"@id\":\"https:\/\/itajuba.cam.mg.gov.br\/site\/#website\"},\"datePublished\":\"2023-11-09T19:07:52+00:00\",\"dateModified\":\"2026-02-12T20:32:53+00:00\",\"breadcrumb\":{\"@id\":\"https:\/\/itajuba.cam.mg.gov.br\/site\/relatorio-de-gestao-fiscal\/#breadcrumb\"},\"inLanguage\":\"pt-BR\",\"potentialAction\":[{\"@type\":\"ReadAction\",\"target\":[\"https:\/\/itajuba.cam.mg.gov.br\/site\/relatorio-de-gestao-fiscal\/\"]}]},{\"@type\":\"BreadcrumbList\",\"@id\":\"https:\/\/itajuba.cam.mg.gov.br\/site\/relatorio-de-gestao-fiscal\/#breadcrumb\",\"itemListElement\":[{\"@type\":\"ListItem\",\"position\":1,\"name\":\"In\u00edcio\",\"item\":\"https:\/\/itajuba.cam.mg.gov.br\/site\/\"},{\"@type\":\"ListItem\",\"position\":2,\"name\":\"Relat\u00f3rio de Gest\u00e3o Fiscal\"}]},{\"@type\":\"WebSite\",\"@id\":\"https:\/\/itajuba.cam.mg.gov.br\/site\/#website\",\"url\":\"https:\/\/itajuba.cam.mg.gov.br\/site\/\",\"name\":\"C\u00e2mara Municipal de Itajub\u00e1\",\"description\":\"Efici\u00eancia e Transpar\u00eancia\",\"publisher\":{\"@id\":\"https:\/\/itajuba.cam.mg.gov.br\/site\/#organization\"},\"potentialAction\":[{\"@type\":\"SearchAction\",\"target\":{\"@type\":\"EntryPoint\",\"urlTemplate\":\"https:\/\/itajuba.cam.mg.gov.br\/site\/?s={search_term_string}\"},\"query-input\":\"required name=search_term_string\"}],\"inLanguage\":\"pt-BR\"},{\"@type\":\"Organization\",\"@id\":\"https:\/\/itajuba.cam.mg.gov.br\/site\/#organization\",\"name\":\"C\u00e2mara Municipal de Itajub\u00e1\",\"url\":\"https:\/\/itajuba.cam.mg.gov.br\/site\/\",\"logo\":{\"@type\":\"ImageObject\",\"inLanguage\":\"pt-BR\",\"@id\":\"https:\/\/itajuba.cam.mg.gov.br\/site\/#\/schema\/logo\/image\/\",\"url\":\"https:\/\/itajuba.cam.mg.gov.br\/site\/wp-content\/uploads\/2023\/09\/logo_camara_2024.png\",\"contentUrl\":\"https:\/\/itajuba.cam.mg.gov.br\/site\/wp-content\/uploads\/2023\/09\/logo_camara_2024.png\",\"width\":1000,\"height\":385,\"caption\":\"C\u00e2mara Municipal de Itajub\u00e1\"},\"image\":{\"@id\":\"https:\/\/itajuba.cam.mg.gov.br\/site\/#\/schema\/logo\/image\/\"},\"sameAs\":[\"https:\/\/www.facebook.com\/camaradeitajubaoficial\",\"https:\/\/www.instagram.com\/camaradeitajubaoficial\/\",\"https:\/\/www.youtube.com\/user\/TVCAMARAITAJUBA\"]}]}<\/script>\n<!-- \/ Yoast SEO plugin. -->","yoast_head_json":{"title":"Relat\u00f3rio de Gest\u00e3o Fiscal - C\u00e2mara Municipal de Itajub\u00e1","robots":{"index":"index","follow":"follow","max-snippet":"max-snippet:-1","max-image-preview":"max-image-preview:large","max-video-preview":"max-video-preview:-1"},"canonical":"https:\/\/itajuba.cam.mg.gov.br\/site\/relatorio-de-gestao-fiscal\/","og_locale":"pt_BR","og_type":"article","og_title":"Relat\u00f3rio de Gest\u00e3o Fiscal - C\u00e2mara Municipal de Itajub\u00e1","og_description":"&nbsp; DECLARA\u00c7\u00c3O ESTADO ATUAL ARQUIVOS Relat\u00f3rio de Gest\u00e3o Fiscal &#8211; 1\u00ba quadrimestre 2023 Retificado Relat\u00f3rio de Gest\u00e3o Fiscal &#8211; 2\u00ba quadrimestre 2023 Retificado Relat\u00f3rio de Gest\u00e3o Fiscal &#8211; 3\u00ba quadrimestre 2023 Homologado Relat\u00f3rio de Gest\u00e3o Fiscal &#8211; 1\u00ba quadrimestre 2024 Retificado Relat\u00f3rio de Gest\u00e3o Fiscal &#8211; 2\u00ba quadrimestre 2023 Homologado Relat\u00f3rio de Gest\u00e3o Fiscal &#8211; [&hellip;]","og_url":"https:\/\/itajuba.cam.mg.gov.br\/site\/relatorio-de-gestao-fiscal\/","og_site_name":"C\u00e2mara Municipal de Itajub\u00e1","article_publisher":"https:\/\/www.facebook.com\/camaradeitajubaoficial","article_modified_time":"2026-02-12T20:32:53+00:00","og_image":[{"url":"https:\/\/itajuba.cam.mg.gov.br\/site\/wp-content\/uploads\/2023\/11\/bt_pdf.png"}],"twitter_card":"summary_large_image","twitter_misc":{"Est. tempo de leitura":"6 minutos"},"schema":{"@context":"https:\/\/schema.org","@graph":[{"@type":"WebPage","@id":"https:\/\/itajuba.cam.mg.gov.br\/site\/relatorio-de-gestao-fiscal\/","url":"https:\/\/itajuba.cam.mg.gov.br\/site\/relatorio-de-gestao-fiscal\/","name":"Relat\u00f3rio de Gest\u00e3o Fiscal - C\u00e2mara Municipal de Itajub\u00e1","isPartOf":{"@id":"https:\/\/itajuba.cam.mg.gov.br\/site\/#website"},"datePublished":"2023-11-09T19:07:52+00:00","dateModified":"2026-02-12T20:32:53+00:00","breadcrumb":{"@id":"https:\/\/itajuba.cam.mg.gov.br\/site\/relatorio-de-gestao-fiscal\/#breadcrumb"},"inLanguage":"pt-BR","potentialAction":[{"@type":"ReadAction","target":["https:\/\/itajuba.cam.mg.gov.br\/site\/relatorio-de-gestao-fiscal\/"]}]},{"@type":"BreadcrumbList","@id":"https:\/\/itajuba.cam.mg.gov.br\/site\/relatorio-de-gestao-fiscal\/#breadcrumb","itemListElement":[{"@type":"ListItem","position":1,"name":"In\u00edcio","item":"https:\/\/itajuba.cam.mg.gov.br\/site\/"},{"@type":"ListItem","position":2,"name":"Relat\u00f3rio de Gest\u00e3o Fiscal"}]},{"@type":"WebSite","@id":"https:\/\/itajuba.cam.mg.gov.br\/site\/#website","url":"https:\/\/itajuba.cam.mg.gov.br\/site\/","name":"C\u00e2mara Municipal de Itajub\u00e1","description":"Efici\u00eancia e Transpar\u00eancia","publisher":{"@id":"https:\/\/itajuba.cam.mg.gov.br\/site\/#organization"},"potentialAction":[{"@type":"SearchAction","target":{"@type":"EntryPoint","urlTemplate":"https:\/\/itajuba.cam.mg.gov.br\/site\/?s={search_term_string}"},"query-input":"required name=search_term_string"}],"inLanguage":"pt-BR"},{"@type":"Organization","@id":"https:\/\/itajuba.cam.mg.gov.br\/site\/#organization","name":"C\u00e2mara Municipal de Itajub\u00e1","url":"https:\/\/itajuba.cam.mg.gov.br\/site\/","logo":{"@type":"ImageObject","inLanguage":"pt-BR","@id":"https:\/\/itajuba.cam.mg.gov.br\/site\/#\/schema\/logo\/image\/","url":"https:\/\/itajuba.cam.mg.gov.br\/site\/wp-content\/uploads\/2023\/09\/logo_camara_2024.png","contentUrl":"https:\/\/itajuba.cam.mg.gov.br\/site\/wp-content\/uploads\/2023\/09\/logo_camara_2024.png","width":1000,"height":385,"caption":"C\u00e2mara Municipal de Itajub\u00e1"},"image":{"@id":"https:\/\/itajuba.cam.mg.gov.br\/site\/#\/schema\/logo\/image\/"},"sameAs":["https:\/\/www.facebook.com\/camaradeitajubaoficial","https:\/\/www.instagram.com\/camaradeitajubaoficial\/","https:\/\/www.youtube.com\/user\/TVCAMARAITAJUBA"]}]}},"_links":{"self":[{"href":"https:\/\/itajuba.cam.mg.gov.br\/site\/wp-json\/wp\/v2\/pages\/8180","targetHints":{"allow":["GET"]}}],"collection":[{"href":"https:\/\/itajuba.cam.mg.gov.br\/site\/wp-json\/wp\/v2\/pages"}],"about":[{"href":"https:\/\/itajuba.cam.mg.gov.br\/site\/wp-json\/wp\/v2\/types\/page"}],"author":[{"embeddable":true,"href":"https:\/\/itajuba.cam.mg.gov.br\/site\/wp-json\/wp\/v2\/users\/2"}],"replies":[{"embeddable":true,"href":"https:\/\/itajuba.cam.mg.gov.br\/site\/wp-json\/wp\/v2\/comments?post=8180"}],"version-history":[{"count":34,"href":"https:\/\/itajuba.cam.mg.gov.br\/site\/wp-json\/wp\/v2\/pages\/8180\/revisions"}],"predecessor-version":[{"id":17534,"href":"https:\/\/itajuba.cam.mg.gov.br\/site\/wp-json\/wp\/v2\/pages\/8180\/revisions\/17534"}],"wp:attachment":[{"href":"https:\/\/itajuba.cam.mg.gov.br\/site\/wp-json\/wp\/v2\/media?parent=8180"}],"curies":[{"name":"wp","href":"https:\/\/api.w.org\/{rel}","templated":true}]}}