{"id":8281,"date":"2023-11-13T15:11:08","date_gmt":"2023-11-13T15:11:08","guid":{"rendered":"https:\/\/itajuba.cam.mg.gov.br\/site\/?page_id=8281"},"modified":"2023-11-13T15:14:53","modified_gmt":"2023-11-13T15:14:53","slug":"antonio-raimundo-santi","status":"publish","type":"page","link":"https:\/\/itajuba.cam.mg.gov.br\/site\/antonio-raimundo-santi\/","title":{"rendered":"Ant\u00f4nio Raimundo Santi"},"content":{"rendered":"\t\t<div data-elementor-type=\"wp-page\" data-elementor-id=\"8281\" class=\"elementor elementor-8281\" data-elementor-post-type=\"page\">\n\t\t\t\t\t\t\t\t\t<section class=\"elementor-section elementor-top-section elementor-element elementor-element-3ff42e5 elementor-section-boxed elementor-section-height-default elementor-section-height-default\" data-id=\"3ff42e5\" data-element_type=\"section\">\n\t\t\t\t\t\t<div class=\"elementor-container elementor-column-gap-default\">\n\t\t\t\t\t<div class=\"elementor-column elementor-col-100 elementor-top-column elementor-element elementor-element-2ced71b\" data-id=\"2ced71b\" data-element_type=\"column\">\n\t\t\t<div class=\"elementor-widget-wrap elementor-element-populated\">\n\t\t\t\t\t\t\t\t<div class=\"elementor-element elementor-element-3f98e9f elementor-widget elementor-widget-image\" data-id=\"3f98e9f\" data-element_type=\"widget\" data-widget_type=\"image.default\">\n\t\t\t\t<div class=\"elementor-widget-container\">\n\t\t\t<style>\/*! elementor - v3.16.0 - 13-09-2023 *\/\n.elementor-widget-image{text-align:center}.elementor-widget-image a{display:inline-block}.elementor-widget-image a img[src$=\".svg\"]{width:48px}.elementor-widget-image img{vertical-align:middle;display:inline-block}<\/style>\t\t\t\t\t\t\t\t\t\t\t\t<img loading=\"lazy\" decoding=\"async\" width=\"226\" height=\"300\" src=\"https:\/\/itajuba.cam.mg.gov.br\/site\/wp-content\/uploads\/2023\/10\/36-ANTONIO-RAIMUNDO-SANTI-2011-2012-2015-2016-226x300.jpg\" class=\"attachment-medium size-medium wp-image-6447\" alt=\"\" srcset=\"https:\/\/itajuba.cam.mg.gov.br\/site\/wp-content\/uploads\/2023\/10\/36-ANTONIO-RAIMUNDO-SANTI-2011-2012-2015-2016-226x300.jpg 226w, https:\/\/itajuba.cam.mg.gov.br\/site\/wp-content\/uploads\/2023\/10\/36-ANTONIO-RAIMUNDO-SANTI-2011-2012-2015-2016.jpg 549w\" sizes=\"auto, (max-width: 226px) 100vw, 226px\" \/>\t\t\t\t\t\t\t\t\t\t\t\t\t\t\t<\/div>\n\t\t\t\t<\/div>\n\t\t\t\t\t<\/div>\n\t\t<\/div>\n\t\t\t\t\t\t\t<\/div>\n\t\t<\/section>\n\t\t\t\t<section class=\"elementor-section elementor-top-section elementor-element elementor-element-d98272e elementor-section-boxed elementor-section-height-default elementor-section-height-default\" data-id=\"d98272e\" data-element_type=\"section\">\n\t\t\t\t\t\t<div class=\"elementor-container elementor-column-gap-default\">\n\t\t\t\t\t<div class=\"elementor-column elementor-col-100 elementor-top-column elementor-element elementor-element-9ea790c\" data-id=\"9ea790c\" data-element_type=\"column\">\n\t\t\t<div class=\"elementor-widget-wrap elementor-element-populated\">\n\t\t\t\t\t\t\t\t<div class=\"elementor-element elementor-element-f172892 elementor-widget elementor-widget-text-editor\" data-id=\"f172892\" data-element_type=\"widget\" data-widget_type=\"text-editor.default\">\n\t\t\t\t<div class=\"elementor-widget-container\">\n\t\t\t<style>\/*! elementor - v3.16.0 - 13-09-2023 *\/\n.elementor-widget-text-editor.elementor-drop-cap-view-stacked .elementor-drop-cap{background-color:#69727d;color:#fff}.elementor-widget-text-editor.elementor-drop-cap-view-framed .elementor-drop-cap{color:#69727d;border:3px solid;background-color:transparent}.elementor-widget-text-editor:not(.elementor-drop-cap-view-default) .elementor-drop-cap{margin-top:8px}.elementor-widget-text-editor:not(.elementor-drop-cap-view-default) .elementor-drop-cap-letter{width:1em;height:1em}.elementor-widget-text-editor .elementor-drop-cap{float:left;text-align:center;line-height:1;font-size:50px}.elementor-widget-text-editor .elementor-drop-cap-letter{display:inline-block}<\/style>\t\t\t\t<p>Ant\u00f4nio Raimundo Santi nasceu em Itajub\u00e1, em 1952. \u00c9 filho de Miguel Santi e L\u00eddia\u00a0Correa L\u00edneo Santi.<br \/>Formou-se em engenharia el\u00e9trica pela Universidade Federal de Itajub\u00e1, a Unifei, e\u00a0desde ent\u00e3o exerceu a fun\u00e7\u00e3o durante muitos anos na Companhia Energ\u00e9tica de Minas<br \/>Gerais, a CEMIG, al\u00e9m de ter atuado em algumas institui\u00e7\u00f5es de ensino enquanto\u00a0docente. Por conta de seu trabalho exercido em diversas cidades do estado de Minas<br \/>Gerais, recebeu homenagens diversas de institui\u00e7\u00f5es renomadas do qual teve contato,\u00a0dentre elas o Certificado Amigo da Natureza, atrav\u00e9s da Associa\u00e7\u00e3o dos Catadores<br \/>Itajubense de materiais recicl\u00e1veis (ACIMAR); e o Certificado Amigo do Meio\u00a0Ambiente, atrav\u00e9s do Conselho Municipal de Conserva\u00e7\u00e3o, Defesa e Desenvolvimento<br \/>do Meio Ambiente (CODEMA).<\/p><p>Foi presidente da Associa\u00e7\u00e3o dos Amigos do Bairro Morro Chic, presidente por dois mandatos do Itajub\u00e1 Country Club, por um mandato do Clube Itajubense e do Conselho Municipal de Assist\u00eancia Social.<br \/><br \/>Exerceu a fun\u00e7\u00e3o de vereador em Itajub\u00e1 por tr\u00eas mandatos, nas legislaturas de 2009-2012, 2013-2016, e 2017-2020.<br \/><br \/>Ant\u00f4nio Raimundo Santi tamb\u00e9m ocupou a cadeira de\u00a0Presidente da C\u00e2mara Municipal de Itajub\u00e1 por duas vezes, nos bi\u00eanios 2011-2012 e\u00a02015-2016. Foi tamb\u00e9m candidato a vice-prefeito nas elei\u00e7\u00f5es municipais de 2020.<\/p>\t\t\t\t\t\t<\/div>\n\t\t\t\t<\/div>\n\t\t\t\t\t<\/div>\n\t\t<\/div>\n\t\t\t\t\t\t\t<\/div>\n\t\t<\/section>\n\t\t\t\t<section class=\"elementor-section elementor-top-section elementor-element elementor-element-6e10b37 elementor-section-boxed elementor-section-height-default elementor-section-height-default\" data-id=\"6e10b37\" data-element_type=\"section\">\n\t\t\t\t\t\t<div class=\"elementor-container elementor-column-gap-default\">\n\t\t\t\t\t<div class=\"elementor-column elementor-col-100 elementor-top-column elementor-element elementor-element-44128f8\" data-id=\"44128f8\" data-element_type=\"column\">\n\t\t\t<div class=\"elementor-widget-wrap elementor-element-populated\">\n\t\t\t\t\t\t\t\t<div class=\"elementor-element elementor-element-aeeccdf elementor-widget elementor-widget-button\" data-id=\"aeeccdf\" data-element_type=\"widget\" data-widget_type=\"button.default\">\n\t\t\t\t<div class=\"elementor-widget-container\">\n\t\t\t\t\t<div class=\"elementor-button-wrapper\">\n\t\t\t<a class=\"elementor-button elementor-button-link elementor-size-sm elementor-animation-shrink\" href=\"https:\/\/itajuba.cam.mg.gov.br\/site\/presidentes\/\">\n\t\t\t\t\t\t<span class=\"elementor-button-content-wrapper\">\n\t\t\t\t\t\t<span class=\"elementor-button-text\">Retornar<\/span>\n\t\t<\/span>\n\t\t\t\t\t<\/a>\n\t\t<\/div>\n\t\t\t\t<\/div>\n\t\t\t\t<\/div>\n\t\t\t\t\t<\/div>\n\t\t<\/div>\n\t\t\t\t\t\t\t<\/div>\n\t\t<\/section>\n\t\t\t\t\t\t\t<\/div>\n\t\t","protected":false},"excerpt":{"rendered":"<p>Ant\u00f4nio Raimundo Santi nasceu em Itajub\u00e1, em 1952. \u00c9 filho de Miguel Santi e L\u00eddia\u00a0Correa L\u00edneo Santi.Formou-se em engenharia el\u00e9trica pela Universidade Federal de Itajub\u00e1, a Unifei, e\u00a0desde ent\u00e3o exerceu a fun\u00e7\u00e3o durante muitos anos na Companhia Energ\u00e9tica de MinasGerais, a CEMIG, al\u00e9m de ter atuado em algumas institui\u00e7\u00f5es de ensino enquanto\u00a0docente. Por conta de [&hellip;]<\/p>\n","protected":false},"author":2,"featured_media":0,"parent":0,"menu_order":0,"comment_status":"closed","ping_status":"closed","template":"","meta":{"footnotes":""},"class_list":["post-8281","page","type-page","status-publish","hentry"],"yoast_head":"<!-- This site is optimized with the Yoast SEO plugin v21.0 - https:\/\/yoast.com\/wordpress\/plugins\/seo\/ -->\n<title>Ant\u00f4nio Raimundo Santi - C\u00e2mara Municipal de Itajub\u00e1<\/title>\n<meta name=\"robots\" content=\"index, follow, max-snippet:-1, max-image-preview:large, max-video-preview:-1\" \/>\n<link rel=\"canonical\" href=\"https:\/\/itajuba.cam.mg.gov.br\/site\/antonio-raimundo-santi\/\" \/>\n<meta property=\"og:locale\" content=\"pt_BR\" \/>\n<meta property=\"og:type\" content=\"article\" \/>\n<meta property=\"og:title\" content=\"Ant\u00f4nio Raimundo Santi - C\u00e2mara Municipal de Itajub\u00e1\" \/>\n<meta property=\"og:description\" content=\"Ant\u00f4nio Raimundo Santi nasceu em Itajub\u00e1, em 1952. \u00c9 filho de Miguel Santi e L\u00eddia\u00a0Correa L\u00edneo Santi.Formou-se em engenharia el\u00e9trica pela Universidade Federal de Itajub\u00e1, a Unifei, e\u00a0desde ent\u00e3o exerceu a fun\u00e7\u00e3o durante muitos anos na Companhia Energ\u00e9tica de MinasGerais, a CEMIG, al\u00e9m de ter atuado em algumas institui\u00e7\u00f5es de ensino enquanto\u00a0docente. Por conta de [&hellip;]\" \/>\n<meta property=\"og:url\" content=\"https:\/\/itajuba.cam.mg.gov.br\/site\/antonio-raimundo-santi\/\" \/>\n<meta property=\"og:site_name\" content=\"C\u00e2mara Municipal de Itajub\u00e1\" \/>\n<meta property=\"article:publisher\" content=\"https:\/\/www.facebook.com\/camaradeitajubaoficial\" \/>\n<meta property=\"article:modified_time\" content=\"2023-11-13T15:14:53+00:00\" \/>\n<meta property=\"og:image\" content=\"https:\/\/itajuba.cam.mg.gov.br\/site\/wp-content\/uploads\/2023\/10\/36-ANTONIO-RAIMUNDO-SANTI-2011-2012-2015-2016-226x300.jpg\" \/>\n<meta name=\"twitter:card\" content=\"summary_large_image\" \/>\n<meta name=\"twitter:label1\" content=\"Est. tempo de leitura\" \/>\n\t<meta name=\"twitter:data1\" content=\"2 minutos\" \/>\n<script type=\"application\/ld+json\" class=\"yoast-schema-graph\">{\"@context\":\"https:\/\/schema.org\",\"@graph\":[{\"@type\":\"WebPage\",\"@id\":\"https:\/\/itajuba.cam.mg.gov.br\/site\/antonio-raimundo-santi\/\",\"url\":\"https:\/\/itajuba.cam.mg.gov.br\/site\/antonio-raimundo-santi\/\",\"name\":\"Ant\u00f4nio Raimundo Santi - C\u00e2mara Municipal de Itajub\u00e1\",\"isPartOf\":{\"@id\":\"https:\/\/itajuba.cam.mg.gov.br\/site\/#website\"},\"datePublished\":\"2023-11-13T15:11:08+00:00\",\"dateModified\":\"2023-11-13T15:14:53+00:00\",\"breadcrumb\":{\"@id\":\"https:\/\/itajuba.cam.mg.gov.br\/site\/antonio-raimundo-santi\/#breadcrumb\"},\"inLanguage\":\"pt-BR\",\"potentialAction\":[{\"@type\":\"ReadAction\",\"target\":[\"https:\/\/itajuba.cam.mg.gov.br\/site\/antonio-raimundo-santi\/\"]}]},{\"@type\":\"BreadcrumbList\",\"@id\":\"https:\/\/itajuba.cam.mg.gov.br\/site\/antonio-raimundo-santi\/#breadcrumb\",\"itemListElement\":[{\"@type\":\"ListItem\",\"position\":1,\"name\":\"In\u00edcio\",\"item\":\"https:\/\/itajuba.cam.mg.gov.br\/site\/\"},{\"@type\":\"ListItem\",\"position\":2,\"name\":\"Ant\u00f4nio Raimundo Santi\"}]},{\"@type\":\"WebSite\",\"@id\":\"https:\/\/itajuba.cam.mg.gov.br\/site\/#website\",\"url\":\"https:\/\/itajuba.cam.mg.gov.br\/site\/\",\"name\":\"C\u00e2mara Municipal de Itajub\u00e1\",\"description\":\"Efici\u00eancia e Transpar\u00eancia\",\"publisher\":{\"@id\":\"https:\/\/itajuba.cam.mg.gov.br\/site\/#organization\"},\"potentialAction\":[{\"@type\":\"SearchAction\",\"target\":{\"@type\":\"EntryPoint\",\"urlTemplate\":\"https:\/\/itajuba.cam.mg.gov.br\/site\/?s={search_term_string}\"},\"query-input\":\"required name=search_term_string\"}],\"inLanguage\":\"pt-BR\"},{\"@type\":\"Organization\",\"@id\":\"https:\/\/itajuba.cam.mg.gov.br\/site\/#organization\",\"name\":\"C\u00e2mara Municipal de Itajub\u00e1\",\"url\":\"https:\/\/itajuba.cam.mg.gov.br\/site\/\",\"logo\":{\"@type\":\"ImageObject\",\"inLanguage\":\"pt-BR\",\"@id\":\"https:\/\/itajuba.cam.mg.gov.br\/site\/#\/schema\/logo\/image\/\",\"url\":\"https:\/\/itajuba.cam.mg.gov.br\/site\/wp-content\/uploads\/2023\/09\/logo_camara_2024.png\",\"contentUrl\":\"https:\/\/itajuba.cam.mg.gov.br\/site\/wp-content\/uploads\/2023\/09\/logo_camara_2024.png\",\"width\":1000,\"height\":385,\"caption\":\"C\u00e2mara Municipal de Itajub\u00e1\"},\"image\":{\"@id\":\"https:\/\/itajuba.cam.mg.gov.br\/site\/#\/schema\/logo\/image\/\"},\"sameAs\":[\"https:\/\/www.facebook.com\/camaradeitajubaoficial\",\"https:\/\/www.instagram.com\/camaradeitajubaoficial\/\",\"https:\/\/www.youtube.com\/user\/TVCAMARAITAJUBA\"]}]}<\/script>\n<!-- \/ Yoast SEO plugin. -->","yoast_head_json":{"title":"Ant\u00f4nio Raimundo Santi - C\u00e2mara Municipal de Itajub\u00e1","robots":{"index":"index","follow":"follow","max-snippet":"max-snippet:-1","max-image-preview":"max-image-preview:large","max-video-preview":"max-video-preview:-1"},"canonical":"https:\/\/itajuba.cam.mg.gov.br\/site\/antonio-raimundo-santi\/","og_locale":"pt_BR","og_type":"article","og_title":"Ant\u00f4nio Raimundo Santi - C\u00e2mara Municipal de Itajub\u00e1","og_description":"Ant\u00f4nio Raimundo Santi nasceu em Itajub\u00e1, em 1952. \u00c9 filho de Miguel Santi e L\u00eddia\u00a0Correa L\u00edneo Santi.Formou-se em engenharia el\u00e9trica pela Universidade Federal de Itajub\u00e1, a Unifei, e\u00a0desde ent\u00e3o exerceu a fun\u00e7\u00e3o durante muitos anos na Companhia Energ\u00e9tica de MinasGerais, a CEMIG, al\u00e9m de ter atuado em algumas institui\u00e7\u00f5es de ensino enquanto\u00a0docente. Por conta de [&hellip;]","og_url":"https:\/\/itajuba.cam.mg.gov.br\/site\/antonio-raimundo-santi\/","og_site_name":"C\u00e2mara Municipal de Itajub\u00e1","article_publisher":"https:\/\/www.facebook.com\/camaradeitajubaoficial","article_modified_time":"2023-11-13T15:14:53+00:00","og_image":[{"url":"https:\/\/itajuba.cam.mg.gov.br\/site\/wp-content\/uploads\/2023\/10\/36-ANTONIO-RAIMUNDO-SANTI-2011-2012-2015-2016-226x300.jpg"}],"twitter_card":"summary_large_image","twitter_misc":{"Est. tempo de leitura":"2 minutos"},"schema":{"@context":"https:\/\/schema.org","@graph":[{"@type":"WebPage","@id":"https:\/\/itajuba.cam.mg.gov.br\/site\/antonio-raimundo-santi\/","url":"https:\/\/itajuba.cam.mg.gov.br\/site\/antonio-raimundo-santi\/","name":"Ant\u00f4nio Raimundo Santi - C\u00e2mara Municipal de Itajub\u00e1","isPartOf":{"@id":"https:\/\/itajuba.cam.mg.gov.br\/site\/#website"},"datePublished":"2023-11-13T15:11:08+00:00","dateModified":"2023-11-13T15:14:53+00:00","breadcrumb":{"@id":"https:\/\/itajuba.cam.mg.gov.br\/site\/antonio-raimundo-santi\/#breadcrumb"},"inLanguage":"pt-BR","potentialAction":[{"@type":"ReadAction","target":["https:\/\/itajuba.cam.mg.gov.br\/site\/antonio-raimundo-santi\/"]}]},{"@type":"BreadcrumbList","@id":"https:\/\/itajuba.cam.mg.gov.br\/site\/antonio-raimundo-santi\/#breadcrumb","itemListElement":[{"@type":"ListItem","position":1,"name":"In\u00edcio","item":"https:\/\/itajuba.cam.mg.gov.br\/site\/"},{"@type":"ListItem","position":2,"name":"Ant\u00f4nio Raimundo Santi"}]},{"@type":"WebSite","@id":"https:\/\/itajuba.cam.mg.gov.br\/site\/#website","url":"https:\/\/itajuba.cam.mg.gov.br\/site\/","name":"C\u00e2mara Municipal de Itajub\u00e1","description":"Efici\u00eancia e Transpar\u00eancia","publisher":{"@id":"https:\/\/itajuba.cam.mg.gov.br\/site\/#organization"},"potentialAction":[{"@type":"SearchAction","target":{"@type":"EntryPoint","urlTemplate":"https:\/\/itajuba.cam.mg.gov.br\/site\/?s={search_term_string}"},"query-input":"required name=search_term_string"}],"inLanguage":"pt-BR"},{"@type":"Organization","@id":"https:\/\/itajuba.cam.mg.gov.br\/site\/#organization","name":"C\u00e2mara Municipal de Itajub\u00e1","url":"https:\/\/itajuba.cam.mg.gov.br\/site\/","logo":{"@type":"ImageObject","inLanguage":"pt-BR","@id":"https:\/\/itajuba.cam.mg.gov.br\/site\/#\/schema\/logo\/image\/","url":"https:\/\/itajuba.cam.mg.gov.br\/site\/wp-content\/uploads\/2023\/09\/logo_camara_2024.png","contentUrl":"https:\/\/itajuba.cam.mg.gov.br\/site\/wp-content\/uploads\/2023\/09\/logo_camara_2024.png","width":1000,"height":385,"caption":"C\u00e2mara Municipal de Itajub\u00e1"},"image":{"@id":"https:\/\/itajuba.cam.mg.gov.br\/site\/#\/schema\/logo\/image\/"},"sameAs":["https:\/\/www.facebook.com\/camaradeitajubaoficial","https:\/\/www.instagram.com\/camaradeitajubaoficial\/","https:\/\/www.youtube.com\/user\/TVCAMARAITAJUBA"]}]}},"_links":{"self":[{"href":"https:\/\/itajuba.cam.mg.gov.br\/site\/wp-json\/wp\/v2\/pages\/8281","targetHints":{"allow":["GET"]}}],"collection":[{"href":"https:\/\/itajuba.cam.mg.gov.br\/site\/wp-json\/wp\/v2\/pages"}],"about":[{"href":"https:\/\/itajuba.cam.mg.gov.br\/site\/wp-json\/wp\/v2\/types\/page"}],"author":[{"embeddable":true,"href":"https:\/\/itajuba.cam.mg.gov.br\/site\/wp-json\/wp\/v2\/users\/2"}],"replies":[{"embeddable":true,"href":"https:\/\/itajuba.cam.mg.gov.br\/site\/wp-json\/wp\/v2\/comments?post=8281"}],"version-history":[{"count":3,"href":"https:\/\/itajuba.cam.mg.gov.br\/site\/wp-json\/wp\/v2\/pages\/8281\/revisions"}],"predecessor-version":[{"id":8284,"href":"https:\/\/itajuba.cam.mg.gov.br\/site\/wp-json\/wp\/v2\/pages\/8281\/revisions\/8284"}],"wp:attachment":[{"href":"https:\/\/itajuba.cam.mg.gov.br\/site\/wp-json\/wp\/v2\/media?parent=8281"}],"curies":[{"name":"wp","href":"https:\/\/api.w.org\/{rel}","templated":true}]}}