{"id":8866,"date":"2023-11-22T20:48:52","date_gmt":"2023-11-22T20:48:52","guid":{"rendered":"https:\/\/itajuba.cam.mg.gov.br\/site\/?page_id=8866"},"modified":"2024-01-19T17:07:13","modified_gmt":"2024-01-19T17:07:13","slug":"dra-marcia-elizabeth-g-c-nogueira","status":"publish","type":"page","link":"https:\/\/itajuba.cam.mg.gov.br\/site\/dra-marcia-elizabeth-g-c-nogueira\/","title":{"rendered":"Dra. Marcia Elizabeth G. C. Nogueira"},"content":{"rendered":"\t\t<div data-elementor-type=\"wp-page\" data-elementor-id=\"8866\" class=\"elementor elementor-8866\" data-elementor-post-type=\"page\">\n\t\t\t\t\t\t\t\t\t<section class=\"elementor-section elementor-top-section elementor-element elementor-element-f1e3b7e elementor-section-boxed elementor-section-height-default elementor-section-height-default\" data-id=\"f1e3b7e\" data-element_type=\"section\">\n\t\t\t\t\t\t<div class=\"elementor-container elementor-column-gap-default\">\n\t\t\t\t\t<div class=\"elementor-column elementor-col-100 elementor-top-column elementor-element elementor-element-49aa69d\" data-id=\"49aa69d\" data-element_type=\"column\">\n\t\t\t<div class=\"elementor-widget-wrap elementor-element-populated\">\n\t\t\t\t\t\t\t\t<div class=\"elementor-element elementor-element-d1ce09c elementor-widget elementor-widget-text-editor\" data-id=\"d1ce09c\" data-element_type=\"widget\" data-widget_type=\"text-editor.default\">\n\t\t\t\t<div class=\"elementor-widget-container\">\n\t\t\t<style>\/*! elementor - v3.16.0 - 13-09-2023 *\/\n.elementor-widget-text-editor.elementor-drop-cap-view-stacked .elementor-drop-cap{background-color:#69727d;color:#fff}.elementor-widget-text-editor.elementor-drop-cap-view-framed .elementor-drop-cap{color:#69727d;border:3px solid;background-color:transparent}.elementor-widget-text-editor:not(.elementor-drop-cap-view-default) .elementor-drop-cap{margin-top:8px}.elementor-widget-text-editor:not(.elementor-drop-cap-view-default) .elementor-drop-cap-letter{width:1em;height:1em}.elementor-widget-text-editor .elementor-drop-cap{float:left;text-align:center;line-height:1;font-size:50px}.elementor-widget-text-editor .elementor-drop-cap-letter{display:inline-block}<\/style>\t\t\t\t<p><img loading=\"lazy\" decoding=\"async\" class=\"size-medium wp-image-6460 aligncenter\" src=\"https:\/\/itajuba.cam.mg.gov.br\/site\/wp-content\/uploads\/2023\/10\/23-DRA.-MARCIA-ELIZABETH-G.-C.-NOGUEIRA-1978-1979-226x300.jpg\" alt=\"\" width=\"226\" height=\"300\" srcset=\"https:\/\/itajuba.cam.mg.gov.br\/site\/wp-content\/uploads\/2023\/10\/23-DRA.-MARCIA-ELIZABETH-G.-C.-NOGUEIRA-1978-1979-226x300.jpg 226w, https:\/\/itajuba.cam.mg.gov.br\/site\/wp-content\/uploads\/2023\/10\/23-DRA.-MARCIA-ELIZABETH-G.-C.-NOGUEIRA-1978-1979.jpg 549w\" sizes=\"auto, (max-width: 226px) 100vw, 226px\" \/><\/p><p>M\u00e1rcia Elizabeth Gon\u00e7alves Corr\u00eaa Nogueira nasceu em 06 de setembro de 1942, na cidade de Maria da F\u00e9, em Minas Gerais. Filha de Jo\u00e3o Corr\u00eaa Pinto e Ana Gon\u00e7alves Corr\u00eaa. Foi casada com o advogado Dr. Jansen Pinto Nogueira, ex-Presidente da C\u00e2mara Municipal de Itajub\u00e1 e militante Comarca do Munic\u00edpio. M\u00e1rcia tem dois filhos e tr\u00eas netos.<\/p><p>M\u00e1rcia Elizabeth estudou nas cidades de Maria da F\u00e9, Itajub\u00e1 e Bras\u00f3polis, onde concluiu seu magist\u00e9rio. Em 1970, ela se formou em Direito pela Faculdade de Direito do Sul de Minas, em Pouso Alegre.<\/p><p>Iniciou sua carreira pol\u00edtica como vereadora em Itajub\u00e1, sendo eleita por dois mandatos, de 1977 a 1982 e de 1983 a 1988. Fato marcante para a hist\u00f3ria da cidade, Dra. M\u00e1rcia Elizabeth foi a primeira e \u00fanica mulher eleita Presidente da C\u00e2mara Municipal de Itajub\u00e1, ocupando o cargo em 1978. Atuou tamb\u00e9m como 1\u00aa Secret\u00e1ria nos dois mandatos como vereadora.<\/p><p>Al\u00e9m de sua carreira pol\u00edtica, Dra. M\u00e1rcia tamb\u00e9m se dedicou a outras atividades. Ela foi a primeira Defensora P\u00fablica em Itajub\u00e1, tendo ocupado esse cargo de 1978 a 1994. Durante sua atua\u00e7\u00e3o como Presidente da C\u00e2mara, foi uma das respons\u00e1veis por conseguir a cria\u00e7\u00e3o do Escrit\u00f3rio da Defensoria P\u00fablica em Itajub\u00e1.<\/p><p>Ela tamb\u00e9m foi membro da Comiss\u00e3o Especial para a cria\u00e7\u00e3o da APAE em Itajub\u00e1, sendo sua primeira Secret\u00e1ria em 1969. Dra. M\u00e1rcia fez parte da Comiss\u00e3o de Constru\u00e7\u00e3o do Lar do Provid\u00eancia e foi a primeira Presidente da Associa\u00e7\u00e3o dos Anjos Volunt\u00e1rios do Hospital Escola de Itajub\u00e1.<\/p><p>Em sua carreira jur\u00eddica, Dra. M\u00e1rcia foi empossada como Procuradora Jur\u00eddica do Munic\u00edpio de Itajub\u00e1 em 1999, na administra\u00e7\u00e3o do prefeito Jos\u00e9 Francisco Marques Ribeiro. Ela tamb\u00e9m foi reconhecida como uma das dez melhores vereadoras do Estado de Minas Gerais em 1978 e recebeu diversos pr\u00eamios e homenagens ao longo de sua trajet\u00f3ria.<\/p><p>Atualmente, Dra. M\u00e1rcia faz parte do Conselho Deliberativo da APAE e continua seu trabalho como advogada militante, al\u00e9m de participar de trabalhos volunt\u00e1rios em entidades assistenciais, civis e religiosas, quando solicitada. Em reconhecimento aos seus servi\u00e7os prestados ao Poder Judici\u00e1rio, ela recebeu a medalha &#8220;Desembargador H\u00e9lio Costa&#8221; do poder Judici\u00e1rio do Estado de Minas Gerais. E em reconhecimento ao se trabalho realizado tanto na \u00e1rea jur\u00eddica como pol\u00edtica, Dra. M\u00e1rcia Elizabeth foi condecorada em 2014 com a Comenda Vereadora Maria de Lourdes Sanches Coelho, em alus\u00e3o ao Dia Internacional da Mulher.<\/p>\t\t\t\t\t\t<\/div>\n\t\t\t\t<\/div>\n\t\t\t\t\t<\/div>\n\t\t<\/div>\n\t\t\t\t\t\t\t<\/div>\n\t\t<\/section>\n\t\t\t\t\t\t\t<\/div>\n\t\t","protected":false},"excerpt":{"rendered":"<p>M\u00e1rcia Elizabeth Gon\u00e7alves Corr\u00eaa Nogueira nasceu em 06 de setembro de 1942, na cidade de Maria da F\u00e9, em Minas Gerais. Filha de Jo\u00e3o Corr\u00eaa Pinto e Ana Gon\u00e7alves Corr\u00eaa. Foi casada com o advogado Dr. Jansen Pinto Nogueira, ex-Presidente da C\u00e2mara Municipal de Itajub\u00e1 e militante Comarca do Munic\u00edpio. M\u00e1rcia tem dois filhos e [&hellip;]<\/p>\n","protected":false},"author":2,"featured_media":0,"parent":0,"menu_order":0,"comment_status":"closed","ping_status":"closed","template":"","meta":{"footnotes":""},"class_list":["post-8866","page","type-page","status-publish","hentry"],"yoast_head":"<!-- This site is optimized with the Yoast SEO plugin v21.0 - https:\/\/yoast.com\/wordpress\/plugins\/seo\/ -->\n<title>Dra. Marcia Elizabeth G. C. Nogueira - C\u00e2mara Municipal de Itajub\u00e1<\/title>\n<meta name=\"robots\" content=\"index, follow, max-snippet:-1, max-image-preview:large, max-video-preview:-1\" \/>\n<link rel=\"canonical\" href=\"https:\/\/itajuba.cam.mg.gov.br\/site\/dra-marcia-elizabeth-g-c-nogueira\/\" \/>\n<meta property=\"og:locale\" content=\"pt_BR\" \/>\n<meta property=\"og:type\" content=\"article\" \/>\n<meta property=\"og:title\" content=\"Dra. Marcia Elizabeth G. C. Nogueira - C\u00e2mara Municipal de Itajub\u00e1\" \/>\n<meta property=\"og:description\" content=\"M\u00e1rcia Elizabeth Gon\u00e7alves Corr\u00eaa Nogueira nasceu em 06 de setembro de 1942, na cidade de Maria da F\u00e9, em Minas Gerais. Filha de Jo\u00e3o Corr\u00eaa Pinto e Ana Gon\u00e7alves Corr\u00eaa. Foi casada com o advogado Dr. Jansen Pinto Nogueira, ex-Presidente da C\u00e2mara Municipal de Itajub\u00e1 e militante Comarca do Munic\u00edpio. M\u00e1rcia tem dois filhos e [&hellip;]\" \/>\n<meta property=\"og:url\" content=\"https:\/\/itajuba.cam.mg.gov.br\/site\/dra-marcia-elizabeth-g-c-nogueira\/\" \/>\n<meta property=\"og:site_name\" content=\"C\u00e2mara Municipal de Itajub\u00e1\" \/>\n<meta property=\"article:publisher\" content=\"https:\/\/www.facebook.com\/camaradeitajubaoficial\" \/>\n<meta property=\"article:modified_time\" content=\"2024-01-19T17:07:13+00:00\" \/>\n<meta property=\"og:image\" content=\"https:\/\/itajuba.cam.mg.gov.br\/site\/wp-content\/uploads\/2023\/10\/23-DRA.-MARCIA-ELIZABETH-G.-C.-NOGUEIRA-1978-1979-226x300.jpg\" \/>\n<meta name=\"twitter:card\" content=\"summary_large_image\" \/>\n<meta name=\"twitter:label1\" content=\"Est. tempo de leitura\" \/>\n\t<meta name=\"twitter:data1\" content=\"3 minutos\" \/>\n<script type=\"application\/ld+json\" class=\"yoast-schema-graph\">{\"@context\":\"https:\/\/schema.org\",\"@graph\":[{\"@type\":\"WebPage\",\"@id\":\"https:\/\/itajuba.cam.mg.gov.br\/site\/dra-marcia-elizabeth-g-c-nogueira\/\",\"url\":\"https:\/\/itajuba.cam.mg.gov.br\/site\/dra-marcia-elizabeth-g-c-nogueira\/\",\"name\":\"Dra. Marcia Elizabeth G. C. Nogueira - C\u00e2mara Municipal de Itajub\u00e1\",\"isPartOf\":{\"@id\":\"https:\/\/itajuba.cam.mg.gov.br\/site\/#website\"},\"datePublished\":\"2023-11-22T20:48:52+00:00\",\"dateModified\":\"2024-01-19T17:07:13+00:00\",\"breadcrumb\":{\"@id\":\"https:\/\/itajuba.cam.mg.gov.br\/site\/dra-marcia-elizabeth-g-c-nogueira\/#breadcrumb\"},\"inLanguage\":\"pt-BR\",\"potentialAction\":[{\"@type\":\"ReadAction\",\"target\":[\"https:\/\/itajuba.cam.mg.gov.br\/site\/dra-marcia-elizabeth-g-c-nogueira\/\"]}]},{\"@type\":\"BreadcrumbList\",\"@id\":\"https:\/\/itajuba.cam.mg.gov.br\/site\/dra-marcia-elizabeth-g-c-nogueira\/#breadcrumb\",\"itemListElement\":[{\"@type\":\"ListItem\",\"position\":1,\"name\":\"In\u00edcio\",\"item\":\"https:\/\/itajuba.cam.mg.gov.br\/site\/\"},{\"@type\":\"ListItem\",\"position\":2,\"name\":\"Dra. Marcia Elizabeth G. C. Nogueira\"}]},{\"@type\":\"WebSite\",\"@id\":\"https:\/\/itajuba.cam.mg.gov.br\/site\/#website\",\"url\":\"https:\/\/itajuba.cam.mg.gov.br\/site\/\",\"name\":\"C\u00e2mara Municipal de Itajub\u00e1\",\"description\":\"Efici\u00eancia e Transpar\u00eancia\",\"publisher\":{\"@id\":\"https:\/\/itajuba.cam.mg.gov.br\/site\/#organization\"},\"potentialAction\":[{\"@type\":\"SearchAction\",\"target\":{\"@type\":\"EntryPoint\",\"urlTemplate\":\"https:\/\/itajuba.cam.mg.gov.br\/site\/?s={search_term_string}\"},\"query-input\":\"required name=search_term_string\"}],\"inLanguage\":\"pt-BR\"},{\"@type\":\"Organization\",\"@id\":\"https:\/\/itajuba.cam.mg.gov.br\/site\/#organization\",\"name\":\"C\u00e2mara Municipal de Itajub\u00e1\",\"url\":\"https:\/\/itajuba.cam.mg.gov.br\/site\/\",\"logo\":{\"@type\":\"ImageObject\",\"inLanguage\":\"pt-BR\",\"@id\":\"https:\/\/itajuba.cam.mg.gov.br\/site\/#\/schema\/logo\/image\/\",\"url\":\"https:\/\/itajuba.cam.mg.gov.br\/site\/wp-content\/uploads\/2023\/09\/logo_camara_2024.png\",\"contentUrl\":\"https:\/\/itajuba.cam.mg.gov.br\/site\/wp-content\/uploads\/2023\/09\/logo_camara_2024.png\",\"width\":1000,\"height\":385,\"caption\":\"C\u00e2mara Municipal de Itajub\u00e1\"},\"image\":{\"@id\":\"https:\/\/itajuba.cam.mg.gov.br\/site\/#\/schema\/logo\/image\/\"},\"sameAs\":[\"https:\/\/www.facebook.com\/camaradeitajubaoficial\",\"https:\/\/www.instagram.com\/camaradeitajubaoficial\/\",\"https:\/\/www.youtube.com\/user\/TVCAMARAITAJUBA\"]}]}<\/script>\n<!-- \/ Yoast SEO plugin. -->","yoast_head_json":{"title":"Dra. Marcia Elizabeth G. C. Nogueira - C\u00e2mara Municipal de Itajub\u00e1","robots":{"index":"index","follow":"follow","max-snippet":"max-snippet:-1","max-image-preview":"max-image-preview:large","max-video-preview":"max-video-preview:-1"},"canonical":"https:\/\/itajuba.cam.mg.gov.br\/site\/dra-marcia-elizabeth-g-c-nogueira\/","og_locale":"pt_BR","og_type":"article","og_title":"Dra. Marcia Elizabeth G. C. Nogueira - C\u00e2mara Municipal de Itajub\u00e1","og_description":"M\u00e1rcia Elizabeth Gon\u00e7alves Corr\u00eaa Nogueira nasceu em 06 de setembro de 1942, na cidade de Maria da F\u00e9, em Minas Gerais. Filha de Jo\u00e3o Corr\u00eaa Pinto e Ana Gon\u00e7alves Corr\u00eaa. Foi casada com o advogado Dr. Jansen Pinto Nogueira, ex-Presidente da C\u00e2mara Municipal de Itajub\u00e1 e militante Comarca do Munic\u00edpio. M\u00e1rcia tem dois filhos e [&hellip;]","og_url":"https:\/\/itajuba.cam.mg.gov.br\/site\/dra-marcia-elizabeth-g-c-nogueira\/","og_site_name":"C\u00e2mara Municipal de Itajub\u00e1","article_publisher":"https:\/\/www.facebook.com\/camaradeitajubaoficial","article_modified_time":"2024-01-19T17:07:13+00:00","og_image":[{"url":"https:\/\/itajuba.cam.mg.gov.br\/site\/wp-content\/uploads\/2023\/10\/23-DRA.-MARCIA-ELIZABETH-G.-C.-NOGUEIRA-1978-1979-226x300.jpg"}],"twitter_card":"summary_large_image","twitter_misc":{"Est. tempo de leitura":"3 minutos"},"schema":{"@context":"https:\/\/schema.org","@graph":[{"@type":"WebPage","@id":"https:\/\/itajuba.cam.mg.gov.br\/site\/dra-marcia-elizabeth-g-c-nogueira\/","url":"https:\/\/itajuba.cam.mg.gov.br\/site\/dra-marcia-elizabeth-g-c-nogueira\/","name":"Dra. Marcia Elizabeth G. C. Nogueira - C\u00e2mara Municipal de Itajub\u00e1","isPartOf":{"@id":"https:\/\/itajuba.cam.mg.gov.br\/site\/#website"},"datePublished":"2023-11-22T20:48:52+00:00","dateModified":"2024-01-19T17:07:13+00:00","breadcrumb":{"@id":"https:\/\/itajuba.cam.mg.gov.br\/site\/dra-marcia-elizabeth-g-c-nogueira\/#breadcrumb"},"inLanguage":"pt-BR","potentialAction":[{"@type":"ReadAction","target":["https:\/\/itajuba.cam.mg.gov.br\/site\/dra-marcia-elizabeth-g-c-nogueira\/"]}]},{"@type":"BreadcrumbList","@id":"https:\/\/itajuba.cam.mg.gov.br\/site\/dra-marcia-elizabeth-g-c-nogueira\/#breadcrumb","itemListElement":[{"@type":"ListItem","position":1,"name":"In\u00edcio","item":"https:\/\/itajuba.cam.mg.gov.br\/site\/"},{"@type":"ListItem","position":2,"name":"Dra. Marcia Elizabeth G. C. Nogueira"}]},{"@type":"WebSite","@id":"https:\/\/itajuba.cam.mg.gov.br\/site\/#website","url":"https:\/\/itajuba.cam.mg.gov.br\/site\/","name":"C\u00e2mara Municipal de Itajub\u00e1","description":"Efici\u00eancia e Transpar\u00eancia","publisher":{"@id":"https:\/\/itajuba.cam.mg.gov.br\/site\/#organization"},"potentialAction":[{"@type":"SearchAction","target":{"@type":"EntryPoint","urlTemplate":"https:\/\/itajuba.cam.mg.gov.br\/site\/?s={search_term_string}"},"query-input":"required name=search_term_string"}],"inLanguage":"pt-BR"},{"@type":"Organization","@id":"https:\/\/itajuba.cam.mg.gov.br\/site\/#organization","name":"C\u00e2mara Municipal de Itajub\u00e1","url":"https:\/\/itajuba.cam.mg.gov.br\/site\/","logo":{"@type":"ImageObject","inLanguage":"pt-BR","@id":"https:\/\/itajuba.cam.mg.gov.br\/site\/#\/schema\/logo\/image\/","url":"https:\/\/itajuba.cam.mg.gov.br\/site\/wp-content\/uploads\/2023\/09\/logo_camara_2024.png","contentUrl":"https:\/\/itajuba.cam.mg.gov.br\/site\/wp-content\/uploads\/2023\/09\/logo_camara_2024.png","width":1000,"height":385,"caption":"C\u00e2mara Municipal de Itajub\u00e1"},"image":{"@id":"https:\/\/itajuba.cam.mg.gov.br\/site\/#\/schema\/logo\/image\/"},"sameAs":["https:\/\/www.facebook.com\/camaradeitajubaoficial","https:\/\/www.instagram.com\/camaradeitajubaoficial\/","https:\/\/www.youtube.com\/user\/TVCAMARAITAJUBA"]}]}},"_links":{"self":[{"href":"https:\/\/itajuba.cam.mg.gov.br\/site\/wp-json\/wp\/v2\/pages\/8866","targetHints":{"allow":["GET"]}}],"collection":[{"href":"https:\/\/itajuba.cam.mg.gov.br\/site\/wp-json\/wp\/v2\/pages"}],"about":[{"href":"https:\/\/itajuba.cam.mg.gov.br\/site\/wp-json\/wp\/v2\/types\/page"}],"author":[{"embeddable":true,"href":"https:\/\/itajuba.cam.mg.gov.br\/site\/wp-json\/wp\/v2\/users\/2"}],"replies":[{"embeddable":true,"href":"https:\/\/itajuba.cam.mg.gov.br\/site\/wp-json\/wp\/v2\/comments?post=8866"}],"version-history":[{"count":6,"href":"https:\/\/itajuba.cam.mg.gov.br\/site\/wp-json\/wp\/v2\/pages\/8866\/revisions"}],"predecessor-version":[{"id":9805,"href":"https:\/\/itajuba.cam.mg.gov.br\/site\/wp-json\/wp\/v2\/pages\/8866\/revisions\/9805"}],"wp:attachment":[{"href":"https:\/\/itajuba.cam.mg.gov.br\/site\/wp-json\/wp\/v2\/media?parent=8866"}],"curies":[{"name":"wp","href":"https:\/\/api.w.org\/{rel}","templated":true}]}}