{"id":9365,"date":"2023-12-12T19:37:19","date_gmt":"2023-12-12T19:37:19","guid":{"rendered":"https:\/\/itajuba.cam.mg.gov.br\/site\/?page_id=9365"},"modified":"2024-03-21T20:15:51","modified_gmt":"2024-03-21T20:15:51","slug":"concurso-publico-2023","status":"publish","type":"page","link":"https:\/\/itajuba.cam.mg.gov.br\/site\/concurso-publico-2023\/","title":{"rendered":"Concurso P\u00fablico 2023"},"content":{"rendered":"\t\t<div data-elementor-type=\"wp-page\" data-elementor-id=\"9365\" class=\"elementor elementor-9365\" data-elementor-post-type=\"page\">\n\t\t\t\t\t\t\t\t\t<section class=\"elementor-section elementor-top-section elementor-element elementor-element-b0fd012 elementor-section-boxed elementor-section-height-default elementor-section-height-default\" data-id=\"b0fd012\" data-element_type=\"section\">\n\t\t\t\t\t\t<div class=\"elementor-container elementor-column-gap-default\">\n\t\t\t\t\t<div class=\"elementor-column elementor-col-100 elementor-top-column elementor-element elementor-element-2c9c4230\" data-id=\"2c9c4230\" data-element_type=\"column\">\n\t\t\t<div class=\"elementor-widget-wrap elementor-element-populated\">\n\t\t\t\t\t\t\t\t<div class=\"elementor-element elementor-element-c55e0c3 elementor-widget__width-initial elementor-widget elementor-widget-text-editor\" data-id=\"c55e0c3\" data-element_type=\"widget\" data-widget_type=\"text-editor.default\">\n\t\t\t\t<div class=\"elementor-widget-container\">\n\t\t\t<style>\/*! elementor - v3.16.0 - 13-09-2023 *\/\n.elementor-widget-text-editor.elementor-drop-cap-view-stacked .elementor-drop-cap{background-color:#69727d;color:#fff}.elementor-widget-text-editor.elementor-drop-cap-view-framed .elementor-drop-cap{color:#69727d;border:3px solid;background-color:transparent}.elementor-widget-text-editor:not(.elementor-drop-cap-view-default) .elementor-drop-cap{margin-top:8px}.elementor-widget-text-editor:not(.elementor-drop-cap-view-default) .elementor-drop-cap-letter{width:1em;height:1em}.elementor-widget-text-editor .elementor-drop-cap{float:left;text-align:center;line-height:1;font-size:50px}.elementor-widget-text-editor .elementor-drop-cap-letter{display:inline-block}<\/style>\t\t\t\t<h5><strong><a href=\"https:\/\/itajuba.cam.mg.gov.br\/site\/wp-content\/uploads\/2024\/03\/face-4.png\"><img loading=\"lazy\" decoding=\"async\" class=\"alignleft\" src=\"https:\/\/itajuba.cam.mg.gov.br\/site\/wp-content\/uploads\/2024\/03\/face-4-300x240.png\" alt=\"\" width=\"300\" height=\"240\" \/><\/a><\/strong><\/h5><h5 style=\"text-align: left;\"><strong>\u00daltimos dias para se inscrever no Concurso P\u00fablico da C\u00e2mara Municipal de Itajub\u00e1!<\/strong><\/h5><p>Se voc\u00ea ainda n\u00e3o fez sua inscri\u00e7\u00e3o, corra que o prazo termina na pr\u00f3xima segunda-feira, dia 25 de mar\u00e7o. S\u00e3o 12 vagas dispon\u00edveis, com oportunidades para n\u00edveis superior e m\u00e9dio.<\/p><p>Os sal\u00e1rios variam de R$ 2.856,33 a R$ 8.216,59, e os cargos incluem Controlador Interno, Designer Gr\u00e1fico, Jornalista, Contador P\u00fablico, Procurador Jur\u00eddico, Analista Administrativo, Analista de RH, Tradutor\/Int\u00e9rprete Libras, Operador de \u00c1udio e V\u00eddeo e Oficial Administrativo.<\/p><p>N\u00e3o perca essa chance! Fa\u00e7a sua inscri\u00e7\u00e3o pelo site www.institutoconsulplan.org.br at\u00e9 \u00e0s 16h do dia 25 de mar\u00e7o. As provas ser\u00e3o realizadas no dia 26 de maio em Itajub\u00e1.<\/p><p>Aproveite essa oportunidade e garanta seu futuro profissional!<\/p><h6>Inscri\u00e7\u00e3o<\/h6><h6><a href=\"https:\/\/www.institutoconsulplan.org.br\/getConc.aspx?key=KxzyHPAxUDQ=\"><b>Clique aqui!<\/b><\/a><\/h6><h6><b><br \/>Edital<br \/><\/b><\/h6><p><a href=\"https:\/\/www.institutoconsulplan.org.br\/getConc.aspx?key=KxzyHPAxUDQ=\"><img loading=\"lazy\" decoding=\"async\" src=\"https:\/\/itajuba.cam.mg.gov.br\/site\/wp-content\/uploads\/2023\/11\/bt_pdf.png\" alt=\"\" width=\"100\" height=\"37\" \/><\/a><\/p><h6><strong>Edital Retifica\u00e7\u00e3o 1<\/strong>\u00a0<\/h6><p><a href=\"https:\/\/itajuba.cam.mg.gov.br\/site\/wp-content\/uploads\/2024\/01\/RETIFICACAO-1-12_01_2024.pdf\"><img loading=\"lazy\" decoding=\"async\" src=\"https:\/\/itajuba.cam.mg.gov.br\/site\/wp-content\/uploads\/2023\/11\/bt_pdf.png\" alt=\"\" width=\"100\" height=\"37\" \/><\/a><\/p><h6><span style=\"color: #ffffff;\">.<\/span><\/h6><h6><strong>Lei Org\u00e2nica Municipal<\/strong><\/h6><p><strong><a href=\"https:\/\/itajuba.cam.mg.gov.br\/site\/wp-content\/uploads\/2024\/01\/Lei-organica_municipal.pdf\" target=\"_blank\" rel=\"noopener\"><img loading=\"lazy\" decoding=\"async\" src=\"https:\/\/itajuba.cam.mg.gov.br\/site\/wp-content\/uploads\/2023\/11\/bt_pdf.png\" alt=\"\" width=\"100\" height=\"37\" \/><\/a><br \/><\/strong><\/p><h6><strong>Resolu\u00e7\u00e3o N\u00ba 979 regimento Interno CMI<\/strong><\/h6><p><strong><a href=\"https:\/\/itajuba.cam.mg.gov.br\/site\/wp-content\/uploads\/2024\/01\/Resolucao-no-979-REGIMENTO-INTERNO-CMI.pdf\" target=\"_blank\" rel=\"noopener\"><img loading=\"lazy\" decoding=\"async\" src=\"https:\/\/itajuba.cam.mg.gov.br\/site\/wp-content\/uploads\/2023\/11\/bt_pdf.png\" alt=\"\" width=\"100\" height=\"37\" \/><\/a><\/strong><\/p><h6><strong>Lei Complementar N\u00ba 66\/2023 &#8211; Estatuto do Sevidor P\u00fablico de Itajub\u00e1<\/strong><\/h6><p><strong><a href=\"https:\/\/itajuba.cam.mg.gov.br\/site\/wp-content\/uploads\/2024\/01\/Lei-complementar-no-66_2023-ESTATUTO-DO-SERVIDOR-PUBLICO-DE-ITAJUBA.pdf\" target=\"_blank\" rel=\"noopener\"><img loading=\"lazy\" decoding=\"async\" src=\"https:\/\/itajuba.cam.mg.gov.br\/site\/wp-content\/uploads\/2023\/11\/bt_pdf.png\" alt=\"\" width=\"100\" height=\"37\" \/><\/a><\/strong><\/p><h6><strong>Lei Ordin\u00e1ria N\u00ba 3.111\u00a0 &#8211; Reserva de Vagas Especiais<\/strong><\/h6><p><strong><a href=\"https:\/\/itajuba.cam.mg.gov.br\/site\/wp-content\/uploads\/2024\/01\/Lei-ordinaria-no-3.111-RESERVA-DE-VAGAS-ESPECIAIS.pdf\" target=\"_blank\" rel=\"noopener\"><img loading=\"lazy\" decoding=\"async\" src=\"https:\/\/itajuba.cam.mg.gov.br\/site\/wp-content\/uploads\/2023\/11\/bt_pdf.png\" alt=\"\" width=\"100\" height=\"37\" \/><\/a><\/strong><\/p><h6><strong>Lei Ordin\u00e1ria N\u00ba 3.555\u00a0 &#8211; Plano de Cargos e Carreiras<\/strong><\/h6><p><strong><a href=\"https:\/\/itajuba.cam.mg.gov.br\/site\/wp-content\/uploads\/2024\/01\/Lei-Ordinaria-no-3.555-PLANO-DE-CARGOS-E-CARREIRAS.pdf\" target=\"_blank\" rel=\"noopener\"><img loading=\"lazy\" decoding=\"async\" src=\"https:\/\/itajuba.cam.mg.gov.br\/site\/wp-content\/uploads\/2023\/11\/bt_pdf.png\" alt=\"\" width=\"100\" height=\"37\" \/><\/a><\/strong><\/p><h1><span style=\"font-weight: bold; font-size: 16px;\">D\u00favidas e informa\u00e7\u00f5es sobre o Edital, entrar em contato <a href=\"https:\/\/www.institutoconsulplan.org.br\/FaleConosco.aspx\">clicando aqui<\/a>, ou pelo telefone 0800 100 4790.<\/span><\/h1>\t\t\t\t\t\t<\/div>\n\t\t\t\t<\/div>\n\t\t\t\t\t<\/div>\n\t\t<\/div>\n\t\t\t\t\t\t\t<\/div>\n\t\t<\/section>\n\t\t\t\t\t\t\t<\/div>\n\t\t","protected":false},"excerpt":{"rendered":"<p>\u00daltimos dias para se inscrever no Concurso P\u00fablico da C\u00e2mara Municipal de Itajub\u00e1! Se voc\u00ea ainda n\u00e3o fez sua inscri\u00e7\u00e3o, corra que o prazo termina na pr\u00f3xima segunda-feira, dia 25 de mar\u00e7o. S\u00e3o 12 vagas dispon\u00edveis, com oportunidades para n\u00edveis superior e m\u00e9dio. Os sal\u00e1rios variam de R$ 2.856,33 a R$ 8.216,59, e os cargos [&hellip;]<\/p>\n","protected":false},"author":2,"featured_media":0,"parent":0,"menu_order":0,"comment_status":"closed","ping_status":"closed","template":"","meta":{"footnotes":""},"class_list":["post-9365","page","type-page","status-publish","hentry"],"yoast_head":"<!-- This site is optimized with the Yoast SEO plugin v21.0 - https:\/\/yoast.com\/wordpress\/plugins\/seo\/ -->\n<title>Concurso P\u00fablico 2023 - C\u00e2mara Municipal de Itajub\u00e1<\/title>\n<meta name=\"robots\" content=\"index, follow, max-snippet:-1, max-image-preview:large, max-video-preview:-1\" \/>\n<link rel=\"canonical\" href=\"https:\/\/itajuba.cam.mg.gov.br\/site\/concurso-publico-2023\/\" \/>\n<meta property=\"og:locale\" content=\"pt_BR\" \/>\n<meta property=\"og:type\" content=\"article\" \/>\n<meta property=\"og:title\" content=\"Concurso P\u00fablico 2023 - C\u00e2mara Municipal de Itajub\u00e1\" \/>\n<meta property=\"og:description\" content=\"\u00daltimos dias para se inscrever no Concurso P\u00fablico da C\u00e2mara Municipal de Itajub\u00e1! Se voc\u00ea ainda n\u00e3o fez sua inscri\u00e7\u00e3o, corra que o prazo termina na pr\u00f3xima segunda-feira, dia 25 de mar\u00e7o. S\u00e3o 12 vagas dispon\u00edveis, com oportunidades para n\u00edveis superior e m\u00e9dio. Os sal\u00e1rios variam de R$ 2.856,33 a R$ 8.216,59, e os cargos [&hellip;]\" \/>\n<meta property=\"og:url\" content=\"https:\/\/itajuba.cam.mg.gov.br\/site\/concurso-publico-2023\/\" \/>\n<meta property=\"og:site_name\" content=\"C\u00e2mara Municipal de Itajub\u00e1\" \/>\n<meta property=\"article:publisher\" content=\"https:\/\/www.facebook.com\/camaradeitajubaoficial\" \/>\n<meta property=\"article:modified_time\" content=\"2024-03-21T20:15:51+00:00\" \/>\n<meta property=\"og:image\" content=\"https:\/\/itajuba.cam.mg.gov.br\/site\/wp-content\/uploads\/2024\/03\/face-4-300x240.png\" \/>\n<meta name=\"twitter:card\" content=\"summary_large_image\" \/>\n<meta name=\"twitter:label1\" content=\"Est. tempo de leitura\" \/>\n\t<meta name=\"twitter:data1\" content=\"3 minutos\" \/>\n<script type=\"application\/ld+json\" class=\"yoast-schema-graph\">{\"@context\":\"https:\/\/schema.org\",\"@graph\":[{\"@type\":\"WebPage\",\"@id\":\"https:\/\/itajuba.cam.mg.gov.br\/site\/concurso-publico-2023\/\",\"url\":\"https:\/\/itajuba.cam.mg.gov.br\/site\/concurso-publico-2023\/\",\"name\":\"Concurso P\u00fablico 2023 - C\u00e2mara Municipal de Itajub\u00e1\",\"isPartOf\":{\"@id\":\"https:\/\/itajuba.cam.mg.gov.br\/site\/#website\"},\"datePublished\":\"2023-12-12T19:37:19+00:00\",\"dateModified\":\"2024-03-21T20:15:51+00:00\",\"breadcrumb\":{\"@id\":\"https:\/\/itajuba.cam.mg.gov.br\/site\/concurso-publico-2023\/#breadcrumb\"},\"inLanguage\":\"pt-BR\",\"potentialAction\":[{\"@type\":\"ReadAction\",\"target\":[\"https:\/\/itajuba.cam.mg.gov.br\/site\/concurso-publico-2023\/\"]}]},{\"@type\":\"BreadcrumbList\",\"@id\":\"https:\/\/itajuba.cam.mg.gov.br\/site\/concurso-publico-2023\/#breadcrumb\",\"itemListElement\":[{\"@type\":\"ListItem\",\"position\":1,\"name\":\"In\u00edcio\",\"item\":\"https:\/\/itajuba.cam.mg.gov.br\/site\/\"},{\"@type\":\"ListItem\",\"position\":2,\"name\":\"Concurso P\u00fablico 2023\"}]},{\"@type\":\"WebSite\",\"@id\":\"https:\/\/itajuba.cam.mg.gov.br\/site\/#website\",\"url\":\"https:\/\/itajuba.cam.mg.gov.br\/site\/\",\"name\":\"C\u00e2mara Municipal de Itajub\u00e1\",\"description\":\"Efici\u00eancia e Transpar\u00eancia\",\"publisher\":{\"@id\":\"https:\/\/itajuba.cam.mg.gov.br\/site\/#organization\"},\"potentialAction\":[{\"@type\":\"SearchAction\",\"target\":{\"@type\":\"EntryPoint\",\"urlTemplate\":\"https:\/\/itajuba.cam.mg.gov.br\/site\/?s={search_term_string}\"},\"query-input\":\"required name=search_term_string\"}],\"inLanguage\":\"pt-BR\"},{\"@type\":\"Organization\",\"@id\":\"https:\/\/itajuba.cam.mg.gov.br\/site\/#organization\",\"name\":\"C\u00e2mara Municipal de Itajub\u00e1\",\"url\":\"https:\/\/itajuba.cam.mg.gov.br\/site\/\",\"logo\":{\"@type\":\"ImageObject\",\"inLanguage\":\"pt-BR\",\"@id\":\"https:\/\/itajuba.cam.mg.gov.br\/site\/#\/schema\/logo\/image\/\",\"url\":\"https:\/\/itajuba.cam.mg.gov.br\/site\/wp-content\/uploads\/2023\/09\/logo_camara_2024.png\",\"contentUrl\":\"https:\/\/itajuba.cam.mg.gov.br\/site\/wp-content\/uploads\/2023\/09\/logo_camara_2024.png\",\"width\":1000,\"height\":385,\"caption\":\"C\u00e2mara Municipal de Itajub\u00e1\"},\"image\":{\"@id\":\"https:\/\/itajuba.cam.mg.gov.br\/site\/#\/schema\/logo\/image\/\"},\"sameAs\":[\"https:\/\/www.facebook.com\/camaradeitajubaoficial\",\"https:\/\/www.instagram.com\/camaradeitajubaoficial\/\",\"https:\/\/www.youtube.com\/user\/TVCAMARAITAJUBA\"]}]}<\/script>\n<!-- \/ Yoast SEO plugin. -->","yoast_head_json":{"title":"Concurso P\u00fablico 2023 - C\u00e2mara Municipal de Itajub\u00e1","robots":{"index":"index","follow":"follow","max-snippet":"max-snippet:-1","max-image-preview":"max-image-preview:large","max-video-preview":"max-video-preview:-1"},"canonical":"https:\/\/itajuba.cam.mg.gov.br\/site\/concurso-publico-2023\/","og_locale":"pt_BR","og_type":"article","og_title":"Concurso P\u00fablico 2023 - C\u00e2mara Municipal de Itajub\u00e1","og_description":"\u00daltimos dias para se inscrever no Concurso P\u00fablico da C\u00e2mara Municipal de Itajub\u00e1! Se voc\u00ea ainda n\u00e3o fez sua inscri\u00e7\u00e3o, corra que o prazo termina na pr\u00f3xima segunda-feira, dia 25 de mar\u00e7o. S\u00e3o 12 vagas dispon\u00edveis, com oportunidades para n\u00edveis superior e m\u00e9dio. Os sal\u00e1rios variam de R$ 2.856,33 a R$ 8.216,59, e os cargos [&hellip;]","og_url":"https:\/\/itajuba.cam.mg.gov.br\/site\/concurso-publico-2023\/","og_site_name":"C\u00e2mara Municipal de Itajub\u00e1","article_publisher":"https:\/\/www.facebook.com\/camaradeitajubaoficial","article_modified_time":"2024-03-21T20:15:51+00:00","og_image":[{"url":"https:\/\/itajuba.cam.mg.gov.br\/site\/wp-content\/uploads\/2024\/03\/face-4-300x240.png"}],"twitter_card":"summary_large_image","twitter_misc":{"Est. tempo de leitura":"3 minutos"},"schema":{"@context":"https:\/\/schema.org","@graph":[{"@type":"WebPage","@id":"https:\/\/itajuba.cam.mg.gov.br\/site\/concurso-publico-2023\/","url":"https:\/\/itajuba.cam.mg.gov.br\/site\/concurso-publico-2023\/","name":"Concurso P\u00fablico 2023 - C\u00e2mara Municipal de Itajub\u00e1","isPartOf":{"@id":"https:\/\/itajuba.cam.mg.gov.br\/site\/#website"},"datePublished":"2023-12-12T19:37:19+00:00","dateModified":"2024-03-21T20:15:51+00:00","breadcrumb":{"@id":"https:\/\/itajuba.cam.mg.gov.br\/site\/concurso-publico-2023\/#breadcrumb"},"inLanguage":"pt-BR","potentialAction":[{"@type":"ReadAction","target":["https:\/\/itajuba.cam.mg.gov.br\/site\/concurso-publico-2023\/"]}]},{"@type":"BreadcrumbList","@id":"https:\/\/itajuba.cam.mg.gov.br\/site\/concurso-publico-2023\/#breadcrumb","itemListElement":[{"@type":"ListItem","position":1,"name":"In\u00edcio","item":"https:\/\/itajuba.cam.mg.gov.br\/site\/"},{"@type":"ListItem","position":2,"name":"Concurso P\u00fablico 2023"}]},{"@type":"WebSite","@id":"https:\/\/itajuba.cam.mg.gov.br\/site\/#website","url":"https:\/\/itajuba.cam.mg.gov.br\/site\/","name":"C\u00e2mara Municipal de Itajub\u00e1","description":"Efici\u00eancia e Transpar\u00eancia","publisher":{"@id":"https:\/\/itajuba.cam.mg.gov.br\/site\/#organization"},"potentialAction":[{"@type":"SearchAction","target":{"@type":"EntryPoint","urlTemplate":"https:\/\/itajuba.cam.mg.gov.br\/site\/?s={search_term_string}"},"query-input":"required name=search_term_string"}],"inLanguage":"pt-BR"},{"@type":"Organization","@id":"https:\/\/itajuba.cam.mg.gov.br\/site\/#organization","name":"C\u00e2mara Municipal de Itajub\u00e1","url":"https:\/\/itajuba.cam.mg.gov.br\/site\/","logo":{"@type":"ImageObject","inLanguage":"pt-BR","@id":"https:\/\/itajuba.cam.mg.gov.br\/site\/#\/schema\/logo\/image\/","url":"https:\/\/itajuba.cam.mg.gov.br\/site\/wp-content\/uploads\/2023\/09\/logo_camara_2024.png","contentUrl":"https:\/\/itajuba.cam.mg.gov.br\/site\/wp-content\/uploads\/2023\/09\/logo_camara_2024.png","width":1000,"height":385,"caption":"C\u00e2mara Municipal de Itajub\u00e1"},"image":{"@id":"https:\/\/itajuba.cam.mg.gov.br\/site\/#\/schema\/logo\/image\/"},"sameAs":["https:\/\/www.facebook.com\/camaradeitajubaoficial","https:\/\/www.instagram.com\/camaradeitajubaoficial\/","https:\/\/www.youtube.com\/user\/TVCAMARAITAJUBA"]}]}},"_links":{"self":[{"href":"https:\/\/itajuba.cam.mg.gov.br\/site\/wp-json\/wp\/v2\/pages\/9365","targetHints":{"allow":["GET"]}}],"collection":[{"href":"https:\/\/itajuba.cam.mg.gov.br\/site\/wp-json\/wp\/v2\/pages"}],"about":[{"href":"https:\/\/itajuba.cam.mg.gov.br\/site\/wp-json\/wp\/v2\/types\/page"}],"author":[{"embeddable":true,"href":"https:\/\/itajuba.cam.mg.gov.br\/site\/wp-json\/wp\/v2\/users\/2"}],"replies":[{"embeddable":true,"href":"https:\/\/itajuba.cam.mg.gov.br\/site\/wp-json\/wp\/v2\/comments?post=9365"}],"version-history":[{"count":41,"href":"https:\/\/itajuba.cam.mg.gov.br\/site\/wp-json\/wp\/v2\/pages\/9365\/revisions"}],"predecessor-version":[{"id":10717,"href":"https:\/\/itajuba.cam.mg.gov.br\/site\/wp-json\/wp\/v2\/pages\/9365\/revisions\/10717"}],"wp:attachment":[{"href":"https:\/\/itajuba.cam.mg.gov.br\/site\/wp-json\/wp\/v2\/media?parent=9365"}],"curies":[{"name":"wp","href":"https:\/\/api.w.org\/{rel}","templated":true}]}}